{"id":919,"date":"2017-03-07T10:35:57","date_gmt":"2017-03-07T09:35:57","guid":{"rendered":"http:\/\/chalezeule.fr\/?page_id=919"},"modified":"2022-07-11T09:48:08","modified_gmt":"2022-07-11T08:48:08","slug":"menu-de-la-semaine","status":"publish","type":"page","link":"https:\/\/chalezeule.fr\/index.php\/menu-de-la-semaine\/","title":{"rendered":"Restauration"},"content":{"rendered":"<h5><span style=\"font-family: Helvetica;\">Temps du Midi Accueil de loisirs.<\/span><\/h5>\n<p>Bonjour \u00e0 tous !\u00a0<\/p>\n<p>C&#8217;est un plaisir de vous accueillir pour cette nouvelle saison 2022-2023 avec notre prestataire de la restauration scolaire API<\/p>\n<p><img data-attachment-id=\"4245\" data-permalink=\"https:\/\/chalezeule.fr\/index.php\/menu-de-la-semaine\/logo-api\/\" data-orig-file=\"https:\/\/i1.wp.com\/chalezeule.fr\/wp-content\/uploads\/2021\/08\/logo-API.jpg?fit=150%2C335&amp;ssl=1\" data-orig-size=\"150,335\" data-comments-opened=\"0\" data-image-meta=\"{&quot;aperture&quot;:&quot;0&quot;,&quot;credit&quot;:&quot;&quot;,&quot;camera&quot;:&quot;&quot;,&quot;caption&quot;:&quot;&quot;,&quot;created_timestamp&quot;:&quot;0&quot;,&quot;copyright&quot;:&quot;&quot;,&quot;focal_length&quot;:&quot;0&quot;,&quot;iso&quot;:&quot;0&quot;,&quot;shutter_speed&quot;:&quot;0&quot;,&quot;title&quot;:&quot;&quot;,&quot;orientation&quot;:&quot;0&quot;}\" data-image-title=\"logo API\" data-image-description=\"\" data-medium-file=\"https:\/\/i1.wp.com\/chalezeule.fr\/wp-content\/uploads\/2021\/08\/logo-API.jpg?fit=134%2C300&amp;ssl=1\" data-large-file=\"https:\/\/i1.wp.com\/chalezeule.fr\/wp-content\/uploads\/2021\/08\/logo-API.jpg?fit=150%2C335&amp;ssl=1\" loading=\"lazy\" class=\"aligncenter size-full wp-image-4245\" src=\"https:\/\/i1.wp.com\/chalezeule.fr\/wp-content\/uploads\/2021\/08\/logo-API.jpg?resize=150%2C335\" alt=\"\" srcset=\"https:\/\/i1.wp.com\/chalezeule.fr\/wp-content\/uploads\/2021\/08\/logo-API.jpg?w=150&amp;ssl=1 150w, https:\/\/i1.wp.com\/chalezeule.fr\/wp-content\/uploads\/2021\/08\/logo-API.jpg?resize=134%2C300&amp;ssl=1 134w\" sizes=\"(max-width: 150px) 100vw, 150px\" data-recalc-dims=\"1\" \/><\/p>\n<p>Vous trouverez les informations concernant notre prestataire :\u00a0<a href=\"https:\/\/www.api-restauration.com\/\">https:\/\/www.api-restauration.com\/<\/a><\/p>\n<h5><span style=\"color: #7fc400; font-family: Arial, Helvetica, sans-serif;\"><u>Les prochains menus :<\/u><\/span><\/h5>\n<p><span style=\"color: #00ffff;\">Menu vacances scolaires du 22 au 26 ao\u00fbt 2022 : en attente.<\/span><\/p>\n<p><span style=\"color: #00ffff;\">Menu du 1er et 2 septembre 2022 : en attente.<\/span><\/p>\n<h5><span style=\"text-decoration: underline; color: #7fc400; font-family: Arial, Helvetica, sans-serif;\">Accueil<\/span><\/h5>\n<p><span style=\"font-family: Arial, Helvetica, sans-serif;\">Horaire\u00a0: de 11h45 \u00e0 13h20 les lundis, mardis, jeudis et vendredis.<\/span><\/p>\n<p><span style=\"font-family: Arial, Helvetica, sans-serif;\"><strong>En cas d&#8217;absence les parents doivent<\/strong> <strong>avertir<\/strong> <strong>le service animation, au plus tard le matin \u00e0 8h30 au 03.81.51.59.92 (r\u00e9pondeur)<\/strong>.<\/span><\/p>\n<p><span style=\"font-family: Arial, Helvetica, sans-serif;\">Les parents d&#8217;\u00e9l\u00e8ves peuvent, sur demande formul\u00e9e aupr\u00e8s des agents municipaux, d\u00e9jeuner une fois par an au restaurant pour s&#8217;informer sur les conditions de restauration (maximum deux parents par semaine). Le co\u00fbt du repas est ins\u00e9r\u00e9 sur la facture de l&#8217;enfant, au m\u00eame tarif que celui-ci.<\/span><\/p>\n<h5><span style=\"text-decoration: underline; color: #7fc400; font-family: Arial, Helvetica, sans-serif;\">Facturation<\/span><\/h5>\n<p><span style=\"font-family: Arial, Helvetica, sans-serif;\">&gt; <strong>Tous les temps du midi avec repas sont factur\u00e9s<\/strong> m\u00eame en cas d\u2019absence impr\u00e9vue de l\u2019enseignant(e).<\/span><\/p>\n<p><span style=\"font-family: Arial, Helvetica, sans-serif;\">Seuls cas o\u00f9 le repas n\u2019est pas factur\u00e9\u00a0:<\/span><\/p>\n<ul>\n<li><span style=\"font-family: Arial, Helvetica, sans-serif;\">sur pr\u00e9sentation d\u2019un justificatif (certificat m\u00e9dical) et \u00e0 partir d\u2019une semaine d\u2019absence,<\/span><\/li>\n<li><span style=\"font-family: Arial, Helvetica, sans-serif;\">en cas d\u2019absence de l\u2019enfant pr\u00e9vue et signal\u00e9e par \u00e9crit \u00e0 l\u2019\u00e9quipe d\u2019animation au plus tard\u00a0le jeudi de la semaine qui pr\u00e9c\u00e8de \u00e0 17h (et pour les semaines de rentr\u00e9e des vacances avant le jeudi de la derni\u00e8re semaine scolaire).<\/span><\/li>\n<\/ul>\n<p><span style=\"font-family: Arial, Helvetica, sans-serif;\">&gt;<strong> En cas de sortie scolaire, le repas de la journ\u00e9e n\u2019est pas assur\u00e9.<\/strong><\/span><\/p>\n<p><span style=\"font-family: Arial, Helvetica, sans-serif;\">En cas de difficult\u00e9s financi\u00e8res passag\u00e8res ou impr\u00e9vues, les parents sont invit\u00e9s \u00e0 contacter l&#8217;assistante sociale du Centre M\u00e9dico-Social du Conseil g\u00e9n\u00e9ral du Doubs (situ\u00e9 rue Tristan Bernard\u00a0 \u00e0 Besan\u00e7on) qui transmet un dossier au C.C.A.S. de la commune qui examine la situation.<\/span><\/p>\n<h5><span style=\"text-decoration: underline; color: #7fc400; font-family: Arial, Helvetica, sans-serif;\"><strong>Hygi\u00e8ne et s\u00e9curit\u00e9<\/strong><\/span><\/h5>\n<p><span style=\"font-family: Arial, Helvetica, sans-serif;\">Les enfants doivent se laver les mains avant de passer \u00e0 table.<\/span><\/p>\n<p><span style=\"font-family: Arial, Helvetica, sans-serif;\">Les enfants doivent apporter une serviette de table qui sera lav\u00e9e par le personnel communal chaque semaine.<\/span><\/p>\n<p><span style=\"font-family: Helvetica;\"><span style=\"font-family: Arial, Helvetica, sans-serif;\">Chacun doit respecter les r\u00e8gles relatives \u00e0 la s\u00e9curit\u00e9, \u00e0 l&#8217;hygi\u00e8ne et au savoir-vivre, afin de faire r\u00e9gner, dans la salle de restauration, une ambiance conviviale.<\/span><a href=\"https:\/\/i2.wp.com\/chalezeule.fr\/wp-content\/uploads\/2017\/03\/charte-restauration.png\"><img data-attachment-id=\"1426\" data-permalink=\"https:\/\/chalezeule.fr\/index.php\/menu-de-la-semaine\/charte-restauration\/\" data-orig-file=\"https:\/\/i2.wp.com\/chalezeule.fr\/wp-content\/uploads\/2017\/03\/charte-restauration.png?fit=788%2C714&amp;ssl=1\" data-orig-size=\"788,714\" data-comments-opened=\"0\" data-image-meta=\"{&quot;aperture&quot;:&quot;0&quot;,&quot;credit&quot;:&quot;&quot;,&quot;camera&quot;:&quot;&quot;,&quot;caption&quot;:&quot;&quot;,&quot;created_timestamp&quot;:&quot;0&quot;,&quot;copyright&quot;:&quot;&quot;,&quot;focal_length&quot;:&quot;0&quot;,&quot;iso&quot;:&quot;0&quot;,&quot;shutter_speed&quot;:&quot;0&quot;,&quot;title&quot;:&quot;&quot;,&quot;orientation&quot;:&quot;0&quot;}\" data-image-title=\"charte restauration\" data-image-description=\"\" data-medium-file=\"https:\/\/i2.wp.com\/chalezeule.fr\/wp-content\/uploads\/2017\/03\/charte-restauration.png?fit=300%2C272&amp;ssl=1\" data-large-file=\"https:\/\/i2.wp.com\/chalezeule.fr\/wp-content\/uploads\/2017\/03\/charte-restauration.png?fit=788%2C714&amp;ssl=1\" loading=\"lazy\" class=\"aligncenter wp-image-1426\" src=\"https:\/\/i2.wp.com\/chalezeule.fr\/wp-content\/uploads\/2017\/03\/charte-restauration.png?resize=729%2C660\" alt=\"\" srcset=\"https:\/\/i2.wp.com\/chalezeule.fr\/wp-content\/uploads\/2017\/03\/charte-restauration.png?resize=300%2C272&amp;ssl=1 300w, https:\/\/i2.wp.com\/chalezeule.fr\/wp-content\/uploads\/2017\/03\/charte-restauration.png?resize=768%2C696&amp;ssl=1 768w, https:\/\/i2.wp.com\/chalezeule.fr\/wp-content\/uploads\/2017\/03\/charte-restauration.png?resize=230%2C208&amp;ssl=1 230w, https:\/\/i2.wp.com\/chalezeule.fr\/wp-content\/uploads\/2017\/03\/charte-restauration.png?resize=350%2C317&amp;ssl=1 350w, https:\/\/i2.wp.com\/chalezeule.fr\/wp-content\/uploads\/2017\/03\/charte-restauration.png?resize=480%2C435&amp;ssl=1 480w, https:\/\/i2.wp.com\/chalezeule.fr\/wp-content\/uploads\/2017\/03\/charte-restauration.png?w=788&amp;ssl=1 788w\" sizes=\"(max-width: 729px) 100vw, 729px\" data-recalc-dims=\"1\" \/><\/a><\/span><\/p>\n\n\n<p><\/p>\n","protected":false},"excerpt":{"rendered":"<p>Temps du Midi Accueil de loisirs. Bonjour \u00e0 tous !\u00a0 C&#8217;est un plaisir de vous accueillir pour cette nouvelle saison 2022-2023 avec notre prestataire de la restauration scolaire API Vous trouverez les informations concernant notre prestataire :\u00a0https:\/\/www.api-restauration.com\/ Les prochains menus : Menu vacances scolaires du 22 au 26 ao\u00fbt 2022 : en attente. Menu du [&hellip;]<\/p>\n","protected":false},"author":1,"featured_media":0,"parent":0,"menu_order":0,"comment_status":"closed","ping_status":"closed","template":"","meta":[],"_links":{"self":[{"href":"https:\/\/chalezeule.fr\/index.php\/wp-json\/wp\/v2\/pages\/919"}],"collection":[{"href":"https:\/\/chalezeule.fr\/index.php\/wp-json\/wp\/v2\/pages"}],"about":[{"href":"https:\/\/chalezeule.fr\/index.php\/wp-json\/wp\/v2\/types\/page"}],"author":[{"embeddable":true,"href":"https:\/\/chalezeule.fr\/index.php\/wp-json\/wp\/v2\/users\/1"}],"replies":[{"embeddable":true,"href":"https:\/\/chalezeule.fr\/index.php\/wp-json\/wp\/v2\/comments?post=919"}],"version-history":[{"count":190,"href":"https:\/\/chalezeule.fr\/index.php\/wp-json\/wp\/v2\/pages\/919\/revisions"}],"predecessor-version":[{"id":4488,"href":"https:\/\/chalezeule.fr\/index.php\/wp-json\/wp\/v2\/pages\/919\/revisions\/4488"}],"wp:attachment":[{"href":"https:\/\/chalezeule.fr\/index.php\/wp-json\/wp\/v2\/media?parent=919"}],"curies":[{"name":"wp","href":"https:\/\/api.w.org\/{rel}","templated":true}]}}