{"id":82,"date":"2016-03-02T17:47:48","date_gmt":"2016-03-02T16:47:48","guid":{"rendered":"http:\/\/chalezeule.fr\/?page_id=82"},"modified":"2021-03-06T10:39:15","modified_gmt":"2021-03-06T09:39:15","slug":"c-c-a-s","status":"publish","type":"page","link":"https:\/\/chalezeule.fr\/index.php\/c-c-a-s\/","title":{"rendered":"Action sociale &#038; C.C.A.S"},"content":{"rendered":"<iframe src=\"\/\/docs.google.com\/viewer?url=http%3A%2F%2Fchalezeule.fr%2Fwp-content%2Fuploads%2F2021%2F03%2FCCAS_de%CC%81pliant_A5_3BAT.pdf&hl=fr&embedded=true\" class=\"gde-frame\" style=\"width:100%; height:500px; border: none;\" scrolling=\"no\"><\/iframe>\n<p class=\"gde-text\"><a href=\"http:\/\/chalezeule.fr\/wp-content\/uploads\/2021\/03\/CCAS_de\u0301pliant_A5_3BAT.pdf\" class=\"gde-link\">T\u00e9l\u00e9charger (PDF, 363KB)<\/a><\/p>\n<p>Un Centre communal d\u2019action sociale (CCAS) intervient principalement dans trois domaines\u00a0:<\/p>\n<p>s l\u2019aide sociale l\u00e9gale qui, de par la loi, est sa seule attribution obligatoire\u00a0;<br \/>\ns l\u2019aide sociale facultative et l\u2019action sociale, mati\u00e8res pour lesquelles il dispose d\u2019une grande libert\u00e9 d\u2019intervention et pour lesquelles il met en \u0153uvre la politique sociale d\u00e9termin\u00e9e par les \u00e9lus locaux\u00a0;<br \/>\ns l\u2019animation des activit\u00e9s sociales.<\/p>\n<p>Le C.C.A.S. est administr\u00e9 par un conseil d\u2019administration compos\u00e9, pour moiti\u00e9, d\u2019\u00e9lus de la commune et, pour moiti\u00e9, de personnes nomm\u00e9es pour leurs comp\u00e9tences.<br \/>\nPour la commune de Chalezeule celui-ci se compose<br \/>\ns un pr\u00e9sident\u00a0: le maire de la commune\u00a0;<br \/>\ns six membres du conseil municipal.<br \/>\ns six membres nomm\u00e9s par le pr\u00e9sident (dont\u00a0des repr\u00e9sentants<br \/>\nd\u2019associations notamment familiales qui en auront fait la demande).<\/p>\n<p>Ont \u00e9t\u00e9 \u00e9lus(es) et nomm\u00e9s(es) au conseil d\u2019administration dont le Pr\u00e9sident est Monsieur Christian MAGNIN-FEYSOT, Maire :<\/p>\n<p>s Mme Jocelyne IWASINTA, 1\u00e8re adjointe, vice pr\u00e9sidente du C.C.A.S,<br \/>\ns Mme Nadia GERARD-MELET, 3\u00e8me adjointe,<br \/>\ns Mme Gis\u00e8le DUBOIS, conseill\u00e8re municipale,<br \/>\ns Mme Madeleine MAIRE, conseill\u00e8re municipale,<br \/>\ns M. Beno\u00eet CHARPY, conseiller municipal,<br \/>\ns Mme Brigitte LAITHIER, conseill\u00e8re municipale,<br \/>\ns M. Herv\u00e9 COMMERCON,<br \/>\ns M. Christian COURSAULT,<br \/>\ns Mme Pascale DECREUSE,<br \/>\ns Mme Edwige GROULT,<br \/>\ns Mme Sylviane HUSY,<br \/>\ns Mme Mary B\u00e9n\u00e9dicte KIEFFER TRAENS<\/p>\n<p>En l\u2019absence du Pr\u00e9sident, le conseil d\u2019administration est pr\u00e9sid\u00e9 par la vice pr\u00e9sidente, Madame Jocelyne IWASINTA. En cette qualit\u00e9, elle est autoris\u00e9e \u00e0 signer tous les documents aff\u00e9rents au C.C.A.S.<\/p>\n<p>l L\u2019aide sociale facultative et l\u2019action sociale, sont d\u00e9termin\u00e9es par les \u00e9lus locaux. Le CCAS de Chalezeule a la possibilit\u00e9 d\u2019aider ponctuellement les familles sur demande de l\u2019assistante sociale.<br \/>\nL\u2019assistante sociale de secteur (CMS de Novillars) r\u00e9alise une enqu\u00eate sociale et peut demander ensuite au CCAS d\u2019intervenir. En aucun cas de l\u2019argent ne peut \u00eatre donn\u00e9 directement aux familles.<br \/>\nLe CCAS peut aussi demander \u00e0 l\u2019\u00e9picerie solidaire d\u2019intervenir en urgence en fournissant un colis alimentaire.<br \/>\nLe CCAS de Chalezeule est \u00e0 l\u2019\u00e9coute de tous en gardant une totale confidentialit\u00e9.<\/p>\n<p>l Pour les a\u00een\u00e9s, le CCAS leur offre un repas en fin d\u2019ann\u00e9e ainsi qu\u2019un bon cadeau pour No\u00ebl. Les conseillers qui ne font pas partie du CCAS et qui souhaitent se joindre \u00e0 eux pour ce moment festif devront s\u2019acquitter du montant du repas.<br \/>\nPour 2020, vu la situation sanitaire, un bon &#8211; repas sera offert pour l\u2019auberge de Chalezeule en lieu et place du traditionnel d\u00e9jeuner..<\/p>\n<p>l Participation financi\u00e8re sur la demande des enseignants pour les s\u00e9jours scolaires\u00a0: aide financi\u00e8re octroy\u00e9e aux enfants scolaris\u00e9s \u00e0 Chalezeule dont les parents ne pourraient pas assumer financi\u00e8rement le reste \u00e0 payer du s\u00e9jour (classe de neige, \u2026) afin de permettre \u00e0 tous les enfants de participer \u00e0 celui-ci.<br \/>\nCelle-ci sera vers\u00e9e sur pr\u00e9sentation d\u2019une facture et d\u2019un certificat de pr\u00e9sence, \u00e0 la Coop\u00e9rative Scolaire.<\/p>\n<p>l Prise en charge financi\u00e8re de l\u2019accueil de loisir p\u00e9riscolaire (matin, midi et soir) pour les familles dans une situation particuli\u00e8re (accident de la vie, maladie, d\u00e9c\u00e8s\u2026).<br \/>\nLes demandes se font par l\u2019interm\u00e9diaire de l\u2019adjoint au Maire d\u00e9l\u00e9gu\u00e9 \u00e0 l\u2019action \u00e9ducative.<\/p>\n<p>l Participation financi\u00e8re aux s\u00e9jours en centres de vacances agr\u00e9\u00e9s \u00abjeunesse et sports\u00bb :<br \/>\n&#8211; 20 \u20ac par jour et par enfant pour les enfants b\u00e9n\u00e9ficiant d\u2019aide aux temps libres de la Caisse d\u2019Allocations Familiales,<br \/>\n&#8211; 15 \u20ac par jour et par enfant pour les enfants exclus de l\u2019attribution d\u2019aide aux temps libres mais pour qui l\u2019aide est n\u00e9cessaire. Les demandes seront \u00e9tudi\u00e9es au cas par cas.<br \/>\nCette aide sera vers\u00e9e directement \u00e0 l\u2019organisme organisateur, \u00e0 l\u2019issue du s\u00e9jour, \u00e0 r\u00e9ception d\u2019une attestation de participation et de la facture correspondante.<\/p>\n<p>l Participation financi\u00e8re aux vacances des enfants en situation de handicap (25 euros \/ jour jusqu\u2019\u00e0 l\u2019\u00e2ge de 21 ans)<br \/>\nCette aide sera vers\u00e9e directement \u00e0 l\u2019organisme organisateur, \u00e0 l\u2019issue du s\u00e9jour, \u00e0 r\u00e9ception d\u2019une attestation de participation et de la facture correspondante.<\/p>\n<p>l Participation financi\u00e8re pour le BAFA\u00a0: une aide financi\u00e8re unique de 100 \u20ac aux personnes passant le B.A.F.A., vers\u00e9e directement \u00e0 l\u2019organisme sur facture et attestation de stage.<br \/>\nCette aide sera attribu\u00e9e en \u00e9change de 5 heures d\u2019activit\u00e9 citoyenne au b\u00e9n\u00e9fice de la commune effectu\u00e9es dans l\u2019ann\u00e9e du versement de l\u2019aide, et \u00e0 d\u00e9finir entre le jeune et Mme IWASINTA, vice-pr\u00e9sidente.<\/p>\n<p>l Suite \u00e0 la covid-19, aide financi\u00e8re pour l\u2019inscription \u00e0 une activit\u00e9 d\u2019une association communale ou \u00e0 l\u2019\u00e9cole intercommunale de musique de la MJC de Palente Orchamps pour l\u2019ann\u00e9e scolaire 2020\/2021.<br \/>\nCelle-ci sera accord\u00e9e apr\u00e8s un entretien avec la vice-pr\u00e9sidente et sous les conditions suivantes :<br \/>\n&#8211; Soit &#8211; 25 % de la cotisation avec un maximum de cinquante euros (50 \u20ac) par adulte\/enfant pour les chalezeulois ou les enfants scolaris\u00e9s<br \/>\n\u00e0 Chalezeule,<br \/>\n&#8211; L\u2019aide financi\u00e8re sera r\u00e9gl\u00e9e directement \u00e0 l\u2019association concern\u00e9e sur pr\u00e9sentation d\u2019une facture.<\/p>\n<p>l Les b\u00e9b\u00e9s de l\u2019ann\u00e9e ne sont pas oubli\u00e9s.<br \/>\nLe CCAS plantera en un lieu donn\u00e9 dans le village 1 arbre par enfant n\u00e9 dans l\u2019ann\u00e9e. L\u2019essence des arbres sera choisi en accord avec notre climat. Ils seront achet\u00e9s dans notre r\u00e9gion afin de respecter la taxe carbone et notre environnement.<\/p>\n<p>Pour tout renseignement ou information compl\u00e9mentaire,<br \/>\ncontactez Jocelyne IWASINTA au 06 85 20 29 96<\/p>\n","protected":false},"excerpt":{"rendered":"<p>Un Centre communal d\u2019action sociale (CCAS) intervient principalement dans trois domaines\u00a0: s l\u2019aide sociale l\u00e9gale qui, de par la loi, est sa seule attribution obligatoire\u00a0; s l\u2019aide sociale facultative et l\u2019action sociale, mati\u00e8res pour lesquelles il dispose d\u2019une grande libert\u00e9 d\u2019intervention et pour lesquelles il met en \u0153uvre la politique sociale d\u00e9termin\u00e9e par les \u00e9lus [&hellip;]<\/p>\n","protected":false},"author":1,"featured_media":0,"parent":0,"menu_order":0,"comment_status":"closed","ping_status":"closed","template":"","meta":[],"_links":{"self":[{"href":"https:\/\/chalezeule.fr\/index.php\/wp-json\/wp\/v2\/pages\/82"}],"collection":[{"href":"https:\/\/chalezeule.fr\/index.php\/wp-json\/wp\/v2\/pages"}],"about":[{"href":"https:\/\/chalezeule.fr\/index.php\/wp-json\/wp\/v2\/types\/page"}],"author":[{"embeddable":true,"href":"https:\/\/chalezeule.fr\/index.php\/wp-json\/wp\/v2\/users\/1"}],"replies":[{"embeddable":true,"href":"https:\/\/chalezeule.fr\/index.php\/wp-json\/wp\/v2\/comments?post=82"}],"version-history":[{"count":35,"href":"https:\/\/chalezeule.fr\/index.php\/wp-json\/wp\/v2\/pages\/82\/revisions"}],"predecessor-version":[{"id":3968,"href":"https:\/\/chalezeule.fr\/index.php\/wp-json\/wp\/v2\/pages\/82\/revisions\/3968"}],"wp:attachment":[{"href":"https:\/\/chalezeule.fr\/index.php\/wp-json\/wp\/v2\/media?parent=82"}],"curies":[{"name":"wp","href":"https:\/\/api.w.org\/{rel}","templated":true}]}}