{"id":8,"date":"2022-08-02T07:20:18","date_gmt":"2022-08-02T06:20:18","guid":{"rendered":"http:\/\/chalezeule.fr\/?page_id=8"},"modified":"2022-08-02T07:36:51","modified_gmt":"2022-08-02T06:36:51","slug":"accueil","status":"publish","type":"page","link":"https:\/\/chalezeule.fr\/index.php\/accueil\/","title":{"rendered":"ACCUEIL"},"content":{"rendered":"\n<h2><\/h2>\n\n\n\n<h4><\/h4>\n\n\n<h3 style=\"text-align: center;\"><span style=\"font-size: 32px;\"><span style=\"font-family: Trebuchet MS,Geneva; color: #3366ff;\"><strong>Les contraintes li\u00e9es \u00e0 la crise sanitaire \u00e9tant toujours pr\u00e9sentes, <\/strong><\/span><\/span><span style=\"font-size: 32px;\"><span style=\"font-family: Trebuchet MS,Geneva; color: #3366ff;\"><strong>l<\/strong><\/span><span style=\"font-family: Trebuchet MS,Geneva;\"><strong><span style=\"color: #3366ff;\">e secr\u00e9tariat de mairie continue de n&#8217;\u00eatre<\/span><\/strong><\/span><span style=\"font-family: Trebuchet MS,Geneva;\"><strong><span style=\"color: #3366ff;\"> ouvert que sur rendez-vous.<\/span><\/strong><\/span><\/span><\/h3>\n<h3 style=\"text-align: center;\"><em><span style=\"font-size: 28px; color: #33cccc;\"><span style=\"font-family: Trebuchet MS,Geneva;\"><strong>Merci de votre compr\u00e9hension<\/strong><\/span><\/span><\/em><em><span style=\"font-family: Trebuchet MS,Geneva; font-size: 28px; color: #33cccc;\"><strong><br><\/strong><\/span><\/em><\/h3>\n<h3>&nbsp;<\/h3>\n<h3 style=\"text-align: left;\"><span style=\"color: #a81d1d; font-family: Arial,Helvetica,sans-serif;\"><span style=\"color: #993366;\"><span style=\"color: #9c0e4b;\">\u00c9dito du Maire<\/span>&nbsp;<\/span><\/span><\/h3>\n<p style=\"text-align: left;\"><span style=\"font-family: Arial,Helvetica,sans-serif;\"><span style=\"font-size: large;\"><img data-attachment-id=\"48\" data-permalink=\"https:\/\/chalezeule.fr\/index.php\/accueil\/maire\/\" data-orig-file=\"https:\/\/i0.wp.com\/chalezeule.fr\/wp-content\/uploads\/2016\/02\/maire.jpg?fit=122%2C149&amp;ssl=1\" data-orig-size=\"122,149\" data-comments-opened=\"0\" data-image-meta=\"{&quot;aperture&quot;:&quot;0&quot;,&quot;credit&quot;:&quot;&quot;,&quot;camera&quot;:&quot;&quot;,&quot;caption&quot;:&quot;&quot;,&quot;created_timestamp&quot;:&quot;0&quot;,&quot;copyright&quot;:&quot;&quot;,&quot;focal_length&quot;:&quot;0&quot;,&quot;iso&quot;:&quot;0&quot;,&quot;shutter_speed&quot;:&quot;0&quot;,&quot;title&quot;:&quot;&quot;,&quot;orientation&quot;:&quot;0&quot;}\" data-image-title=\"maire\" data-image-description=\"\" data-medium-file=\"https:\/\/i0.wp.com\/chalezeule.fr\/wp-content\/uploads\/2016\/02\/maire.jpg?fit=122%2C149&amp;ssl=1\" data-large-file=\"https:\/\/i0.wp.com\/chalezeule.fr\/wp-content\/uploads\/2016\/02\/maire.jpg?fit=122%2C149&amp;ssl=1\" loading=\"lazy\" class=\"size-full wp-image-48 alignleft\" src=\"https:\/\/i0.wp.com\/chalezeule.fr\/wp-content\/uploads\/2016\/02\/maire.jpg?resize=122%2C149\" alt=\"maire\"  data-recalc-dims=\"1\"><\/span><\/span><\/p>\n<p><span style=\"font-family: Arial,Helvetica,sans-serif; font-size: 16px;\">Bonjour \u00e0 toutes et tous,<\/span><\/p>\n<p style=\"text-align: justify;\">L&#8217;\u00e9t\u00e9 a commenc\u00e9 mais la pand\u00e9mie n&#8217;est pas finie. La prudence reste de mise. La s\u00e9cheresse qui s\u00e9vit nous oblige aussi \u00e0 restreindre notre consommation d&#8217;eau. Comme dans le Sud de la France o\u00f9 les incendies se multiplient, les feux en for\u00eat et sur le domaine public sont interdits et la plus grande prudence est demand\u00e9e sur les terrains priv\u00e9s concernant les barbecues allum\u00e9s. Malgr\u00e9 ces exigences li\u00e9es \u00e0 la p\u00e9riode estivale particuli\u00e8re que nous vivons et avec optimisme , je souhaite \u00e0 tou(te)s les irr\u00e9ductibles Chalezeuloi(se)s un \u00e9t\u00e9 serein et r\u00e9parateur.<\/p>\n<p style=\"text-align: right;\"><span style=\"font-family: Helvetica;\"><strong><em>Christian Magnin-Feysot<\/em><\/strong><\/span><\/p>\n<p style=\"text-align: right;\"><span style=\"font-family: Helvetica;\">Premier irr\u00e9ductible Chalezeulois<br><\/span><\/p>\n<p align=\"justify\"><span style=\"font-family: Arial,Helvetica,sans-serif;\"><strong><em><span style=\"font-size: large;\">&nbsp; &nbsp; &nbsp; &nbsp; &nbsp; &nbsp; &nbsp; &nbsp; &nbsp; &nbsp; &nbsp; &nbsp; &nbsp; &nbsp; &nbsp; &nbsp; &nbsp; &nbsp; &nbsp; &nbsp; &nbsp; &nbsp; &nbsp; &nbsp; &nbsp; &nbsp;<\/span><\/em><\/strong><\/span><\/p>","protected":false},"excerpt":{"rendered":"<p>Les contraintes li\u00e9es \u00e0 la crise sanitaire \u00e9tant toujours pr\u00e9sentes, le secr\u00e9tariat de mairie continue de n&#8217;\u00eatre ouvert que sur rendez-vous. Merci de votre compr\u00e9hension &nbsp; \u00c9dito du Maire&nbsp; Bonjour \u00e0 toutes et tous, L&#8217;\u00e9t\u00e9 a commenc\u00e9 mais la pand\u00e9mie n&#8217;est pas finie. La prudence reste de mise. La s\u00e9cheresse qui s\u00e9vit nous oblige aussi [&hellip;]<\/p>\n","protected":false},"author":1,"featured_media":3454,"parent":0,"menu_order":0,"comment_status":"closed","ping_status":"closed","template":"","meta":[],"_links":{"self":[{"href":"https:\/\/chalezeule.fr\/index.php\/wp-json\/wp\/v2\/pages\/8"}],"collection":[{"href":"https:\/\/chalezeule.fr\/index.php\/wp-json\/wp\/v2\/pages"}],"about":[{"href":"https:\/\/chalezeule.fr\/index.php\/wp-json\/wp\/v2\/types\/page"}],"author":[{"embeddable":true,"href":"https:\/\/chalezeule.fr\/index.php\/wp-json\/wp\/v2\/users\/1"}],"replies":[{"embeddable":true,"href":"https:\/\/chalezeule.fr\/index.php\/wp-json\/wp\/v2\/comments?post=8"}],"version-history":[{"count":46,"href":"https:\/\/chalezeule.fr\/index.php\/wp-json\/wp\/v2\/pages\/8\/revisions"}],"predecessor-version":[{"id":4543,"href":"https:\/\/chalezeule.fr\/index.php\/wp-json\/wp\/v2\/pages\/8\/revisions\/4543"}],"wp:featuredmedia":[{"embeddable":true,"href":"https:\/\/chalezeule.fr\/index.php\/wp-json\/wp\/v2\/media\/3454"}],"wp:attachment":[{"href":"https:\/\/chalezeule.fr\/index.php\/wp-json\/wp\/v2\/media?parent=8"}],"curies":[{"name":"wp","href":"https:\/\/api.w.org\/{rel}","templated":true}]}}