{"id":78,"date":"2016-03-02T17:47:01","date_gmt":"2016-03-02T16:47:01","guid":{"rendered":"http:\/\/chalezeule.fr\/?page_id=78"},"modified":"2020-10-09T20:33:17","modified_gmt":"2020-10-09T19:33:17","slug":"mairie","status":"publish","type":"page","link":"https:\/\/chalezeule.fr\/index.php\/mairie\/","title":{"rendered":"Mairie"},"content":{"rendered":"<h3 style=\"text-align: left;\"><a class=\"fl r-iWqe4qouebBA\" title=\"Appeller avec Hangouts\" data-number=\"+33381610463\" data-rtid=\"iWqe4qouebBA\" data-ved=\"0ahUKEwip87Df96HKAhUFBBoKHbZ6BGkQkAgIigEwDw\"><img data-attachment-id=\"91\" data-permalink=\"https:\/\/chalezeule.fr\/index.php\/mairie\/unnamed\/\" data-orig-file=\"https:\/\/i1.wp.com\/chalezeule.fr\/wp-content\/uploads\/2016\/03\/unnamed.jpg?fit=282%2C212&amp;ssl=1\" data-orig-size=\"282,212\" data-comments-opened=\"0\" data-image-meta=\"{&quot;aperture&quot;:&quot;0&quot;,&quot;credit&quot;:&quot;&quot;,&quot;camera&quot;:&quot;&quot;,&quot;caption&quot;:&quot;&quot;,&quot;created_timestamp&quot;:&quot;0&quot;,&quot;copyright&quot;:&quot;&quot;,&quot;focal_length&quot;:&quot;0&quot;,&quot;iso&quot;:&quot;0&quot;,&quot;shutter_speed&quot;:&quot;0&quot;,&quot;title&quot;:&quot;&quot;,&quot;orientation&quot;:&quot;0&quot;}\" data-image-title=\"unnamed\" data-image-description=\"\" data-medium-file=\"https:\/\/i1.wp.com\/chalezeule.fr\/wp-content\/uploads\/2016\/03\/unnamed.jpg?fit=282%2C212&amp;ssl=1\" data-large-file=\"https:\/\/i1.wp.com\/chalezeule.fr\/wp-content\/uploads\/2016\/03\/unnamed.jpg?fit=282%2C212&amp;ssl=1\" loading=\"lazy\" class=\" wp-image-91 alignleft\" src=\"https:\/\/i1.wp.com\/chalezeule.fr\/wp-content\/uploads\/2016\/03\/unnamed.jpg?resize=390%2C293\" alt=\"unnamed\" srcset=\"https:\/\/i1.wp.com\/chalezeule.fr\/wp-content\/uploads\/2016\/03\/unnamed.jpg?w=282&amp;ssl=1 282w, https:\/\/i1.wp.com\/chalezeule.fr\/wp-content\/uploads\/2016\/03\/unnamed.jpg?resize=230%2C173&amp;ssl=1 230w\" sizes=\"(max-width: 390px) 100vw, 390px\" data-recalc-dims=\"1\" \/><\/a><\/h3>\n<h5 style=\"text-align: left;\"><span class=\"_xdb\">Adresse\u00a0: <\/span><\/h5>\n<h5 style=\"text-align: left;\"><span class=\"_Xbe\" style=\"color: #99cc00;\">13 Rue de <\/span><span class=\"_Xbe\"><span style=\"color: #99cc00;\">la Cure, 25220 Chalezeule<\/span><br \/>\n<\/span><\/h5>\n<div class=\"mod\" data-md=\"1006\" data-ved=\"0ahUKEwip87Df96HKAhUFBBoKHbZ6BGkQkCkIiAEoBTAP\">\n<div class=\"_eFb\" style=\"text-align: left;\">\n<h6 class=\"_mr kno-fb-ctx\" data-dtype=\"d3ph\" data-ved=\"0ahUKEwip87Df96HKAhUFBBoKHbZ6BGkQ8I0BCIkBKAAwDw\"><span class=\"_Xbe kno-fv\"><span class=\"_QUg\">T\u00e9l\u00e9phone\u00a0: <\/span><\/span><\/h6>\n<h6 class=\"_mr kno-fb-ctx\" data-dtype=\"d3ph\" data-ved=\"0ahUKEwip87Df96HKAhUFBBoKHbZ6BGkQ8I0BCIkBKAAwDw\"><span class=\"_Xbe kno-fv\"><a class=\"fl r-iWqe4qouebBA\" title=\"Appeller avec Hangouts\" data-number=\"+33381610463\" data-rtid=\"iWqe4qouebBA\" data-ved=\"0ahUKEwip87Df96HKAhUFBBoKHbZ6BGkQkAgIigEwDw\">03 81 61 04 63<\/a><\/span><\/h6>\n<div class=\"_eFb\">\n<h6><span style=\"color: #339966;\">Courriel :<\/span><\/h6>\n<h6><span style=\"color: #99cc00;\">mairiedechalezeule@orange.fr<\/span><\/h6>\n<\/div>\n<h6 class=\"_mr kno-fb-ctx\" data-dtype=\"d3ph\" data-ved=\"0ahUKEwip87Df96HKAhUFBBoKHbZ6BGkQ8I0BCIkBKAAwDw\"><span style=\"color: #008000;\">Horaires d&#8217;ouverture t\u00e9l\u00e9phonique du\u00a0 Secr\u00e9tariat :<\/span><\/h6>\n<h6 class=\"_mr kno-fb-ctx\" data-dtype=\"d3ph\" data-ved=\"0ahUKEwip87Df96HKAhUFBBoKHbZ6BGkQ8I0BCIkBKAAwDw\"><span style=\"color: #99cc00;\">Lundi mardi jeudi : de 8h45 \u00e0 12h15 &amp; de 13h30 \u00e0 18h30<\/span><\/h6>\n<h6 class=\"_mr kno-fb-ctx\" data-dtype=\"d3ph\" data-ved=\"0ahUKEwip87Df96HKAhUFBBoKHbZ6BGkQ8I0BCIkBKAAwDw\"><span style=\"color: #99cc00;\">mercredi : de 8h45 \u00e0 12h15<\/span><\/h6>\n<h6 class=\"_mr kno-fb-ctx\" data-dtype=\"d3ph\" data-ved=\"0ahUKEwip87Df96HKAhUFBBoKHbZ6BGkQ8I0BCIkBKAAwDw\"><span style=\"color: #99cc00;\">vendredi : de 8h45 \u00e0 12h15 et de 13h30 \u00e0 17h.<\/span><\/h6>\n<h6 class=\"_mr kno-fb-ctx\" data-dtype=\"d3ph\" data-ved=\"0ahUKEwip87Df96HKAhUFBBoKHbZ6BGkQ8I0BCIkBKAAwDw\"><\/h6>\n<\/div>\n<\/div>\n","protected":false},"excerpt":{"rendered":"<p>Adresse\u00a0: 13 Rue de la Cure, 25220 Chalezeule T\u00e9l\u00e9phone\u00a0: 03 81 61 04 63 Courriel : mairiedechalezeule@orange.fr Horaires d&#8217;ouverture t\u00e9l\u00e9phonique du\u00a0 Secr\u00e9tariat : Lundi mardi jeudi : de 8h45 \u00e0 12h15 &amp; de 13h30 \u00e0 18h30 mercredi : de 8h45 \u00e0 12h15 vendredi : de 8h45 \u00e0 12h15 et de 13h30 \u00e0 17h.<\/p>\n","protected":false},"author":1,"featured_media":0,"parent":0,"menu_order":0,"comment_status":"closed","ping_status":"closed","template":"","meta":[],"_links":{"self":[{"href":"https:\/\/chalezeule.fr\/index.php\/wp-json\/wp\/v2\/pages\/78"}],"collection":[{"href":"https:\/\/chalezeule.fr\/index.php\/wp-json\/wp\/v2\/pages"}],"about":[{"href":"https:\/\/chalezeule.fr\/index.php\/wp-json\/wp\/v2\/types\/page"}],"author":[{"embeddable":true,"href":"https:\/\/chalezeule.fr\/index.php\/wp-json\/wp\/v2\/users\/1"}],"replies":[{"embeddable":true,"href":"https:\/\/chalezeule.fr\/index.php\/wp-json\/wp\/v2\/comments?post=78"}],"version-history":[{"count":17,"href":"https:\/\/chalezeule.fr\/index.php\/wp-json\/wp\/v2\/pages\/78\/revisions"}],"predecessor-version":[{"id":3825,"href":"https:\/\/chalezeule.fr\/index.php\/wp-json\/wp\/v2\/pages\/78\/revisions\/3825"}],"wp:attachment":[{"href":"https:\/\/chalezeule.fr\/index.php\/wp-json\/wp\/v2\/media?parent=78"}],"curies":[{"name":"wp","href":"https:\/\/api.w.org\/{rel}","templated":true}]}}