{"id":558,"date":"2016-04-28T13:09:52","date_gmt":"2016-04-28T12:09:52","guid":{"rendered":"http:\/\/chalezeule.fr\/?page_id=558"},"modified":"2017-10-24T08:44:27","modified_gmt":"2017-10-24T07:44:27","slug":"la-dechetterie","status":"publish","type":"page","link":"https:\/\/chalezeule.fr\/index.php\/la-dechetterie\/","title":{"rendered":"La d\u00e9chetterie"},"content":{"rendered":"<h4><span style=\"font-family: Helvetica;\"><span style=\"color: #3782c1;\">D\u00e9chetterie de THISE-CHALEZEULE\u00a0<\/span>\u00a0<span style=\"color: #7fc400;\">&#8220;Les Andiers&#8221;<\/span><\/span><\/h4>\n<p><span style=\"font-family: Helvetica;\"><img data-attachment-id=\"1575\" data-permalink=\"https:\/\/chalezeule.fr\/index.php\/la-dechetterie\/la-dechetterie-de-thise-ouvre-le-26-juin-1497280894\/\" data-orig-file=\"https:\/\/i0.wp.com\/chalezeule.fr\/wp-content\/uploads\/2016\/04\/la-dechetterie-de-thise-ouvre-le-26-juin-1497280894.jpg?fit=660%2C400&amp;ssl=1\" data-orig-size=\"660,400\" data-comments-opened=\"0\" data-image-meta=\"{&quot;aperture&quot;:&quot;0&quot;,&quot;credit&quot;:&quot;&quot;,&quot;camera&quot;:&quot;&quot;,&quot;caption&quot;:&quot;&quot;,&quot;created_timestamp&quot;:&quot;0&quot;,&quot;copyright&quot;:&quot;&quot;,&quot;focal_length&quot;:&quot;0&quot;,&quot;iso&quot;:&quot;0&quot;,&quot;shutter_speed&quot;:&quot;0&quot;,&quot;title&quot;:&quot;&quot;,&quot;orientation&quot;:&quot;0&quot;}\" data-image-title=\"la-dechetterie-de-thise-ouvre-le-26-juin-1497280894\" data-image-description=\"\" data-medium-file=\"https:\/\/i0.wp.com\/chalezeule.fr\/wp-content\/uploads\/2016\/04\/la-dechetterie-de-thise-ouvre-le-26-juin-1497280894.jpg?fit=300%2C182&amp;ssl=1\" data-large-file=\"https:\/\/i0.wp.com\/chalezeule.fr\/wp-content\/uploads\/2016\/04\/la-dechetterie-de-thise-ouvre-le-26-juin-1497280894.jpg?fit=660%2C400&amp;ssl=1\" loading=\"lazy\" class=\"wp-image-1575 alignleft\" src=\"https:\/\/i0.wp.com\/chalezeule.fr\/wp-content\/uploads\/2016\/04\/la-dechetterie-de-thise-ouvre-le-26-juin-1497280894.jpg?resize=228%2C138\" alt=\"\" srcset=\"https:\/\/i0.wp.com\/chalezeule.fr\/wp-content\/uploads\/2016\/04\/la-dechetterie-de-thise-ouvre-le-26-juin-1497280894.jpg?resize=300%2C182&amp;ssl=1 300w, https:\/\/i0.wp.com\/chalezeule.fr\/wp-content\/uploads\/2016\/04\/la-dechetterie-de-thise-ouvre-le-26-juin-1497280894.jpg?resize=230%2C139&amp;ssl=1 230w, https:\/\/i0.wp.com\/chalezeule.fr\/wp-content\/uploads\/2016\/04\/la-dechetterie-de-thise-ouvre-le-26-juin-1497280894.jpg?resize=350%2C212&amp;ssl=1 350w, https:\/\/i0.wp.com\/chalezeule.fr\/wp-content\/uploads\/2016\/04\/la-dechetterie-de-thise-ouvre-le-26-juin-1497280894.jpg?resize=480%2C291&amp;ssl=1 480w, https:\/\/i0.wp.com\/chalezeule.fr\/wp-content\/uploads\/2016\/04\/la-dechetterie-de-thise-ouvre-le-26-juin-1497280894.jpg?w=660&amp;ssl=1 660w\" sizes=\"(max-width: 228px) 100vw, 228px\" data-recalc-dims=\"1\" \/><\/span><\/p>\n<p><span style=\"font-family: Helvetica;\">ZI des Andiers, rue des Bruy\u00e8res 25220 THISE<\/span><br \/>\n<span style=\"font-family: Helvetica;\"> T\u00e9l.\/Fax : 03 81 40 09 42<\/span><\/p>\n<p><span style=\"font-family: Helvetica;\">Les travaux de la d\u00e9chetterie de Thise-Chalezeule sont termin\u00e9s depuis le 26 juin !<\/span><\/p>\n<h5><span style=\"font-family: Helvetica;\">\u00a0<\/span><\/h5>\n<h5><span style=\"font-family: Helvetica;\"> \u00a0<\/span><\/h5>\n<h5><span style=\"text-decoration: underline; font-family: Helvetica;\"><span style=\"color: #7fc400; text-decoration: underline;\">Horraires :<\/span><\/span><\/h5>\n<p><span style=\"font-family: Helvetica;\"><img data-attachment-id=\"1572\" data-permalink=\"https:\/\/chalezeule.fr\/index.php\/la-dechetterie\/dechetterie-6\/\" data-orig-file=\"https:\/\/i2.wp.com\/chalezeule.fr\/wp-content\/uploads\/2016\/04\/d\u00e9chetterie-6.png?fit=830%2C291&amp;ssl=1\" data-orig-size=\"830,291\" data-comments-opened=\"0\" data-image-meta=\"{&quot;aperture&quot;:&quot;0&quot;,&quot;credit&quot;:&quot;&quot;,&quot;camera&quot;:&quot;&quot;,&quot;caption&quot;:&quot;&quot;,&quot;created_timestamp&quot;:&quot;0&quot;,&quot;copyright&quot;:&quot;&quot;,&quot;focal_length&quot;:&quot;0&quot;,&quot;iso&quot;:&quot;0&quot;,&quot;shutter_speed&quot;:&quot;0&quot;,&quot;title&quot;:&quot;&quot;,&quot;orientation&quot;:&quot;0&quot;}\" data-image-title=\"d\u00e9chetterie 6\" data-image-description=\"\" data-medium-file=\"https:\/\/i2.wp.com\/chalezeule.fr\/wp-content\/uploads\/2016\/04\/d\u00e9chetterie-6.png?fit=300%2C105&amp;ssl=1\" data-large-file=\"https:\/\/i2.wp.com\/chalezeule.fr\/wp-content\/uploads\/2016\/04\/d\u00e9chetterie-6.png?fit=830%2C291&amp;ssl=1\" loading=\"lazy\" class=\"aligncenter wp-image-1572\" src=\"https:\/\/i2.wp.com\/chalezeule.fr\/wp-content\/uploads\/2016\/04\/d\u00e9chetterie-6.png?resize=608%2C213\" alt=\"\" srcset=\"https:\/\/i2.wp.com\/chalezeule.fr\/wp-content\/uploads\/2016\/04\/d\u00e9chetterie-6.png?resize=300%2C105&amp;ssl=1 300w, https:\/\/i2.wp.com\/chalezeule.fr\/wp-content\/uploads\/2016\/04\/d\u00e9chetterie-6.png?resize=768%2C269&amp;ssl=1 768w, https:\/\/i2.wp.com\/chalezeule.fr\/wp-content\/uploads\/2016\/04\/d\u00e9chetterie-6.png?w=830&amp;ssl=1 830w, https:\/\/i2.wp.com\/chalezeule.fr\/wp-content\/uploads\/2016\/04\/d\u00e9chetterie-6.png?resize=230%2C81&amp;ssl=1 230w, https:\/\/i2.wp.com\/chalezeule.fr\/wp-content\/uploads\/2016\/04\/d\u00e9chetterie-6.png?resize=350%2C123&amp;ssl=1 350w, https:\/\/i2.wp.com\/chalezeule.fr\/wp-content\/uploads\/2016\/04\/d\u00e9chetterie-6.png?resize=480%2C168&amp;ssl=1 480w\" sizes=\"(max-width: 608px) 100vw, 608px\" data-recalc-dims=\"1\" \/><\/span><\/p>\n<p><span style=\"text-decoration: underline; font-family: Helvetica;\">ATTENTION :<\/span><br \/>\n<span style=\"font-family: Helvetica;\"> cette d\u00e9chetterie est ferm\u00e9e tous les 3 \u00e8mes mardis du mois pendant les op\u00e9rations de broyage des d\u00e9chets verts<\/span><\/p>\n<h5><\/h5>\n<h5><\/h5>\n<p>&nbsp;<\/p>\n<h5><span style=\"font-family: Helvetica; color: #7fc400;\">Quels d\u00e9chets vont \u00e0 la d\u00e9chetterie ?<\/span><br \/>\n<span style=\"font-family: Helvetica;\">plus d&#8217;information sur le <a href=\"http:\/\/www.sybert.fr\/les_dechets_acceptes.html\"><span style=\"text-decoration: underline;\"><span style=\"color: #0000ff; text-decoration: underline;\">site du Sybert<\/span><\/span><\/a><\/span><\/h5>\n<p><img data-attachment-id=\"1573\" data-permalink=\"https:\/\/chalezeule.fr\/index.php\/la-dechetterie\/dechetterie-3\/\" data-orig-file=\"https:\/\/i1.wp.com\/chalezeule.fr\/wp-content\/uploads\/2016\/04\/d\u00e9chetterie-3.png?fit=535%2C691&amp;ssl=1\" data-orig-size=\"535,691\" data-comments-opened=\"0\" data-image-meta=\"{&quot;aperture&quot;:&quot;0&quot;,&quot;credit&quot;:&quot;&quot;,&quot;camera&quot;:&quot;&quot;,&quot;caption&quot;:&quot;&quot;,&quot;created_timestamp&quot;:&quot;0&quot;,&quot;copyright&quot;:&quot;&quot;,&quot;focal_length&quot;:&quot;0&quot;,&quot;iso&quot;:&quot;0&quot;,&quot;shutter_speed&quot;:&quot;0&quot;,&quot;title&quot;:&quot;&quot;,&quot;orientation&quot;:&quot;0&quot;}\" data-image-title=\"d\u00e9chetterie 3\" data-image-description=\"\" data-medium-file=\"https:\/\/i1.wp.com\/chalezeule.fr\/wp-content\/uploads\/2016\/04\/d\u00e9chetterie-3.png?fit=232%2C300&amp;ssl=1\" data-large-file=\"https:\/\/i1.wp.com\/chalezeule.fr\/wp-content\/uploads\/2016\/04\/d\u00e9chetterie-3.png?fit=535%2C691&amp;ssl=1\" loading=\"lazy\" class=\"wp-image-1573 aligncenter\" src=\"https:\/\/i1.wp.com\/chalezeule.fr\/wp-content\/uploads\/2016\/04\/d\u00e9chetterie-3.png?resize=496%2C642\" alt=\"\" srcset=\"https:\/\/i1.wp.com\/chalezeule.fr\/wp-content\/uploads\/2016\/04\/d\u00e9chetterie-3.png?resize=232%2C300&amp;ssl=1 232w, https:\/\/i1.wp.com\/chalezeule.fr\/wp-content\/uploads\/2016\/04\/d\u00e9chetterie-3.png?resize=230%2C297&amp;ssl=1 230w, https:\/\/i1.wp.com\/chalezeule.fr\/wp-content\/uploads\/2016\/04\/d\u00e9chetterie-3.png?resize=350%2C452&amp;ssl=1 350w, https:\/\/i1.wp.com\/chalezeule.fr\/wp-content\/uploads\/2016\/04\/d\u00e9chetterie-3.png?resize=480%2C620&amp;ssl=1 480w, https:\/\/i1.wp.com\/chalezeule.fr\/wp-content\/uploads\/2016\/04\/d\u00e9chetterie-3.png?w=535&amp;ssl=1 535w\" sizes=\"(max-width: 496px) 100vw, 496px\" data-recalc-dims=\"1\" \/> <img data-attachment-id=\"1574\" data-permalink=\"https:\/\/chalezeule.fr\/index.php\/la-dechetterie\/dechetterie-4\/\" data-orig-file=\"https:\/\/i2.wp.com\/chalezeule.fr\/wp-content\/uploads\/2016\/04\/d\u00e9chetterie-4.png?fit=438%2C327&amp;ssl=1\" data-orig-size=\"438,327\" data-comments-opened=\"0\" data-image-meta=\"{&quot;aperture&quot;:&quot;0&quot;,&quot;credit&quot;:&quot;&quot;,&quot;camera&quot;:&quot;&quot;,&quot;caption&quot;:&quot;&quot;,&quot;created_timestamp&quot;:&quot;0&quot;,&quot;copyright&quot;:&quot;&quot;,&quot;focal_length&quot;:&quot;0&quot;,&quot;iso&quot;:&quot;0&quot;,&quot;shutter_speed&quot;:&quot;0&quot;,&quot;title&quot;:&quot;&quot;,&quot;orientation&quot;:&quot;0&quot;}\" data-image-title=\"d\u00e9chetterie 4\" data-image-description=\"\" data-medium-file=\"https:\/\/i2.wp.com\/chalezeule.fr\/wp-content\/uploads\/2016\/04\/d\u00e9chetterie-4.png?fit=300%2C224&amp;ssl=1\" data-large-file=\"https:\/\/i2.wp.com\/chalezeule.fr\/wp-content\/uploads\/2016\/04\/d\u00e9chetterie-4.png?fit=438%2C327&amp;ssl=1\" loading=\"lazy\" class=\"wp-image-1574 aligncenter\" src=\"https:\/\/i2.wp.com\/chalezeule.fr\/wp-content\/uploads\/2016\/04\/d\u00e9chetterie-4.png?resize=499%2C373\" alt=\"\" srcset=\"https:\/\/i2.wp.com\/chalezeule.fr\/wp-content\/uploads\/2016\/04\/d\u00e9chetterie-4.png?resize=300%2C224&amp;ssl=1 300w, https:\/\/i2.wp.com\/chalezeule.fr\/wp-content\/uploads\/2016\/04\/d\u00e9chetterie-4.png?resize=230%2C172&amp;ssl=1 230w, https:\/\/i2.wp.com\/chalezeule.fr\/wp-content\/uploads\/2016\/04\/d\u00e9chetterie-4.png?resize=350%2C261&amp;ssl=1 350w, https:\/\/i2.wp.com\/chalezeule.fr\/wp-content\/uploads\/2016\/04\/d\u00e9chetterie-4.png?w=438&amp;ssl=1 438w\" sizes=\"(max-width: 499px) 100vw, 499px\" data-recalc-dims=\"1\" \/><\/p>\n","protected":false},"excerpt":{"rendered":"<p>D\u00e9chetterie de THISE-CHALEZEULE\u00a0\u00a0&#8220;Les Andiers&#8221; ZI des Andiers, rue des Bruy\u00e8res 25220 THISE T\u00e9l.\/Fax : 03 81 40 09 42 Les travaux de la d\u00e9chetterie de Thise-Chalezeule sont termin\u00e9s depuis le 26 juin ! \u00a0 \u00a0 Horraires : ATTENTION : cette d\u00e9chetterie est ferm\u00e9e tous les 3 \u00e8mes mardis du mois pendant les op\u00e9rations de broyage [&hellip;]<\/p>\n","protected":false},"author":1,"featured_media":0,"parent":0,"menu_order":0,"comment_status":"closed","ping_status":"closed","template":"","meta":[],"_links":{"self":[{"href":"https:\/\/chalezeule.fr\/index.php\/wp-json\/wp\/v2\/pages\/558"}],"collection":[{"href":"https:\/\/chalezeule.fr\/index.php\/wp-json\/wp\/v2\/pages"}],"about":[{"href":"https:\/\/chalezeule.fr\/index.php\/wp-json\/wp\/v2\/types\/page"}],"author":[{"embeddable":true,"href":"https:\/\/chalezeule.fr\/index.php\/wp-json\/wp\/v2\/users\/1"}],"replies":[{"embeddable":true,"href":"https:\/\/chalezeule.fr\/index.php\/wp-json\/wp\/v2\/comments?post=558"}],"version-history":[{"count":9,"href":"https:\/\/chalezeule.fr\/index.php\/wp-json\/wp\/v2\/pages\/558\/revisions"}],"predecessor-version":[{"id":1578,"href":"https:\/\/chalezeule.fr\/index.php\/wp-json\/wp\/v2\/pages\/558\/revisions\/1578"}],"wp:attachment":[{"href":"https:\/\/chalezeule.fr\/index.php\/wp-json\/wp\/v2\/media?parent=558"}],"curies":[{"name":"wp","href":"https:\/\/api.w.org\/{rel}","templated":true}]}}