{"id":548,"date":"2016-04-28T13:04:10","date_gmt":"2016-04-28T12:04:10","guid":{"rendered":"http:\/\/chalezeule.fr\/?page_id=548"},"modified":"2021-03-22T09:15:58","modified_gmt":"2021-03-22T08:15:58","slug":"fleurissement","status":"publish","type":"page","link":"https:\/\/chalezeule.fr\/index.php\/fleurissement\/","title":{"rendered":"Fleurissement"},"content":{"rendered":"<h3><img data-attachment-id=\"2353\" data-permalink=\"https:\/\/chalezeule.fr\/index.php\/fleurissement\/img_5873\/\" data-orig-file=\"https:\/\/i0.wp.com\/chalezeule.fr\/wp-content\/uploads\/2018\/01\/IMG_5873.jpg?fit=2448%2C3264&amp;ssl=1\" data-orig-size=\"2448,3264\" data-comments-opened=\"0\" data-image-meta=\"{&quot;aperture&quot;:&quot;2.4&quot;,&quot;credit&quot;:&quot;&quot;,&quot;camera&quot;:&quot;iPhone 5&quot;,&quot;caption&quot;:&quot;&quot;,&quot;created_timestamp&quot;:&quot;1437766076&quot;,&quot;copyright&quot;:&quot;&quot;,&quot;focal_length&quot;:&quot;4.12&quot;,&quot;iso&quot;:&quot;64&quot;,&quot;shutter_speed&quot;:&quot;0.0016420361247947&quot;,&quot;title&quot;:&quot;&quot;,&quot;orientation&quot;:&quot;1&quot;}\" data-image-title=\"IMG_5873\" data-image-description=\"\" data-medium-file=\"https:\/\/i0.wp.com\/chalezeule.fr\/wp-content\/uploads\/2018\/01\/IMG_5873.jpg?fit=225%2C300&amp;ssl=1\" data-large-file=\"https:\/\/i0.wp.com\/chalezeule.fr\/wp-content\/uploads\/2018\/01\/IMG_5873.jpg?fit=768%2C1024&amp;ssl=1\" loading=\"lazy\" class=\" wp-image-2353 alignright\" src=\"https:\/\/i0.wp.com\/chalezeule.fr\/wp-content\/uploads\/2018\/01\/IMG_5873.jpg?resize=244%2C325\" alt=\"\" srcset=\"https:\/\/i0.wp.com\/chalezeule.fr\/wp-content\/uploads\/2018\/01\/IMG_5873.jpg?resize=225%2C300&amp;ssl=1 225w, https:\/\/i0.wp.com\/chalezeule.fr\/wp-content\/uploads\/2018\/01\/IMG_5873.jpg?resize=768%2C1024&amp;ssl=1 768w, https:\/\/i0.wp.com\/chalezeule.fr\/wp-content\/uploads\/2018\/01\/IMG_5873.jpg?resize=830%2C1107&amp;ssl=1 830w, https:\/\/i0.wp.com\/chalezeule.fr\/wp-content\/uploads\/2018\/01\/IMG_5873.jpg?resize=230%2C307&amp;ssl=1 230w, https:\/\/i0.wp.com\/chalezeule.fr\/wp-content\/uploads\/2018\/01\/IMG_5873.jpg?resize=350%2C467&amp;ssl=1 350w, https:\/\/i0.wp.com\/chalezeule.fr\/wp-content\/uploads\/2018\/01\/IMG_5873.jpg?resize=480%2C640&amp;ssl=1 480w, https:\/\/i0.wp.com\/chalezeule.fr\/wp-content\/uploads\/2018\/01\/IMG_5873.jpg?w=2340 2340w\" sizes=\"(max-width: 244px) 100vw, 244px\" data-recalc-dims=\"1\" \/> <img data-attachment-id=\"2355\" data-permalink=\"https:\/\/chalezeule.fr\/index.php\/fleurissement\/img_1995\/\" data-orig-file=\"https:\/\/i2.wp.com\/chalezeule.fr\/wp-content\/uploads\/2018\/01\/IMG_1995-e1517395508975.jpg?fit=2448%2C3264&amp;ssl=1\" data-orig-size=\"2448,3264\" data-comments-opened=\"0\" data-image-meta=\"{&quot;aperture&quot;:&quot;2.4&quot;,&quot;credit&quot;:&quot;&quot;,&quot;camera&quot;:&quot;iPhone 5&quot;,&quot;caption&quot;:&quot;&quot;,&quot;created_timestamp&quot;:&quot;1503583514&quot;,&quot;copyright&quot;:&quot;&quot;,&quot;focal_length&quot;:&quot;4.12&quot;,&quot;iso&quot;:&quot;50&quot;,&quot;shutter_speed&quot;:&quot;0.0026385224274406&quot;,&quot;title&quot;:&quot;&quot;,&quot;orientation&quot;:&quot;6&quot;}\" data-image-title=\"IMG_1995\" data-image-description=\"\" data-medium-file=\"https:\/\/i2.wp.com\/chalezeule.fr\/wp-content\/uploads\/2018\/01\/IMG_1995-e1517395508975.jpg?fit=225%2C300&amp;ssl=1\" data-large-file=\"https:\/\/i2.wp.com\/chalezeule.fr\/wp-content\/uploads\/2018\/01\/IMG_1995-e1517395508975.jpg?fit=768%2C1024&amp;ssl=1\" loading=\"lazy\" class=\"alignleft wp-image-2355 \" src=\"https:\/\/i0.wp.com\/chalezeule.fr\/wp-content\/uploads\/2018\/01\/IMG_1995-e1517395508975-225x300.jpg?resize=245%2C327\" alt=\"\" srcset=\"https:\/\/i2.wp.com\/chalezeule.fr\/wp-content\/uploads\/2018\/01\/IMG_1995-e1517395508975.jpg?resize=225%2C300&amp;ssl=1 225w, https:\/\/i2.wp.com\/chalezeule.fr\/wp-content\/uploads\/2018\/01\/IMG_1995-e1517395508975.jpg?resize=768%2C1024&amp;ssl=1 768w, https:\/\/i2.wp.com\/chalezeule.fr\/wp-content\/uploads\/2018\/01\/IMG_1995-e1517395508975.jpg?resize=830%2C1107&amp;ssl=1 830w, https:\/\/i2.wp.com\/chalezeule.fr\/wp-content\/uploads\/2018\/01\/IMG_1995-e1517395508975.jpg?resize=230%2C307&amp;ssl=1 230w, https:\/\/i2.wp.com\/chalezeule.fr\/wp-content\/uploads\/2018\/01\/IMG_1995-e1517395508975.jpg?resize=350%2C467&amp;ssl=1 350w, https:\/\/i2.wp.com\/chalezeule.fr\/wp-content\/uploads\/2018\/01\/IMG_1995-e1517395508975.jpg?resize=480%2C640&amp;ssl=1 480w, https:\/\/i2.wp.com\/chalezeule.fr\/wp-content\/uploads\/2018\/01\/IMG_1995-e1517395508975.jpg?w=2340 2340w\" sizes=\"(max-width: 245px) 100vw, 245px\" data-recalc-dims=\"1\" \/><\/h3>\n<h3><\/h3>\n<h3><\/h3>\n<h3><\/h3>\n<h3><img data-attachment-id=\"2354\" data-permalink=\"https:\/\/chalezeule.fr\/index.php\/fleurissement\/image1\/\" data-orig-file=\"https:\/\/i1.wp.com\/chalezeule.fr\/wp-content\/uploads\/2018\/01\/Image1.jpg?fit=593%2C451&amp;ssl=1\" data-orig-size=\"593,451\" data-comments-opened=\"0\" data-image-meta=\"{&quot;aperture&quot;:&quot;0&quot;,&quot;credit&quot;:&quot;&quot;,&quot;camera&quot;:&quot;&quot;,&quot;caption&quot;:&quot;&quot;,&quot;created_timestamp&quot;:&quot;0&quot;,&quot;copyright&quot;:&quot;&quot;,&quot;focal_length&quot;:&quot;0&quot;,&quot;iso&quot;:&quot;0&quot;,&quot;shutter_speed&quot;:&quot;0&quot;,&quot;title&quot;:&quot;&quot;,&quot;orientation&quot;:&quot;0&quot;}\" data-image-title=\"Image1\" data-image-description=\"\" data-medium-file=\"https:\/\/i1.wp.com\/chalezeule.fr\/wp-content\/uploads\/2018\/01\/Image1.jpg?fit=300%2C228&amp;ssl=1\" data-large-file=\"https:\/\/i1.wp.com\/chalezeule.fr\/wp-content\/uploads\/2018\/01\/Image1.jpg?fit=593%2C451&amp;ssl=1\" loading=\"lazy\" class=\" wp-image-2354 aligncenter\" src=\"https:\/\/i1.wp.com\/chalezeule.fr\/wp-content\/uploads\/2018\/01\/Image1.jpg?resize=325%2C247\" alt=\"\" srcset=\"https:\/\/i1.wp.com\/chalezeule.fr\/wp-content\/uploads\/2018\/01\/Image1.jpg?resize=300%2C228&amp;ssl=1 300w, https:\/\/i1.wp.com\/chalezeule.fr\/wp-content\/uploads\/2018\/01\/Image1.jpg?resize=230%2C175&amp;ssl=1 230w, https:\/\/i1.wp.com\/chalezeule.fr\/wp-content\/uploads\/2018\/01\/Image1.jpg?resize=350%2C266&amp;ssl=1 350w, https:\/\/i1.wp.com\/chalezeule.fr\/wp-content\/uploads\/2018\/01\/Image1.jpg?resize=480%2C365&amp;ssl=1 480w, https:\/\/i1.wp.com\/chalezeule.fr\/wp-content\/uploads\/2018\/01\/Image1.jpg?w=593&amp;ssl=1 593w\" sizes=\"(max-width: 325px) 100vw, 325px\" data-recalc-dims=\"1\" \/><\/h3>\n<p>&nbsp;<\/p>\n<h4><span style=\"text-decoration: underline; color: #7fc400;\"><span style=\"font-family: Helvetica;\">Un prix pour le fleurissement de notre village<\/span><\/span><\/h4>\n<p><span style=\"font-family: Helvetica;\">La Pr\u00e9sidente de la R\u00e9gion Bourgogne-Franche-Comt\u00e9 Marie-Guite Dufay, remet un prix \u00e0 l\u2019occasion de la 58<sup>e<\/sup>&nbsp;c\u00e9r\u00e9monie de remise des prix du Label r\u00e9gional Villes et Villages fleuris, le&nbsp;9&nbsp;d\u00e9cembre dernier, au Maire de notre village.<\/span><\/p>\n<p><img data-attachment-id=\"2351\" data-permalink=\"https:\/\/chalezeule.fr\/index.php\/fleurissement\/remise-de-prix-2017\/\" data-orig-file=\"https:\/\/i0.wp.com\/chalezeule.fr\/wp-content\/uploads\/2018\/01\/remise-de-prix-2017.jpg?fit=1772%2C1181&amp;ssl=1\" data-orig-size=\"1772,1181\" data-comments-opened=\"0\" data-image-meta=\"{&quot;aperture&quot;:&quot;5.6&quot;,&quot;credit&quot;:&quot;@Yves.Petit&quot;,&quot;camera&quot;:&quot;Canon EOS 6D&quot;,&quot;caption&quot;:&quot;&quot;,&quot;created_timestamp&quot;:&quot;1512822763&quot;,&quot;copyright&quot;:&quot;&quot;,&quot;focal_length&quot;:&quot;70&quot;,&quot;iso&quot;:&quot;3200&quot;,&quot;shutter_speed&quot;:&quot;0.01&quot;,&quot;title&quot;:&quot;&quot;,&quot;orientation&quot;:&quot;1&quot;}\" data-image-title=\"remise de prix 2017\" data-image-description=\"\" data-medium-file=\"https:\/\/i0.wp.com\/chalezeule.fr\/wp-content\/uploads\/2018\/01\/remise-de-prix-2017.jpg?fit=300%2C200&amp;ssl=1\" data-large-file=\"https:\/\/i0.wp.com\/chalezeule.fr\/wp-content\/uploads\/2018\/01\/remise-de-prix-2017.jpg?fit=1024%2C682&amp;ssl=1\" loading=\"lazy\" class=\"aligncenter  wp-image-2351\" src=\"https:\/\/i0.wp.com\/chalezeule.fr\/wp-content\/uploads\/2018\/01\/remise-de-prix-2017.jpg?resize=489%2C326\" alt=\"\" srcset=\"https:\/\/i0.wp.com\/chalezeule.fr\/wp-content\/uploads\/2018\/01\/remise-de-prix-2017.jpg?resize=300%2C200&amp;ssl=1 300w, https:\/\/i0.wp.com\/chalezeule.fr\/wp-content\/uploads\/2018\/01\/remise-de-prix-2017.jpg?resize=768%2C512&amp;ssl=1 768w, https:\/\/i0.wp.com\/chalezeule.fr\/wp-content\/uploads\/2018\/01\/remise-de-prix-2017.jpg?resize=1024%2C682&amp;ssl=1 1024w, https:\/\/i0.wp.com\/chalezeule.fr\/wp-content\/uploads\/2018\/01\/remise-de-prix-2017.jpg?resize=830%2C553&amp;ssl=1 830w, https:\/\/i0.wp.com\/chalezeule.fr\/wp-content\/uploads\/2018\/01\/remise-de-prix-2017.jpg?resize=230%2C153&amp;ssl=1 230w, https:\/\/i0.wp.com\/chalezeule.fr\/wp-content\/uploads\/2018\/01\/remise-de-prix-2017.jpg?resize=350%2C233&amp;ssl=1 350w, https:\/\/i0.wp.com\/chalezeule.fr\/wp-content\/uploads\/2018\/01\/remise-de-prix-2017.jpg?resize=480%2C320&amp;ssl=1 480w, https:\/\/i0.wp.com\/chalezeule.fr\/wp-content\/uploads\/2018\/01\/remise-de-prix-2017.jpg?w=1772&amp;ssl=1 1772w\" sizes=\"(max-width: 489px) 100vw, 489px\" data-recalc-dims=\"1\" \/><\/p>\n\n\n<figure class=\"wp-block-image\"><img data-attachment-id=\"4048\" data-permalink=\"https:\/\/chalezeule.fr\/index.php\/fleurissement\/img_8766\/\" data-orig-file=\"https:\/\/i1.wp.com\/chalezeule.fr\/wp-content\/uploads\/2021\/03\/IMG_8766.jpg?fit=2448%2C3264&amp;ssl=1\" data-orig-size=\"2448,3264\" data-comments-opened=\"0\" data-image-meta=\"{&quot;aperture&quot;:&quot;2.4&quot;,&quot;credit&quot;:&quot;&quot;,&quot;camera&quot;:&quot;iPhone 5c&quot;,&quot;caption&quot;:&quot;&quot;,&quot;created_timestamp&quot;:&quot;1604493367&quot;,&quot;copyright&quot;:&quot;&quot;,&quot;focal_length&quot;:&quot;4.12&quot;,&quot;iso&quot;:&quot;50&quot;,&quot;shutter_speed&quot;:&quot;0.0083333333333333&quot;,&quot;title&quot;:&quot;&quot;,&quot;orientation&quot;:&quot;1&quot;}\" data-image-title=\"IMG_8766\" data-image-description=\"\" data-medium-file=\"https:\/\/i1.wp.com\/chalezeule.fr\/wp-content\/uploads\/2021\/03\/IMG_8766.jpg?fit=225%2C300&amp;ssl=1\" data-large-file=\"https:\/\/i1.wp.com\/chalezeule.fr\/wp-content\/uploads\/2021\/03\/IMG_8766.jpg?fit=768%2C1024&amp;ssl=1\" loading=\"lazy\" width=\"2448\" height=\"3264\" src=\"https:\/\/i1.wp.com\/chalezeule.fr\/wp-content\/uploads\/2021\/03\/IMG_8766.jpg?fit=768%2C1024\" alt=\"\" class=\"wp-image-4048\" srcset=\"https:\/\/i1.wp.com\/chalezeule.fr\/wp-content\/uploads\/2021\/03\/IMG_8766.jpg?w=2448&amp;ssl=1 2448w, https:\/\/i1.wp.com\/chalezeule.fr\/wp-content\/uploads\/2021\/03\/IMG_8766.jpg?resize=225%2C300&amp;ssl=1 225w, https:\/\/i1.wp.com\/chalezeule.fr\/wp-content\/uploads\/2021\/03\/IMG_8766.jpg?resize=768%2C1024&amp;ssl=1 768w, https:\/\/i1.wp.com\/chalezeule.fr\/wp-content\/uploads\/2021\/03\/IMG_8766.jpg?resize=830%2C1107&amp;ssl=1 830w, https:\/\/i1.wp.com\/chalezeule.fr\/wp-content\/uploads\/2021\/03\/IMG_8766.jpg?resize=230%2C307&amp;ssl=1 230w, https:\/\/i1.wp.com\/chalezeule.fr\/wp-content\/uploads\/2021\/03\/IMG_8766.jpg?resize=350%2C467&amp;ssl=1 350w, https:\/\/i1.wp.com\/chalezeule.fr\/wp-content\/uploads\/2021\/03\/IMG_8766.jpg?resize=480%2C640&amp;ssl=1 480w, https:\/\/i1.wp.com\/chalezeule.fr\/wp-content\/uploads\/2021\/03\/IMG_8766.jpg?w=2340 2340w\" sizes=\"(max-width: 1170px) 100vw, 1170px\" \/><figcaption>Jolie cr\u00e9ation \u00e0 l&#8217;Abreuvoir<\/figcaption><\/figure>\n","protected":false},"excerpt":{"rendered":"<p>&nbsp; Un prix pour le fleurissement de notre village La Pr\u00e9sidente de la R\u00e9gion Bourgogne-Franche-Comt\u00e9 Marie-Guite Dufay, remet un prix \u00e0 l\u2019occasion de la 58e&nbsp;c\u00e9r\u00e9monie de remise des prix du Label r\u00e9gional Villes et Villages fleuris, le&nbsp;9&nbsp;d\u00e9cembre dernier, au Maire de notre village.<\/p>\n","protected":false},"author":1,"featured_media":0,"parent":0,"menu_order":0,"comment_status":"closed","ping_status":"closed","template":"","meta":[],"_links":{"self":[{"href":"https:\/\/chalezeule.fr\/index.php\/wp-json\/wp\/v2\/pages\/548"}],"collection":[{"href":"https:\/\/chalezeule.fr\/index.php\/wp-json\/wp\/v2\/pages"}],"about":[{"href":"https:\/\/chalezeule.fr\/index.php\/wp-json\/wp\/v2\/types\/page"}],"author":[{"embeddable":true,"href":"https:\/\/chalezeule.fr\/index.php\/wp-json\/wp\/v2\/users\/1"}],"replies":[{"embeddable":true,"href":"https:\/\/chalezeule.fr\/index.php\/wp-json\/wp\/v2\/comments?post=548"}],"version-history":[{"count":10,"href":"https:\/\/chalezeule.fr\/index.php\/wp-json\/wp\/v2\/pages\/548\/revisions"}],"predecessor-version":[{"id":4049,"href":"https:\/\/chalezeule.fr\/index.php\/wp-json\/wp\/v2\/pages\/548\/revisions\/4049"}],"wp:attachment":[{"href":"https:\/\/chalezeule.fr\/index.php\/wp-json\/wp\/v2\/media?parent=548"}],"curies":[{"name":"wp","href":"https:\/\/api.w.org\/{rel}","templated":true}]}}