{"id":544,"date":"2016-04-28T13:03:35","date_gmt":"2016-04-28T12:03:35","guid":{"rendered":"http:\/\/chalezeule.fr\/?page_id=544"},"modified":"2022-01-30T12:41:50","modified_gmt":"2022-01-30T11:41:50","slug":"dechets","status":"publish","type":"page","link":"https:\/\/chalezeule.fr\/index.php\/dechets\/","title":{"rendered":"D\u00e9chets"},"content":{"rendered":"<h4><span style=\"font-family: Helvetica; color: #3782c1;\">Comment dois-je g\u00e9rer mes d\u00e9chets ?<\/span><\/h4>\n<ul>\n<li><span style=\"color: #7fc400; font-family: Helvetica;\"><a href=\"http:\/\/chalezeule.fr\/index.php\/ramassage\/\">Ramassage\u00a0des d\u00e9chets m\u00e9nagers<\/a>\u00a0 \u00a0<\/span><\/li>\n<li><span style=\"color: #7fc400; font-family: Helvetica;\"><a href=\"http:\/\/chalezeule.fr\/index.php\/la-dechetterie\/\">La d\u00e9chetterie<\/a><\/span><\/li>\n<li><span style=\"color: #7fc400; font-family: Helvetica;\"><a href=\"http:\/\/chalezeule.fr\/index.php\/le-recyclage\/\">Tri &amp; Recyclage<\/a><\/span><\/li>\n<\/ul>\n<p><span style=\"font-family: Helvetica;\">La collecte des d\u00e9chets est assur\u00e9e par la Communaut\u00e9 Urbaine Grand Besan\u00e7on M\u00e9tropole.<\/span><\/p>\n<iframe src=\"\/\/docs.google.com\/viewer?url=http%3A%2F%2Fchalezeule.fr%2Fwp-content%2Fuploads%2F2022%2F01%2F2022-secteurB-CHALEZEULE.pdf&hl=fr&embedded=true\" class=\"gde-frame\" style=\"width:100%; height:500px; border: none;\" scrolling=\"no\"><\/iframe>\n<p class=\"gde-text\"><a href=\"http:\/\/chalezeule.fr\/wp-content\/uploads\/2022\/01\/2022-secteurB-CHALEZEULE.pdf\" class=\"gde-link\">T\u00e9l\u00e9charger (PDF, 1.09Mo)<\/a><\/p>\n<p><a href=\"https:\/\/www.grandbesancon.fr\/infos-pratiques\/environnement\/dechets\/\">GRAND BESANCON METROPOLE<\/a><\/p>\n<p><span style=\"font-family: Helvetica;\">Le traitement des d\u00e9chets et les d\u00e9chetteries sont assur\u00e9s par le SYBERT &#8211; Syndicat mixte de Besan\u00e7on et de sa r\u00e9gion pour le traitement des d\u00e9chets.<\/span><\/p>\n<p><a href=\"http:\/\/www.sybert.fr\/\"><span style=\"text-decoration: underline;\"><span style=\"color: #0000ff; text-decoration: underline;\">SYBERT<\/span><\/span><\/a><\/p>\n<h5><span style=\"text-decoration: underline; color: #7fc400; font-family: Helvetica;\"><strong>Redevance incitative :<\/strong><\/span><\/h5>\n<p><span style=\"font-family: Helvetica;\">La redevance incitative, entr\u00e9e en vigueur le 1er septembre 2012 est d\u00e9sormais bien int\u00e9gr\u00e9e par les habitants.<\/span><\/p>\n<p><span style=\"font-family: Helvetica;\">Les modalit\u00e9s de calcul se font \u00e0 partir d&#8217;une\u00a0\u00a0part fixe, un abonnement et une part variable \u00ab poids et lev\u00e9es \u00bb sur lesquelles ils peuvent influer en fonction de leur production de d\u00e9chets.<\/span><\/p>\n<h4><\/h4>\n","protected":false},"excerpt":{"rendered":"<p>Comment dois-je g\u00e9rer mes d\u00e9chets ? Ramassage\u00a0des d\u00e9chets m\u00e9nagers\u00a0 \u00a0 La d\u00e9chetterie Tri &amp; Recyclage La collecte des d\u00e9chets est assur\u00e9e par la Communaut\u00e9 Urbaine Grand Besan\u00e7on M\u00e9tropole. GRAND BESANCON METROPOLE Le traitement des d\u00e9chets et les d\u00e9chetteries sont assur\u00e9s par le SYBERT &#8211; Syndicat mixte de Besan\u00e7on et de sa r\u00e9gion pour le traitement [&hellip;]<\/p>\n","protected":false},"author":1,"featured_media":0,"parent":0,"menu_order":0,"comment_status":"closed","ping_status":"closed","template":"","meta":[],"_links":{"self":[{"href":"https:\/\/chalezeule.fr\/index.php\/wp-json\/wp\/v2\/pages\/544"}],"collection":[{"href":"https:\/\/chalezeule.fr\/index.php\/wp-json\/wp\/v2\/pages"}],"about":[{"href":"https:\/\/chalezeule.fr\/index.php\/wp-json\/wp\/v2\/types\/page"}],"author":[{"embeddable":true,"href":"https:\/\/chalezeule.fr\/index.php\/wp-json\/wp\/v2\/users\/1"}],"replies":[{"embeddable":true,"href":"https:\/\/chalezeule.fr\/index.php\/wp-json\/wp\/v2\/comments?post=544"}],"version-history":[{"count":20,"href":"https:\/\/chalezeule.fr\/index.php\/wp-json\/wp\/v2\/pages\/544\/revisions"}],"predecessor-version":[{"id":4378,"href":"https:\/\/chalezeule.fr\/index.php\/wp-json\/wp\/v2\/pages\/544\/revisions\/4378"}],"wp:attachment":[{"href":"https:\/\/chalezeule.fr\/index.php\/wp-json\/wp\/v2\/media?parent=544"}],"curies":[{"name":"wp","href":"https:\/\/api.w.org\/{rel}","templated":true}]}}