{"id":542,"date":"2016-04-28T13:03:04","date_gmt":"2016-04-28T12:03:04","guid":{"rendered":"http:\/\/chalezeule.fr\/?page_id=542"},"modified":"2021-11-23T18:28:14","modified_gmt":"2021-11-23T17:28:14","slug":"travaux","status":"publish","type":"page","link":"https:\/\/chalezeule.fr\/index.php\/travaux\/","title":{"rendered":"Travaux"},"content":{"rendered":"<h4><span style=\"font-family: Helvetica; color: #3782c1;\">Des traces du pass\u00e9&#8230;<\/span><\/h4>\n<ul>\n<li>\n<h5><span style=\"font-family: Helvetica;\"><a href=\"http:\/\/chalezeule.fr\/index.php\/2017\/10\/12\/zone-des-marniere\/\">Zone des Marni\u00e8res<\/a><\/span><\/h5>\n<\/li>\n<li>\n<h5><a href=\"http:\/\/chalezeule.fr\/index.php\/2017\/10\/12\/a-pray\/\"><span style=\"font-family: Helvetica;\">A Pray&nbsp;<\/span><\/a><\/h5>\n<\/li>\n<li>\n<h5><span style=\"font-family: Helvetica;\"><a href=\"http:\/\/chalezeule.fr\/index.php\/2017\/10\/12\/veloroute\/\">Voie modes doux&nbsp;<\/a><\/span><\/h5>\n<\/li>\n<li>\n<h5><a href=\"http:\/\/chalezeule.fr\/index.php\/2017\/10\/12\/groupe-scolaire-et-periscolaire\/\"><span style=\"font-family: Helvetica;\">Groupe scolaire et p\u00e9riscolaire<\/span><\/a><\/h5>\n<\/li>\n<li style=\"list-style-type: none;\">\n<ul>\n<li>\n<h5><a href=\"http:\/\/chalezeule.fr\/index.php\/a-pray\/\"><span style=\"font-family: Helvetica;\">Assainissement <\/span><\/a><\/h5>\n<p><strong><span style=\"color: #ff0000; font-family: Helvetica;\"><em>Attention ! tous les habitants de la commune doivent se raccorder au r\u00e9seau d&#8217;assainissement avant le 1er juillet 2018.&nbsp;<\/em><\/span><\/strong><\/p>\n<p><span style=\"font-family: Helvetica;\"><strong><span style=\"text-decoration: underline;\">Pour tout renseignement&nbsp;: <\/span><\/strong><\/span><\/p>\n<p><span style=\"font-family: Helvetica;\"><strong>contact DEA (direction Eau assainissement) <\/strong><\/span><\/p>\n<p><span style=\"font-family: Helvetica;\"><strong>94 avenue George clemenceau BESANCON<\/strong><\/span><\/p>\n<p><span style=\"font-family: Helvetica;\"><strong>0381615960&nbsp;<\/strong><\/span><\/p>\n<p><\/p>\n<\/li>\n<\/ul>\n<\/li>\n<\/ul>\n<h4><span style=\"color: #3782c1;\">Travaux r\u00e9alis\u00e9s derni\u00e8rement :<\/span><\/h4>\n<ul id=\"menu-menu-travaux\" class=\"menu\">\n<li id=\"menu-item-580\" class=\"menu-item menu-item-type-post_type menu-item-object-page menu-item-580 menu-item-eau \">\n<h5><span style=\"font-family: Helvetica;\"><a href=\"http:\/\/chalezeule.fr\/index.php\/eau\/\">Eau<\/a><\/span><\/h5>\n<\/li>\n<\/ul>\n\n\n<h2>Am\u00e9nagements communaux r\u00e9cents<\/h2>\n\n\n\n<ul class=\"wp-container-2 wp-block-gallery-1 wp-block-gallery columns-3 is-cropped\"><li class=\"blocks-gallery-item\"><figure><img data-attachment-id=\"4041\" data-permalink=\"https:\/\/chalezeule.fr\/index.php\/travaux\/20210219_1016391-1\/\" data-orig-file=\"https:\/\/i2.wp.com\/chalezeule.fr\/wp-content\/uploads\/2021\/03\/20210219_1016391-1.jpg?fit=4000%2C3000&amp;ssl=1\" data-orig-size=\"4000,3000\" data-comments-opened=\"0\" data-image-meta=\"{&quot;aperture&quot;:&quot;2.2&quot;,&quot;credit&quot;:&quot;&quot;,&quot;camera&quot;:&quot;SM-A515F&quot;,&quot;caption&quot;:&quot;&quot;,&quot;created_timestamp&quot;:&quot;1613729800&quot;,&quot;copyright&quot;:&quot;&quot;,&quot;focal_length&quot;:&quot;1.74&quot;,&quot;iso&quot;:&quot;40&quot;,&quot;shutter_speed&quot;:&quot;0.0015384615384615&quot;,&quot;title&quot;:&quot;&quot;,&quot;orientation&quot;:&quot;6&quot;}\" data-image-title=\"20210219_1016391-1\" data-image-description=\"\" data-medium-file=\"https:\/\/i2.wp.com\/chalezeule.fr\/wp-content\/uploads\/2021\/03\/20210219_1016391-1.jpg?fit=300%2C225&amp;ssl=1\" data-large-file=\"https:\/\/i2.wp.com\/chalezeule.fr\/wp-content\/uploads\/2021\/03\/20210219_1016391-1.jpg?fit=1024%2C768&amp;ssl=1\" loading=\"lazy\" width=\"4000\" height=\"3000\" src=\"https:\/\/i2.wp.com\/chalezeule.fr\/wp-content\/uploads\/2021\/03\/20210219_1016391-1.jpg?fit=1024%2C768\" alt=\"\" data-id=\"4041\" data-link=\"http:\/\/chalezeule.fr\/index.php\/travaux\/20210219_1016391-1\/\" class=\"wp-image-4041\" srcset=\"https:\/\/i2.wp.com\/chalezeule.fr\/wp-content\/uploads\/2021\/03\/20210219_1016391-1.jpg?w=4000&amp;ssl=1 4000w, https:\/\/i2.wp.com\/chalezeule.fr\/wp-content\/uploads\/2021\/03\/20210219_1016391-1.jpg?resize=300%2C225&amp;ssl=1 300w, https:\/\/i2.wp.com\/chalezeule.fr\/wp-content\/uploads\/2021\/03\/20210219_1016391-1.jpg?resize=768%2C576&amp;ssl=1 768w, https:\/\/i2.wp.com\/chalezeule.fr\/wp-content\/uploads\/2021\/03\/20210219_1016391-1.jpg?resize=1024%2C768&amp;ssl=1 1024w, https:\/\/i2.wp.com\/chalezeule.fr\/wp-content\/uploads\/2021\/03\/20210219_1016391-1.jpg?resize=830%2C623&amp;ssl=1 830w, https:\/\/i2.wp.com\/chalezeule.fr\/wp-content\/uploads\/2021\/03\/20210219_1016391-1.jpg?resize=230%2C173&amp;ssl=1 230w, https:\/\/i2.wp.com\/chalezeule.fr\/wp-content\/uploads\/2021\/03\/20210219_1016391-1.jpg?resize=350%2C263&amp;ssl=1 350w, https:\/\/i2.wp.com\/chalezeule.fr\/wp-content\/uploads\/2021\/03\/20210219_1016391-1.jpg?resize=480%2C360&amp;ssl=1 480w, https:\/\/i2.wp.com\/chalezeule.fr\/wp-content\/uploads\/2021\/03\/20210219_1016391-1.jpg?w=2340 2340w, https:\/\/i2.wp.com\/chalezeule.fr\/wp-content\/uploads\/2021\/03\/20210219_1016391-1.jpg?w=3510 3510w\" sizes=\"(max-width: 1170px) 100vw, 1170px\" \/><figcaption><strong>Des fleurs au rond-point des Fours \u00e0 Chaux <\/strong><\/figcaption><\/figure><\/li><li class=\"blocks-gallery-item\"><figure><img data-attachment-id=\"4042\" data-permalink=\"https:\/\/chalezeule.fr\/index.php\/travaux\/img_9305\/\" data-orig-file=\"https:\/\/i1.wp.com\/chalezeule.fr\/wp-content\/uploads\/2021\/03\/IMG_9305.jpg?fit=3264%2C2448&amp;ssl=1\" data-orig-size=\"3264,2448\" data-comments-opened=\"0\" data-image-meta=\"{&quot;aperture&quot;:&quot;2.4&quot;,&quot;credit&quot;:&quot;&quot;,&quot;camera&quot;:&quot;iPhone 5c&quot;,&quot;caption&quot;:&quot;&quot;,&quot;created_timestamp&quot;:&quot;1615221707&quot;,&quot;copyright&quot;:&quot;&quot;,&quot;focal_length&quot;:&quot;4.12&quot;,&quot;iso&quot;:&quot;50&quot;,&quot;shutter_speed&quot;:&quot;0.0010881392818281&quot;,&quot;title&quot;:&quot;&quot;,&quot;orientation&quot;:&quot;1&quot;}\" data-image-title=\"IMG_9305\" data-image-description=\"\" data-medium-file=\"https:\/\/i1.wp.com\/chalezeule.fr\/wp-content\/uploads\/2021\/03\/IMG_9305.jpg?fit=300%2C225&amp;ssl=1\" data-large-file=\"https:\/\/i1.wp.com\/chalezeule.fr\/wp-content\/uploads\/2021\/03\/IMG_9305.jpg?fit=1024%2C768&amp;ssl=1\" loading=\"lazy\" width=\"3264\" height=\"2448\" src=\"https:\/\/i1.wp.com\/chalezeule.fr\/wp-content\/uploads\/2021\/03\/IMG_9305.jpg?fit=1024%2C768\" alt=\"\" data-id=\"4042\" data-link=\"http:\/\/chalezeule.fr\/index.php\/travaux\/img_9305\/\" class=\"wp-image-4042\" srcset=\"https:\/\/i1.wp.com\/chalezeule.fr\/wp-content\/uploads\/2021\/03\/IMG_9305.jpg?w=3264&amp;ssl=1 3264w, https:\/\/i1.wp.com\/chalezeule.fr\/wp-content\/uploads\/2021\/03\/IMG_9305.jpg?resize=300%2C225&amp;ssl=1 300w, https:\/\/i1.wp.com\/chalezeule.fr\/wp-content\/uploads\/2021\/03\/IMG_9305.jpg?resize=768%2C576&amp;ssl=1 768w, https:\/\/i1.wp.com\/chalezeule.fr\/wp-content\/uploads\/2021\/03\/IMG_9305.jpg?resize=1024%2C768&amp;ssl=1 1024w, https:\/\/i1.wp.com\/chalezeule.fr\/wp-content\/uploads\/2021\/03\/IMG_9305.jpg?resize=830%2C623&amp;ssl=1 830w, https:\/\/i1.wp.com\/chalezeule.fr\/wp-content\/uploads\/2021\/03\/IMG_9305.jpg?resize=230%2C173&amp;ssl=1 230w, https:\/\/i1.wp.com\/chalezeule.fr\/wp-content\/uploads\/2021\/03\/IMG_9305.jpg?resize=350%2C263&amp;ssl=1 350w, https:\/\/i1.wp.com\/chalezeule.fr\/wp-content\/uploads\/2021\/03\/IMG_9305.jpg?resize=480%2C360&amp;ssl=1 480w, https:\/\/i1.wp.com\/chalezeule.fr\/wp-content\/uploads\/2021\/03\/IMG_9305.jpg?w=2340 2340w\" sizes=\"(max-width: 1170px) 100vw, 1170px\" \/><figcaption><strong>Vue d\u00e9gag\u00e9e sur le Doubs<\/strong><\/figcaption><\/figure><\/li><li class=\"blocks-gallery-item\"><figure><img data-attachment-id=\"4043\" data-permalink=\"https:\/\/chalezeule.fr\/index.php\/travaux\/p1110925\/\" data-orig-file=\"https:\/\/i0.wp.com\/chalezeule.fr\/wp-content\/uploads\/2021\/03\/P1110925.jpg?fit=4000%2C3000&amp;ssl=1\" data-orig-size=\"4000,3000\" data-comments-opened=\"0\" data-image-meta=\"{&quot;aperture&quot;:&quot;8&quot;,&quot;credit&quot;:&quot;&quot;,&quot;camera&quot;:&quot;DMC-FZ300&quot;,&quot;caption&quot;:&quot;&quot;,&quot;created_timestamp&quot;:&quot;1615220577&quot;,&quot;copyright&quot;:&quot;&quot;,&quot;focal_length&quot;:&quot;4.5&quot;,&quot;iso&quot;:&quot;200&quot;,&quot;shutter_speed&quot;:&quot;0.016666666666667&quot;,&quot;title&quot;:&quot;&quot;,&quot;orientation&quot;:&quot;1&quot;}\" data-image-title=\"P1110925\" data-image-description=\"\" data-medium-file=\"https:\/\/i0.wp.com\/chalezeule.fr\/wp-content\/uploads\/2021\/03\/P1110925.jpg?fit=300%2C225&amp;ssl=1\" data-large-file=\"https:\/\/i0.wp.com\/chalezeule.fr\/wp-content\/uploads\/2021\/03\/P1110925.jpg?fit=1024%2C768&amp;ssl=1\" loading=\"lazy\" width=\"4000\" height=\"3000\" src=\"https:\/\/i0.wp.com\/chalezeule.fr\/wp-content\/uploads\/2021\/03\/P1110925.jpg?fit=1024%2C768\" alt=\"\" data-id=\"4043\" data-link=\"http:\/\/chalezeule.fr\/index.php\/travaux\/p1110925\/\" class=\"wp-image-4043\" srcset=\"https:\/\/i0.wp.com\/chalezeule.fr\/wp-content\/uploads\/2021\/03\/P1110925.jpg?w=4000&amp;ssl=1 4000w, https:\/\/i0.wp.com\/chalezeule.fr\/wp-content\/uploads\/2021\/03\/P1110925.jpg?resize=300%2C225&amp;ssl=1 300w, https:\/\/i0.wp.com\/chalezeule.fr\/wp-content\/uploads\/2021\/03\/P1110925.jpg?resize=768%2C576&amp;ssl=1 768w, https:\/\/i0.wp.com\/chalezeule.fr\/wp-content\/uploads\/2021\/03\/P1110925.jpg?resize=1024%2C768&amp;ssl=1 1024w, https:\/\/i0.wp.com\/chalezeule.fr\/wp-content\/uploads\/2021\/03\/P1110925.jpg?resize=830%2C623&amp;ssl=1 830w, https:\/\/i0.wp.com\/chalezeule.fr\/wp-content\/uploads\/2021\/03\/P1110925.jpg?resize=230%2C173&amp;ssl=1 230w, https:\/\/i0.wp.com\/chalezeule.fr\/wp-content\/uploads\/2021\/03\/P1110925.jpg?resize=350%2C263&amp;ssl=1 350w, https:\/\/i0.wp.com\/chalezeule.fr\/wp-content\/uploads\/2021\/03\/P1110925.jpg?resize=480%2C360&amp;ssl=1 480w, https:\/\/i0.wp.com\/chalezeule.fr\/wp-content\/uploads\/2021\/03\/P1110925.jpg?w=2340 2340w, https:\/\/i0.wp.com\/chalezeule.fr\/wp-content\/uploads\/2021\/03\/P1110925.jpg?w=3510 3510w\" sizes=\"(max-width: 1170px) 100vw, 1170px\" \/><figcaption><strong>Des escaliers pour les \u00e9coliers<\/strong><\/figcaption><\/figure><\/li><\/ul>\n\n\n\n<ul class=\"wp-container-4 wp-block-gallery-3 wp-block-gallery columns-3 is-cropped\"><li class=\"blocks-gallery-item\"><figure><img data-attachment-id=\"4053\" data-permalink=\"https:\/\/chalezeule.fr\/index.php\/travaux\/p1110957\/\" data-orig-file=\"https:\/\/i0.wp.com\/chalezeule.fr\/wp-content\/uploads\/2021\/03\/P1110957.jpg?fit=4000%2C3000&amp;ssl=1\" data-orig-size=\"4000,3000\" data-comments-opened=\"0\" data-image-meta=\"{&quot;aperture&quot;:&quot;8&quot;,&quot;credit&quot;:&quot;&quot;,&quot;camera&quot;:&quot;DMC-FZ300&quot;,&quot;caption&quot;:&quot;&quot;,&quot;created_timestamp&quot;:&quot;1616144234&quot;,&quot;copyright&quot;:&quot;&quot;,&quot;focal_length&quot;:&quot;4.5&quot;,&quot;iso&quot;:&quot;100&quot;,&quot;shutter_speed&quot;:&quot;0.0125&quot;,&quot;title&quot;:&quot;&quot;,&quot;orientation&quot;:&quot;1&quot;}\" data-image-title=\"P1110957\" data-image-description=\"\" data-medium-file=\"https:\/\/i0.wp.com\/chalezeule.fr\/wp-content\/uploads\/2021\/03\/P1110957.jpg?fit=300%2C225&amp;ssl=1\" data-large-file=\"https:\/\/i0.wp.com\/chalezeule.fr\/wp-content\/uploads\/2021\/03\/P1110957.jpg?fit=1024%2C768&amp;ssl=1\" loading=\"lazy\" width=\"4000\" height=\"3000\" src=\"https:\/\/i0.wp.com\/chalezeule.fr\/wp-content\/uploads\/2021\/03\/P1110957.jpg?fit=1024%2C768\" alt=\"\" data-id=\"4053\" data-link=\"http:\/\/chalezeule.fr\/index.php\/travaux\/p1110957\/\" class=\"wp-image-4053\" srcset=\"https:\/\/i0.wp.com\/chalezeule.fr\/wp-content\/uploads\/2021\/03\/P1110957.jpg?w=4000&amp;ssl=1 4000w, https:\/\/i0.wp.com\/chalezeule.fr\/wp-content\/uploads\/2021\/03\/P1110957.jpg?resize=300%2C225&amp;ssl=1 300w, https:\/\/i0.wp.com\/chalezeule.fr\/wp-content\/uploads\/2021\/03\/P1110957.jpg?resize=768%2C576&amp;ssl=1 768w, https:\/\/i0.wp.com\/chalezeule.fr\/wp-content\/uploads\/2021\/03\/P1110957.jpg?resize=1024%2C768&amp;ssl=1 1024w, https:\/\/i0.wp.com\/chalezeule.fr\/wp-content\/uploads\/2021\/03\/P1110957.jpg?resize=830%2C623&amp;ssl=1 830w, https:\/\/i0.wp.com\/chalezeule.fr\/wp-content\/uploads\/2021\/03\/P1110957.jpg?resize=230%2C173&amp;ssl=1 230w, https:\/\/i0.wp.com\/chalezeule.fr\/wp-content\/uploads\/2021\/03\/P1110957.jpg?resize=350%2C263&amp;ssl=1 350w, https:\/\/i0.wp.com\/chalezeule.fr\/wp-content\/uploads\/2021\/03\/P1110957.jpg?resize=480%2C360&amp;ssl=1 480w, https:\/\/i0.wp.com\/chalezeule.fr\/wp-content\/uploads\/2021\/03\/P1110957.jpg?w=2340 2340w, https:\/\/i0.wp.com\/chalezeule.fr\/wp-content\/uploads\/2021\/03\/P1110957.jpg?w=3510 3510w\" sizes=\"(max-width: 1170px) 100vw, 1170px\" \/><figcaption><strong>Nouveau camion sigl\u00e9<\/strong><\/figcaption><\/figure><\/li><li class=\"blocks-gallery-item\"><figure><img data-attachment-id=\"4054\" data-permalink=\"https:\/\/chalezeule.fr\/index.php\/travaux\/p1110960\/\" data-orig-file=\"https:\/\/i0.wp.com\/chalezeule.fr\/wp-content\/uploads\/2021\/03\/P1110960.jpg?fit=4000%2C3000&amp;ssl=1\" data-orig-size=\"4000,3000\" data-comments-opened=\"0\" data-image-meta=\"{&quot;aperture&quot;:&quot;8&quot;,&quot;credit&quot;:&quot;&quot;,&quot;camera&quot;:&quot;DMC-FZ300&quot;,&quot;caption&quot;:&quot;&quot;,&quot;created_timestamp&quot;:&quot;1616148097&quot;,&quot;copyright&quot;:&quot;&quot;,&quot;focal_length&quot;:&quot;4.5&quot;,&quot;iso&quot;:&quot;400&quot;,&quot;shutter_speed&quot;:&quot;0.016666666666667&quot;,&quot;title&quot;:&quot;&quot;,&quot;orientation&quot;:&quot;1&quot;}\" data-image-title=\"P1110960\" data-image-description=\"\" data-medium-file=\"https:\/\/i0.wp.com\/chalezeule.fr\/wp-content\/uploads\/2021\/03\/P1110960.jpg?fit=300%2C225&amp;ssl=1\" data-large-file=\"https:\/\/i0.wp.com\/chalezeule.fr\/wp-content\/uploads\/2021\/03\/P1110960.jpg?fit=1024%2C768&amp;ssl=1\" loading=\"lazy\" width=\"4000\" height=\"3000\" src=\"https:\/\/i0.wp.com\/chalezeule.fr\/wp-content\/uploads\/2021\/03\/P1110960.jpg?fit=1024%2C768\" alt=\"\" data-id=\"4054\" data-link=\"http:\/\/chalezeule.fr\/index.php\/travaux\/p1110960\/\" class=\"wp-image-4054\" srcset=\"https:\/\/i0.wp.com\/chalezeule.fr\/wp-content\/uploads\/2021\/03\/P1110960.jpg?w=4000&amp;ssl=1 4000w, https:\/\/i0.wp.com\/chalezeule.fr\/wp-content\/uploads\/2021\/03\/P1110960.jpg?resize=300%2C225&amp;ssl=1 300w, https:\/\/i0.wp.com\/chalezeule.fr\/wp-content\/uploads\/2021\/03\/P1110960.jpg?resize=768%2C576&amp;ssl=1 768w, https:\/\/i0.wp.com\/chalezeule.fr\/wp-content\/uploads\/2021\/03\/P1110960.jpg?resize=1024%2C768&amp;ssl=1 1024w, https:\/\/i0.wp.com\/chalezeule.fr\/wp-content\/uploads\/2021\/03\/P1110960.jpg?resize=830%2C623&amp;ssl=1 830w, https:\/\/i0.wp.com\/chalezeule.fr\/wp-content\/uploads\/2021\/03\/P1110960.jpg?resize=230%2C173&amp;ssl=1 230w, https:\/\/i0.wp.com\/chalezeule.fr\/wp-content\/uploads\/2021\/03\/P1110960.jpg?resize=350%2C263&amp;ssl=1 350w, https:\/\/i0.wp.com\/chalezeule.fr\/wp-content\/uploads\/2021\/03\/P1110960.jpg?resize=480%2C360&amp;ssl=1 480w, https:\/\/i0.wp.com\/chalezeule.fr\/wp-content\/uploads\/2021\/03\/P1110960.jpg?w=2340 2340w, https:\/\/i0.wp.com\/chalezeule.fr\/wp-content\/uploads\/2021\/03\/P1110960.jpg?w=3510 3510w\" sizes=\"(max-width: 1170px) 100vw, 1170px\" \/><figcaption><strong>Voiture \u00e9lectrique sigl\u00e9e<\/strong><\/figcaption><\/figure><\/li><li class=\"blocks-gallery-item\"><figure><img data-attachment-id=\"4056\" data-permalink=\"https:\/\/chalezeule.fr\/index.php\/travaux\/p1110961\/\" data-orig-file=\"https:\/\/i0.wp.com\/chalezeule.fr\/wp-content\/uploads\/2021\/03\/P1110961.jpg?fit=4000%2C3000&amp;ssl=1\" data-orig-size=\"4000,3000\" data-comments-opened=\"0\" data-image-meta=\"{&quot;aperture&quot;:&quot;8&quot;,&quot;credit&quot;:&quot;&quot;,&quot;camera&quot;:&quot;DMC-FZ300&quot;,&quot;caption&quot;:&quot;&quot;,&quot;created_timestamp&quot;:&quot;1616148104&quot;,&quot;copyright&quot;:&quot;&quot;,&quot;focal_length&quot;:&quot;4.5&quot;,&quot;iso&quot;:&quot;250&quot;,&quot;shutter_speed&quot;:&quot;0.016666666666667&quot;,&quot;title&quot;:&quot;&quot;,&quot;orientation&quot;:&quot;1&quot;}\" data-image-title=\"P1110961\" data-image-description=\"\" data-medium-file=\"https:\/\/i0.wp.com\/chalezeule.fr\/wp-content\/uploads\/2021\/03\/P1110961.jpg?fit=300%2C225&amp;ssl=1\" data-large-file=\"https:\/\/i0.wp.com\/chalezeule.fr\/wp-content\/uploads\/2021\/03\/P1110961.jpg?fit=1024%2C768&amp;ssl=1\" loading=\"lazy\" width=\"4000\" height=\"3000\" src=\"https:\/\/i0.wp.com\/chalezeule.fr\/wp-content\/uploads\/2021\/03\/P1110961.jpg?fit=1024%2C768\" alt=\"\" data-id=\"4056\" data-link=\"http:\/\/chalezeule.fr\/index.php\/travaux\/p1110961\/\" class=\"wp-image-4056\" srcset=\"https:\/\/i0.wp.com\/chalezeule.fr\/wp-content\/uploads\/2021\/03\/P1110961.jpg?w=4000&amp;ssl=1 4000w, https:\/\/i0.wp.com\/chalezeule.fr\/wp-content\/uploads\/2021\/03\/P1110961.jpg?resize=300%2C225&amp;ssl=1 300w, https:\/\/i0.wp.com\/chalezeule.fr\/wp-content\/uploads\/2021\/03\/P1110961.jpg?resize=768%2C576&amp;ssl=1 768w, https:\/\/i0.wp.com\/chalezeule.fr\/wp-content\/uploads\/2021\/03\/P1110961.jpg?resize=1024%2C768&amp;ssl=1 1024w, https:\/\/i0.wp.com\/chalezeule.fr\/wp-content\/uploads\/2021\/03\/P1110961.jpg?resize=830%2C623&amp;ssl=1 830w, https:\/\/i0.wp.com\/chalezeule.fr\/wp-content\/uploads\/2021\/03\/P1110961.jpg?resize=230%2C173&amp;ssl=1 230w, https:\/\/i0.wp.com\/chalezeule.fr\/wp-content\/uploads\/2021\/03\/P1110961.jpg?resize=350%2C263&amp;ssl=1 350w, https:\/\/i0.wp.com\/chalezeule.fr\/wp-content\/uploads\/2021\/03\/P1110961.jpg?resize=480%2C360&amp;ssl=1 480w, https:\/\/i0.wp.com\/chalezeule.fr\/wp-content\/uploads\/2021\/03\/P1110961.jpg?w=2340 2340w, https:\/\/i0.wp.com\/chalezeule.fr\/wp-content\/uploads\/2021\/03\/P1110961.jpg?w=3510 3510w\" sizes=\"(max-width: 1170px) 100vw, 1170px\" \/><figcaption><strong>Voiture sigl\u00e9e <\/strong><\/figcaption><\/figure><\/li><\/ul>\n\n\n\n<figure class=\"wp-block-image\"><img data-attachment-id=\"4062\" data-permalink=\"https:\/\/chalezeule.fr\/index.php\/travaux\/20201223_0921262\/\" data-orig-file=\"https:\/\/i0.wp.com\/chalezeule.fr\/wp-content\/uploads\/2021\/03\/20201223_0921262.jpg?fit=4000%2C3000&amp;ssl=1\" data-orig-size=\"4000,3000\" data-comments-opened=\"0\" data-image-meta=\"{&quot;aperture&quot;:&quot;2&quot;,&quot;credit&quot;:&quot;&quot;,&quot;camera&quot;:&quot;SM-A515F&quot;,&quot;caption&quot;:&quot;&quot;,&quot;created_timestamp&quot;:&quot;1608715286&quot;,&quot;copyright&quot;:&quot;&quot;,&quot;focal_length&quot;:&quot;4.6&quot;,&quot;iso&quot;:&quot;32&quot;,&quot;shutter_speed&quot;:&quot;0.02&quot;,&quot;title&quot;:&quot;&quot;,&quot;orientation&quot;:&quot;1&quot;}\" data-image-title=\"20201223_0921262\" data-image-description=\"\" data-medium-file=\"https:\/\/i0.wp.com\/chalezeule.fr\/wp-content\/uploads\/2021\/03\/20201223_0921262.jpg?fit=300%2C225&amp;ssl=1\" data-large-file=\"https:\/\/i0.wp.com\/chalezeule.fr\/wp-content\/uploads\/2021\/03\/20201223_0921262.jpg?fit=1024%2C768&amp;ssl=1\" loading=\"lazy\" width=\"4000\" height=\"3000\" src=\"https:\/\/i0.wp.com\/chalezeule.fr\/wp-content\/uploads\/2021\/03\/20201223_0921262.jpg?fit=1024%2C768\" alt=\"\" class=\"wp-image-4062\" srcset=\"https:\/\/i0.wp.com\/chalezeule.fr\/wp-content\/uploads\/2021\/03\/20201223_0921262.jpg?w=4000&amp;ssl=1 4000w, https:\/\/i0.wp.com\/chalezeule.fr\/wp-content\/uploads\/2021\/03\/20201223_0921262.jpg?resize=300%2C225&amp;ssl=1 300w, https:\/\/i0.wp.com\/chalezeule.fr\/wp-content\/uploads\/2021\/03\/20201223_0921262.jpg?resize=768%2C576&amp;ssl=1 768w, https:\/\/i0.wp.com\/chalezeule.fr\/wp-content\/uploads\/2021\/03\/20201223_0921262.jpg?resize=1024%2C768&amp;ssl=1 1024w, https:\/\/i0.wp.com\/chalezeule.fr\/wp-content\/uploads\/2021\/03\/20201223_0921262.jpg?resize=830%2C623&amp;ssl=1 830w, https:\/\/i0.wp.com\/chalezeule.fr\/wp-content\/uploads\/2021\/03\/20201223_0921262.jpg?resize=230%2C173&amp;ssl=1 230w, https:\/\/i0.wp.com\/chalezeule.fr\/wp-content\/uploads\/2021\/03\/20201223_0921262.jpg?resize=350%2C263&amp;ssl=1 350w, https:\/\/i0.wp.com\/chalezeule.fr\/wp-content\/uploads\/2021\/03\/20201223_0921262.jpg?resize=480%2C360&amp;ssl=1 480w, https:\/\/i0.wp.com\/chalezeule.fr\/wp-content\/uploads\/2021\/03\/20201223_0921262.jpg?w=2340 2340w, https:\/\/i0.wp.com\/chalezeule.fr\/wp-content\/uploads\/2021\/03\/20201223_0921262.jpg?w=3510 3510w\" sizes=\"(max-width: 1170px) 100vw, 1170px\" \/><figcaption><strong>Nouvel abribus place de la Fontaine<\/strong><\/figcaption><\/figure>\n\n\n\n<figure class=\"wp-block-image\"><img data-attachment-id=\"4108\" data-permalink=\"https:\/\/chalezeule.fr\/index.php\/travaux\/img_93471\/\" data-orig-file=\"https:\/\/i1.wp.com\/chalezeule.fr\/wp-content\/uploads\/2021\/04\/IMG_93471.jpg?fit=3264%2C2448&amp;ssl=1\" data-orig-size=\"3264,2448\" data-comments-opened=\"0\" data-image-meta=\"{&quot;aperture&quot;:&quot;2.4&quot;,&quot;credit&quot;:&quot;&quot;,&quot;camera&quot;:&quot;iPhone 5c&quot;,&quot;caption&quot;:&quot;&quot;,&quot;created_timestamp&quot;:&quot;1617532422&quot;,&quot;copyright&quot;:&quot;&quot;,&quot;focal_length&quot;:&quot;4.12&quot;,&quot;iso&quot;:&quot;50&quot;,&quot;shutter_speed&quot;:&quot;0.0019193857965451&quot;,&quot;title&quot;:&quot;&quot;,&quot;orientation&quot;:&quot;1&quot;}\" data-image-title=\"IMG_93471\" data-image-description=\"\" data-medium-file=\"https:\/\/i1.wp.com\/chalezeule.fr\/wp-content\/uploads\/2021\/04\/IMG_93471.jpg?fit=300%2C225&amp;ssl=1\" data-large-file=\"https:\/\/i1.wp.com\/chalezeule.fr\/wp-content\/uploads\/2021\/04\/IMG_93471.jpg?fit=1024%2C768&amp;ssl=1\" loading=\"lazy\" width=\"3264\" height=\"2448\" src=\"https:\/\/i1.wp.com\/chalezeule.fr\/wp-content\/uploads\/2021\/04\/IMG_93471.jpg?fit=1024%2C768\" alt=\"\" class=\"wp-image-4108\" srcset=\"https:\/\/i1.wp.com\/chalezeule.fr\/wp-content\/uploads\/2021\/04\/IMG_93471.jpg?w=3264&amp;ssl=1 3264w, https:\/\/i1.wp.com\/chalezeule.fr\/wp-content\/uploads\/2021\/04\/IMG_93471.jpg?resize=300%2C225&amp;ssl=1 300w, https:\/\/i1.wp.com\/chalezeule.fr\/wp-content\/uploads\/2021\/04\/IMG_93471.jpg?resize=768%2C576&amp;ssl=1 768w, https:\/\/i1.wp.com\/chalezeule.fr\/wp-content\/uploads\/2021\/04\/IMG_93471.jpg?resize=1024%2C768&amp;ssl=1 1024w, https:\/\/i1.wp.com\/chalezeule.fr\/wp-content\/uploads\/2021\/04\/IMG_93471.jpg?resize=830%2C623&amp;ssl=1 830w, https:\/\/i1.wp.com\/chalezeule.fr\/wp-content\/uploads\/2021\/04\/IMG_93471.jpg?resize=230%2C173&amp;ssl=1 230w, https:\/\/i1.wp.com\/chalezeule.fr\/wp-content\/uploads\/2021\/04\/IMG_93471.jpg?resize=350%2C263&amp;ssl=1 350w, https:\/\/i1.wp.com\/chalezeule.fr\/wp-content\/uploads\/2021\/04\/IMG_93471.jpg?resize=480%2C360&amp;ssl=1 480w, https:\/\/i1.wp.com\/chalezeule.fr\/wp-content\/uploads\/2021\/04\/IMG_93471.jpg?w=2340 2340w\" sizes=\"(max-width: 1170px) 100vw, 1170px\" \/><figcaption><strong>Travaux forestiers au bois Saint-Paul<\/strong><\/figcaption><\/figure>\n\n\n\n<figure class=\"wp-block-image\"><img data-attachment-id=\"4319\" data-permalink=\"https:\/\/chalezeule.fr\/index.php\/travaux\/ofsx3795\/\" data-orig-file=\"https:\/\/i2.wp.com\/chalezeule.fr\/wp-content\/uploads\/2021\/11\/OFSX3795.jpg?fit=1600%2C1200&amp;ssl=1\" data-orig-size=\"1600,1200\" data-comments-opened=\"0\" data-image-meta=\"{&quot;aperture&quot;:&quot;0&quot;,&quot;credit&quot;:&quot;&quot;,&quot;camera&quot;:&quot;&quot;,&quot;caption&quot;:&quot;&quot;,&quot;created_timestamp&quot;:&quot;0&quot;,&quot;copyright&quot;:&quot;&quot;,&quot;focal_length&quot;:&quot;0&quot;,&quot;iso&quot;:&quot;0&quot;,&quot;shutter_speed&quot;:&quot;0&quot;,&quot;title&quot;:&quot;&quot;,&quot;orientation&quot;:&quot;0&quot;}\" data-image-title=\"OFSX3795\" data-image-description=\"\" data-medium-file=\"https:\/\/i2.wp.com\/chalezeule.fr\/wp-content\/uploads\/2021\/11\/OFSX3795.jpg?fit=300%2C225&amp;ssl=1\" data-large-file=\"https:\/\/i2.wp.com\/chalezeule.fr\/wp-content\/uploads\/2021\/11\/OFSX3795.jpg?fit=1024%2C768&amp;ssl=1\" loading=\"lazy\" width=\"1600\" height=\"1200\" src=\"https:\/\/i2.wp.com\/chalezeule.fr\/wp-content\/uploads\/2021\/11\/OFSX3795.jpg?fit=1024%2C768\" alt=\"\" class=\"wp-image-4319\" srcset=\"https:\/\/i2.wp.com\/chalezeule.fr\/wp-content\/uploads\/2021\/11\/OFSX3795.jpg?w=1600&amp;ssl=1 1600w, https:\/\/i2.wp.com\/chalezeule.fr\/wp-content\/uploads\/2021\/11\/OFSX3795.jpg?resize=300%2C225&amp;ssl=1 300w, https:\/\/i2.wp.com\/chalezeule.fr\/wp-content\/uploads\/2021\/11\/OFSX3795.jpg?resize=768%2C576&amp;ssl=1 768w, https:\/\/i2.wp.com\/chalezeule.fr\/wp-content\/uploads\/2021\/11\/OFSX3795.jpg?resize=1024%2C768&amp;ssl=1 1024w, https:\/\/i2.wp.com\/chalezeule.fr\/wp-content\/uploads\/2021\/11\/OFSX3795.jpg?resize=830%2C623&amp;ssl=1 830w, https:\/\/i2.wp.com\/chalezeule.fr\/wp-content\/uploads\/2021\/11\/OFSX3795.jpg?resize=230%2C173&amp;ssl=1 230w, https:\/\/i2.wp.com\/chalezeule.fr\/wp-content\/uploads\/2021\/11\/OFSX3795.jpg?resize=350%2C263&amp;ssl=1 350w, https:\/\/i2.wp.com\/chalezeule.fr\/wp-content\/uploads\/2021\/11\/OFSX3795.jpg?resize=480%2C360&amp;ssl=1 480w\" sizes=\"(max-width: 1170px) 100vw, 1170px\" \/><figcaption>Panneaux photovolta\u00efques sur le toit de l&#8217;\u00e9cole<\/figcaption><\/figure>\n","protected":false},"excerpt":{"rendered":"<p>Des traces du pass\u00e9&#8230; Zone des Marni\u00e8res A Pray&nbsp; Voie modes doux&nbsp; Groupe scolaire et p\u00e9riscolaire Assainissement Attention ! tous les habitants de la commune doivent se raccorder au r\u00e9seau d&#8217;assainissement avant le 1er juillet 2018.&nbsp; Pour tout renseignement&nbsp;: contact DEA (direction Eau assainissement) 94 avenue George clemenceau BESANCON 0381615960&nbsp; Travaux r\u00e9alis\u00e9s derni\u00e8rement : Eau [&hellip;]<\/p>\n","protected":false},"author":1,"featured_media":0,"parent":0,"menu_order":0,"comment_status":"closed","ping_status":"closed","template":"","meta":[],"_links":{"self":[{"href":"https:\/\/chalezeule.fr\/index.php\/wp-json\/wp\/v2\/pages\/542"}],"collection":[{"href":"https:\/\/chalezeule.fr\/index.php\/wp-json\/wp\/v2\/pages"}],"about":[{"href":"https:\/\/chalezeule.fr\/index.php\/wp-json\/wp\/v2\/types\/page"}],"author":[{"embeddable":true,"href":"https:\/\/chalezeule.fr\/index.php\/wp-json\/wp\/v2\/users\/1"}],"replies":[{"embeddable":true,"href":"https:\/\/chalezeule.fr\/index.php\/wp-json\/wp\/v2\/comments?post=542"}],"version-history":[{"count":27,"href":"https:\/\/chalezeule.fr\/index.php\/wp-json\/wp\/v2\/pages\/542\/revisions"}],"predecessor-version":[{"id":4320,"href":"https:\/\/chalezeule.fr\/index.php\/wp-json\/wp\/v2\/pages\/542\/revisions\/4320"}],"wp:attachment":[{"href":"https:\/\/chalezeule.fr\/index.php\/wp-json\/wp\/v2\/media?parent=542"}],"curies":[{"name":"wp","href":"https:\/\/api.w.org\/{rel}","templated":true}]}}