{"id":54,"date":"2016-03-01T10:57:19","date_gmt":"2016-03-01T09:57:19","guid":{"rendered":"http:\/\/chalezeule.fr\/?page_id=54"},"modified":"2019-08-27T16:13:38","modified_gmt":"2019-08-27T15:13:38","slug":"breves-de-chalezeule","status":"publish","type":"page","link":"https:\/\/chalezeule.fr\/index.php\/breves-de-chalezeule\/","title":{"rendered":"Br\u00e8ves de Chalezeule"},"content":{"rendered":"<p style=\"text-align: justify;\">Les Br\u00e8ves de Chalezeule constituent le premier outil d&#8217;information du village. Ce petit journal communal a su \u00e9voluer au fil du temps. Il est possible de participer \u00e0 son \u00e9laboration en adressant des annonces et des articles \u00e0 l&#8217;adresse suivante :<\/p>\n<p><strong>communicationchalezeule@gmail.com<br \/>\n<\/strong><\/p>\n<p>&nbsp;<\/p>\n<h4><span style=\"color: #339966;\">Br\u00e8ves de Chalezeule\u00a0<span style=\"text-align: justify;\">Ao\u00fbt 2019 +\u00a0 Suppl\u00e9ments<\/span><\/span><\/h4>\n<iframe src=\"\/\/docs.google.com\/viewer?url=http%3A%2F%2Fchalezeule.fr%2Fwp-content%2Fuploads%2F2019%2F08%2FBREVES-DE-CHALEZEULE-N%C2%B028.pdf&hl=fr&embedded=true\" class=\"gde-frame\" style=\"width:100%; height:500px; border: none;\" scrolling=\"no\"><\/iframe>\n<p class=\"gde-text\"><a href=\"http:\/\/chalezeule.fr\/wp-content\/uploads\/2019\/08\/BREVES-DE-CHALEZEULE-N\u00b028.pdf\" class=\"gde-link\">T\u00e9l\u00e9charger (PDF, 7.32Mo)<\/a><\/p>\n<iframe src=\"\/\/docs.google.com\/viewer?url=http%3A%2F%2Fchalezeule.fr%2Fwp-content%2Fuploads%2F2019%2F08%2FSup-Br%C3%A8ves-28-Plan-de-mandat.pdf&hl=fr&embedded=true\" class=\"gde-frame\" style=\"width:100%; height:500px; border: none;\" scrolling=\"no\"><\/iframe>\n<p class=\"gde-text\"><a href=\"http:\/\/chalezeule.fr\/wp-content\/uploads\/2019\/08\/Sup-Br\u00e8ves-28-Plan-de-mandat.pdf\" class=\"gde-link\">T\u00e9l\u00e9charger (PDF, 598KB)<\/a><\/p>\n<iframe src=\"\/\/docs.google.com\/viewer?url=http%3A%2F%2Fchalezeule.fr%2Fwp-content%2Fuploads%2F2019%2F08%2F201907.0432_A4-1.pdf&hl=fr&embedded=true\" class=\"gde-frame\" style=\"width:100%; height:500px; border: none;\" scrolling=\"no\"><\/iframe>\n<p class=\"gde-text\"><a href=\"http:\/\/chalezeule.fr\/wp-content\/uploads\/2019\/08\/201907.0432_A4-1.pdf\" class=\"gde-link\">T\u00e9l\u00e9charger (PDF, 334KB)<\/a><\/p>\n<p>&nbsp;<\/p>\n<h4><span style=\"color: #0000ff;\">Br\u00e8ves de Chalezeule\u00a0<span style=\"text-align: justify;\">Juillet- Ao\u00fbt &#8211; Septembre 2018<\/span><\/span><\/h4>\n<iframe src=\"\/\/docs.google.com\/viewer?url=http%3A%2F%2Fchalezeule.fr%2Fwp-content%2Fuploads%2F2019%2F08%2FBREVES-2018-JUI-AOUT-SEPT-27.pdf&hl=fr&embedded=true\" class=\"gde-frame\" style=\"width:100%; height:500px; border: none;\" scrolling=\"no\"><\/iframe>\n<p class=\"gde-text\"><a href=\"http:\/\/chalezeule.fr\/wp-content\/uploads\/2019\/08\/BREVES-2018-JUI-AOUT-SEPT-27.pdf\" class=\"gde-link\">T\u00e9l\u00e9charger (PDF, 3.51Mo)<\/a><\/p>\n<iframe src=\"\/\/docs.google.com\/viewer?url=http%3A%2F%2Fchalezeule.fr%2Fwp-content%2Fuploads%2F2019%2F08%2FSuppl-Br%C3%A8ves-27.pdf&hl=fr&embedded=true\" class=\"gde-frame\" style=\"width:100%; height:500px; border: none;\" scrolling=\"no\"><\/iframe>\n<p class=\"gde-text\"><a href=\"http:\/\/chalezeule.fr\/wp-content\/uploads\/2019\/08\/Suppl-Br\u00e8ves-27.pdf\" class=\"gde-link\">T\u00e9l\u00e9charger (PDF, 967KB)<\/a><\/p>\n<p>&nbsp;<\/p>\n<h4><span style=\"color: #800080;\">Br\u00e8ves de Chalezeule\u00a0<span style=\"text-align: justify;\">Avril-Mai-Juin-2018<\/span><\/span><\/h4>\n<iframe src=\"\/\/docs.google.com\/viewer?url=http%3A%2F%2Fchalezeule.fr%2Fwp-content%2Fuploads%2F2018%2F05%2FBr%C3%A8ves-de-Chalezeule-n%C2%B025-Avril-Mai-Juin-2018.pdf&hl=fr&embedded=true\" class=\"gde-frame\" style=\"width:100%; height:500px; border: none;\" scrolling=\"no\"><\/iframe>\n<p class=\"gde-text\"><a href=\"http:\/\/chalezeule.fr\/wp-content\/uploads\/2018\/05\/Br\u00e8ves-de-Chalezeule-n\u00b025-Avril-Mai-Juin-2018.pdf\" class=\"gde-link\">T\u00e9l\u00e9charger (PDF, 4.04Mo)<\/a><\/p>\n<p>&nbsp;<\/p>\n<h4>Br\u00e8ves de Chalezeule\u00a0<span style=\"text-align: justify;\">Janvier-F\u00e9vrier-Mars-2018<\/span><\/h4>\n<h4><span style=\"text-align: justify;\"><iframe src=\"\/\/docs.google.com\/viewer?url=http%3A%2F%2Fchalezeule.fr%2Fwp-content%2Fuploads%2F2018%2F02%2FBr%C3%A8ves-de-Chalezeule-Janvier-F%C3%A9vrier-Mars-2018.pdf&hl=fr&embedded=true\" class=\"gde-frame\" style=\"width:100%; height:500px; border: none;\" scrolling=\"no\"><\/iframe>\n<p class=\"gde-text\"><a href=\"http:\/\/chalezeule.fr\/wp-content\/uploads\/2018\/02\/Br\u00e8ves-de-Chalezeule-Janvier-F\u00e9vrier-Mars-2018.pdf\" class=\"gde-link\">T\u00e9l\u00e9charger (PDF, 2.87Mo)<\/a><\/p><\/span><\/h4>\n<h4>Br\u00e8ves de Chalezeule Novembre-D\u00e9cembre 2017<\/h4>\n<h4><iframe src=\"\/\/docs.google.com\/viewer?url=http%3A%2F%2Fchalezeule.fr%2Fwp-content%2Fuploads%2F2016%2F03%2FBREVES-2017-NOVEMBRE.pdf&hl=fr&embedded=true\" class=\"gde-frame\" style=\"width:100%; height:500px; border: none;\" scrolling=\"no\"><\/iframe>\n<p class=\"gde-text\"><a href=\"http:\/\/chalezeule.fr\/wp-content\/uploads\/2016\/03\/BREVES-2017-NOVEMBRE.pdf\" class=\"gde-link\">T\u00e9l\u00e9charger (PDF, 6.21Mo)<\/a><\/p><\/h4>\n<h4>Br\u00e8ves de Chalezeule f\u00e9vrier &#8211; mars 2016 :<\/h4>\n<iframe src=\"\/\/docs.google.com\/viewer?url=http%3A%2F%2Fchalezeule.fr%2Fwp-content%2Fuploads%2F2016%2F03%2FBREVES-FEVRIER-MARS-2016-OK.pdf&hl=fr&embedded=true\" class=\"gde-frame\" style=\"width:100%; height:500px; border: none;\" scrolling=\"no\"><\/iframe>\n<p class=\"gde-text\"><a href=\"http:\/\/chalezeule.fr\/wp-content\/uploads\/2016\/03\/BREVES-FEVRIER-MARS-2016-OK.pdf\" class=\"gde-link\">T\u00e9l\u00e9charger (PDF, 2.36Mo)<\/a><\/p>\n<h4>Br\u00e8ves de Chalezeule novembre &#8211; d\u00e9cembre\u00a0 2015 :<\/h4>\n<iframe src=\"\/\/docs.google.com\/viewer?url=http%3A%2F%2Fchalezeule.fr%2Fwp-content%2Fuploads%2F2016%2F03%2FBr%C3%A8ves-nov-dec-2015.pdf&hl=fr&embedded=true\" class=\"gde-frame\" style=\"width:100%; height:500px; border: none;\" scrolling=\"no\"><\/iframe>\n<p class=\"gde-text\"><a href=\"http:\/\/chalezeule.fr\/wp-content\/uploads\/2016\/03\/Br\u00e8ves-nov-dec-2015.pdf\" class=\"gde-link\">T\u00e9l\u00e9charger (PDF, 8.07Mo)<\/a><\/p>\n<p>&nbsp;<\/p>\n<p>&nbsp;<\/p>\n","protected":false},"excerpt":{"rendered":"<p>Les Br\u00e8ves de Chalezeule constituent le premier outil d&#8217;information du village. Ce petit journal communal a su \u00e9voluer au fil du temps. Il est possible de participer \u00e0 son \u00e9laboration en adressant des annonces et des articles \u00e0 l&#8217;adresse suivante : communicationchalezeule@gmail.com &nbsp; Br\u00e8ves de Chalezeule\u00a0Ao\u00fbt 2019 +\u00a0 Suppl\u00e9ments &nbsp; Br\u00e8ves de Chalezeule\u00a0Juillet- Ao\u00fbt &#8211; [&hellip;]<\/p>\n","protected":false},"author":1,"featured_media":0,"parent":0,"menu_order":0,"comment_status":"closed","ping_status":"closed","template":"","meta":[],"_links":{"self":[{"href":"https:\/\/chalezeule.fr\/index.php\/wp-json\/wp\/v2\/pages\/54"}],"collection":[{"href":"https:\/\/chalezeule.fr\/index.php\/wp-json\/wp\/v2\/pages"}],"about":[{"href":"https:\/\/chalezeule.fr\/index.php\/wp-json\/wp\/v2\/types\/page"}],"author":[{"embeddable":true,"href":"https:\/\/chalezeule.fr\/index.php\/wp-json\/wp\/v2\/users\/1"}],"replies":[{"embeddable":true,"href":"https:\/\/chalezeule.fr\/index.php\/wp-json\/wp\/v2\/comments?post=54"}],"version-history":[{"count":26,"href":"https:\/\/chalezeule.fr\/index.php\/wp-json\/wp\/v2\/pages\/54\/revisions"}],"predecessor-version":[{"id":3116,"href":"https:\/\/chalezeule.fr\/index.php\/wp-json\/wp\/v2\/pages\/54\/revisions\/3116"}],"wp:attachment":[{"href":"https:\/\/chalezeule.fr\/index.php\/wp-json\/wp\/v2\/media?parent=54"}],"curies":[{"name":"wp","href":"https:\/\/api.w.org\/{rel}","templated":true}]}}