{"id":526,"date":"2016-04-11T08:43:01","date_gmt":"2016-04-11T07:43:01","guid":{"rendered":"http:\/\/chalezeule.fr\/?page_id=526"},"modified":"2019-08-07T15:59:15","modified_gmt":"2019-08-07T14:59:15","slug":"periscolaire","status":"publish","type":"page","link":"https:\/\/chalezeule.fr\/index.php\/periscolaire\/","title":{"rendered":"Accueil p\u00e9riscolaire"},"content":{"rendered":"<h4><span style=\"font-family: Helvetica; color: #3287c1;\">L&#8217;\u00e9quipe d&#8217;animation accompagne votre enfant autour des temps scolaires, avec l&#8217;accueil p\u00e9riscolaire.<\/span><\/h4>\n<h4><a href=\"http:\/\/chalezeule.fr\/wp-content\/uploads\/2016\/04\/orga-journ\u00e9e.png\"><br \/>\n<img data-attachment-id=\"1399\" data-permalink=\"https:\/\/chalezeule.fr\/index.php\/periscolaire\/orga-journee\/\" data-orig-file=\"https:\/\/i2.wp.com\/chalezeule.fr\/wp-content\/uploads\/2016\/04\/orga-journ\u00e9e.png?fit=1616%2C292&amp;ssl=1\" data-orig-size=\"1616,292\" data-comments-opened=\"0\" data-image-meta=\"{&quot;aperture&quot;:&quot;0&quot;,&quot;credit&quot;:&quot;&quot;,&quot;camera&quot;:&quot;&quot;,&quot;caption&quot;:&quot;&quot;,&quot;created_timestamp&quot;:&quot;0&quot;,&quot;copyright&quot;:&quot;&quot;,&quot;focal_length&quot;:&quot;0&quot;,&quot;iso&quot;:&quot;0&quot;,&quot;shutter_speed&quot;:&quot;0&quot;,&quot;title&quot;:&quot;&quot;,&quot;orientation&quot;:&quot;0&quot;}\" data-image-title=\"orga journ\u00e9e\" data-image-description=\"\" data-medium-file=\"https:\/\/i2.wp.com\/chalezeule.fr\/wp-content\/uploads\/2016\/04\/orga-journ\u00e9e.png?fit=300%2C54&amp;ssl=1\" data-large-file=\"https:\/\/i2.wp.com\/chalezeule.fr\/wp-content\/uploads\/2016\/04\/orga-journ\u00e9e.png?fit=1024%2C185&amp;ssl=1\" loading=\"lazy\" class=\"aligncenter wp-image-1399\" src=\"https:\/\/i2.wp.com\/chalezeule.fr\/wp-content\/uploads\/2016\/04\/orga-journ\u00e9e.png?resize=794%2C143\" alt=\"\" srcset=\"https:\/\/i2.wp.com\/chalezeule.fr\/wp-content\/uploads\/2016\/04\/orga-journ\u00e9e.png?resize=300%2C54&amp;ssl=1 300w, https:\/\/i2.wp.com\/chalezeule.fr\/wp-content\/uploads\/2016\/04\/orga-journ\u00e9e.png?resize=768%2C139&amp;ssl=1 768w, https:\/\/i2.wp.com\/chalezeule.fr\/wp-content\/uploads\/2016\/04\/orga-journ\u00e9e.png?resize=1024%2C185&amp;ssl=1 1024w, https:\/\/i2.wp.com\/chalezeule.fr\/wp-content\/uploads\/2016\/04\/orga-journ\u00e9e.png?resize=830%2C150&amp;ssl=1 830w, https:\/\/i2.wp.com\/chalezeule.fr\/wp-content\/uploads\/2016\/04\/orga-journ\u00e9e.png?resize=230%2C42&amp;ssl=1 230w, https:\/\/i2.wp.com\/chalezeule.fr\/wp-content\/uploads\/2016\/04\/orga-journ\u00e9e.png?resize=350%2C63&amp;ssl=1 350w, https:\/\/i2.wp.com\/chalezeule.fr\/wp-content\/uploads\/2016\/04\/orga-journ\u00e9e.png?resize=480%2C87&amp;ssl=1 480w, https:\/\/i2.wp.com\/chalezeule.fr\/wp-content\/uploads\/2016\/04\/orga-journ\u00e9e.png?w=1616&amp;ssl=1 1616w\" sizes=\"(max-width: 794px) 100vw, 794px\" data-recalc-dims=\"1\" \/><\/a><\/h4>\n<table style=\"height: 299px;\" width=\"822\">\n<tbody>\n<tr style=\"height: 269.326px;\">\n<td style=\"width: 404.889px; height: 269.326px;\">\n<ul style=\"list-style-type: square;\">\n<li><span style=\"font-family: Helvetica; color: #7fc400;\"><strong>Accueil p\u00e9riscolaire du matin<\/strong>\u00a0\u00a0 \u00a0\u00a0\u00a0\u00a0\u00a0\u00a0\u00a0\u00a0\u00a0 7h30-8h20<\/span><\/li>\n<\/ul>\n<p><span style=\"font-family: Helvetica;\">Un agent d\u2019animation, accueil les enfants. <\/span><\/p>\n<p><span style=\"font-family: Helvetica;\">Ce temps calme leurs permet de faire des j<\/span><span style=\"font-family: inherit; font-size: inherit;\">eux, d\u2019\u00e9changer avec l\u2019enfant sur sa soir\u00e9e, son humeur, sa fatigue\u2026<\/span><span style=\"font-family: Helvetica; font-size: inherit;\">souriant, calme et d\u00e9tendu.<\/span><\/p>\n<p><span style=\"font-family: Helvetica;\">Il offre la possibilit\u00e9 d\u2019\u00e9change avec les parents.<\/span><\/p>\n<p><span style=\"font-family: Helvetica;\"><strong>Animateur<\/strong>\u00a0: ATSEM<\/span><\/p>\n<p><span style=\"font-family: Helvetica;\"><strong>Locaux<\/strong>\u00a0: salle d\u2019\u00e9volution de l\u2019\u00e9cole<\/span><\/td>\n<td style=\"width: 401.333px; height: 269.326px;\"><span style=\"color: #339966;\"><strong>&gt;&gt; Bus du matin<\/strong>\u00a0 \u00a0 \u00a0 \u00a0 \u00a0 8h &#8211; 8h30<\/span><\/p>\n<p>Un agent d\u2019animation r\u00e9veill\u00e9 ponctuel et dynamique, rassure les enfants, et salue les parents.<\/p>\n<p>Il fait respecter les horaires au chauffeur\u00a0et fait attention \u00e0 la s\u00e9curit\u00e9 des enfants (ceintures).<\/p>\n<p>Il accompagne les PS et MS vers leur classe.<\/p>\n<p><strong>Agent d\u2019animation<\/strong>\u00a0: 1 membre de l\u2019\u00e9quipe d\u2019animation<\/td>\n<\/tr>\n<\/tbody>\n<\/table>\n<p>&nbsp;<\/p>\n<table style=\"height: 269px;\" width=\"817\">\n<tbody>\n<tr style=\"height: 256.392px;\">\n<td style=\"width: 400.444px; height: 505.392px;\" rowspan=\"2\">\n<ul style=\"list-style-type: square;\">\n<li><span style=\"color: #7fc400;\"><strong>Repas\u00a0<\/strong>\u00a0 \u00a0 \u00a0 \u00a0 \u00a0 \u00a0 \u00a0 12h-13h15<\/span><\/li>\n<\/ul>\n<p>Les agents d\u2019animation, sont r\u00e9partis dans la salle, il veillent au bon d\u00e9roulement du d\u00e9jeuner dans le calme. Des agents d\u2019animation sont r\u00e9f\u00e9rents petits et r\u00e9f\u00e9rents grands.<\/p>\n<p><span style=\"font-family: inherit; font-size: inherit;\">Pour permettre le repas des plus petits dans plus de calme, d<\/span>eux services se chevauchent.<\/p>\n<p>Les petits\u00a0sont servis \u00e0 table, avec leurs aliments coup\u00e9s, les grands se servent seuls et se r\u00e9partissent la gestion de la table (apporter les entr\u00e9es et le pain, remplir le pot d&#8217;eau, d\u00e9barrasser et nettoyer la table&#8230;)<\/p>\n<p>Les enfants sont tenus de go\u00fbter \u00e0 tout.<\/p>\n<p><strong>Agents d\u2019animation<\/strong>\u00a0: toute l\u2019\u00e9quipe du service animation<\/p>\n<p><strong>Locaux\u00a0<\/strong>: salle de restauration<\/td>\n<td style=\"width: 401.333px; height: 256.392px;\"><strong>D\u00e9part \u00e0 la salle de restauration<\/strong><\/p>\n<p><span style=\"font-family: inherit; font-size: inherit;\">Passage aux toilettes et l<\/span>avage de mains.<\/p>\n<p>L\u2019agent d\u2019animation veille et participe \u00e0 l\u2019hygi\u00e8ne et au rangement.<\/p>\n<p>Les enfants prennent leur serviette de table.<\/p>\n<p>Les places sont attribu\u00e9es hebdomadairement aux enfants.<\/td>\n<\/tr>\n<tr style=\"height: 249px;\">\n<td style=\"width: 401.333px; height: 249px;\"><strong>Temps libre\u00a0\u00a0\u00a0\u00a0\u00a0\u00a0\u00a0\u00a0\u00a0\u00a0\u00a0\u00a0\u00a0\u00a0\u00a0\u00a0\u00a0\u00a0\u00a0\u00a0\u00a0\u00a0\u00a0 <\/strong>13h-13h30<\/p>\n<p>Jeux \u00e0 disposition des enfants\u00a0: v\u00e9los, ballons\u2026<\/p>\n<p>Possibilit\u00e9 pour les petits d\u2019aller en salle d\u2019\u00e9volution en cas de temps maussade.<\/p>\n<p>L\u2019agent d\u2019animation veille \u00e0 la s\u00e9curit\u00e9 des enfants et peut proposer de petits jeux\u00a0: ronde, loup\u2026<\/p>\n<p>Des temps calmes en salle peuvent \u00eatre propos\u00e9s.<\/td>\n<\/tr>\n<\/tbody>\n<\/table>\n<p>&nbsp;<\/p>\n<table style=\"height: 185px;\" width=\"821\">\n<tbody>\n<tr style=\"height: 274.358px;\">\n<td style=\"width: 402.222px; height: 274.358px;\">\n<ul style=\"list-style-type: square;\">\n<li><span style=\"color: #7fc400;\"><strong>Accueil p\u00e9riscolaire du soir\u00a0 \u00a0 \u00a0 \u00a0 \u00a0 \u00a0 \u00a0\u00a0<\/strong>16h45-18h<\/span><\/li>\n<\/ul>\n<p><strong>Temps libre et\/ou temps calme<\/strong><\/p>\n<p>Les enfants choisissent une occupation qui leur plait.<\/p>\n<p>L\u2019animateur qui accueille les parents est disponible et agr\u00e9able et permet le dialogue.<\/p>\n<p><strong>Agents d\u2019animation<\/strong>: \u00e9quipe du service animation<\/p>\n<p><strong>Locaux<\/strong>\u00a0: \u00e9cole\u00a0: salle d\u2019\u00e9volution ou cour selon les conditions<\/td>\n<td style=\"width: 403.111px; height: 274.358px;\"><span style=\"color: #339966;\"><strong>&gt;&gt; Bus du soir<\/strong>\u00a0\u00a0\u00a0\u00a0\u00a0\u00a0\u00a0\u00a0\u00a0\u00a0\u00a0\u00a0 16h45 \u2013 17h10<\/span><\/p>\n<p>L\u2019agent d\u2019animation r\u00e9f\u00e9rent du bus regroupe les enfants 10 minutes avant le d\u00e9part du bus.<\/p>\n<p>Le trajet peut \u00eatre un moment de discussion et de partage sur la journ\u00e9e achev\u00e9e.<\/p>\n<p>Trajet dans les m\u00eames conditions que le matin.<\/p>\n<p><strong>Agents d\u2019animation<\/strong>: \u00e9quipe du service animation<\/td>\n<\/tr>\n<\/tbody>\n<\/table>\n<p><span style=\"color: #ff0000;\"><strong>Nouveau 2019-2020 :<\/strong> <\/span>Accueil le mercredi 11h30\/12h15 &#8211; D\u00e9parts \u00e9chelonn\u00e9s.<\/p>\n<h5><span style=\"text-decoration: underline; color: #7fc400;\"><span style=\"font-family: Helvetica;\">Guide des temps p\u00e9riscolaires 2019-2020 :<\/span><\/span><\/h5>\n<iframe src=\"\/\/docs.google.com\/viewer?url=http%3A%2F%2Fchalezeule.fr%2Fwp-content%2Fuploads%2F2019%2F08%2FGuide-Temps-p%C3%A9riscolaires-2019-2020.pdf&hl=fr&embedded=true\" class=\"gde-frame\" style=\"width:100%; height:500px; border: none;\" scrolling=\"no\"><\/iframe>\n<p class=\"gde-text\"><a href=\"http:\/\/chalezeule.fr\/wp-content\/uploads\/2019\/08\/Guide-Temps-p\u00e9riscolaires-2019-2020.pdf\" class=\"gde-link\">T\u00e9l\u00e9charger (PDF, 1.62Mo)<\/a><\/p>\n<p>&nbsp;<\/p>\n","protected":false},"excerpt":{"rendered":"<p>L&#8217;\u00e9quipe d&#8217;animation accompagne votre enfant autour des temps scolaires, avec l&#8217;accueil p\u00e9riscolaire. Accueil p\u00e9riscolaire du matin\u00a0\u00a0 \u00a0\u00a0\u00a0\u00a0\u00a0\u00a0\u00a0\u00a0\u00a0 7h30-8h20 Un agent d\u2019animation, accueil les enfants. Ce temps calme leurs permet de faire des jeux, d\u2019\u00e9changer avec l\u2019enfant sur sa soir\u00e9e, son humeur, sa fatigue\u2026souriant, calme et d\u00e9tendu. Il offre la possibilit\u00e9 d\u2019\u00e9change avec les parents. Animateur\u00a0: [&hellip;]<\/p>\n","protected":false},"author":1,"featured_media":0,"parent":0,"menu_order":0,"comment_status":"closed","ping_status":"closed","template":"","meta":[],"_links":{"self":[{"href":"https:\/\/chalezeule.fr\/index.php\/wp-json\/wp\/v2\/pages\/526"}],"collection":[{"href":"https:\/\/chalezeule.fr\/index.php\/wp-json\/wp\/v2\/pages"}],"about":[{"href":"https:\/\/chalezeule.fr\/index.php\/wp-json\/wp\/v2\/types\/page"}],"author":[{"embeddable":true,"href":"https:\/\/chalezeule.fr\/index.php\/wp-json\/wp\/v2\/users\/1"}],"replies":[{"embeddable":true,"href":"https:\/\/chalezeule.fr\/index.php\/wp-json\/wp\/v2\/comments?post=526"}],"version-history":[{"count":7,"href":"https:\/\/chalezeule.fr\/index.php\/wp-json\/wp\/v2\/pages\/526\/revisions"}],"predecessor-version":[{"id":3030,"href":"https:\/\/chalezeule.fr\/index.php\/wp-json\/wp\/v2\/pages\/526\/revisions\/3030"}],"wp:attachment":[{"href":"https:\/\/chalezeule.fr\/index.php\/wp-json\/wp\/v2\/media?parent=526"}],"curies":[{"name":"wp","href":"https:\/\/api.w.org\/{rel}","templated":true}]}}