{"id":3671,"date":"2020-04-03T16:00:06","date_gmt":"2020-04-03T15:00:06","guid":{"rendered":"http:\/\/chalezeule.fr\/?page_id=3671"},"modified":"2020-05-02T17:35:57","modified_gmt":"2020-05-02T16:35:57","slug":"informations-durant-le-confinement","status":"publish","type":"page","link":"https:\/\/chalezeule.fr\/index.php\/informations-durant-le-confinement\/","title":{"rendered":"Enfants \/ Famille"},"content":{"rendered":"<figure id=\"attachment_3692\" aria-describedby=\"caption-attachment-3692\" style=\"width: 1024px\" class=\"wp-caption aligncenter\"><img data-attachment-id=\"3692\" data-permalink=\"https:\/\/chalezeule.fr\/index.php\/informations-durant-le-confinement\/merci-taslim\/\" data-orig-file=\"https:\/\/i0.wp.com\/chalezeule.fr\/wp-content\/uploads\/2020\/04\/merci-Taslim.jpg?fit=1076%2C435&amp;ssl=1\" data-orig-size=\"1076,435\" data-comments-opened=\"0\" data-image-meta=\"{&quot;aperture&quot;:&quot;0&quot;,&quot;credit&quot;:&quot;&quot;,&quot;camera&quot;:&quot;&quot;,&quot;caption&quot;:&quot;&quot;,&quot;created_timestamp&quot;:&quot;0&quot;,&quot;copyright&quot;:&quot;&quot;,&quot;focal_length&quot;:&quot;0&quot;,&quot;iso&quot;:&quot;0&quot;,&quot;shutter_speed&quot;:&quot;0&quot;,&quot;title&quot;:&quot;&quot;,&quot;orientation&quot;:&quot;0&quot;}\" data-image-title=\"merci Taslim\" data-image-description=\"\" data-medium-file=\"https:\/\/i0.wp.com\/chalezeule.fr\/wp-content\/uploads\/2020\/04\/merci-Taslim.jpg?fit=300%2C121&amp;ssl=1\" data-large-file=\"https:\/\/i0.wp.com\/chalezeule.fr\/wp-content\/uploads\/2020\/04\/merci-Taslim.jpg?fit=1024%2C414&amp;ssl=1\" loading=\"lazy\" class=\"wp-image-3692 size-large\" src=\"https:\/\/i0.wp.com\/chalezeule.fr\/wp-content\/uploads\/2020\/04\/merci-Taslim.jpg?resize=1024%2C414\" alt=\"\" srcset=\"https:\/\/i0.wp.com\/chalezeule.fr\/wp-content\/uploads\/2020\/04\/merci-Taslim.jpg?resize=1024%2C414&amp;ssl=1 1024w, https:\/\/i0.wp.com\/chalezeule.fr\/wp-content\/uploads\/2020\/04\/merci-Taslim.jpg?resize=300%2C121&amp;ssl=1 300w, https:\/\/i0.wp.com\/chalezeule.fr\/wp-content\/uploads\/2020\/04\/merci-Taslim.jpg?resize=768%2C310&amp;ssl=1 768w, https:\/\/i0.wp.com\/chalezeule.fr\/wp-content\/uploads\/2020\/04\/merci-Taslim.jpg?resize=830%2C336&amp;ssl=1 830w, https:\/\/i0.wp.com\/chalezeule.fr\/wp-content\/uploads\/2020\/04\/merci-Taslim.jpg?resize=230%2C93&amp;ssl=1 230w, https:\/\/i0.wp.com\/chalezeule.fr\/wp-content\/uploads\/2020\/04\/merci-Taslim.jpg?resize=350%2C141&amp;ssl=1 350w, https:\/\/i0.wp.com\/chalezeule.fr\/wp-content\/uploads\/2020\/04\/merci-Taslim.jpg?resize=480%2C194&amp;ssl=1 480w, https:\/\/i0.wp.com\/chalezeule.fr\/wp-content\/uploads\/2020\/04\/merci-Taslim.jpg?w=1076&amp;ssl=1 1076w\" sizes=\"(max-width: 1024px) 100vw, 1024px\" data-recalc-dims=\"1\" \/><figcaption id=\"caption-attachment-3692\" class=\"wp-caption-text\">Taslim, jeune chalezeuloise de 9 ans, a r\u00e9alis\u00e9 ces jolies rosaces et les a affich\u00e9es sur sa fen\u00eatre pour dire &#8220;Merci aux soignants&#8221;. Merci Taslim. Et on applaudit \u00e0 20h.<\/figcaption><\/figure>\n<p><img data-attachment-id=\"3695\" data-permalink=\"https:\/\/chalezeule.fr\/index.php\/informations-durant-le-confinement\/message-de-louna-sherley-et-oceane\/\" data-orig-file=\"https:\/\/i2.wp.com\/chalezeule.fr\/wp-content\/uploads\/2020\/04\/Message-de-Louna-Sherley-et-Oc\u00e9ane..png?fit=653%2C531&amp;ssl=1\" data-orig-size=\"653,531\" data-comments-opened=\"0\" data-image-meta=\"{&quot;aperture&quot;:&quot;0&quot;,&quot;credit&quot;:&quot;&quot;,&quot;camera&quot;:&quot;&quot;,&quot;caption&quot;:&quot;&quot;,&quot;created_timestamp&quot;:&quot;0&quot;,&quot;copyright&quot;:&quot;&quot;,&quot;focal_length&quot;:&quot;0&quot;,&quot;iso&quot;:&quot;0&quot;,&quot;shutter_speed&quot;:&quot;0&quot;,&quot;title&quot;:&quot;&quot;,&quot;orientation&quot;:&quot;0&quot;}\" data-image-title=\"Message de Louna, Sherley et Oc\u00e9ane.\" data-image-description=\"\" data-medium-file=\"https:\/\/i2.wp.com\/chalezeule.fr\/wp-content\/uploads\/2020\/04\/Message-de-Louna-Sherley-et-Oc\u00e9ane..png?fit=300%2C244&amp;ssl=1\" data-large-file=\"https:\/\/i2.wp.com\/chalezeule.fr\/wp-content\/uploads\/2020\/04\/Message-de-Louna-Sherley-et-Oc\u00e9ane..png?fit=653%2C531&amp;ssl=1\" loading=\"lazy\" class=\"aligncenter size-full wp-image-3695\" src=\"https:\/\/i2.wp.com\/chalezeule.fr\/wp-content\/uploads\/2020\/04\/Message-de-Louna-Sherley-et-Oc\u00e9ane..png?resize=653%2C531\" alt=\"\" srcset=\"https:\/\/i2.wp.com\/chalezeule.fr\/wp-content\/uploads\/2020\/04\/Message-de-Louna-Sherley-et-Oc\u00e9ane..png?w=653&amp;ssl=1 653w, https:\/\/i2.wp.com\/chalezeule.fr\/wp-content\/uploads\/2020\/04\/Message-de-Louna-Sherley-et-Oc\u00e9ane..png?resize=300%2C244&amp;ssl=1 300w, https:\/\/i2.wp.com\/chalezeule.fr\/wp-content\/uploads\/2020\/04\/Message-de-Louna-Sherley-et-Oc\u00e9ane..png?resize=230%2C187&amp;ssl=1 230w, https:\/\/i2.wp.com\/chalezeule.fr\/wp-content\/uploads\/2020\/04\/Message-de-Louna-Sherley-et-Oc\u00e9ane..png?resize=350%2C285&amp;ssl=1 350w, https:\/\/i2.wp.com\/chalezeule.fr\/wp-content\/uploads\/2020\/04\/Message-de-Louna-Sherley-et-Oc\u00e9ane..png?resize=480%2C390&amp;ssl=1 480w\" sizes=\"(max-width: 653px) 100vw, 653px\" data-recalc-dims=\"1\" \/><\/p>\n<h1><span style=\"color: #800000;\">Les gestes barri\u00e8res contre le virus\u00a0<\/span><\/h1>\n<p><img data-attachment-id=\"3679\" data-permalink=\"https:\/\/chalezeule.fr\/index.php\/informations-durant-le-confinement\/coronavirus_gestes-barriere\/\" data-orig-file=\"https:\/\/i2.wp.com\/chalezeule.fr\/wp-content\/uploads\/2020\/04\/CORONAVIRUS_gestes-barriere.png?fit=498%2C790&amp;ssl=1\" data-orig-size=\"498,790\" data-comments-opened=\"0\" data-image-meta=\"{&quot;aperture&quot;:&quot;0&quot;,&quot;credit&quot;:&quot;&quot;,&quot;camera&quot;:&quot;&quot;,&quot;caption&quot;:&quot;&quot;,&quot;created_timestamp&quot;:&quot;0&quot;,&quot;copyright&quot;:&quot;&quot;,&quot;focal_length&quot;:&quot;0&quot;,&quot;iso&quot;:&quot;0&quot;,&quot;shutter_speed&quot;:&quot;0&quot;,&quot;title&quot;:&quot;&quot;,&quot;orientation&quot;:&quot;0&quot;}\" data-image-title=\"CORONAVIRUS_gestes-barriere\" data-image-description=\"\" data-medium-file=\"https:\/\/i2.wp.com\/chalezeule.fr\/wp-content\/uploads\/2020\/04\/CORONAVIRUS_gestes-barriere.png?fit=189%2C300&amp;ssl=1\" data-large-file=\"https:\/\/i2.wp.com\/chalezeule.fr\/wp-content\/uploads\/2020\/04\/CORONAVIRUS_gestes-barriere.png?fit=498%2C790&amp;ssl=1\" loading=\"lazy\" class=\"aligncenter size-full wp-image-3679\" src=\"https:\/\/i2.wp.com\/chalezeule.fr\/wp-content\/uploads\/2020\/04\/CORONAVIRUS_gestes-barriere.png?resize=498%2C790\" alt=\"\" srcset=\"https:\/\/i2.wp.com\/chalezeule.fr\/wp-content\/uploads\/2020\/04\/CORONAVIRUS_gestes-barriere.png?w=498&amp;ssl=1 498w, https:\/\/i2.wp.com\/chalezeule.fr\/wp-content\/uploads\/2020\/04\/CORONAVIRUS_gestes-barriere.png?resize=189%2C300&amp;ssl=1 189w, https:\/\/i2.wp.com\/chalezeule.fr\/wp-content\/uploads\/2020\/04\/CORONAVIRUS_gestes-barriere.png?resize=230%2C365&amp;ssl=1 230w, https:\/\/i2.wp.com\/chalezeule.fr\/wp-content\/uploads\/2020\/04\/CORONAVIRUS_gestes-barriere.png?resize=350%2C555&amp;ssl=1 350w, https:\/\/i2.wp.com\/chalezeule.fr\/wp-content\/uploads\/2020\/04\/CORONAVIRUS_gestes-barriere.png?resize=480%2C761&amp;ssl=1 480w\" sizes=\"(max-width: 498px) 100vw, 498px\" data-recalc-dims=\"1\" \/> <img data-attachment-id=\"3680\" data-permalink=\"https:\/\/chalezeule.fr\/index.php\/informations-durant-le-confinement\/lavage-des-mains\/\" data-orig-file=\"https:\/\/i2.wp.com\/chalezeule.fr\/wp-content\/uploads\/2020\/04\/lavage-des-mains.png?fit=576%2C775&amp;ssl=1\" data-orig-size=\"576,775\" data-comments-opened=\"0\" data-image-meta=\"{&quot;aperture&quot;:&quot;0&quot;,&quot;credit&quot;:&quot;&quot;,&quot;camera&quot;:&quot;&quot;,&quot;caption&quot;:&quot;&quot;,&quot;created_timestamp&quot;:&quot;0&quot;,&quot;copyright&quot;:&quot;&quot;,&quot;focal_length&quot;:&quot;0&quot;,&quot;iso&quot;:&quot;0&quot;,&quot;shutter_speed&quot;:&quot;0&quot;,&quot;title&quot;:&quot;&quot;,&quot;orientation&quot;:&quot;0&quot;}\" data-image-title=\"lavage des mains\" data-image-description=\"\" data-medium-file=\"https:\/\/i2.wp.com\/chalezeule.fr\/wp-content\/uploads\/2020\/04\/lavage-des-mains.png?fit=223%2C300&amp;ssl=1\" data-large-file=\"https:\/\/i2.wp.com\/chalezeule.fr\/wp-content\/uploads\/2020\/04\/lavage-des-mains.png?fit=576%2C775&amp;ssl=1\" loading=\"lazy\" class=\"aligncenter size-large wp-image-3680\" src=\"https:\/\/i2.wp.com\/chalezeule.fr\/wp-content\/uploads\/2020\/04\/lavage-des-mains.png?resize=576%2C775\" alt=\"\" srcset=\"https:\/\/i2.wp.com\/chalezeule.fr\/wp-content\/uploads\/2020\/04\/lavage-des-mains.png?w=576&amp;ssl=1 576w, https:\/\/i2.wp.com\/chalezeule.fr\/wp-content\/uploads\/2020\/04\/lavage-des-mains.png?resize=223%2C300&amp;ssl=1 223w, https:\/\/i2.wp.com\/chalezeule.fr\/wp-content\/uploads\/2020\/04\/lavage-des-mains.png?resize=230%2C309&amp;ssl=1 230w, https:\/\/i2.wp.com\/chalezeule.fr\/wp-content\/uploads\/2020\/04\/lavage-des-mains.png?resize=350%2C471&amp;ssl=1 350w, https:\/\/i2.wp.com\/chalezeule.fr\/wp-content\/uploads\/2020\/04\/lavage-des-mains.png?resize=480%2C646&amp;ssl=1 480w\" sizes=\"(max-width: 576px) 100vw, 576px\" data-recalc-dims=\"1\" \/> <img data-attachment-id=\"3681\" data-permalink=\"https:\/\/chalezeule.fr\/index.php\/informations-durant-le-confinement\/utilisation-masque-tissu\/\" data-orig-file=\"https:\/\/i0.wp.com\/chalezeule.fr\/wp-content\/uploads\/2020\/04\/Utilisation-masque-tissu.png?fit=573%2C760&amp;ssl=1\" data-orig-size=\"573,760\" data-comments-opened=\"0\" data-image-meta=\"{&quot;aperture&quot;:&quot;0&quot;,&quot;credit&quot;:&quot;&quot;,&quot;camera&quot;:&quot;&quot;,&quot;caption&quot;:&quot;&quot;,&quot;created_timestamp&quot;:&quot;0&quot;,&quot;copyright&quot;:&quot;&quot;,&quot;focal_length&quot;:&quot;0&quot;,&quot;iso&quot;:&quot;0&quot;,&quot;shutter_speed&quot;:&quot;0&quot;,&quot;title&quot;:&quot;&quot;,&quot;orientation&quot;:&quot;0&quot;}\" data-image-title=\"Utilisation masque tissu\" data-image-description=\"\" data-medium-file=\"https:\/\/i0.wp.com\/chalezeule.fr\/wp-content\/uploads\/2020\/04\/Utilisation-masque-tissu.png?fit=226%2C300&amp;ssl=1\" data-large-file=\"https:\/\/i0.wp.com\/chalezeule.fr\/wp-content\/uploads\/2020\/04\/Utilisation-masque-tissu.png?fit=573%2C760&amp;ssl=1\" loading=\"lazy\" class=\"aligncenter size-large wp-image-3681\" src=\"https:\/\/i0.wp.com\/chalezeule.fr\/wp-content\/uploads\/2020\/04\/Utilisation-masque-tissu.png?resize=573%2C760\" alt=\"\" srcset=\"https:\/\/i0.wp.com\/chalezeule.fr\/wp-content\/uploads\/2020\/04\/Utilisation-masque-tissu.png?w=573&amp;ssl=1 573w, https:\/\/i0.wp.com\/chalezeule.fr\/wp-content\/uploads\/2020\/04\/Utilisation-masque-tissu.png?resize=226%2C300&amp;ssl=1 226w, https:\/\/i0.wp.com\/chalezeule.fr\/wp-content\/uploads\/2020\/04\/Utilisation-masque-tissu.png?resize=230%2C305&amp;ssl=1 230w, https:\/\/i0.wp.com\/chalezeule.fr\/wp-content\/uploads\/2020\/04\/Utilisation-masque-tissu.png?resize=350%2C464&amp;ssl=1 350w, https:\/\/i0.wp.com\/chalezeule.fr\/wp-content\/uploads\/2020\/04\/Utilisation-masque-tissu.png?resize=480%2C637&amp;ssl=1 480w\" sizes=\"(max-width: 573px) 100vw, 573px\" data-recalc-dims=\"1\" \/> <img data-attachment-id=\"3682\" data-permalink=\"https:\/\/chalezeule.fr\/index.php\/informations-durant-le-confinement\/utilisation-masque\/\" data-orig-file=\"https:\/\/i2.wp.com\/chalezeule.fr\/wp-content\/uploads\/2020\/04\/Utilisation-masque.png?fit=588%2C754&amp;ssl=1\" data-orig-size=\"588,754\" data-comments-opened=\"0\" data-image-meta=\"{&quot;aperture&quot;:&quot;0&quot;,&quot;credit&quot;:&quot;&quot;,&quot;camera&quot;:&quot;&quot;,&quot;caption&quot;:&quot;&quot;,&quot;created_timestamp&quot;:&quot;0&quot;,&quot;copyright&quot;:&quot;&quot;,&quot;focal_length&quot;:&quot;0&quot;,&quot;iso&quot;:&quot;0&quot;,&quot;shutter_speed&quot;:&quot;0&quot;,&quot;title&quot;:&quot;&quot;,&quot;orientation&quot;:&quot;0&quot;}\" data-image-title=\"Utilisation masque\" data-image-description=\"\" data-medium-file=\"https:\/\/i2.wp.com\/chalezeule.fr\/wp-content\/uploads\/2020\/04\/Utilisation-masque.png?fit=234%2C300&amp;ssl=1\" data-large-file=\"https:\/\/i2.wp.com\/chalezeule.fr\/wp-content\/uploads\/2020\/04\/Utilisation-masque.png?fit=588%2C754&amp;ssl=1\" loading=\"lazy\" class=\"aligncenter size-large wp-image-3682\" src=\"https:\/\/i2.wp.com\/chalezeule.fr\/wp-content\/uploads\/2020\/04\/Utilisation-masque.png?resize=588%2C754\" alt=\"\" srcset=\"https:\/\/i2.wp.com\/chalezeule.fr\/wp-content\/uploads\/2020\/04\/Utilisation-masque.png?w=588&amp;ssl=1 588w, https:\/\/i2.wp.com\/chalezeule.fr\/wp-content\/uploads\/2020\/04\/Utilisation-masque.png?resize=234%2C300&amp;ssl=1 234w, https:\/\/i2.wp.com\/chalezeule.fr\/wp-content\/uploads\/2020\/04\/Utilisation-masque.png?resize=230%2C295&amp;ssl=1 230w, https:\/\/i2.wp.com\/chalezeule.fr\/wp-content\/uploads\/2020\/04\/Utilisation-masque.png?resize=350%2C449&amp;ssl=1 350w, https:\/\/i2.wp.com\/chalezeule.fr\/wp-content\/uploads\/2020\/04\/Utilisation-masque.png?resize=480%2C616&amp;ssl=1 480w\" sizes=\"(max-width: 588px) 100vw, 588px\" data-recalc-dims=\"1\" \/><\/p>\n<h1><span style=\"color: #800000;\">Informations pour les parents <\/span><\/h1>\n<p><strong>Guide des parents confin\u00e9s &#8211; 50 astuces de pro :<\/strong><\/p>\n<iframe src=\"\/\/docs.google.com\/viewer?url=http%3A%2F%2Fchalezeule.fr%2Fwp-content%2Fuploads%2F2020%2F04%2FGuide-des-parents-confin%C3%A9s-50-astuces-de-pro.pdf&hl=fr&embedded=true\" class=\"gde-frame\" style=\"width:100%; height:500px; border: none;\" scrolling=\"no\"><\/iframe>\n<p class=\"gde-text\"><a href=\"http:\/\/chalezeule.fr\/wp-content\/uploads\/2020\/04\/Guide-des-parents-confin\u00e9s-50-astuces-de-pro.pdf\" class=\"gde-link\">T\u00e9l\u00e9charger (PDF, 3.35Mo)<\/a><\/p>\n<h1><span style=\"color: #800000;\">Pour les enfants\u00a0<\/span><\/h1>\n<p>Le petit quotidien 6-10 ans :<\/p>\n<iframe src=\"\/\/docs.google.com\/viewer?url=http%3A%2F%2Fchalezeule.fr%2Fwp-content%2Fuploads%2F2020%2F04%2Fle_petit_quotidien_CORONAVIRUS.pdf&hl=fr&embedded=true\" class=\"gde-frame\" style=\"width:100%; height:500px; border: none;\" scrolling=\"no\"><\/iframe>\n<p class=\"gde-text\"><a href=\"http:\/\/chalezeule.fr\/wp-content\/uploads\/2020\/04\/le_petit_quotidien_CORONAVIRUS.pdf\" class=\"gde-link\">T\u00e9l\u00e9charger (PDF, 6Mo)<\/a><\/p>\n<p><strong>BD Coco le virus :<\/strong><\/p>\n<iframe src=\"\/\/docs.google.com\/viewer?url=http%3A%2F%2Fchalezeule.fr%2Fwp-content%2Fuploads%2F2020%2F04%2FCoco-le-Virus.docx&hl=fr&embedded=true\" class=\"gde-frame\" style=\"width:100%; height:500px; border: none;\" scrolling=\"no\"><\/iframe>\n<p class=\"gde-text\"><a href=\"http:\/\/chalezeule.fr\/wp-content\/uploads\/2020\/04\/Coco-le-Virus.docx\" class=\"gde-link\">T\u00e9l\u00e9charger (DOCX, 269KB)<\/a><\/p>\n<h1><span style=\"color: #800000;\">Informations diverses :<\/span><\/h1>\n<p>Pour ceux et celles qui ont un compte sur le r\u00e9seau social Instagram, nous vous invitons \u00e0 suivre le compte de @samueletgaspard qui aborde le sujet de la parentalit\u00e9 ! \u27a1 (https:\/\/www.instagram.com\/samueletgaspard\/)<\/p>\n","protected":false},"excerpt":{"rendered":"<p>Les gestes barri\u00e8res contre le virus\u00a0 Informations pour les parents Guide des parents confin\u00e9s &#8211; 50 astuces de pro : Pour les enfants\u00a0 Le petit quotidien 6-10 ans : BD Coco le virus : Informations diverses : Pour ceux et celles qui ont un compte sur le r\u00e9seau social Instagram, nous vous invitons \u00e0 suivre [&hellip;]<\/p>\n","protected":false},"author":1,"featured_media":0,"parent":0,"menu_order":0,"comment_status":"closed","ping_status":"closed","template":"","meta":[],"_links":{"self":[{"href":"https:\/\/chalezeule.fr\/index.php\/wp-json\/wp\/v2\/pages\/3671"}],"collection":[{"href":"https:\/\/chalezeule.fr\/index.php\/wp-json\/wp\/v2\/pages"}],"about":[{"href":"https:\/\/chalezeule.fr\/index.php\/wp-json\/wp\/v2\/types\/page"}],"author":[{"embeddable":true,"href":"https:\/\/chalezeule.fr\/index.php\/wp-json\/wp\/v2\/users\/1"}],"replies":[{"embeddable":true,"href":"https:\/\/chalezeule.fr\/index.php\/wp-json\/wp\/v2\/comments?post=3671"}],"version-history":[{"count":7,"href":"https:\/\/chalezeule.fr\/index.php\/wp-json\/wp\/v2\/pages\/3671\/revisions"}],"predecessor-version":[{"id":3702,"href":"https:\/\/chalezeule.fr\/index.php\/wp-json\/wp\/v2\/pages\/3671\/revisions\/3702"}],"wp:attachment":[{"href":"https:\/\/chalezeule.fr\/index.php\/wp-json\/wp\/v2\/media?parent=3671"}],"curies":[{"name":"wp","href":"https:\/\/api.w.org\/{rel}","templated":true}]}}