{"id":3549,"date":"2019-12-20T10:29:41","date_gmt":"2019-12-20T09:29:41","guid":{"rendered":"http:\/\/chalezeule.fr\/?page_id=3549"},"modified":"2021-03-06T11:14:16","modified_gmt":"2021-03-06T10:14:16","slug":"sentier-du-papillon","status":"publish","type":"page","link":"https:\/\/chalezeule.fr\/index.php\/sentier-du-papillon\/","title":{"rendered":"Sentier du Papillon"},"content":{"rendered":"\n<h2><strong>Le Sentier du Papillon, \u00e0 la d\u00e9couverte de la biodiversit\u00e9<\/strong><\/h2>\n\n\n\n<iframe src=\"\/\/docs.google.com\/viewer?url=http%3A%2F%2Fchalezeule.fr%2Fwp-content%2Fuploads%2F2019%2F12%2FBrochure-sentier-du-Papillon.pdf&hl=fr&embedded=true\" class=\"gde-frame\" style=\"width:100%; height:500px; border: none;\" scrolling=\"no\"><\/iframe>\n<p class=\"gde-text\"><a href=\"http:\/\/chalezeule.fr\/wp-content\/uploads\/2019\/12\/Brochure-sentier-du-Papillon.pdf\" class=\"gde-link\">T\u00e9l\u00e9charger (PDF, 5.02Mo)<\/a><\/p>\n\n\n\n<p>La Commune de Chalezeule, le D\u00e9partement du Doubs et la Ligue de Protection des Oiseaux (LPO) Franche-Comt\u00e9 se sont associ\u00e9s en 2018 pour animer dans le village un projet participatif de d\u00e9couverte et d\u2019actions en faveur de la biodiversit\u00e9.<br>Un groupe d\u2019habitants s\u2019est alors constitu\u00e9 pour cr\u00e9er un sentier p\u00e9dagogique.<br>Le parcours propos\u00e9 constitue une boucle entre le village et les Pr\u00e8s de Vaux par la voie modes doux&nbsp;et le chemin de Charmarin, avec au stade d\u00e9parts et arriv\u00e9es de trois circuits : un long, un court et un \u00ab tout accessible \u00bb. Il est constitu\u00e9 de 16 \u00e9tapes mat\u00e9rialis\u00e9es par une borne en bois avec un symbole dessin\u00e9 par un enfant de l\u2019\u00e9cole (fleur, insecte, faune,\u2026.). Chaque \u00e9tape renvoie \u00e0 un livret pour la pr\u00e9sentation d\u2019un espace, d\u2019un lieu de biodiversit\u00e9, d\u2019une esp\u00e8ce particuli\u00e8re floristique ou faunistique.<br>Le groupe a assur\u00e9 la conception du livret de 20 pages (r\u00e9daction des textes, recherche images, \u2026) avec un accompagnement LPO.<br>Le projet est en cours de financement par la Commune de Chalezeule et Grand Besan\u00e7on M\u00e9tropole.<br>\u00ab Nous avons beaucoup de chance de poss\u00e9der une rivi\u00e8re, le Doubs, qui borde le village, une voie mode doux r\u00e9cente, des pelouses s\u00e8ches, des champs cultiv\u00e9s, des vergers, notamment des cerisiers et noyers couverts de buis, r\u00e9serves pour les oiseaux, de nombreuses plantes, chardons, orties reines des pr\u00e9s, boutons d\u2019or, cabaret \u00e0 oiseaux\u2026sans compter une histoire et un patrimoine riches. L\u2019enjeu, c\u2019est que cet environnement soit pr\u00e9sent\u00e9 \u00e0 chaque \u00e9tape sur le sentier et dans ce livret en \u00e9veillant toutes et tous sur la protection indispensable de notre biodiversit\u00e9 \u00bb raconte Josette mais aussi G\u00e9rard, Juline, Laurence, St\u00e9phane, Nathalie, etc. pr\u00e9sents lors de la pr\u00e9sentation du panneau pr\u00e9sentant le plan du sentier.<br>Ils esp\u00e8rent par ce livret faire d\u00e9couvrir le village et sa richesse tant au niveau de la flore, la faune et la diversit\u00e9 de la population d\u2019oiseaux que de ses vergers ou sa for\u00eat. Ils organiseront une journ\u00e9e d\u00e9couverte au printemps.<br><\/p>\n\n\n\n<ul class=\"wp-container-2 wp-block-gallery-1 wp-block-gallery columns-3 is-cropped\"><li class=\"blocks-gallery-item\"><figure><img data-attachment-id=\"3454\" data-permalink=\"https:\/\/chalezeule.fr\/index.php\/actualites-2\/img_0316\/\" data-orig-file=\"https:\/\/i0.wp.com\/chalezeule.fr\/wp-content\/uploads\/2019\/11\/IMG_0316.jpg?fit=960%2C720&amp;ssl=1\" data-orig-size=\"960,720\" data-comments-opened=\"0\" data-image-meta=\"{&quot;aperture&quot;:&quot;0&quot;,&quot;credit&quot;:&quot;&quot;,&quot;camera&quot;:&quot;&quot;,&quot;caption&quot;:&quot;&quot;,&quot;created_timestamp&quot;:&quot;0&quot;,&quot;copyright&quot;:&quot;&quot;,&quot;focal_length&quot;:&quot;0&quot;,&quot;iso&quot;:&quot;0&quot;,&quot;shutter_speed&quot;:&quot;0&quot;,&quot;title&quot;:&quot;&quot;,&quot;orientation&quot;:&quot;1&quot;}\" data-image-title=\"IMG_0316\" data-image-description=\"\" data-medium-file=\"https:\/\/i0.wp.com\/chalezeule.fr\/wp-content\/uploads\/2019\/11\/IMG_0316.jpg?fit=300%2C225&amp;ssl=1\" data-large-file=\"https:\/\/i0.wp.com\/chalezeule.fr\/wp-content\/uploads\/2019\/11\/IMG_0316.jpg?fit=960%2C720&amp;ssl=1\" loading=\"lazy\" src=\"https:\/\/i0.wp.com\/chalezeule.fr\/wp-content\/uploads\/2019\/11\/IMG_0316.jpg?resize=960%2C720\" alt=\"\" data-id=\"3454\" data-link=\"http:\/\/chalezeule.fr\/index.php\/actualites-2\/img_0316\/\" class=\"wp-image-3454\" srcset=\"https:\/\/i0.wp.com\/chalezeule.fr\/wp-content\/uploads\/2019\/11\/IMG_0316.jpg?w=960&amp;ssl=1 960w, https:\/\/i0.wp.com\/chalezeule.fr\/wp-content\/uploads\/2019\/11\/IMG_0316.jpg?resize=300%2C225&amp;ssl=1 300w, https:\/\/i0.wp.com\/chalezeule.fr\/wp-content\/uploads\/2019\/11\/IMG_0316.jpg?resize=768%2C576&amp;ssl=1 768w, https:\/\/i0.wp.com\/chalezeule.fr\/wp-content\/uploads\/2019\/11\/IMG_0316.jpg?resize=830%2C623&amp;ssl=1 830w, https:\/\/i0.wp.com\/chalezeule.fr\/wp-content\/uploads\/2019\/11\/IMG_0316.jpg?resize=230%2C173&amp;ssl=1 230w, https:\/\/i0.wp.com\/chalezeule.fr\/wp-content\/uploads\/2019\/11\/IMG_0316.jpg?resize=350%2C263&amp;ssl=1 350w, https:\/\/i0.wp.com\/chalezeule.fr\/wp-content\/uploads\/2019\/11\/IMG_0316.jpg?resize=480%2C360&amp;ssl=1 480w\" sizes=\"(max-width: 960px) 100vw, 960px\" data-recalc-dims=\"1\" \/><\/figure><\/li><li class=\"blocks-gallery-item\"><figure><img data-attachment-id=\"3453\" data-permalink=\"https:\/\/chalezeule.fr\/index.php\/actualites-2\/img_0315\/\" data-orig-file=\"https:\/\/i0.wp.com\/chalezeule.fr\/wp-content\/uploads\/2019\/11\/IMG_0315.jpg?fit=960%2C806&amp;ssl=1\" data-orig-size=\"960,806\" data-comments-opened=\"0\" data-image-meta=\"{&quot;aperture&quot;:&quot;0&quot;,&quot;credit&quot;:&quot;&quot;,&quot;camera&quot;:&quot;&quot;,&quot;caption&quot;:&quot;&quot;,&quot;created_timestamp&quot;:&quot;0&quot;,&quot;copyright&quot;:&quot;&quot;,&quot;focal_length&quot;:&quot;0&quot;,&quot;iso&quot;:&quot;0&quot;,&quot;shutter_speed&quot;:&quot;0&quot;,&quot;title&quot;:&quot;&quot;,&quot;orientation&quot;:&quot;1&quot;}\" data-image-title=\"IMG_0315\" data-image-description=\"\" data-medium-file=\"https:\/\/i0.wp.com\/chalezeule.fr\/wp-content\/uploads\/2019\/11\/IMG_0315.jpg?fit=300%2C252&amp;ssl=1\" data-large-file=\"https:\/\/i0.wp.com\/chalezeule.fr\/wp-content\/uploads\/2019\/11\/IMG_0315.jpg?fit=960%2C806&amp;ssl=1\" loading=\"lazy\" src=\"https:\/\/i0.wp.com\/chalezeule.fr\/wp-content\/uploads\/2019\/11\/IMG_0315.jpg?resize=960%2C806\" alt=\"\" data-id=\"3453\" data-link=\"http:\/\/chalezeule.fr\/index.php\/actualites-2\/img_0315\/\" class=\"wp-image-3453\" srcset=\"https:\/\/i0.wp.com\/chalezeule.fr\/wp-content\/uploads\/2019\/11\/IMG_0315.jpg?w=960&amp;ssl=1 960w, https:\/\/i0.wp.com\/chalezeule.fr\/wp-content\/uploads\/2019\/11\/IMG_0315.jpg?resize=300%2C252&amp;ssl=1 300w, https:\/\/i0.wp.com\/chalezeule.fr\/wp-content\/uploads\/2019\/11\/IMG_0315.jpg?resize=768%2C645&amp;ssl=1 768w, https:\/\/i0.wp.com\/chalezeule.fr\/wp-content\/uploads\/2019\/11\/IMG_0315.jpg?resize=830%2C697&amp;ssl=1 830w, https:\/\/i0.wp.com\/chalezeule.fr\/wp-content\/uploads\/2019\/11\/IMG_0315.jpg?resize=230%2C193&amp;ssl=1 230w, https:\/\/i0.wp.com\/chalezeule.fr\/wp-content\/uploads\/2019\/11\/IMG_0315.jpg?resize=350%2C294&amp;ssl=1 350w, https:\/\/i0.wp.com\/chalezeule.fr\/wp-content\/uploads\/2019\/11\/IMG_0315.jpg?resize=480%2C403&amp;ssl=1 480w\" sizes=\"(max-width: 960px) 100vw, 960px\" data-recalc-dims=\"1\" \/><\/figure><\/li><li class=\"blocks-gallery-item\"><figure><img data-attachment-id=\"3452\" data-permalink=\"https:\/\/chalezeule.fr\/index.php\/actualites-2\/img_0314\/\" data-orig-file=\"https:\/\/i1.wp.com\/chalezeule.fr\/wp-content\/uploads\/2019\/11\/IMG_0314.jpg?fit=960%2C796&amp;ssl=1\" data-orig-size=\"960,796\" data-comments-opened=\"0\" data-image-meta=\"{&quot;aperture&quot;:&quot;0&quot;,&quot;credit&quot;:&quot;&quot;,&quot;camera&quot;:&quot;&quot;,&quot;caption&quot;:&quot;&quot;,&quot;created_timestamp&quot;:&quot;0&quot;,&quot;copyright&quot;:&quot;&quot;,&quot;focal_length&quot;:&quot;0&quot;,&quot;iso&quot;:&quot;0&quot;,&quot;shutter_speed&quot;:&quot;0&quot;,&quot;title&quot;:&quot;&quot;,&quot;orientation&quot;:&quot;1&quot;}\" data-image-title=\"IMG_0314\" data-image-description=\"\" data-medium-file=\"https:\/\/i1.wp.com\/chalezeule.fr\/wp-content\/uploads\/2019\/11\/IMG_0314.jpg?fit=300%2C249&amp;ssl=1\" data-large-file=\"https:\/\/i1.wp.com\/chalezeule.fr\/wp-content\/uploads\/2019\/11\/IMG_0314.jpg?fit=960%2C796&amp;ssl=1\" loading=\"lazy\" src=\"https:\/\/i1.wp.com\/chalezeule.fr\/wp-content\/uploads\/2019\/11\/IMG_0314.jpg?resize=960%2C796\" alt=\"\" data-id=\"3452\" data-link=\"http:\/\/chalezeule.fr\/index.php\/actualites-2\/img_0314\/\" class=\"wp-image-3452\" srcset=\"https:\/\/i1.wp.com\/chalezeule.fr\/wp-content\/uploads\/2019\/11\/IMG_0314.jpg?w=960&amp;ssl=1 960w, https:\/\/i1.wp.com\/chalezeule.fr\/wp-content\/uploads\/2019\/11\/IMG_0314.jpg?resize=300%2C249&amp;ssl=1 300w, https:\/\/i1.wp.com\/chalezeule.fr\/wp-content\/uploads\/2019\/11\/IMG_0314.jpg?resize=768%2C637&amp;ssl=1 768w, https:\/\/i1.wp.com\/chalezeule.fr\/wp-content\/uploads\/2019\/11\/IMG_0314.jpg?resize=830%2C688&amp;ssl=1 830w, https:\/\/i1.wp.com\/chalezeule.fr\/wp-content\/uploads\/2019\/11\/IMG_0314.jpg?resize=230%2C191&amp;ssl=1 230w, https:\/\/i1.wp.com\/chalezeule.fr\/wp-content\/uploads\/2019\/11\/IMG_0314.jpg?resize=350%2C290&amp;ssl=1 350w, https:\/\/i1.wp.com\/chalezeule.fr\/wp-content\/uploads\/2019\/11\/IMG_0314.jpg?resize=480%2C398&amp;ssl=1 480w\" sizes=\"(max-width: 960px) 100vw, 960px\" data-recalc-dims=\"1\" \/><\/figure><\/li><li class=\"blocks-gallery-item\"><figure><img data-attachment-id=\"3451\" data-permalink=\"https:\/\/chalezeule.fr\/index.php\/actualites-2\/img_0313\/\" data-orig-file=\"https:\/\/i1.wp.com\/chalezeule.fr\/wp-content\/uploads\/2019\/11\/IMG_0313.jpg?fit=960%2C503&amp;ssl=1\" data-orig-size=\"960,503\" data-comments-opened=\"0\" data-image-meta=\"{&quot;aperture&quot;:&quot;0&quot;,&quot;credit&quot;:&quot;&quot;,&quot;camera&quot;:&quot;&quot;,&quot;caption&quot;:&quot;&quot;,&quot;created_timestamp&quot;:&quot;0&quot;,&quot;copyright&quot;:&quot;&quot;,&quot;focal_length&quot;:&quot;0&quot;,&quot;iso&quot;:&quot;0&quot;,&quot;shutter_speed&quot;:&quot;0&quot;,&quot;title&quot;:&quot;&quot;,&quot;orientation&quot;:&quot;1&quot;}\" data-image-title=\"IMG_0313\" data-image-description=\"\" data-medium-file=\"https:\/\/i1.wp.com\/chalezeule.fr\/wp-content\/uploads\/2019\/11\/IMG_0313.jpg?fit=300%2C157&amp;ssl=1\" data-large-file=\"https:\/\/i1.wp.com\/chalezeule.fr\/wp-content\/uploads\/2019\/11\/IMG_0313.jpg?fit=960%2C503&amp;ssl=1\" loading=\"lazy\" src=\"https:\/\/i1.wp.com\/chalezeule.fr\/wp-content\/uploads\/2019\/11\/IMG_0313.jpg?resize=960%2C503\" alt=\"\" data-id=\"3451\" data-link=\"http:\/\/chalezeule.fr\/index.php\/actualites-2\/img_0313\/\" class=\"wp-image-3451\" srcset=\"https:\/\/i1.wp.com\/chalezeule.fr\/wp-content\/uploads\/2019\/11\/IMG_0313.jpg?w=960&amp;ssl=1 960w, https:\/\/i1.wp.com\/chalezeule.fr\/wp-content\/uploads\/2019\/11\/IMG_0313.jpg?resize=300%2C157&amp;ssl=1 300w, https:\/\/i1.wp.com\/chalezeule.fr\/wp-content\/uploads\/2019\/11\/IMG_0313.jpg?resize=768%2C402&amp;ssl=1 768w, https:\/\/i1.wp.com\/chalezeule.fr\/wp-content\/uploads\/2019\/11\/IMG_0313.jpg?resize=830%2C435&amp;ssl=1 830w, https:\/\/i1.wp.com\/chalezeule.fr\/wp-content\/uploads\/2019\/11\/IMG_0313.jpg?resize=230%2C121&amp;ssl=1 230w, https:\/\/i1.wp.com\/chalezeule.fr\/wp-content\/uploads\/2019\/11\/IMG_0313.jpg?resize=350%2C183&amp;ssl=1 350w, https:\/\/i1.wp.com\/chalezeule.fr\/wp-content\/uploads\/2019\/11\/IMG_0313.jpg?resize=480%2C252&amp;ssl=1 480w\" sizes=\"(max-width: 960px) 100vw, 960px\" data-recalc-dims=\"1\" \/><\/figure><\/li><\/ul>\n","protected":false},"excerpt":{"rendered":"<p>Le Sentier du Papillon, \u00e0 la d\u00e9couverte de la biodiversit\u00e9 La Commune de Chalezeule, le D\u00e9partement du Doubs et la Ligue de Protection des Oiseaux (LPO) Franche-Comt\u00e9 se sont associ\u00e9s en 2018 pour animer dans le village un projet participatif de d\u00e9couverte et d\u2019actions en faveur de la biodiversit\u00e9.Un groupe d\u2019habitants s\u2019est alors constitu\u00e9 pour [&hellip;]<\/p>\n","protected":false},"author":1,"featured_media":0,"parent":0,"menu_order":0,"comment_status":"closed","ping_status":"closed","template":"","meta":[],"_links":{"self":[{"href":"https:\/\/chalezeule.fr\/index.php\/wp-json\/wp\/v2\/pages\/3549"}],"collection":[{"href":"https:\/\/chalezeule.fr\/index.php\/wp-json\/wp\/v2\/pages"}],"about":[{"href":"https:\/\/chalezeule.fr\/index.php\/wp-json\/wp\/v2\/types\/page"}],"author":[{"embeddable":true,"href":"https:\/\/chalezeule.fr\/index.php\/wp-json\/wp\/v2\/users\/1"}],"replies":[{"embeddable":true,"href":"https:\/\/chalezeule.fr\/index.php\/wp-json\/wp\/v2\/comments?post=3549"}],"version-history":[{"count":8,"href":"https:\/\/chalezeule.fr\/index.php\/wp-json\/wp\/v2\/pages\/3549\/revisions"}],"predecessor-version":[{"id":3981,"href":"https:\/\/chalezeule.fr\/index.php\/wp-json\/wp\/v2\/pages\/3549\/revisions\/3981"}],"wp:attachment":[{"href":"https:\/\/chalezeule.fr\/index.php\/wp-json\/wp\/v2\/media?parent=3549"}],"curies":[{"name":"wp","href":"https:\/\/api.w.org\/{rel}","templated":true}]}}