{"id":343,"date":"2016-03-09T17:42:40","date_gmt":"2016-03-09T16:42:40","guid":{"rendered":"http:\/\/chalezeule.fr\/?page_id=343"},"modified":"2020-06-12T13:47:37","modified_gmt":"2020-06-12T12:47:37","slug":"la-creche-des-ptits-loups","status":"publish","type":"page","link":"https:\/\/chalezeule.fr\/index.php\/la-creche-des-ptits-loups\/","title":{"rendered":"La cr\u00e8che des P&#8217;tits loups"},"content":{"rendered":"<h4><span style=\"color: #3366ff;\"><span style=\"color: #7fc400; font-family: Helvetica;\">\u00a0 \u00a0 \u00a0 \u00a0Structure Multi-accueil\u00a0<\/span><\/span><\/h4>\n<p><img data-attachment-id=\"3768\" data-permalink=\"https:\/\/chalezeule.fr\/index.php\/petite-enfance\/logo-les-ptits-loups-carre\/\" data-orig-file=\"https:\/\/i2.wp.com\/chalezeule.fr\/wp-content\/uploads\/2020\/06\/logo-Les-Ptits-Loups-carr\u00e9.jpg?fit=1776%2C1777&amp;ssl=1\" data-orig-size=\"1776,1777\" data-comments-opened=\"0\" data-image-meta=\"{&quot;aperture&quot;:&quot;0&quot;,&quot;credit&quot;:&quot;&quot;,&quot;camera&quot;:&quot;&quot;,&quot;caption&quot;:&quot;&quot;,&quot;created_timestamp&quot;:&quot;0&quot;,&quot;copyright&quot;:&quot;&quot;,&quot;focal_length&quot;:&quot;0&quot;,&quot;iso&quot;:&quot;0&quot;,&quot;shutter_speed&quot;:&quot;0&quot;,&quot;title&quot;:&quot;&quot;,&quot;orientation&quot;:&quot;0&quot;}\" data-image-title=\"logo-Les-Ptits-Loups-carr\u00e9\" data-image-description=\"\" data-medium-file=\"https:\/\/i2.wp.com\/chalezeule.fr\/wp-content\/uploads\/2020\/06\/logo-Les-Ptits-Loups-carr\u00e9.jpg?fit=300%2C300&amp;ssl=1\" data-large-file=\"https:\/\/i2.wp.com\/chalezeule.fr\/wp-content\/uploads\/2020\/06\/logo-Les-Ptits-Loups-carr\u00e9.jpg?fit=1024%2C1024&amp;ssl=1\" loading=\"lazy\" class=\"wp-image-3768 alignleft\" src=\"https:\/\/i2.wp.com\/chalezeule.fr\/wp-content\/uploads\/2020\/06\/logo-Les-Ptits-Loups-carr\u00e9.jpg?resize=232%2C232\" alt=\"\" srcset=\"https:\/\/i2.wp.com\/chalezeule.fr\/wp-content\/uploads\/2020\/06\/logo-Les-Ptits-Loups-carr\u00e9.jpg?resize=1024%2C1024&amp;ssl=1 1024w, https:\/\/i2.wp.com\/chalezeule.fr\/wp-content\/uploads\/2020\/06\/logo-Les-Ptits-Loups-carr\u00e9.jpg?resize=150%2C150&amp;ssl=1 150w, https:\/\/i2.wp.com\/chalezeule.fr\/wp-content\/uploads\/2020\/06\/logo-Les-Ptits-Loups-carr\u00e9.jpg?resize=300%2C300&amp;ssl=1 300w, https:\/\/i2.wp.com\/chalezeule.fr\/wp-content\/uploads\/2020\/06\/logo-Les-Ptits-Loups-carr\u00e9.jpg?resize=768%2C768&amp;ssl=1 768w, https:\/\/i2.wp.com\/chalezeule.fr\/wp-content\/uploads\/2020\/06\/logo-Les-Ptits-Loups-carr\u00e9.jpg?resize=830%2C830&amp;ssl=1 830w, https:\/\/i2.wp.com\/chalezeule.fr\/wp-content\/uploads\/2020\/06\/logo-Les-Ptits-Loups-carr\u00e9.jpg?resize=230%2C230&amp;ssl=1 230w, https:\/\/i2.wp.com\/chalezeule.fr\/wp-content\/uploads\/2020\/06\/logo-Les-Ptits-Loups-carr\u00e9.jpg?resize=350%2C350&amp;ssl=1 350w, https:\/\/i2.wp.com\/chalezeule.fr\/wp-content\/uploads\/2020\/06\/logo-Les-Ptits-Loups-carr\u00e9.jpg?resize=480%2C480&amp;ssl=1 480w, https:\/\/i2.wp.com\/chalezeule.fr\/wp-content\/uploads\/2020\/06\/logo-Les-Ptits-Loups-carr\u00e9.jpg?w=1776&amp;ssl=1 1776w\" sizes=\"(max-width: 232px) 100vw, 232px\" data-recalc-dims=\"1\" \/><\/p>\n<h5><span style=\"text-decoration: underline; color: #3782c1; font-family: Helvetica;\">Contact :<\/span><\/h5>\n<p><span class=\"adresse\"><span class=\"directrice\"><strong>Charline DUBILLARD<\/strong><\/span><\/span><\/p>\n<p><span class=\"adresse\"><span class=\"telephone\">03 81 87 02 87<\/span><\/span><\/p>\n<p><span class=\"adresse\">3, rue des Valli\u00e8res Sud\u00a0<\/span><span class=\"adresse\">25220 Chalezeule<\/span><\/p>\n<h5><span class=\"horaires\"><span style=\"text-decoration: underline; font-family: Helvetica;\"><span style=\"color: #3782c1; text-decoration: underline;\">Horaires d&#8217;ouverture :<\/span><\/span> \u00a0<\/span><strong><span class=\"horaires\">7h15 &#8211; 18h45<\/span><\/strong><\/h5>\n<h5><span style=\"color: #7fc400; font-family: Helvetica;\">A propos &#8230;<\/span><\/h5>\n<p><span style=\"font-family: Helvetica;\">La Structure Petite Enfance du SEEB (Syndicat Etudes Est Bisontin)<strong>*<\/strong> \u00ab\u00a0Les P&#8217;tits Loups\u00a0\u00bb a ouvert ses portes en f\u00e9vrier 2014.<\/span><\/p>\n<p><span style=\"font-family: Helvetica;\">Sa capacit\u00e9 d&#8217;accueil est de\u00a030 places (cr\u00e8che et halte-garderie).\u00a0<\/span><\/p>\n<p><span style=\"font-family: Helvetica;\">Sa gestion a \u00e9t\u00e9 confi\u00e9e \u00e0 la Mutualit\u00e9 fran\u00e7aise Jura et la directrice est Mme Charline DUBILLARD.<\/span><\/p>\n<p><span style=\"font-family: Helvetica;\"><em><strong>*<\/strong><span style=\"text-decoration: underline;\">Communes<\/span>\u00a0: Chalezeule, Thise, Roche-lez-Beaupr\u00e9, Chal\u00e8ze, Novillars, Marchaux, Chaudefontaine, Vaire-Arcier et Vaire-le-Petit.<\/em><\/span><\/p>\n<h5><span style=\"color: #7fc400; font-family: Helvetica;\"><strong>Une semaine \u00e0\u00a0 la cr\u00e8che\u00a0<\/strong><strong>pour les parents&#8230;<\/strong><\/span><\/h5>\n<p><span style=\"font-family: Helvetica;\">La structure \u00ab\u00a0les P\u2019tits Loups\u00a0\u00bb a cr\u00e9\u00e9 \u00ab\u00a0La semaine des parents\u00a0\u00bb.\u00a0 <\/span><\/p>\n<p><span style=\"font-family: Helvetica;\"><strong>L\u2019objectif\u00a0?<\/strong> Proposer aux parents de <strong>vivre un moment du quotidien de leur enfant \u00e0 la cr\u00e8che<\/strong>, de le d\u00e9couvrir au contact des autres enfants et d&#8217;\u00e9changer avec l&#8217;\u00e9quipe tout en observant notre mani\u00e8re d&#8217;accompagner les enfants.<\/span><\/p>\n<p><span style=\"font-family: Helvetica;\">Les parents\u00a0participent avec leur enfant aux jeux libres ou activit\u00e9s ext\u00e9rieures propos\u00e9es. Certains, plus gourmands, choisissent le moment du go\u00fbter. D\u2019autres, enfin, pr\u00e9f\u00e8rent s\u2019essayer aux ateliers de transvasement, partager un moment de lecture ou entonner une comptine avec toute l\u2019\u00e9quipe.<\/span><\/p>\n<p><span style=\"font-family: Helvetica;\"><strong>Certains parents proposent m\u00eame un atelier<\/strong>. C\u2019est ainsi que, sur le th\u00e8me des fleurs, une maman a racont\u00e9 une histoire, amen\u00e9 des graines \u00e0 planter et propos\u00e9 un coloriage tr\u00e8s bucolique.<\/span><\/p>\n<p><span style=\"font-family: Helvetica;\">Une semaine riche en \u00e9changes et en moments partag\u00e9s. <strong>Nous attendons la prochaine \u00e9dition avec impatience !<\/strong><\/span><\/p>\n<p><span style=\"text-decoration: underline;\"><span style=\"font-family: Helvetica; color: #7fc400; text-decoration: underline;\">Compte-rendus des animations :<\/span><\/span><\/p>\n<ul>\n<li><span style=\"font-family: Helvetica;\"><a href=\"http:\/\/chalezeule.fr\/index.php\/2017\/10\/30\/conference-sepanouir-dans-la-relation-adulteenfant-avec-la-communication-non-violente-29092017\/\">Conf\u00e9rence &#8211; s&#8217;\u00e9panouir dans la relation adulte\/enfant avec la communication non-violente &#8211; 29\/09\/2017<\/a><\/span><\/li>\n<\/ul>\n<p><strong><span style=\"text-decoration: underline;\"><span style=\"color: #99cc00; text-decoration: underline;\">Retrouvez les sur :<\/span><\/span><\/strong><\/p>\n<ul>\n<li><a href=\"https:\/\/www.facebook.com\/lesptitsloupschalezeule\/\">Facebook<\/a>\u00a0<\/li>\n<li><a href=\"https:\/\/www.mutualite-39.fr\/creche-ptits-loups-a-chalezeule-25\/\">Page du site institutionnel pour les pr\u00e9-inscriptions\u00a0<\/a><\/li>\n<\/ul>\n\n\n<p> <\/p>\n","protected":false},"excerpt":{"rendered":"<p>\u00a0 \u00a0 \u00a0 \u00a0Structure Multi-accueil\u00a0 Contact : Charline DUBILLARD 03 81 87 02 87 3, rue des Valli\u00e8res Sud\u00a025220 Chalezeule Horaires d&#8217;ouverture : \u00a07h15 &#8211; 18h45 A propos &#8230; La Structure Petite Enfance du SEEB (Syndicat Etudes Est Bisontin)* \u00ab\u00a0Les P&#8217;tits Loups\u00a0\u00bb a ouvert ses portes en f\u00e9vrier 2014. Sa capacit\u00e9 d&#8217;accueil est de\u00a030 places [&hellip;]<\/p>\n","protected":false},"author":1,"featured_media":0,"parent":0,"menu_order":0,"comment_status":"closed","ping_status":"closed","template":"","meta":[],"_links":{"self":[{"href":"https:\/\/chalezeule.fr\/index.php\/wp-json\/wp\/v2\/pages\/343"}],"collection":[{"href":"https:\/\/chalezeule.fr\/index.php\/wp-json\/wp\/v2\/pages"}],"about":[{"href":"https:\/\/chalezeule.fr\/index.php\/wp-json\/wp\/v2\/types\/page"}],"author":[{"embeddable":true,"href":"https:\/\/chalezeule.fr\/index.php\/wp-json\/wp\/v2\/users\/1"}],"replies":[{"embeddable":true,"href":"https:\/\/chalezeule.fr\/index.php\/wp-json\/wp\/v2\/comments?post=343"}],"version-history":[{"count":11,"href":"https:\/\/chalezeule.fr\/index.php\/wp-json\/wp\/v2\/pages\/343\/revisions"}],"predecessor-version":[{"id":3773,"href":"https:\/\/chalezeule.fr\/index.php\/wp-json\/wp\/v2\/pages\/343\/revisions\/3773"}],"wp:attachment":[{"href":"https:\/\/chalezeule.fr\/index.php\/wp-json\/wp\/v2\/media?parent=343"}],"curies":[{"name":"wp","href":"https:\/\/api.w.org\/{rel}","templated":true}]}}