{"id":341,"date":"2016-03-09T17:42:05","date_gmt":"2016-03-09T16:42:05","guid":{"rendered":"http:\/\/chalezeule.fr\/?page_id=341"},"modified":"2020-05-19T14:04:59","modified_gmt":"2020-05-19T13:04:59","slug":"le-r-a-m","status":"publish","type":"page","link":"https:\/\/chalezeule.fr\/index.php\/le-r-a-m\/","title":{"rendered":"Le R.A.M"},"content":{"rendered":"<header class=\"entry-header\">\n<h2>Le RAM et le Covid<\/h2>\n<p>Relais Petite Enfance du Seeb<br \/>\n03 81 57 81 44<br \/>\n<a href=\"mailto:relais.seeb@famillesrurales.org\">relais.seeb@famillesrurales.org<\/a><\/p>\n<p>Les services du RAM de l\u2019Est Bisontin du SEEB anim\u00e9 par Familles Rurales sont rest\u00e9s actifs durant toute la p\u00e9riode de confinement. En effet, le travail administratif et les temps de permanence aux usagers ont \u00e9t\u00e9 mis en place avec le t\u00e9l\u00e9travail.<\/p>\n<p>Un guide minist\u00e9riel pr\u00e9cise que la reprise des activit\u00e9s avec le regroupement d\u2019enfants qui reste interdite. Les relais doivent\u00a0prioriser leurs\u00a0 activit\u00e9s\u00a0 sur\u00a0 l\u2019accompagnement\u00a0 des\u00a0 professionnels\u00a0 et l\u2019orientation \u00e0 distance des parents.<\/p>\n<p>Dans ce sens, les relais mettent en \u0153uvre un maximum de services pour accompagner les professionnels et les parents employeurs.<\/p>\n<p>Cette p\u00e9riode est effectivement source de nombreuses questions tant pour les assistantes maternelles, sur l\u2019exercice de leur fonction, leurs conditions d\u2019accueil, de travail, que pour les employeurs en mati\u00e8re de droit du travail, indemnisation des assistantes maternelles, ch\u00f4mage de leur salari\u00e9, d\u00e9clarations\u2026 les relais sont ainsi extr\u00eamement sollicit\u00e9s sur cette mission d\u2019accompagnement, de soutien et d\u2019informations aux usagers.<\/p>\n<p>Ces services assurent une veille juridique et une recherche d\u2019informations d\u2019autant plus importantes en cette p\u00e9riode o\u00f9 les donn\u00e9es \u00e9voluent tr\u00e8s vite, afin de pouvoir r\u00e9orienter et informer les usagers au plus juste.<\/p>\n<p>Ainsi, si les missions d\u2019accueil collectif sont pour l\u2019instant suspendues, les missions d\u2019accompagnement et de communication se sont quant \u00e0 elles renforc\u00e9es, de par ce contexte si particulier.<\/p>\n<p>Ci-joint la derni\u00e8re \u00e9dition du journal\u00a0du Relais du SEEB envoy\u00e9 uniquement par mail ce mois-ci.<\/p>\n<h2><iframe src=\"\/\/docs.google.com\/viewer?url=http%3A%2F%2Fchalezeule.fr%2Fwp-content%2Fuploads%2F2020%2F05%2F3-Info-Relais-SEEB-MaiJuin-2020.pdf&hl=fr&embedded=true\" class=\"gde-frame\" style=\"width:100%; height:500px; border: none;\" scrolling=\"no\"><\/iframe>\n<p class=\"gde-text\"><a href=\"http:\/\/chalezeule.fr\/wp-content\/uploads\/2020\/05\/3-Info-Relais-SEEB-MaiJuin-2020.pdf\" class=\"gde-link\">T\u00e9l\u00e9charger (PDF, 3.29Mo)<\/a><\/p><\/h2>\n<h2 class=\"title-post entry-title\">Retour sur le court-m\u00e9trage &#8220;Ma nounou, Moi : Notre histoire&#8221;<\/h2>\n<p style=\"font-weight: 400;\">Ce projet, venant des assistantes maternelle et du Relais petite enfance de SEEB, valorise le beau m\u00e9tier des assistantes maternelles. Vous allez entendre leur t\u00e9moignage et les observer avec les enfants dans leur quotidien, \u00e0 travers des sc\u00e8nes de vie, de jeux\u2026 et constater le lien fort qui peut se cr\u00e9er entre l&#8217;enfant et l\u2019Assistante maternelle ; Et parfois aussi celui se nouant avec les parents. Nous gardons tr\u00e8s peu de souvenirs avant 3 ans et pourtant cette p\u00e9riode de la vie est d\u00e9cisive dans la construction d\u2019un individu. Les assistantes maternelles sont de vrais professionnelles de la petite enfance, elles sont l\u00e0 pour r\u00e9pondre aux besoins des enfants et les aider \u00e0 devenir des \u00eatres \u00e9panouis, ouverts sur le monde et acteurs de leur vie.<\/p>\n<p>Vous pouvez retrouver le court-m\u00e9trage en cliquant sur le lien suivant :\u00a0<a href=\"https:\/\/bourgogne-franche-comte.famillesrurales.org\/112\/ma-nounou-moi-notre-histoire\" data-saferedirecturl=\"https:\/\/www.google.com\/url?q=https:\/\/bourgogne-franche-comte.famillesrurales.org\/112\/ma-nounou-moi-notre-histoire&amp;source=gmail&amp;ust=1575647027393000&amp;usg=AFQjCNHJeGHwWXJvKGR2oxI-pwvfDzYv4A\">https:\/\/bourgogne-franche-comte.famillesrurales.org\/112\/ma-nounou-moi-notre-histoire<\/a><\/p>\n<p style=\"font-weight: 400;\">Montage vid\u00e9o : Cl\u00e9ment BORDAT ; Musique : Jordan TEIXEIRA.<\/p>\n<h2 class=\"title-post entry-title\">L&#8217;info-relais de novembre-d\u00e9cembre du SEEB est arriv\u00e9 !<\/h2>\n<iframe src=\"\/\/docs.google.com\/viewer?url=http%3A%2F%2Fchalezeule.fr%2Fwp-content%2Fuploads%2F2019%2F11%2F5-Info-Relais-SEEB-Nov-D%C3%A9c-2019.pdf&hl=fr&embedded=true\" class=\"gde-frame\" style=\"width:100%; height:500px; border: none;\" scrolling=\"no\"><\/iframe>\n<p class=\"gde-text\"><a href=\"http:\/\/chalezeule.fr\/wp-content\/uploads\/2019\/11\/5-Info-Relais-SEEB-Nov-D\u00e9c-2019.pdf\" class=\"gde-link\">T\u00e9l\u00e9charger (PDF, 3.09Mo)<\/a><\/p>\n<p>N&#8217;oubliez pas <strong>l&#8217;invitation du 29\/11<\/strong> \u00e0 Roche-lez-Beaupr\u00e9 pour la diffusion en avant premi\u00e8re de <strong>Ma Nounou, Moi : Notre histoire<\/strong> :<\/p>\n<p><img data-attachment-id=\"3397\" data-permalink=\"https:\/\/chalezeule.fr\/index.php\/actualites-2\/image003\/\" data-orig-file=\"https:\/\/i2.wp.com\/chalezeule.fr\/wp-content\/uploads\/2019\/11\/image003.jpg?fit=991%2C723&amp;ssl=1\" data-orig-size=\"991,723\" data-comments-opened=\"0\" data-image-meta=\"{&quot;aperture&quot;:&quot;0&quot;,&quot;credit&quot;:&quot;&quot;,&quot;camera&quot;:&quot;&quot;,&quot;caption&quot;:&quot;&quot;,&quot;created_timestamp&quot;:&quot;0&quot;,&quot;copyright&quot;:&quot;&quot;,&quot;focal_length&quot;:&quot;0&quot;,&quot;iso&quot;:&quot;0&quot;,&quot;shutter_speed&quot;:&quot;0&quot;,&quot;title&quot;:&quot;&quot;,&quot;orientation&quot;:&quot;0&quot;}\" data-image-title=\"image003\" data-image-description=\"\" data-medium-file=\"https:\/\/i2.wp.com\/chalezeule.fr\/wp-content\/uploads\/2019\/11\/image003.jpg?fit=300%2C219&amp;ssl=1\" data-large-file=\"https:\/\/i2.wp.com\/chalezeule.fr\/wp-content\/uploads\/2019\/11\/image003.jpg?fit=991%2C723&amp;ssl=1\" loading=\"lazy\" class=\"alignnone size-full wp-image-3397\" src=\"https:\/\/i2.wp.com\/chalezeule.fr\/wp-content\/uploads\/2019\/11\/image003.jpg?resize=991%2C723\" alt=\"\" srcset=\"https:\/\/i2.wp.com\/chalezeule.fr\/wp-content\/uploads\/2019\/11\/image003.jpg?w=991&amp;ssl=1 991w, https:\/\/i2.wp.com\/chalezeule.fr\/wp-content\/uploads\/2019\/11\/image003.jpg?resize=300%2C219&amp;ssl=1 300w, https:\/\/i2.wp.com\/chalezeule.fr\/wp-content\/uploads\/2019\/11\/image003.jpg?resize=768%2C560&amp;ssl=1 768w, https:\/\/i2.wp.com\/chalezeule.fr\/wp-content\/uploads\/2019\/11\/image003.jpg?resize=830%2C606&amp;ssl=1 830w, https:\/\/i2.wp.com\/chalezeule.fr\/wp-content\/uploads\/2019\/11\/image003.jpg?resize=550%2C400&amp;ssl=1 550w, https:\/\/i2.wp.com\/chalezeule.fr\/wp-content\/uploads\/2019\/11\/image003.jpg?resize=230%2C168&amp;ssl=1 230w, https:\/\/i2.wp.com\/chalezeule.fr\/wp-content\/uploads\/2019\/11\/image003.jpg?resize=350%2C255&amp;ssl=1 350w, https:\/\/i2.wp.com\/chalezeule.fr\/wp-content\/uploads\/2019\/11\/image003.jpg?resize=480%2C350&amp;ssl=1 480w\" sizes=\"(max-width: 991px) 100vw, 991px\" data-recalc-dims=\"1\" \/><\/p>\n<\/header>\n<div class=\"entry-content\">\n<h3><strong>Conf\u00e9rence pour Tous Vanessa RIBLET\u00a0<\/strong><\/h3>\n<iframe src=\"\/\/docs.google.com\/viewer?url=http%3A%2F%2Fchalezeule.fr%2Fwp-content%2Fuploads%2F2018%2F07%2FConf%C3%A9rence-pour-tous-Vanessa-RIBLET.pdf&hl=fr&embedded=true\" class=\"gde-frame\" style=\"width:100%; height:500px; border: none;\" scrolling=\"no\"><\/iframe>\n<p class=\"gde-text\"><a href=\"http:\/\/chalezeule.fr\/wp-content\/uploads\/2018\/07\/Conf\u00e9rence-pour-tous-Vanessa-RIBLET.pdf\" class=\"gde-link\">T\u00e9l\u00e9charger (PDF, 269KB)<\/a><\/p>\n<p class=\"gde-text\"><a class=\"gde-link\" href=\"http:\/\/chalezeule.fr\/wp-content\/uploads\/2018\/07\/Conf%C3%A9rence-pour-tous-Vanessa-RIBLET.pdf\">T\u00e9l\u00e9charger (PDF, 269KB)<\/a><\/p>\n<\/div>\n<h4 class=\"col-1-2\"><span style=\"font-family: Helvetica; color: #7fc400;\">Le Relais Familles\u00a0Assistantes Maternelles du SEEB<\/span><\/h4>\n<h4 id=\"adresse\"><span style=\"color: #99cc00;\"><img data-attachment-id=\"1526\" data-permalink=\"https:\/\/chalezeule.fr\/index.php\/petite-enfance\/ram\/\" data-orig-file=\"https:\/\/i1.wp.com\/chalezeule.fr\/wp-content\/uploads\/2016\/03\/RAM.png?fit=168%2C142&amp;ssl=1\" data-orig-size=\"168,142\" data-comments-opened=\"0\" data-image-meta=\"{&quot;aperture&quot;:&quot;0&quot;,&quot;credit&quot;:&quot;&quot;,&quot;camera&quot;:&quot;&quot;,&quot;caption&quot;:&quot;&quot;,&quot;created_timestamp&quot;:&quot;0&quot;,&quot;copyright&quot;:&quot;&quot;,&quot;focal_length&quot;:&quot;0&quot;,&quot;iso&quot;:&quot;0&quot;,&quot;shutter_speed&quot;:&quot;0&quot;,&quot;title&quot;:&quot;&quot;,&quot;orientation&quot;:&quot;0&quot;}\" data-image-title=\"RAM\" data-image-description=\"\" data-medium-file=\"https:\/\/i1.wp.com\/chalezeule.fr\/wp-content\/uploads\/2016\/03\/RAM.png?fit=168%2C142&amp;ssl=1\" data-large-file=\"https:\/\/i1.wp.com\/chalezeule.fr\/wp-content\/uploads\/2016\/03\/RAM.png?fit=168%2C142&amp;ssl=1\" loading=\"lazy\" class=\" wp-image-1526 alignleft\" src=\"https:\/\/i1.wp.com\/chalezeule.fr\/wp-content\/uploads\/2016\/03\/RAM.png?resize=392%2C331\" alt=\"\" data-recalc-dims=\"1\" \/><\/span><\/h4>\n<h4><\/h4>\n<h5><span style=\"color: #99cc00;\"><span style=\"text-decoration: underline; font-family: Helvetica;\"><span style=\"color: #3782c1; text-decoration: underline;\">Contact :<\/span><\/span><\/span><\/h5>\n<p><span style=\"font-family: Helvetica; color: #000000;\">03.81.57.81.44<\/span><\/p>\n<p><span style=\"font-family: Helvetica;\">relais.seeb@famillesrurales.org<\/span><\/p>\n<p id=\"adresse\"><a href=\"http:\/\/www.famillesrurales.org\/relais_petite_enfance_franche_comte\/\">www.famillesrurales.org\/relais_petite_enfance_franche_comte\/<\/a><\/p>\n<p><span style=\"color: #000000; font-family: Helvetica;\">3 rue Valli\u00e8res Sud\u00a0<span style=\"font-size: 16px;\">25220 Chalezeule<\/span><\/span><\/p>\n<div class=\"col-1-2\">\n<h5 id=\"horaires\"><span style=\"text-decoration: underline; color: #3782c1; font-family: Helvetica;\">Horaires :<\/span><\/h5>\n<p><span style=\"font-family: Helvetica;\">Mardi de 16h \u00e0 19h, uniquement sur rendez-vous<\/span><br \/>\n<span style=\"font-family: Helvetica;\"> Mercredi de 9 h \u00e0 12h, par t\u00e9l\u00e9phone ou visite<\/span><br \/>\n<span style=\"font-family: Helvetica;\"> Vendredi de 14h \u00e0 16h, uniquement par t\u00e9l\u00e9phone<\/span><\/p>\n<h5>\u00a0<span style=\"text-decoration: underline;\"><span style=\"color: #99cc00; font-family: Helvetica; text-decoration: underline;\">Inscription :<\/span><\/span><\/h5>\n<p><span style=\"font-family: Helvetica;\">Prenez contact en direct avec la structure afin de lancer le dossier d&#8217;inscription de votre enfant.<\/span><\/p>\n<p><span style=\"color: #7fc400; font-family: Helvetica; text-decoration-line: underline;\">Les Missions du Relais :<\/span><\/p>\n<\/div>\n<p><img data-attachment-id=\"2286\" data-permalink=\"https:\/\/chalezeule.fr\/index.php\/le-r-a-m\/capture2-2\/\" data-orig-file=\"https:\/\/i1.wp.com\/chalezeule.fr\/wp-content\/uploads\/2016\/03\/Capture2.png?fit=744%2C332&amp;ssl=1\" data-orig-size=\"744,332\" data-comments-opened=\"0\" data-image-meta=\"{&quot;aperture&quot;:&quot;0&quot;,&quot;credit&quot;:&quot;&quot;,&quot;camera&quot;:&quot;&quot;,&quot;caption&quot;:&quot;&quot;,&quot;created_timestamp&quot;:&quot;0&quot;,&quot;copyright&quot;:&quot;&quot;,&quot;focal_length&quot;:&quot;0&quot;,&quot;iso&quot;:&quot;0&quot;,&quot;shutter_speed&quot;:&quot;0&quot;,&quot;title&quot;:&quot;&quot;,&quot;orientation&quot;:&quot;0&quot;}\" data-image-title=\"Capture2\" data-image-description=\"\" data-medium-file=\"https:\/\/i1.wp.com\/chalezeule.fr\/wp-content\/uploads\/2016\/03\/Capture2.png?fit=300%2C134&amp;ssl=1\" data-large-file=\"https:\/\/i1.wp.com\/chalezeule.fr\/wp-content\/uploads\/2016\/03\/Capture2.png?fit=744%2C332&amp;ssl=1\" loading=\"lazy\" class=\"aligncenter wp-image-2286\" src=\"https:\/\/i1.wp.com\/chalezeule.fr\/wp-content\/uploads\/2016\/03\/Capture2.png?resize=698%2C312\" alt=\"\" srcset=\"https:\/\/i1.wp.com\/chalezeule.fr\/wp-content\/uploads\/2016\/03\/Capture2.png?resize=300%2C134&amp;ssl=1 300w, https:\/\/i1.wp.com\/chalezeule.fr\/wp-content\/uploads\/2016\/03\/Capture2.png?resize=230%2C103&amp;ssl=1 230w, https:\/\/i1.wp.com\/chalezeule.fr\/wp-content\/uploads\/2016\/03\/Capture2.png?resize=350%2C156&amp;ssl=1 350w, https:\/\/i1.wp.com\/chalezeule.fr\/wp-content\/uploads\/2016\/03\/Capture2.png?resize=480%2C214&amp;ssl=1 480w, https:\/\/i1.wp.com\/chalezeule.fr\/wp-content\/uploads\/2016\/03\/Capture2.png?w=744&amp;ssl=1 744w\" sizes=\"(max-width: 698px) 100vw, 698px\" data-recalc-dims=\"1\" \/><\/p>\n<h5>\u00a0<span style=\"text-decoration: underline; color: #7fc400;\"><span style=\"font-family: Helvetica;\"><strong>Permanences et temps forts :<\/strong><\/span><\/span><\/h5>\n<p><span style=\"font-family: Helvetica;\">Pour r\u00e9pondre \u00e0 ses missions d\u00e9finies par la CAF, le Relais a mis en place\u00a0:<\/span><\/p>\n<ul style=\"list-style-type: disc;\">\n<li><span style=\"color: #000000;\"><span style=\"font-family: Helvetica;\"><strong>Des permanences au local du relais \u00e0 Chalezeule, visant \u00e0 rendre un service\u00a0:<\/strong><\/span><\/span><\/li>\n<\/ul>\n<ul style=\"list-style-type: circle;\">\n<li>de la gestion de l\u2019offre et de la demande tout en rep\u00e9rant les besoins sur l\u2019ensemble du secteur<\/li>\n<li><span style=\"font-family: Helvetica;\">d\u2019information et d\u2019orientation o\u00f9 parents et assistantes maternelles peuvent venir se renseigner autant sur le statut de cette profession que sur le d\u00e9veloppement de l\u2019enfant<\/span><\/li>\n<li><span style=\"font-family: Helvetica;\">de professionnalisation pour permettre aux assistantes maternelles de se former tout au long de leur carri\u00e8re<\/span><\/li>\n<\/ul>\n<ul>\n<li><span style=\"color: #000000; font-family: Helvetica;\"><strong>Des temps de rencontres dans le but de cr\u00e9er du lien et d\u2019am\u00e9liorer l\u2019accueil des enfants<\/strong><\/span><\/li>\n<\/ul>\n<p><img data-attachment-id=\"2285\" data-permalink=\"https:\/\/chalezeule.fr\/index.php\/le-r-a-m\/capture-7\/\" data-orig-file=\"https:\/\/i1.wp.com\/chalezeule.fr\/wp-content\/uploads\/2016\/03\/Capture-4.png?fit=1084%2C572&amp;ssl=1\" data-orig-size=\"1084,572\" data-comments-opened=\"0\" data-image-meta=\"{&quot;aperture&quot;:&quot;0&quot;,&quot;credit&quot;:&quot;&quot;,&quot;camera&quot;:&quot;&quot;,&quot;caption&quot;:&quot;&quot;,&quot;created_timestamp&quot;:&quot;0&quot;,&quot;copyright&quot;:&quot;&quot;,&quot;focal_length&quot;:&quot;0&quot;,&quot;iso&quot;:&quot;0&quot;,&quot;shutter_speed&quot;:&quot;0&quot;,&quot;title&quot;:&quot;&quot;,&quot;orientation&quot;:&quot;0&quot;}\" data-image-title=\"Capture\" data-image-description=\"\" data-medium-file=\"https:\/\/i1.wp.com\/chalezeule.fr\/wp-content\/uploads\/2016\/03\/Capture-4.png?fit=300%2C158&amp;ssl=1\" data-large-file=\"https:\/\/i1.wp.com\/chalezeule.fr\/wp-content\/uploads\/2016\/03\/Capture-4.png?fit=1024%2C540&amp;ssl=1\" loading=\"lazy\" class=\"aligncenter wp-image-2285\" src=\"https:\/\/i1.wp.com\/chalezeule.fr\/wp-content\/uploads\/2016\/03\/Capture-4.png?resize=587%2C310\" alt=\"\" srcset=\"https:\/\/i1.wp.com\/chalezeule.fr\/wp-content\/uploads\/2016\/03\/Capture-4.png?resize=300%2C158&amp;ssl=1 300w, https:\/\/i1.wp.com\/chalezeule.fr\/wp-content\/uploads\/2016\/03\/Capture-4.png?resize=768%2C405&amp;ssl=1 768w, https:\/\/i1.wp.com\/chalezeule.fr\/wp-content\/uploads\/2016\/03\/Capture-4.png?resize=1024%2C540&amp;ssl=1 1024w, https:\/\/i1.wp.com\/chalezeule.fr\/wp-content\/uploads\/2016\/03\/Capture-4.png?resize=830%2C438&amp;ssl=1 830w, https:\/\/i1.wp.com\/chalezeule.fr\/wp-content\/uploads\/2016\/03\/Capture-4.png?resize=230%2C121&amp;ssl=1 230w, https:\/\/i1.wp.com\/chalezeule.fr\/wp-content\/uploads\/2016\/03\/Capture-4.png?resize=350%2C185&amp;ssl=1 350w, https:\/\/i1.wp.com\/chalezeule.fr\/wp-content\/uploads\/2016\/03\/Capture-4.png?resize=480%2C253&amp;ssl=1 480w, https:\/\/i1.wp.com\/chalezeule.fr\/wp-content\/uploads\/2016\/03\/Capture-4.png?w=1084&amp;ssl=1 1084w\" sizes=\"(max-width: 587px) 100vw, 587px\" data-recalc-dims=\"1\" \/><\/p>\n<ul>\n<li><span style=\"color: #000000; font-family: Helvetica;\"><strong><em>Pour les enfants : <\/em><\/strong><\/span><\/li>\n<\/ul>\n<ul style=\"list-style-type: circle;\">\n<li><span style=\"font-family: Helvetica;\">Le vendredi matin, assistantes maternelles et parents sont invit\u00e9s \u00e0 se retrouver accompagn\u00e9s des enfants.<\/span><\/li>\n<li><span style=\"font-family: Helvetica;\">Ils y d\u00e9couvrent des jeux, y rencontrent d\u2019autres enfants et participent \u00e0 une activit\u00e9 ludique. Ces temps de rencontres sont itin\u00e9rants sur cinq communes du SEEB\u00a0<\/span><\/li>\n<li><span style=\"font-family: Helvetica;\">Que vous soyez assistante maternelle ou parent en responsabilit\u00e9 d\u2019un enfant entre 0 et 6 ans, vous pouvez venir \u00e0 toutes les animations du mois.<\/span><\/li>\n<\/ul>\n<h5><span style=\"text-decoration: underline;\"><span style=\"font-family: Helvetica; color: #7fc400; text-decoration: underline;\">Compte-rendus des animations :<\/span><\/span><\/h5>\n<ul>\n<li><a href=\"http:\/\/chalezeule.fr\/index.php\/2017\/10\/30\/conference-sepanouir-dans-la-relation-adulteenfant-avec-la-communication-non-violente-29092017\/\"><span style=\"font-family: Helvetica;\">Conf\u00e9rence &#8211; s&#8217;\u00e9panouir dans la relation adulte\/enfant avec la communication non-violente &#8211; 29\/09\/2017<\/span><\/a><\/li>\n<\/ul>\n","protected":false},"excerpt":{"rendered":"<p>Le RAM et le Covid Relais Petite Enfance du Seeb 03 81 57 81 44 relais.seeb@famillesrurales.org Les services du RAM de l\u2019Est Bisontin du SEEB anim\u00e9 par Familles Rurales sont rest\u00e9s actifs durant toute la p\u00e9riode de confinement. En effet, le travail administratif et les temps de permanence aux usagers ont \u00e9t\u00e9 mis en place [&hellip;]<\/p>\n","protected":false},"author":1,"featured_media":0,"parent":0,"menu_order":0,"comment_status":"closed","ping_status":"closed","template":"","meta":[],"_links":{"self":[{"href":"https:\/\/chalezeule.fr\/index.php\/wp-json\/wp\/v2\/pages\/341"}],"collection":[{"href":"https:\/\/chalezeule.fr\/index.php\/wp-json\/wp\/v2\/pages"}],"about":[{"href":"https:\/\/chalezeule.fr\/index.php\/wp-json\/wp\/v2\/types\/page"}],"author":[{"embeddable":true,"href":"https:\/\/chalezeule.fr\/index.php\/wp-json\/wp\/v2\/users\/1"}],"replies":[{"embeddable":true,"href":"https:\/\/chalezeule.fr\/index.php\/wp-json\/wp\/v2\/comments?post=341"}],"version-history":[{"count":20,"href":"https:\/\/chalezeule.fr\/index.php\/wp-json\/wp\/v2\/pages\/341\/revisions"}],"predecessor-version":[{"id":3729,"href":"https:\/\/chalezeule.fr\/index.php\/wp-json\/wp\/v2\/pages\/341\/revisions\/3729"}],"wp:attachment":[{"href":"https:\/\/chalezeule.fr\/index.php\/wp-json\/wp\/v2\/media?parent=341"}],"curies":[{"name":"wp","href":"https:\/\/api.w.org\/{rel}","templated":true}]}}