{"id":330,"date":"2016-03-09T17:34:12","date_gmt":"2016-03-09T16:34:12","guid":{"rendered":"http:\/\/chalezeule.fr\/?page_id=330"},"modified":"2022-06-23T09:07:59","modified_gmt":"2022-06-23T08:07:59","slug":"accueil-vacances","status":"publish","type":"page","link":"https:\/\/chalezeule.fr\/index.php\/accueil-vacances\/","title":{"rendered":"Accueil vacances"},"content":{"rendered":"\n<p><\/p>\n\n\n<h3><span style=\"color: #7fc400;\"><strong>Dates d\u2019ouvertures de l\u2019accueil de loisirs<\/strong><\/span><\/h3>\n<ul>\n<li><strong><u>Et\u00e9<\/u> : du 22 au 25 ao\u00fbt 2022<\/strong><\/li>\n<li><strong><u>Automne<\/u> : du 24 au 28 octobre 2022<\/strong><\/li>\n<li><strong><u>Hiver<\/u> : du 6 au 10 f\u00e9vrier 2023<\/strong><\/li>\n<li><strong><span style=\"text-decoration: underline;\">Printemps<\/span>: du 10 au 14 avril 2023<\/strong><\/li>\n<li><strong><span style=\"text-decoration: underline;\">Et\u00e9<\/span>:\u00a0 du 28 ao\u00fbt au 1er septembre 2023 sous r\u00e9serve<\/strong><\/li>\n<\/ul>\n<hr \/>","protected":false},"excerpt":{"rendered":"<p>Dates d\u2019ouvertures de l\u2019accueil de loisirs Et\u00e9 : du 22 au 25 ao\u00fbt 2022 Automne : du 24 au 28 octobre 2022 Hiver : du 6 au 10 f\u00e9vrier 2023 Printemps: du 10 au 14 avril 2023 Et\u00e9:\u00a0 du 28 ao\u00fbt au 1er septembre 2023 sous r\u00e9serve<\/p>\n","protected":false},"author":1,"featured_media":0,"parent":0,"menu_order":0,"comment_status":"closed","ping_status":"closed","template":"","meta":[],"_links":{"self":[{"href":"https:\/\/chalezeule.fr\/index.php\/wp-json\/wp\/v2\/pages\/330"}],"collection":[{"href":"https:\/\/chalezeule.fr\/index.php\/wp-json\/wp\/v2\/pages"}],"about":[{"href":"https:\/\/chalezeule.fr\/index.php\/wp-json\/wp\/v2\/types\/page"}],"author":[{"embeddable":true,"href":"https:\/\/chalezeule.fr\/index.php\/wp-json\/wp\/v2\/users\/1"}],"replies":[{"embeddable":true,"href":"https:\/\/chalezeule.fr\/index.php\/wp-json\/wp\/v2\/comments?post=330"}],"version-history":[{"count":16,"href":"https:\/\/chalezeule.fr\/index.php\/wp-json\/wp\/v2\/pages\/330\/revisions"}],"predecessor-version":[{"id":4477,"href":"https:\/\/chalezeule.fr\/index.php\/wp-json\/wp\/v2\/pages\/330\/revisions\/4477"}],"wp:attachment":[{"href":"https:\/\/chalezeule.fr\/index.php\/wp-json\/wp\/v2\/media?parent=330"}],"curies":[{"name":"wp","href":"https:\/\/api.w.org\/{rel}","templated":true}]}}