{"id":324,"date":"2016-03-09T17:33:02","date_gmt":"2016-03-09T16:33:02","guid":{"rendered":"http:\/\/chalezeule.fr\/?page_id=324"},"modified":"2022-06-23T09:45:55","modified_gmt":"2022-06-23T08:45:55","slug":"equipe-animation","status":"publish","type":"page","link":"https:\/\/chalezeule.fr\/index.php\/equipe-animation\/","title":{"rendered":"\u00c9quipe animation"},"content":{"rendered":"<h4><span style=\"font-family: Helvetica; color: #3782c1;\">Contacter le service Animation :\u00a0<\/span><\/h4>\n<p><strong><span style=\"color: #7fc400;\">Adresse courriel :<\/span><\/strong> <strong>animationchalezeule@laposte.net<\/strong><br \/><span style=\"color: #7fc400;\"><strong>T\u00e9l\u00e9phone :<\/strong><\/span> <strong>03 81 51 59 92 <\/strong><\/p>\n<p><em>N\u2019h\u00e9sitez pas \u00e0 laisser un message sur le r\u00e9pondeur.<\/em><\/p>\n<p><span style=\"color: #7fc400;\">Transport p\u00e9riscolaire uniquement : <\/span><strong>06 47 15 37 21<\/strong><\/p>\n<p>\u00a0<\/p>\n\n\n<figure class=\"wp-block-image\"><img data-attachment-id=\"4480\" data-permalink=\"https:\/\/chalezeule.fr\/index.php\/equipe-animation\/img_20220623_104227\/\" data-orig-file=\"https:\/\/i1.wp.com\/chalezeule.fr\/wp-content\/uploads\/2022\/06\/IMG_20220623_104227.jpg?fit=1024%2C768&amp;ssl=1\" data-orig-size=\"1024,768\" data-comments-opened=\"0\" data-image-meta=\"{&quot;aperture&quot;:&quot;0&quot;,&quot;credit&quot;:&quot;&quot;,&quot;camera&quot;:&quot;&quot;,&quot;caption&quot;:&quot;&quot;,&quot;created_timestamp&quot;:&quot;0&quot;,&quot;copyright&quot;:&quot;&quot;,&quot;focal_length&quot;:&quot;0&quot;,&quot;iso&quot;:&quot;0&quot;,&quot;shutter_speed&quot;:&quot;0&quot;,&quot;title&quot;:&quot;&quot;,&quot;orientation&quot;:&quot;0&quot;}\" data-image-title=\"IMG_20220623_104227\" data-image-description=\"\" data-medium-file=\"https:\/\/i1.wp.com\/chalezeule.fr\/wp-content\/uploads\/2022\/06\/IMG_20220623_104227.jpg?fit=300%2C225&amp;ssl=1\" data-large-file=\"https:\/\/i1.wp.com\/chalezeule.fr\/wp-content\/uploads\/2022\/06\/IMG_20220623_104227.jpg?fit=1024%2C768&amp;ssl=1\" loading=\"lazy\" width=\"1024\" height=\"768\" src=\"https:\/\/i1.wp.com\/chalezeule.fr\/wp-content\/uploads\/2022\/06\/IMG_20220623_104227.jpg?fit=1024%2C768\" alt=\"\" class=\"wp-image-4480\" srcset=\"https:\/\/i1.wp.com\/chalezeule.fr\/wp-content\/uploads\/2022\/06\/IMG_20220623_104227.jpg?w=1024&amp;ssl=1 1024w, https:\/\/i1.wp.com\/chalezeule.fr\/wp-content\/uploads\/2022\/06\/IMG_20220623_104227.jpg?resize=300%2C225&amp;ssl=1 300w, https:\/\/i1.wp.com\/chalezeule.fr\/wp-content\/uploads\/2022\/06\/IMG_20220623_104227.jpg?resize=768%2C576&amp;ssl=1 768w, https:\/\/i1.wp.com\/chalezeule.fr\/wp-content\/uploads\/2022\/06\/IMG_20220623_104227.jpg?resize=830%2C623&amp;ssl=1 830w, https:\/\/i1.wp.com\/chalezeule.fr\/wp-content\/uploads\/2022\/06\/IMG_20220623_104227.jpg?resize=230%2C173&amp;ssl=1 230w, https:\/\/i1.wp.com\/chalezeule.fr\/wp-content\/uploads\/2022\/06\/IMG_20220623_104227.jpg?resize=350%2C263&amp;ssl=1 350w, https:\/\/i1.wp.com\/chalezeule.fr\/wp-content\/uploads\/2022\/06\/IMG_20220623_104227.jpg?resize=480%2C360&amp;ssl=1 480w\" sizes=\"(max-width: 1024px) 100vw, 1024px\" \/><figcaption>Equipe du p\u00e9riscolaire<\/figcaption><\/figure>\n","protected":false},"excerpt":{"rendered":"<p>Contacter le service Animation :\u00a0 Adresse courriel : animationchalezeule@laposte.netT\u00e9l\u00e9phone : 03 81 51 59 92 N\u2019h\u00e9sitez pas \u00e0 laisser un message sur le r\u00e9pondeur. Transport p\u00e9riscolaire uniquement : 06 47 15 37 21 \u00a0<\/p>\n","protected":false},"author":1,"featured_media":0,"parent":0,"menu_order":0,"comment_status":"closed","ping_status":"closed","template":"","meta":[],"_links":{"self":[{"href":"https:\/\/chalezeule.fr\/index.php\/wp-json\/wp\/v2\/pages\/324"}],"collection":[{"href":"https:\/\/chalezeule.fr\/index.php\/wp-json\/wp\/v2\/pages"}],"about":[{"href":"https:\/\/chalezeule.fr\/index.php\/wp-json\/wp\/v2\/types\/page"}],"author":[{"embeddable":true,"href":"https:\/\/chalezeule.fr\/index.php\/wp-json\/wp\/v2\/users\/1"}],"replies":[{"embeddable":true,"href":"https:\/\/chalezeule.fr\/index.php\/wp-json\/wp\/v2\/comments?post=324"}],"version-history":[{"count":11,"href":"https:\/\/chalezeule.fr\/index.php\/wp-json\/wp\/v2\/pages\/324\/revisions"}],"predecessor-version":[{"id":4481,"href":"https:\/\/chalezeule.fr\/index.php\/wp-json\/wp\/v2\/pages\/324\/revisions\/4481"}],"wp:attachment":[{"href":"https:\/\/chalezeule.fr\/index.php\/wp-json\/wp\/v2\/media?parent=324"}],"curies":[{"name":"wp","href":"https:\/\/api.w.org\/{rel}","templated":true}]}}