{"id":313,"date":"2016-03-09T17:23:46","date_gmt":"2016-03-09T16:23:46","guid":{"rendered":"http:\/\/chalezeule.fr\/?page_id=313"},"modified":"2021-04-30T09:56:14","modified_gmt":"2021-04-30T08:56:14","slug":"delegues-de-parents-deleves","status":"publish","type":"page","link":"https:\/\/chalezeule.fr\/index.php\/delegues-de-parents-deleves\/","title":{"rendered":"D\u00e9l\u00e9gu\u00e9s de parents d&#8217;\u00e9l\u00e8ves"},"content":{"rendered":"<p>Djamila BOUZZA<\/p>\n<p>CORDELLIER C\u00e9cile<\/p>\n<p>LAVIER J\u00e9r\u00f4me<\/p>\n<p>Olivier KVASNAIK<\/p>\n<p>BELHADJ Sabrina<\/p>\n<p>BELIN C\u00e9line<\/p>\n<p>DEJOUY Lyra<\/p>\n","protected":false},"excerpt":{"rendered":"<p>Djamila BOUZZA CORDELLIER C\u00e9cile LAVIER J\u00e9r\u00f4me Olivier KVASNAIK BELHADJ Sabrina BELIN C\u00e9line DEJOUY Lyra<\/p>\n","protected":false},"author":1,"featured_media":0,"parent":0,"menu_order":0,"comment_status":"closed","ping_status":"closed","template":"","meta":[],"_links":{"self":[{"href":"https:\/\/chalezeule.fr\/index.php\/wp-json\/wp\/v2\/pages\/313"}],"collection":[{"href":"https:\/\/chalezeule.fr\/index.php\/wp-json\/wp\/v2\/pages"}],"about":[{"href":"https:\/\/chalezeule.fr\/index.php\/wp-json\/wp\/v2\/types\/page"}],"author":[{"embeddable":true,"href":"https:\/\/chalezeule.fr\/index.php\/wp-json\/wp\/v2\/users\/1"}],"replies":[{"embeddable":true,"href":"https:\/\/chalezeule.fr\/index.php\/wp-json\/wp\/v2\/comments?post=313"}],"version-history":[{"count":10,"href":"https:\/\/chalezeule.fr\/index.php\/wp-json\/wp\/v2\/pages\/313\/revisions"}],"predecessor-version":[{"id":4154,"href":"https:\/\/chalezeule.fr\/index.php\/wp-json\/wp\/v2\/pages\/313\/revisions\/4154"}],"wp:attachment":[{"href":"https:\/\/chalezeule.fr\/index.php\/wp-json\/wp\/v2\/media?parent=313"}],"curies":[{"name":"wp","href":"https:\/\/api.w.org\/{rel}","templated":true}]}}