{"id":304,"date":"2016-03-09T17:18:59","date_gmt":"2016-03-09T16:18:59","guid":{"rendered":"http:\/\/chalezeule.fr\/?page_id=304"},"modified":"2022-02-10T15:34:14","modified_gmt":"2022-02-10T14:34:14","slug":"ecole-2","status":"publish","type":"page","link":"https:\/\/chalezeule.fr\/index.php\/ecole-2\/","title":{"rendered":"\u00c9cole"},"content":{"rendered":"<div class=\"entry-content\">\n<h4><span style=\"font-family: Helvetica;\"><span style=\"color: #3782c1;\">Ecole\u00a0<\/span><\/span><\/h4>\n<div id=\"blocCoordonnees\" class=\"zone bloc-coordonnees open-link-uncollapse show-numero-all\">\n<div class=\"bloc-inner\">\n<header><span style=\"font-family: Helvetica;\"><a href=\"https:\/\/i1.wp.com\/chalezeule.fr\/wp-content\/uploads\/2016\/03\/DSCN3397.jpg\"><img data-attachment-id=\"1167\" data-permalink=\"https:\/\/chalezeule.fr\/index.php\/ecole-2\/dscn3397\/\" data-orig-file=\"https:\/\/i1.wp.com\/chalezeule.fr\/wp-content\/uploads\/2016\/03\/DSCN3397.jpg?fit=2048%2C1536&amp;ssl=1\" data-orig-size=\"2048,1536\" data-comments-opened=\"0\" data-image-meta=\"{&quot;aperture&quot;:&quot;3.9&quot;,&quot;credit&quot;:&quot;&quot;,&quot;camera&quot;:&quot;E3100&quot;,&quot;caption&quot;:&quot;&quot;,&quot;created_timestamp&quot;:&quot;1182697275&quot;,&quot;copyright&quot;:&quot;&quot;,&quot;focal_length&quot;:&quot;11.6&quot;,&quot;iso&quot;:&quot;100&quot;,&quot;shutter_speed&quot;:&quot;0.0029940119760479&quot;,&quot;title&quot;:&quot;&quot;,&quot;orientation&quot;:&quot;1&quot;}\" data-image-title=\"DSCN3397\" data-image-description=\"\" data-medium-file=\"https:\/\/i1.wp.com\/chalezeule.fr\/wp-content\/uploads\/2016\/03\/DSCN3397.jpg?fit=300%2C225&amp;ssl=1\" data-large-file=\"https:\/\/i1.wp.com\/chalezeule.fr\/wp-content\/uploads\/2016\/03\/DSCN3397.jpg?fit=1024%2C768&amp;ssl=1\" loading=\"lazy\" class=\"wp-image-1167 alignleft\" src=\"https:\/\/i1.wp.com\/chalezeule.fr\/wp-content\/uploads\/2016\/03\/DSCN3397.jpg?resize=348%2C261\" alt=\"\" srcset=\"https:\/\/i1.wp.com\/chalezeule.fr\/wp-content\/uploads\/2016\/03\/DSCN3397.jpg?resize=300%2C225&amp;ssl=1 300w, https:\/\/i1.wp.com\/chalezeule.fr\/wp-content\/uploads\/2016\/03\/DSCN3397.jpg?resize=768%2C576&amp;ssl=1 768w, https:\/\/i1.wp.com\/chalezeule.fr\/wp-content\/uploads\/2016\/03\/DSCN3397.jpg?resize=1024%2C768&amp;ssl=1 1024w, https:\/\/i1.wp.com\/chalezeule.fr\/wp-content\/uploads\/2016\/03\/DSCN3397.jpg?resize=830%2C623&amp;ssl=1 830w, https:\/\/i1.wp.com\/chalezeule.fr\/wp-content\/uploads\/2016\/03\/DSCN3397.jpg?resize=230%2C173&amp;ssl=1 230w, https:\/\/i1.wp.com\/chalezeule.fr\/wp-content\/uploads\/2016\/03\/DSCN3397.jpg?resize=350%2C263&amp;ssl=1 350w, https:\/\/i1.wp.com\/chalezeule.fr\/wp-content\/uploads\/2016\/03\/DSCN3397.jpg?resize=480%2C360&amp;ssl=1 480w, https:\/\/i1.wp.com\/chalezeule.fr\/wp-content\/uploads\/2016\/03\/DSCN3397.jpg?w=2048&amp;ssl=1 2048w\" sizes=\"(max-width: 348px) 100vw, 348px\" data-recalc-dims=\"1\" \/><\/a><\/span><\/header>\n<div class=\"coord-panel open-link-uncollapse show-numero-all\" data-pjsearchctx-highlight=\"{&quot;optionsHighlight&quot;:{&quot;wordsOnly&quot;: true}}\">\n<header><\/header>\n<header><\/header>\n<h5><span style=\"font-family: Helvetica;\">\u00a0<\/span><\/h5>\n<h5><span style=\"font-family: Helvetica; font-size: 16px;\"><strong><span style=\"color: #000000;\">\u00a03 Grande Rue, 25220 CHALEZEULE<\/span><\/strong><\/span><\/h5>\n<header>\n<p class=\"coord-adress\"><span style=\"font-family: Helvetica;\"><strong><span style=\"color: #000000;\">T\u00e9l : 03.81.61.02.50<\/span><\/strong><\/span><\/p>\n<\/header>\n<\/div>\n<\/div>\n<\/div>\n<\/div>\n<ul id=\"menu-menu-ecole\" class=\"menu\">\n<li id=\"menu-item-318\" class=\"menu-item menu-item-type-post_type menu-item-object-page menu-item-318 menu-item-delegues-de-parents-deleves last-menu-item\"><span style=\"font-family: Helvetica;\"><a href=\"http:\/\/chalezeule.fr\/index.php\/delegues-de-parents-deleves\/\">D\u00e9l\u00e9gu\u00e9s de parents d\u2019\u00e9l\u00e8ves<\/a><\/span><\/li>\n<\/ul>\n<hr \/>\n<h4><\/h4>\n<h4><span style=\"color: #3782c1; font-family: Helvetica;\">Ann\u00e9e Scolaire 2021-2022<\/span><\/h4>\n<h5><strong><span style=\"color: #7fc400; font-family: Helvetica;\">Notre \u00e9cole compte 116 \u00e9l\u00e8ves<\/span><\/strong><\/h5>\n<table style=\"height: 250px;\" width=\"395\">\n<tbody>\n<tr style=\"height: 25px;\">\n<td style=\"height: 25px;\" width=\"50\"><span style=\"font-family: Helvetica;\">\u00a0<\/span><\/td>\n<td style=\"height: 25px;\" width=\"55\"><span style=\"font-family: Helvetica;\"><strong>Effectifs<\/strong><\/span><\/td>\n<td style=\"height: 25px;\" width=\"169\"><span style=\"font-family: Helvetica;\"><strong>\u00a0 \u00a0 \u00a0 \u00a0 \u00a0 \u00a0 \u00a0Enseignant<\/strong><\/span><\/td>\n<\/tr>\n<tr style=\"height: 25px;\">\n<td style=\"height: 25px;\"><span style=\"font-family: Helvetica;\">PS<\/span><\/td>\n<td style=\"height: 25px;\"><span style=\"font-family: Helvetica;\">7<\/span><\/td>\n<td style=\"height: 50px;\" rowspan=\"2\"><span style=\"font-family: Helvetica;\">Mme DEHLINGER Marjorie<\/span><\/td>\n<\/tr>\n<tr style=\"height: 25px;\">\n<td style=\"height: 25px;\"><span style=\"font-family: Helvetica;\">MS<\/span><\/td>\n<td style=\"height: 25px;\"><span style=\"font-family: Helvetica;\">11<\/span><\/td>\n<\/tr>\n<tr style=\"height: 25px;\">\n<td style=\"height: 25px;\"><span style=\"font-family: Helvetica;\">GS<\/span><\/td>\n<td style=\"height: 25px;\"><span style=\"font-family: Helvetica;\">11<\/span><\/td>\n<td style=\"height: 50px;\" rowspan=\"2\"><span style=\"font-family: Helvetica;\">Mme IMEKHLEF Dabhia\u00a0 \u00a0 \u00a0 \u00a0 \u00a0 <\/span><span style=\"font-family: Helvetica;\">Mme Ecarnot Melusine\u00a0<\/span><\/td>\n<\/tr>\n<tr style=\"height: 25px;\">\n<td style=\"height: 25px;\"><span style=\"font-family: Helvetica;\">CP<\/span><\/td>\n<td style=\"height: 25px;\"><span style=\"font-family: Helvetica;\">9<\/span><\/td>\n<\/tr>\n<tr style=\"height: 25px;\">\n<td style=\"height: 25px;\"><span style=\"font-family: Helvetica;\">CE1<\/span><\/td>\n<td style=\"height: 25px;\"><span style=\"font-family: Helvetica;\">15<\/span><\/td>\n<td style=\"height: 109.016px;\" rowspan=\"4\"><span style=\"font-family: Helvetica;\">Mme ROUSEAU Carole\u00a0 \u00a0 \u00a0 \u00a0 \u00a0 \u00a0 Mme Alexa Borella<br \/>\n<\/span><\/p>\n<hr \/>\n<p><span style=\"font-family: Helvetica;\">Mme DURAND Anne Clair<\/span><\/td>\n<\/tr>\n<tr style=\"height: 34.0156px;\">\n<td style=\"height: 34.0156px;\">CE2<\/td>\n<td style=\"height: 34.0156px;\">\u00a012<\/td>\n<\/tr>\n<tr style=\"height: 25px;\">\n<td style=\"height: 25px;\"><span style=\"font-family: Helvetica;\">CE2\u00a0<\/span><\/td>\n<td style=\"height: 25px;\">8<\/td>\n<\/tr>\n<tr style=\"height: 25px;\">\n<td style=\"height: 25px;\"><span style=\"font-family: Helvetica;\">CM1<\/span><\/td>\n<td style=\"height: 25px;\"><span style=\"font-family: Helvetica;\">19<\/span><\/td>\n<\/tr>\n<tr style=\"height: 25px;\">\n<td style=\"height: 25px;\"><\/td>\n<td style=\"height: 25px;\"><\/td>\n<td style=\"height: 50px;\" rowspan=\"2\"><span style=\"font-family: Helvetica;\">Mme RAVIER Laurence<\/span><\/td>\n<\/tr>\n<tr style=\"height: 25px;\">\n<td style=\"height: 25px;\"><span style=\"font-family: Helvetica;\">CM2<\/span><\/td>\n<td style=\"height: 25px;\"><span style=\"font-family: Helvetica;\">22<\/span><\/td>\n<\/tr>\n<\/tbody>\n<\/table>\n<h5><span style=\"font-family: Helvetica;\"><strong><span style=\"color: #7fc400;\"><br \/>\nDates des vacances scolaires en 2021-2022 <\/span>\u00a0 \u00a0 \u00a0 \u00a0 \u00a0 \u00a0 \u00a0 \u00a0 \u00a0 \u00a0 \u00a0 \u00a0 \u00a0 \u00a0\u00a0<\/strong><strong>Zone A<\/strong><\/span><\/h5>\n<table style=\"width: 638px;\">\n<tbody>\n<tr>\n<td style=\"width: 183px;\"><strong>Vacances<\/strong><\/td>\n<td style=\"width: 254px;\"><strong>Fin des cours (\u00e0 l\u2019issue de la journ\u00e9e)<\/strong><\/td>\n<td style=\"width: 191px;\"><strong>Reprise des cours<\/strong><\/td>\n<\/tr>\n<tr>\n<td style=\"width: 183px;\">Vacances d\u2032\u00c9t\u00e9 2021<\/td>\n<td style=\"width: 254px;\">jeudi 7juillet 2021<\/td>\n<td style=\"width: 191px;\">jeudi 2\u00a0 septembre 2021<\/td>\n<\/tr>\n<tr>\n<td style=\"width: 183px;\">Vacances d\u2019Automne 2021<\/td>\n<td style=\"width: 254px;\">samedi 23 octobre 2021<\/td>\n<td style=\"width: 191px;\">lundi 8 novembre 2021<\/td>\n<\/tr>\n<tr>\n<td style=\"width: 183px;\">Vacances de No\u00ebl 2020\/2021<\/td>\n<td style=\"width: 254px;\">samedi 18 d\u00e9cembre 2021<\/td>\n<td style=\"width: 191px;\">lundi 3 janvier 2022<\/td>\n<\/tr>\n<tr>\n<td style=\"width: 183px;\">Vacances d\u2032Hiver 2022<\/td>\n<td style=\"width: 254px;\">samedi 12 f\u00e9vrier 2022<\/td>\n<td style=\"width: 191px;\">lundi 28 f\u00e9vrier 2022<\/td>\n<\/tr>\n<tr>\n<td style=\"width: 183px;\">Vacances de Printemps 2022<\/td>\n<td style=\"width: 254px;\">samedi 16 avril 2022<\/td>\n<td style=\"width: 191px;\">lundi 2 mai 2022<\/td>\n<\/tr>\n<tr>\n<td style=\"width: 183px;\">Ascension 2022<\/td>\n<td style=\"width: 254px;\">mercredi 25 mai 2022<\/td>\n<td style=\"width: 191px;\">lundi30 mai 2022<\/td>\n<\/tr>\n<tr>\n<td style=\"width: 183px;\">Vacances d\u2032\u00c9t\u00e9 2022<\/td>\n<td style=\"width: 254px;\">jeudi 7 juillet 2022<\/td>\n<td style=\"width: 191px;\">jeudi 1 septembre2022<\/td>\n<\/tr>\n<\/tbody>\n<\/table>\n","protected":false},"excerpt":{"rendered":"<p>Ecole\u00a0 \u00a0 \u00a03 Grande Rue, 25220 CHALEZEULE T\u00e9l : 03.81.61.02.50 D\u00e9l\u00e9gu\u00e9s de parents d\u2019\u00e9l\u00e8ves Ann\u00e9e Scolaire 2021-2022 Notre \u00e9cole compte 116 \u00e9l\u00e8ves \u00a0 Effectifs \u00a0 \u00a0 \u00a0 \u00a0 \u00a0 \u00a0 \u00a0Enseignant PS 7 Mme DEHLINGER Marjorie MS 11 GS 11 Mme IMEKHLEF Dabhia\u00a0 \u00a0 \u00a0 \u00a0 \u00a0 Mme Ecarnot Melusine\u00a0 CP 9 CE1 15 Mme [&hellip;]<\/p>\n","protected":false},"author":1,"featured_media":0,"parent":0,"menu_order":0,"comment_status":"closed","ping_status":"closed","template":"","meta":[],"_links":{"self":[{"href":"https:\/\/chalezeule.fr\/index.php\/wp-json\/wp\/v2\/pages\/304"}],"collection":[{"href":"https:\/\/chalezeule.fr\/index.php\/wp-json\/wp\/v2\/pages"}],"about":[{"href":"https:\/\/chalezeule.fr\/index.php\/wp-json\/wp\/v2\/types\/page"}],"author":[{"embeddable":true,"href":"https:\/\/chalezeule.fr\/index.php\/wp-json\/wp\/v2\/users\/1"}],"replies":[{"embeddable":true,"href":"https:\/\/chalezeule.fr\/index.php\/wp-json\/wp\/v2\/comments?post=304"}],"version-history":[{"count":39,"href":"https:\/\/chalezeule.fr\/index.php\/wp-json\/wp\/v2\/pages\/304\/revisions"}],"predecessor-version":[{"id":4396,"href":"https:\/\/chalezeule.fr\/index.php\/wp-json\/wp\/v2\/pages\/304\/revisions\/4396"}],"wp:attachment":[{"href":"https:\/\/chalezeule.fr\/index.php\/wp-json\/wp\/v2\/media?parent=304"}],"curies":[{"name":"wp","href":"https:\/\/api.w.org\/{rel}","templated":true}]}}