{"id":298,"date":"2016-03-09T17:17:02","date_gmt":"2016-03-09T16:17:02","guid":{"rendered":"http:\/\/chalezeule.fr\/?page_id=298"},"modified":"2022-06-23T09:35:39","modified_gmt":"2022-06-23T08:35:39","slug":"ecole","status":"publish","type":"page","link":"https:\/\/chalezeule.fr\/index.php\/ecole\/","title":{"rendered":"Temps p\u00e9riscolaire"},"content":{"rendered":"\n<p class=\"has-text-color has-vivid-red-color\">Voir Page Ecole  <a href=\"http:\/\/chalezeule.fr\/index.php\/ecole-2\/\">http:\/\/chalezeule.fr\/index.php\/ecole-2\/<\/a> <\/p>\n\n\n\n<p><\/p>\n\n\n<div class=\"entry-content\">\n<h4><span style=\"font-family: Helvetica; color: #3782c1;\"><strong>Temps p\u00e9ri-\u00e9ducatif<\/strong><\/span><\/h4>\n<p><span style=\"font-size: 20px;\">16H15 &#8211; 17H15\u00a0 TAP<\/span><\/p>\n<span style=\"text-decoration: underline; color: #7fc400; font-family: Helvetica;\"><strong>Principe de l\u2019Accueil :<\/strong><\/span>\n<p><span style=\"font-family: Helvetica;\">A la sortie de l&#8217;\u00e9cole, un temps d&#8217;accueil p\u00e9ri-\u00e9ducatif est propos\u00e9 au enfants, le lundi, mardi, jeudi et vendredi.<\/span><\/p>\n<p><span style=\"font-family: Helvetica;\">Toutes les activit\u00e9s propos\u00e9s dans le cadre des TAP, sont gratuites.<\/span><\/p>\n<h5>\u00a0<\/h5>\n<\/div>\n<h5>\u00a0<\/h5>\n<h5>\u00a0<\/h5>\n<ul style=\"list-style-type: square;\">\n<li>\n<h5><span style=\"font-family: Helvetica;\"><a href=\"#TAP1\"><span style=\"color: #7fc400;\">Les activit\u00e9s\u00a0<\/span><\/a><\/span><\/h5>\n<\/li>\n<li>\n<h5><span style=\"font-family: Helvetica;\"><a href=\"#TAP2\"><span style=\"color: #7fc400;\"><strong>D\u00e9parts et prise en charge\u00a0<\/strong><\/span><\/a><\/span><\/h5>\n<\/li>\n<li>\n<h5><span style=\"font-family: Helvetica;\"><a href=\"#TAP3\"><span style=\"color: #7fc400;\">Les engagement de l&#8217;\u00e9quipe d&#8217;animation <\/span><\/a><\/span><\/h5>\n<\/li>\n<li>\n<h5><a href=\"file:\/\/\/F:\/CLE%20310719\/PEDT\/2019%202020\/Dossier%20de%20rentr\u00e9e%202019-2020%20Herv\u00e9\/Guide%20Temps%20p\u00e9riscolaires%202019-2020.pdf\"><span style=\"font-family: Helvetica;\"><span style=\"color: #7fc400;\">Guide Temps p\u00e9riscolaires 2020-2021<\/span><\/span><\/a><\/h5>\n<\/li>\n<\/ul>\n<div class=\"entry-content\">\n<h5><span style=\"text-decoration: underline; color: #7fc400; font-family: Helvetica;\"><strong><a name=\"TAP1\"><\/a>Les activit\u00e9s :\u00a0<\/strong><\/span><\/h5>\n<p><span style=\"font-family: Helvetica;\">Des activit\u00e9s diverses sont propos\u00e9es aux enfants par les agents d\u2019animation des temps p\u00e9riscolaires\u00a0et des intervenants municipaux et associatifs dipl\u00f4m\u00e9s : activit\u00e9s ludiques, sportives, socioculturelles, culinaires, citoyennes,\u2026 \u00a0Des sorties peuvent \u00eatre organis\u00e9es.<\/span><\/p>\n<table style=\"height: 247px; width: 820px;\">\n<tbody>\n<tr style=\"height: 5px;\">\n<td style=\"width: 49px; height: 5px;\">\u00a0<\/td>\n<td style=\"width: 206.969px; text-align: center; height: 5px;\"><span style=\"font-family: Helvetica;\"><strong>Activit\u00e9<\/strong><\/span><\/td>\n<td style=\"width: 121.031px; text-align: center; height: 5px;\"><span style=\"font-family: Helvetica;\"><strong>Intervenant<\/strong><\/span><\/td>\n<td style=\"width: 21px; text-align: center; height: 5px;\">\u00a0<\/td>\n<td style=\"width: 255px; text-align: center; height: 5px;\"><span style=\"font-family: Helvetica;\"><strong>Activit\u00e9<\/strong><\/span><\/td>\n<td style=\"width: 247px; text-align: center; height: 5px;\"><span style=\"font-family: Helvetica;\"><strong>Intervenant<\/strong><\/span><\/td>\n<\/tr>\n<tr style=\"height: 5px;\">\n<td style=\"width: 49px; text-align: center; height: 0.84375px;\" rowspan=\"7\">\n<div style=\"writing-mode: tb-rl; white-space: nowrap;\"><span style=\"font-family: Helvetica; font-size: 16px;\"><strong>Lundi<\/strong><\/span><\/div>\n<p>\u00a0<\/p>\n<\/td>\n<td style=\"width: 206.969px; height: 5px;\"><span style=\"font-family: Helvetica; font-size: 16px;\">Sciences<\/span><\/td>\n<td style=\"width: 121.031px; height: 5px;\"><span style=\"font-family: Helvetica; font-size: 16px;\">Jimmy<\/span><\/td>\n<td style=\"width: 21px; height: 0.84375px; text-align: center;\" rowspan=\"7\"><span style=\"font-family: Helvetica; font-size: 16px;\"><strong>\u00a0<\/strong><\/span>\n<p>\u00a0<\/p>\n<div style=\"writing-mode: tb-rl; white-space: nowrap;\"><span style=\"font-family: Helvetica; font-size: 16px;\"><strong>Jeudi<\/strong><\/span><\/div>\n<p><span style=\"font-family: Helvetica; font-size: 16px;\"><strong>\u00a0<\/strong><\/span><\/p>\n<\/td>\n<td style=\"width: 255px; height: 5px;\">Sciences<\/td>\n<td style=\"width: 247px; height: 5px;\">Jimmy<\/td>\n<\/tr>\n<tr style=\"height: 5px;\">\n<td style=\"width: 206.969px; height: 5px;\">Activit\u00e9s manuelles\u00a0<\/td>\n<td style=\"width: 121.031px; height: 5px;\">Pascal<\/td>\n<td style=\"width: 255px; height: 5px;\"><span style=\"font-family: Helvetica; font-size: 16px;\">Rallye photos<\/span><\/td>\n<td style=\"width: 247px; height: 5px;\"><span style=\"font-family: Helvetica; font-size: 16px;\">Marie Lyne<\/span><\/td>\n<\/tr>\n<tr style=\"height: 5px;\">\n<td style=\"width: 206.969px; height: 5px;\">Step<\/td>\n<td style=\"width: 121.031px; height: 5px;\">Gaelle\u00a0<\/td>\n<td style=\"width: 255px; height: 5px;\">Capoeira<\/td>\n<td style=\"width: 247px; height: 5px;\">Cochina<\/td>\n<\/tr>\n<tr style=\"height: 5px;\">\n<td style=\"width: 206.969px; height: 5px;\"><span style=\"font-family: Helvetica; font-size: 16px;\">Fresque<\/span><\/td>\n<td style=\"width: 121.031px; height: 5px;\"><span style=\"font-family: Helvetica; font-size: 16px;\">Eileen<\/span><\/td>\n<td style=\"width: 255px; height: 5px;\"><span style=\"font-family: Helvetica; font-size: 16px;\">Activit\u00e9s manuelles<\/span><\/td>\n<td style=\"width: 247px; height: 5px;\"><span style=\"font-family: Helvetica; font-size: 16px;\">Activit\u00e9s manuelles<\/span><\/td>\n<\/tr>\n<tr style=\"height: 5px;\">\n<td style=\"width: 206.969px; height: 5px;\"><span style=\"font-family: Helvetica; font-size: 16px;\">Fresque<\/span><\/td>\n<td style=\"width: 121.031px; height: 5px;\"><span style=\"font-family: Helvetica; font-size: 16px;\">Marie-Lyne<\/span><\/td>\n<td style=\"width: 255px; height: 5px;\">Quilling<\/td>\n<td style=\"width: 247px; height: 5px;\">Pascal<\/td>\n<\/tr>\n<tr style=\"height: 5px;\">\n<td style=\"width: 206.969px; height: 5px;\"><span style=\"font-family: Helvetica; font-size: 16px;\">Musique<\/span><\/td>\n<td style=\"width: 121.031px; height: 5px;\"><span style=\"font-family: Helvetica; font-size: 16px;\">Aur\u00e9lie<\/span><\/td>\n<td style=\"width: 255px; height: 5px;\"><span style=\"font-family: Helvetica;\">Beat box<\/span><\/td>\n<td style=\"width: 247px; height: 5px;\"><span style=\"font-family: Helvetica; font-size: 16px;\">Aur\u00e9lien<\/span><\/td>\n<\/tr>\n<tr style=\"height: 5px;\">\n<td style=\"width: 206.969px; height: 5px;\">Jeux de soci\u00e9t\u00e9\u00a0<\/td>\n<td style=\"width: 121.031px; height: 5px;\">Annie<\/td>\n<td style=\"width: 255px; height: 5px;\"><span style=\"font-family: Helvetica; font-size: 16px;\">Echec<\/span><\/td>\n<td style=\"width: 247px; height: 5px;\">Annie<\/td>\n<\/tr>\n<tr style=\"height: 5px;\">\n<td style=\"width: 900px; height: 5px;\" colspan=\"6\">\u00a0<\/td>\n<\/tr>\n<tr style=\"height: 5px;\">\n<td style=\"width: 49px; height: 40px; text-align: center;\" rowspan=\"8\">\n<div style=\"writing-mode: tb-rl; white-space: nowrap;\"><span style=\"font-family: Helvetica; font-size: 16px;\"><strong>Mardi<\/strong><\/span><\/div>\n<p>\u00a0<\/p>\n<\/td>\n<td style=\"width: 206.969px; height: 5px;\"><span style=\"font-family: Helvetica; font-size: 16px;\">Jardinage<\/span><\/td>\n<td style=\"width: 121.031px; height: 5px;\"><span style=\"font-family: Helvetica; font-size: 16px;\">Marie Lyne<\/span><\/td>\n<td style=\"width: 21px; height: 40px; text-align: center;\" rowspan=\"8\"><span style=\"font-family: Helvetica; font-size: 16px;\"><strong>\u00a0<\/strong><\/span>\n<p>\u00a0<\/p>\n<div style=\"writing-mode: tb-rl; white-space: nowrap;\"><span style=\"font-family: Helvetica; font-size: 16px;\"><strong>Vendredi<\/strong><\/span><\/div>\n<p><span style=\"font-family: Helvetica; font-size: 16px;\"><strong>\u00a0<\/strong><\/span><\/p>\n<\/td>\n<td style=\"width: 255px; height: 5px;\"><span style=\"font-family: Helvetica; font-size: 16px;\">Fabrique \u00e0 jeux<\/span><\/td>\n<td style=\"width: 247px; height: 5px;\"><span style=\"font-family: Helvetica; font-size: 16px;\">Jimmy<\/span><\/td>\n<\/tr>\n<tr style=\"height: 5px;\">\n<td style=\"width: 206.969px; height: 5px;\">Step<\/td>\n<td style=\"width: 121.031px; height: 5px;\">Gaelle<\/td>\n<td style=\"width: 255px; height: 5px;\">\u00a0<\/td>\n<td style=\"width: 247px; height: 5px;\"><span style=\"font-family: Helvetica;\">Jacques Olivier<\/span><\/td>\n<\/tr>\n<tr style=\"height: 5px;\">\n<td style=\"width: 206.969px; height: 5px;\"><span style=\"font-family: Helvetica; font-size: 16px;\">Les \u00eatres de la for\u00eat<\/span><\/td>\n<td style=\"width: 121.031px; height: 5px;\"><span style=\"font-family: Helvetica; font-size: 16px;\">Eileen<\/span><\/td>\n<td style=\"width: 255px; height: 5px;\"><span style=\"font-family: Helvetica;\">Photos<\/span><\/td>\n<td style=\"width: 247px; height: 5px;\"><span style=\"font-family: Helvetica; font-size: 16px;\">Marie Lyne<\/span><\/td>\n<\/tr>\n<tr style=\"height: 5px;\">\n<td style=\"width: 206.969px; height: 5px;\">Jeux de cartes<\/td>\n<td style=\"width: 121.031px; height: 5px;\">Pascal\u00a0<\/td>\n<td style=\"width: 255px; height: 5px;\">Jeux de soci\u00e9t\u00e9<\/td>\n<td style=\"width: 247px; height: 5px;\">Eillen<\/td>\n<\/tr>\n<tr style=\"height: 5px;\">\n<td style=\"width: 206.969px; height: 5px;\">Petits\u00a0<\/td>\n<td style=\"width: 121.031px; height: 5px;\">Annie<\/td>\n<td style=\"width: 255px; height: 5px;\">\u00a0<\/td>\n<td style=\"width: 247px; height: 5px;\">Annie<\/td>\n<\/tr>\n<tr style=\"height: 5px;\">\n<td style=\"width: 206.969px; height: 5px;\"><span style=\"font-family: Helvetica; font-size: 16px;\">Jardinage<\/span><\/td>\n<td style=\"width: 121.031px; height: 5px;\"><span style=\"font-family: Helvetica;\">Isabelle<\/span><\/td>\n<td style=\"width: 255px; height: 5px;\">\u00a0<\/td>\n<td style=\"width: 247px; height: 5px;\">\u00a0<\/td>\n<\/tr>\n<tr style=\"height: 5px;\">\n<td style=\"width: 206.969px; height: 5px;\">\u00a0<\/td>\n<td style=\"width: 121.031px; height: 5px;\">\u00a0<\/td>\n<td style=\"width: 255px; height: 5px;\"><span style=\"font-family: Helvetica; font-size: 16px;\">Atelier cr\u00e9atif<\/span><\/td>\n<td style=\"width: 247px; height: 5px;\"><span style=\"font-family: Helvetica; font-size: 16px;\">Joannie<\/span><\/td>\n<\/tr>\n<tr style=\"height: 5px;\">\n<td style=\"width: 206.969px; height: 5px;\"><span style=\"font-family: Helvetica;\">Fabrique \u00e0 jeux<\/span><\/td>\n<td style=\"width: 121.031px; height: 5px;\"><span style=\"font-family: Helvetica; font-size: 16px;\">Jimmy<\/span><\/td>\n<td style=\"width: 255px; height: 5px;\">\u00a0<\/td>\n<td style=\"width: 247px; height: 5px;\">\u00a0<\/td>\n<\/tr>\n<\/tbody>\n<\/table>\n<p style=\"text-align: left;\"><span style=\"font-family: Helvetica;\">Les activit\u00e9s propos\u00e9es seront maintenues tout au long de l&#8217;ann\u00e9e, les groupes d&#8217;enfants tourneront \u00e0 chaque p\u00e9riode, afin de d\u00e9couvrir les diff\u00e9rentes animations.<\/span><\/p>\n<p style=\"text-align: left;\"><span style=\"font-family: Helvetica;\"><strong>Le lundi et le Jeudi les enfants ont le choix de leurs activit\u00e9s.<\/strong>\u00a0Les enfants ont la possibilit\u00e9 de participer \u00e0 l&#8217;activit\u00e9 de leur choix parmi celles propos\u00e9es.\u00a0<\/span><\/p>\n<p style=\"text-align: left;\"><span style=\"font-family: Helvetica;\">Le autres jours de la semaine, les enfants sont r\u00e9partis par groupe fixe pour toute la p\u00e9riode.<\/span><\/p>\n<p style=\"text-align: left;\"><span style=\"font-family: Helvetica;\">Les<strong>\u00a0Activit\u00e9s P\u00e9dagogiques Compl\u00e9mentaires (APC)<\/strong>\u00a0des enseignants, se d\u00e9roulent sur le temps d&#8217;activit\u00e9 du lundi.<\/span><\/p>\n<p><span style=\"font-family: Helvetica;\"><em>(Les \u00e9l\u00e8ves en APC sont sous la seule responsabilit\u00e9 de l\u2019enseignant et de l\u2019Education nationale.)<\/em><\/span><\/p>\n<\/div>\n<div class=\"entry-content\">\n<h5><span style=\"text-decoration: underline; color: #7fc400; font-family: Helvetica;\"><strong><a name=\"TAP2\"><\/a>D\u00e9parts et prise en charge :<\/strong><\/span><\/h5>\n<p><span style=\"font-family: Helvetica;\"><strong>Le d\u00e9part<\/strong>\u00a0s&#8217;effectue uniquement <strong>\u00e0 la fin du temps d&#8217;activit\u00e9 \u00e0 17h15.<\/strong> Les enfants ne peuvent quitter ce temps p\u00e9ri-\u00e9ducatif sans autorisation \u00e9crite des parents.<\/span><\/p>\n<ul>\n<li><span style=\"font-family: Helvetica;\"><strong>La sortie des maternelles PS<\/strong><strong>,<\/strong><strong> MS<\/strong><strong>\u00a0s\u2019effectue par la maternelle<\/strong><\/span><\/li>\n<li><strong>Les GS et CP s&#8217;effectue par la porte d&#8217;entr\u00e9e de la classe<\/strong><\/li>\n<li><span style=\"font-family: Helvetica;\"><strong>La sortie des <\/strong><strong>CE1<\/strong><strong>, CE2, CM1\u00a0 <\/strong><strong>par <\/strong><strong>le portail de la cour de l\u2019\u00e9cole<\/strong><strong>.<\/strong><\/span><\/li>\n<li><strong>La sortie des CM2 s&#8217;effectue par la porte du c\u00f4t\u00e9 des services techniques<\/strong><\/li>\n<\/ul>\n<p><span style=\"font-family: Helvetica;\">La prise en charge des enfants doit \u00eatre signal\u00e9e \u00e0 l\u2019\u00e9quipe d\u2019animation.\u00a0Le respect de l\u2019horaire est indispensable sous peine de sanctions financi\u00e8res voire de la radiation de l\u2019enfant du p\u00e9riscolaire.<\/span><\/p>\n<p><span style=\"font-family: Helvetica;\"><strong>Apr\u00e8s 17h30<\/strong>, l\u2019enfant reste au<strong> temps d\u2019accueil du soir<\/strong> qui est factur\u00e9 aux parents.<\/span><\/p>\n<p><span style=\"font-family: Helvetica;\">Pour tout absence de l&#8217;enfant<strong> au Temps p\u00e9ri-\u00e9ducatif, les parents sont charg\u00e9, d&#8217;avertir les agents d\u2019animation.<\/strong><\/span><\/p>\n<\/div>\n<div class=\"entry-content\">\n<h5><span style=\"text-decoration: underline; font-family: Helvetica;\"><span style=\"color: #7fc400; text-decoration: underline;\"><a name=\"TAP3\"><\/a>Les engagement de l&#8217;\u00e9quipe d&#8217;animation :<\/span><\/span><\/h5>\n<ul>\n<li><span style=\"font-family: Helvetica;\">Faire l\u2019appel et respecter imp\u00e9rativement les horaires.<\/span><\/li>\n<li><span style=\"font-family: Helvetica;\">Proposer des activit\u00e9s adapt\u00e9es \u00e0 la tranche d\u2019\u00e2ge, ludiques et p\u00e9dagogiques.<\/span><\/li>\n<li><span style=\"font-family: Helvetica;\">Inciter les enfants \u00e0 avoir un comportement respectueux, agr\u00e9able, poli\u2026<\/span><\/li>\n<li><span style=\"font-family: Helvetica;\">Permettre \u00e0 l\u2019enfant qui ne souhaite pas prendre part \u00e0 l\u2019activit\u00e9 de s\u2019occuper autrement mais lui faire verbaliser son choix.<\/span><\/li>\n<\/ul>\n<p><span style=\"text-decoration: underline; font-family: Helvetica;\">En sortie\u00a0: <\/span><\/p>\n<ul>\n<li><span style=\"font-family: Helvetica;\">Appliquer les r\u00e8gles de s\u00e9curit\u00e9 (transport),<\/span><\/li>\n<li><span style=\"font-family: Helvetica;\">Prendre une trousse de secours,<\/span><\/li>\n<\/ul>\n<\/div>\n<p><span style=\"font-family: Helvetica;\"><strong>Agents d\u2019animation <\/strong>: \u00e9quipe du service animation + intervenants ext\u00e9rieurs titulaires de dipl\u00f4mes de l\u2019animation ou sportif<\/span><\/p>\n<div class=\"entry-content\">\n<p><span style=\"font-family: Helvetica;\"><strong>Locaux<\/strong>\u00a0: \u00e9cole, Maison commune, Parc des bambous, stade\u2026<\/span><\/p>\n<\/div>\n<h5><span style=\"text-decoration: underline; color: #7fc400; font-family: Helvetica;\"><a name=\"TAP4\"><\/a>Guide Temps p\u00e9riscolaires 2020-2021<\/span><\/h5>\n<div>\u00a0<\/div>","protected":false},"excerpt":{"rendered":"<p>Voir Page Ecole http:\/\/chalezeule.fr\/index.php\/ecole-2\/ Temps p\u00e9ri-\u00e9ducatif 16H15 &#8211; 17H15\u00a0 TAP Principe de l\u2019Accueil : A la sortie de l&#8217;\u00e9cole, un temps d&#8217;accueil p\u00e9ri-\u00e9ducatif est propos\u00e9 au enfants, le lundi, mardi, jeudi et vendredi. Toutes les activit\u00e9s propos\u00e9s dans le cadre des TAP, sont gratuites. \u00a0 \u00a0 \u00a0 Les activit\u00e9s\u00a0 D\u00e9parts et prise en charge\u00a0 Les [&hellip;]<\/p>\n","protected":false},"author":1,"featured_media":0,"parent":0,"menu_order":0,"comment_status":"closed","ping_status":"closed","template":"","meta":[],"_links":{"self":[{"href":"https:\/\/chalezeule.fr\/index.php\/wp-json\/wp\/v2\/pages\/298"}],"collection":[{"href":"https:\/\/chalezeule.fr\/index.php\/wp-json\/wp\/v2\/pages"}],"about":[{"href":"https:\/\/chalezeule.fr\/index.php\/wp-json\/wp\/v2\/types\/page"}],"author":[{"embeddable":true,"href":"https:\/\/chalezeule.fr\/index.php\/wp-json\/wp\/v2\/users\/1"}],"replies":[{"embeddable":true,"href":"https:\/\/chalezeule.fr\/index.php\/wp-json\/wp\/v2\/comments?post=298"}],"version-history":[{"count":31,"href":"https:\/\/chalezeule.fr\/index.php\/wp-json\/wp\/v2\/pages\/298\/revisions"}],"predecessor-version":[{"id":4479,"href":"https:\/\/chalezeule.fr\/index.php\/wp-json\/wp\/v2\/pages\/298\/revisions\/4479"}],"wp:attachment":[{"href":"https:\/\/chalezeule.fr\/index.php\/wp-json\/wp\/v2\/media?parent=298"}],"curies":[{"name":"wp","href":"https:\/\/api.w.org\/{rel}","templated":true}]}}