{"id":256,"date":"2016-03-08T09:11:13","date_gmt":"2016-03-08T08:11:13","guid":{"rendered":"http:\/\/chalezeule.fr\/?page_id=256"},"modified":"2019-12-05T16:53:45","modified_gmt":"2019-12-05T15:53:45","slug":"les-amis-de-la-bibliotheque","status":"publish","type":"page","link":"https:\/\/chalezeule.fr\/index.php\/les-amis-de-la-bibliotheque\/","title":{"rendered":"Les Amis de la biblioth\u00e8que"},"content":{"rendered":"<div class=\"entry-content\">\n<h5><span style=\"text-decoration: underline; font-family: Helvetica;\"><span style=\"color: #3783c1; text-decoration: underline;\">Contact :<\/span><\/span><\/h5>\n<p><span style=\"font-family: Helvetica;\"><strong><img data-attachment-id=\"1769\" data-permalink=\"https:\/\/chalezeule.fr\/index.php\/les-amis-de-la-bibliotheque\/logo-amis-biblio-2\/\" data-orig-file=\"https:\/\/i2.wp.com\/chalezeule.fr\/wp-content\/uploads\/2016\/03\/logo-amis-biblio-2..png?fit=404%2C312&amp;ssl=1\" data-orig-size=\"404,312\" data-comments-opened=\"0\" data-image-meta=\"{&quot;aperture&quot;:&quot;0&quot;,&quot;credit&quot;:&quot;&quot;,&quot;camera&quot;:&quot;&quot;,&quot;caption&quot;:&quot;&quot;,&quot;created_timestamp&quot;:&quot;0&quot;,&quot;copyright&quot;:&quot;&quot;,&quot;focal_length&quot;:&quot;0&quot;,&quot;iso&quot;:&quot;0&quot;,&quot;shutter_speed&quot;:&quot;0&quot;,&quot;title&quot;:&quot;&quot;,&quot;orientation&quot;:&quot;0&quot;}\" data-image-title=\"logo amis biblio 2.\" data-image-description=\"\" data-medium-file=\"https:\/\/i2.wp.com\/chalezeule.fr\/wp-content\/uploads\/2016\/03\/logo-amis-biblio-2..png?fit=300%2C232&amp;ssl=1\" data-large-file=\"https:\/\/i2.wp.com\/chalezeule.fr\/wp-content\/uploads\/2016\/03\/logo-amis-biblio-2..png?fit=404%2C312&amp;ssl=1\" loading=\"lazy\" class=\" wp-image-1769 alignleft\" src=\"https:\/\/i2.wp.com\/chalezeule.fr\/wp-content\/uploads\/2016\/03\/logo-amis-biblio-2..png?resize=184%2C142\" alt=\"\" srcset=\"https:\/\/i2.wp.com\/chalezeule.fr\/wp-content\/uploads\/2016\/03\/logo-amis-biblio-2..png?resize=300%2C232&amp;ssl=1 300w, https:\/\/i2.wp.com\/chalezeule.fr\/wp-content\/uploads\/2016\/03\/logo-amis-biblio-2..png?resize=230%2C178&amp;ssl=1 230w, https:\/\/i2.wp.com\/chalezeule.fr\/wp-content\/uploads\/2016\/03\/logo-amis-biblio-2..png?resize=350%2C270&amp;ssl=1 350w, https:\/\/i2.wp.com\/chalezeule.fr\/wp-content\/uploads\/2016\/03\/logo-amis-biblio-2..png?w=404&amp;ssl=1 404w\" sizes=\"(max-width: 184px) 100vw, 184px\" data-recalc-dims=\"1\" \/>Mich\u00e8le\u00a0PALUMBO<\/strong><\/span><\/p>\n<p><span style=\"font-family: Helvetica;\">06 43 21 94 38 \/\u00a006 76 74 12 18<\/span><\/p>\n<p><span style=\"text-decoration: underline; font-family: Helvetica;\">amis.bib.chalezeule@gmail.com<\/span><\/p>\n<p><span style=\"font-family: Helvetica;\">1, Chemin de Port Arthur\u00a025220 CHALEZEULE<\/span><\/p>\n<h5><span style=\"color: #7fc400; font-family: Helvetica; text-decoration-line: underline; font-size: 20px;\">Saison 2019-2020<\/span><\/h5>\n<\/div>\n<p>Manifestations de la saison\u00a0:<\/p>\n<ul>\n<li>Le 28 septembre 2019 : voyage \u00e0 MARTIGNY pour l&#8217;exposition organis\u00e9e par la Fondation Gianadda : Alberto Giacometti et Rodin<\/li>\n<li>Soir\u00e9e th\u00e9\u00e2trale le 23 novembre 2019 \u00e0 la maison commune<\/li>\n<li>Ap\u00e9ritif concert le 20 juin 2020<\/li>\n<\/ul>\n<p>L&#8217;association participe aux actions de la biblioth\u00e8que : heures du conte ou envie de livres.<\/p>\n<div class=\"entry-content\">\n<h3><\/h3>\n<h3><span style=\"color: #800000;\"><strong>Derni\u00e8re actu !<\/strong><\/span><\/h3>\n<\/div>\n<h5>Soir\u00e9e th\u00e9\u00e2trale de &#8220;La Devise&#8221;<\/h5>\n<p>Samedi 23 novembre, pour son rendez-vous th\u00e9\u00e2tral, les Amis de la<br \/>\nBiblioth\u00e8que ont choisi d\u2019inviter la troupe du Cam\u00e9l\u00e9on de Novillars, qui nous pr\u00e9sentait la pi\u00e8ce de Fran\u00e7ois B\u00e9gaudeau \u00ab\u00a0 La devise \u00bb.<br \/>\nAvec humour et ironie, les 4 com\u00e9diens nous ont plong\u00e9 dans la pr\u00e9paration<br \/>\nd\u2019un discours \u00e0 destination de lyc\u00e9ens, sur les trois piliers de notre r\u00e9publique \u00ab Libert\u00e9 \u2013 Egalit\u00e9 \u2013 Fraternit\u00e9 \u00bb.<br \/>\nLa soir\u00e9e s\u2019est termin\u00e9e autour d\u2019un verre o\u00f9 l\u2019on a pu \u00e9changer avec les<br \/>\ncom\u00e9diens sur les th\u00e8mes \u00e9voqu\u00e9s dans la pi\u00e8ce.<\/p>\n<p class=\"jetpack-slideshow-noscript robots-nocontent\">Ce diaporama n\u00e9cessite JavaScript.<\/p><div id=\"gallery-256-1-slideshow\" class=\"slideshow-window jetpack-slideshow slideshow-black\" data-trans=\"fade\" data-autostart=\"1\" data-gallery=\"[{&quot;src&quot;:&quot;https:\\\/\\\/i2.wp.com\\\/chalezeule.fr\\\/wp-content\\\/uploads\\\/2019\\\/12\\\/IMG_7354.jpg?fit=1024%2C683\\u0026ssl=1&quot;,&quot;id&quot;:&quot;3507&quot;,&quot;title&quot;:&quot;IMG_7354&quot;,&quot;alt&quot;:&quot;&quot;,&quot;caption&quot;:&quot;&quot;,&quot;itemprop&quot;:&quot;image&quot;},{&quot;src&quot;:&quot;https:\\\/\\\/i0.wp.com\\\/chalezeule.fr\\\/wp-content\\\/uploads\\\/2019\\\/12\\\/IMG_7352.jpg?fit=1024%2C683\\u0026ssl=1&quot;,&quot;id&quot;:&quot;3505&quot;,&quot;title&quot;:&quot;IMG_7352&quot;,&quot;alt&quot;:&quot;&quot;,&quot;caption&quot;:&quot;&quot;,&quot;itemprop&quot;:&quot;image&quot;},{&quot;src&quot;:&quot;https:\\\/\\\/i0.wp.com\\\/chalezeule.fr\\\/wp-content\\\/uploads\\\/2019\\\/12\\\/IMG_7353.jpg?fit=1024%2C683\\u0026ssl=1&quot;,&quot;id&quot;:&quot;3506&quot;,&quot;title&quot;:&quot;IMG_7353&quot;,&quot;alt&quot;:&quot;&quot;,&quot;caption&quot;:&quot;&quot;,&quot;itemprop&quot;:&quot;image&quot;},{&quot;src&quot;:&quot;https:\\\/\\\/i0.wp.com\\\/chalezeule.fr\\\/wp-content\\\/uploads\\\/2019\\\/12\\\/IMG_7356.jpg?fit=1024%2C683\\u0026ssl=1&quot;,&quot;id&quot;:&quot;3508&quot;,&quot;title&quot;:&quot;IMG_7356&quot;,&quot;alt&quot;:&quot;&quot;,&quot;caption&quot;:&quot;&quot;,&quot;itemprop&quot;:&quot;image&quot;}]\" itemscope itemtype=\"https:\/\/schema.org\/ImageGallery\"><\/div>\n<h5>Voyage \u00e0 Martigny<\/h5>\n<p>Pour leur traditionnel voyage, les amis de la biblioth\u00e8que avaient choisi Martigny pour d\u00e9couvrir l\u2019exposition Rodin-Giacometti.<br \/>\nApr\u00e8s une conf\u00e9rence sur l\u2019\u0153uvre et la vie des deux sculpteurs, les participants ont pu admirer les \u0153uvres des deux artistes. Et profiter des autres expositions permanentes diss\u00e9min\u00e9es au sein de la fondation Gianadda.<\/p>\n<p>La douceur estivale de cette journ\u00e9e nous a permis de profiter du parc de la fondation mais aussi de visiter la jolie petite ville de Martigny aux nombreux vestiges romains<br \/>\nDe retour \u00e0 Chalezeule, nous avons partag\u00e9 dans la bonne humeur un diner \u00e0 l\u2019auberge du village<\/p>\n<p>Merci \u00e0 nos fid\u00e8les adh\u00e9rents et \u00e0 tr\u00e8s bient\u00f4t !<br \/>\nL\u2019\u00e9quipe des amis de la biblioth\u00e8que<\/p>\n<div data-carousel-extra='{\"blog_id\":1,\"permalink\":\"https:\\\/\\\/chalezeule.fr\\\/index.php\\\/les-amis-de-la-bibliotheque\\\/\"}' id='gallery-2' class='gallery galleryid-256 gallery-columns-3 gallery-size-thumbnail'><figure class='gallery-item'>\n\t\t\t<div class='gallery-icon landscape'>\n\t\t\t\t<a href='https:\/\/chalezeule.fr\/index.php\/les-amis-de-la-bibliotheque\/img_4617-les-bourgeois-de-calais\/'><img width=\"150\" height=\"150\" src=\"https:\/\/i2.wp.com\/chalezeule.fr\/wp-content\/uploads\/2019\/10\/IMG_4617-les-bourgeois-de-Calais.jpg?resize=150%2C150&amp;ssl=1\" class=\"attachment-thumbnail size-thumbnail\" alt=\"\" loading=\"lazy\" srcset=\"https:\/\/i2.wp.com\/chalezeule.fr\/wp-content\/uploads\/2019\/10\/IMG_4617-les-bourgeois-de-Calais.jpg?resize=150%2C150&amp;ssl=1 150w, https:\/\/i2.wp.com\/chalezeule.fr\/wp-content\/uploads\/2019\/10\/IMG_4617-les-bourgeois-de-Calais.jpg?zoom=2&amp;resize=150%2C150 300w, https:\/\/i2.wp.com\/chalezeule.fr\/wp-content\/uploads\/2019\/10\/IMG_4617-les-bourgeois-de-Calais.jpg?zoom=3&amp;resize=150%2C150 450w\" sizes=\"(max-width: 150px) 100vw, 150px\" data-attachment-id=\"3326\" data-permalink=\"https:\/\/chalezeule.fr\/index.php\/les-amis-de-la-bibliotheque\/img_4617-les-bourgeois-de-calais\/\" data-orig-file=\"https:\/\/i2.wp.com\/chalezeule.fr\/wp-content\/uploads\/2019\/10\/IMG_4617-les-bourgeois-de-Calais.jpg?fit=906%2C604&amp;ssl=1\" data-orig-size=\"906,604\" data-comments-opened=\"0\" data-image-meta=\"{&quot;aperture&quot;:&quot;0&quot;,&quot;credit&quot;:&quot;&quot;,&quot;camera&quot;:&quot;&quot;,&quot;caption&quot;:&quot;&quot;,&quot;created_timestamp&quot;:&quot;0&quot;,&quot;copyright&quot;:&quot;&quot;,&quot;focal_length&quot;:&quot;0&quot;,&quot;iso&quot;:&quot;0&quot;,&quot;shutter_speed&quot;:&quot;0&quot;,&quot;title&quot;:&quot;&quot;,&quot;orientation&quot;:&quot;0&quot;}\" data-image-title=\"IMG_4617 les bourgeois de Calais\" data-image-description=\"\" data-medium-file=\"https:\/\/i2.wp.com\/chalezeule.fr\/wp-content\/uploads\/2019\/10\/IMG_4617-les-bourgeois-de-Calais.jpg?fit=300%2C200&amp;ssl=1\" data-large-file=\"https:\/\/i2.wp.com\/chalezeule.fr\/wp-content\/uploads\/2019\/10\/IMG_4617-les-bourgeois-de-Calais.jpg?fit=906%2C604&amp;ssl=1\" \/><\/a>\n\t\t\t<\/div><\/figure><figure class='gallery-item'>\n\t\t\t<div class='gallery-icon portrait'>\n\t\t\t\t<a href='https:\/\/chalezeule.fr\/index.php\/les-amis-de-la-bibliotheque\/20190928_113751\/'><img width=\"150\" height=\"150\" src=\"https:\/\/i0.wp.com\/chalezeule.fr\/wp-content\/uploads\/2019\/10\/20190928_113751.jpg?resize=150%2C150&amp;ssl=1\" class=\"attachment-thumbnail size-thumbnail\" alt=\"\" loading=\"lazy\" srcset=\"https:\/\/i0.wp.com\/chalezeule.fr\/wp-content\/uploads\/2019\/10\/20190928_113751.jpg?resize=150%2C150&amp;ssl=1 150w, https:\/\/i0.wp.com\/chalezeule.fr\/wp-content\/uploads\/2019\/10\/20190928_113751.jpg?zoom=2&amp;resize=150%2C150 300w, https:\/\/i0.wp.com\/chalezeule.fr\/wp-content\/uploads\/2019\/10\/20190928_113751.jpg?zoom=3&amp;resize=150%2C150 450w\" sizes=\"(max-width: 150px) 100vw, 150px\" data-attachment-id=\"3323\" data-permalink=\"https:\/\/chalezeule.fr\/index.php\/les-amis-de-la-bibliotheque\/20190928_113751\/\" data-orig-file=\"https:\/\/i0.wp.com\/chalezeule.fr\/wp-content\/uploads\/2019\/10\/20190928_113751.jpg?fit=453%2C604&amp;ssl=1\" data-orig-size=\"453,604\" data-comments-opened=\"0\" data-image-meta=\"{&quot;aperture&quot;:&quot;0&quot;,&quot;credit&quot;:&quot;&quot;,&quot;camera&quot;:&quot;&quot;,&quot;caption&quot;:&quot;&quot;,&quot;created_timestamp&quot;:&quot;0&quot;,&quot;copyright&quot;:&quot;&quot;,&quot;focal_length&quot;:&quot;0&quot;,&quot;iso&quot;:&quot;0&quot;,&quot;shutter_speed&quot;:&quot;0&quot;,&quot;title&quot;:&quot;&quot;,&quot;orientation&quot;:&quot;0&quot;}\" data-image-title=\"20190928_113751\" data-image-description=\"\" data-medium-file=\"https:\/\/i0.wp.com\/chalezeule.fr\/wp-content\/uploads\/2019\/10\/20190928_113751.jpg?fit=225%2C300&amp;ssl=1\" data-large-file=\"https:\/\/i0.wp.com\/chalezeule.fr\/wp-content\/uploads\/2019\/10\/20190928_113751.jpg?fit=453%2C604&amp;ssl=1\" \/><\/a>\n\t\t\t<\/div><\/figure><figure class='gallery-item'>\n\t\t\t<div class='gallery-icon portrait'>\n\t\t\t\t<a href='https:\/\/chalezeule.fr\/index.php\/les-amis-de-la-bibliotheque\/20190928_114211\/'><img width=\"150\" height=\"150\" src=\"https:\/\/i1.wp.com\/chalezeule.fr\/wp-content\/uploads\/2019\/10\/20190928_114211.jpg?resize=150%2C150&amp;ssl=1\" class=\"attachment-thumbnail size-thumbnail\" alt=\"\" loading=\"lazy\" srcset=\"https:\/\/i1.wp.com\/chalezeule.fr\/wp-content\/uploads\/2019\/10\/20190928_114211.jpg?resize=150%2C150&amp;ssl=1 150w, https:\/\/i1.wp.com\/chalezeule.fr\/wp-content\/uploads\/2019\/10\/20190928_114211.jpg?zoom=2&amp;resize=150%2C150 300w, https:\/\/i1.wp.com\/chalezeule.fr\/wp-content\/uploads\/2019\/10\/20190928_114211.jpg?zoom=3&amp;resize=150%2C150 450w\" sizes=\"(max-width: 150px) 100vw, 150px\" data-attachment-id=\"3324\" data-permalink=\"https:\/\/chalezeule.fr\/index.php\/les-amis-de-la-bibliotheque\/20190928_114211\/\" data-orig-file=\"https:\/\/i1.wp.com\/chalezeule.fr\/wp-content\/uploads\/2019\/10\/20190928_114211.jpg?fit=453%2C604&amp;ssl=1\" data-orig-size=\"453,604\" data-comments-opened=\"0\" data-image-meta=\"{&quot;aperture&quot;:&quot;0&quot;,&quot;credit&quot;:&quot;&quot;,&quot;camera&quot;:&quot;&quot;,&quot;caption&quot;:&quot;&quot;,&quot;created_timestamp&quot;:&quot;0&quot;,&quot;copyright&quot;:&quot;&quot;,&quot;focal_length&quot;:&quot;0&quot;,&quot;iso&quot;:&quot;0&quot;,&quot;shutter_speed&quot;:&quot;0&quot;,&quot;title&quot;:&quot;&quot;,&quot;orientation&quot;:&quot;0&quot;}\" data-image-title=\"20190928_114211\" data-image-description=\"\" data-medium-file=\"https:\/\/i1.wp.com\/chalezeule.fr\/wp-content\/uploads\/2019\/10\/20190928_114211.jpg?fit=225%2C300&amp;ssl=1\" data-large-file=\"https:\/\/i1.wp.com\/chalezeule.fr\/wp-content\/uploads\/2019\/10\/20190928_114211.jpg?fit=453%2C604&amp;ssl=1\" \/><\/a>\n\t\t\t<\/div><\/figure><figure class='gallery-item'>\n\t\t\t<div class='gallery-icon portrait'>\n\t\t\t\t<a href='https:\/\/chalezeule.fr\/index.php\/les-amis-de-la-bibliotheque\/20190928_115348\/'><img width=\"150\" height=\"150\" src=\"https:\/\/i0.wp.com\/chalezeule.fr\/wp-content\/uploads\/2019\/10\/20190928_115348.jpg?resize=150%2C150&amp;ssl=1\" class=\"attachment-thumbnail size-thumbnail\" alt=\"\" loading=\"lazy\" srcset=\"https:\/\/i0.wp.com\/chalezeule.fr\/wp-content\/uploads\/2019\/10\/20190928_115348.jpg?resize=150%2C150&amp;ssl=1 150w, https:\/\/i0.wp.com\/chalezeule.fr\/wp-content\/uploads\/2019\/10\/20190928_115348.jpg?zoom=2&amp;resize=150%2C150 300w, https:\/\/i0.wp.com\/chalezeule.fr\/wp-content\/uploads\/2019\/10\/20190928_115348.jpg?zoom=3&amp;resize=150%2C150 450w\" sizes=\"(max-width: 150px) 100vw, 150px\" data-attachment-id=\"3325\" data-permalink=\"https:\/\/chalezeule.fr\/index.php\/les-amis-de-la-bibliotheque\/20190928_115348\/\" data-orig-file=\"https:\/\/i0.wp.com\/chalezeule.fr\/wp-content\/uploads\/2019\/10\/20190928_115348.jpg?fit=453%2C604&amp;ssl=1\" data-orig-size=\"453,604\" data-comments-opened=\"0\" data-image-meta=\"{&quot;aperture&quot;:&quot;0&quot;,&quot;credit&quot;:&quot;&quot;,&quot;camera&quot;:&quot;&quot;,&quot;caption&quot;:&quot;&quot;,&quot;created_timestamp&quot;:&quot;0&quot;,&quot;copyright&quot;:&quot;&quot;,&quot;focal_length&quot;:&quot;0&quot;,&quot;iso&quot;:&quot;0&quot;,&quot;shutter_speed&quot;:&quot;0&quot;,&quot;title&quot;:&quot;&quot;,&quot;orientation&quot;:&quot;0&quot;}\" data-image-title=\"20190928_115348\" data-image-description=\"\" data-medium-file=\"https:\/\/i0.wp.com\/chalezeule.fr\/wp-content\/uploads\/2019\/10\/20190928_115348.jpg?fit=225%2C300&amp;ssl=1\" data-large-file=\"https:\/\/i0.wp.com\/chalezeule.fr\/wp-content\/uploads\/2019\/10\/20190928_115348.jpg?fit=453%2C604&amp;ssl=1\" \/><\/a>\n\t\t\t<\/div><\/figure><figure class='gallery-item'>\n\t\t\t<div class='gallery-icon portrait'>\n\t\t\t\t<a href='https:\/\/chalezeule.fr\/index.php\/les-amis-de-la-bibliotheque\/img_4702\/'><img width=\"150\" height=\"150\" src=\"https:\/\/i0.wp.com\/chalezeule.fr\/wp-content\/uploads\/2019\/10\/IMG_4702.jpg?resize=150%2C150&amp;ssl=1\" class=\"attachment-thumbnail size-thumbnail\" alt=\"\" loading=\"lazy\" srcset=\"https:\/\/i0.wp.com\/chalezeule.fr\/wp-content\/uploads\/2019\/10\/IMG_4702.jpg?resize=150%2C150&amp;ssl=1 150w, https:\/\/i0.wp.com\/chalezeule.fr\/wp-content\/uploads\/2019\/10\/IMG_4702.jpg?resize=403%2C400&amp;ssl=1 403w, https:\/\/i0.wp.com\/chalezeule.fr\/wp-content\/uploads\/2019\/10\/IMG_4702.jpg?zoom=2&amp;resize=150%2C150 300w\" sizes=\"(max-width: 150px) 100vw, 150px\" data-attachment-id=\"3322\" data-permalink=\"https:\/\/chalezeule.fr\/index.php\/les-amis-de-la-bibliotheque\/img_4702\/\" data-orig-file=\"https:\/\/i0.wp.com\/chalezeule.fr\/wp-content\/uploads\/2019\/10\/IMG_4702.jpg?fit=403%2C604&amp;ssl=1\" data-orig-size=\"403,604\" data-comments-opened=\"0\" data-image-meta=\"{&quot;aperture&quot;:&quot;0&quot;,&quot;credit&quot;:&quot;&quot;,&quot;camera&quot;:&quot;&quot;,&quot;caption&quot;:&quot;&quot;,&quot;created_timestamp&quot;:&quot;0&quot;,&quot;copyright&quot;:&quot;&quot;,&quot;focal_length&quot;:&quot;0&quot;,&quot;iso&quot;:&quot;0&quot;,&quot;shutter_speed&quot;:&quot;0&quot;,&quot;title&quot;:&quot;&quot;,&quot;orientation&quot;:&quot;0&quot;}\" data-image-title=\"IMG_4702\" data-image-description=\"\" data-medium-file=\"https:\/\/i0.wp.com\/chalezeule.fr\/wp-content\/uploads\/2019\/10\/IMG_4702.jpg?fit=200%2C300&amp;ssl=1\" data-large-file=\"https:\/\/i0.wp.com\/chalezeule.fr\/wp-content\/uploads\/2019\/10\/IMG_4702.jpg?fit=403%2C604&amp;ssl=1\" \/><\/a>\n\t\t\t<\/div><\/figure>\n\t\t<\/div>\n\n<h5><\/h5>\n<h5>Projection du film documentaire &#8220;Food Coop&#8221;<\/h5>\n<p class=\"western\">A l\u2019initiative des Amis de la Biblioth\u00e8que, la M\u00e9diath\u00e8que d\u00e9partementale du Doubs nous a propos\u00e9 la projection d\u2019un film documentaire am\u00e9ricain \u00ab\u00a0Food Coop\u00a0\u00bb.<\/p>\n<p class=\"western\">Mercredi 10 avril 2019 \u00e0 la maison commune de Chalezeule devant une soixantaine de personnes.<\/p>\n<p class=\"western\">Le film, tr\u00e8s int\u00e9ressant, nous a plong\u00e9 dans le fonctionnement d\u2019un supermarch\u00e9 participatif cr\u00e9e \u00e0 New York dans les ann\u00e9es 1970 et qui avec ses 18000 adh\u00e9rents permet aux consommateurs adh\u00e9rents de se procurer des produits en majorit\u00e9 alimentaires de meilleure qualit\u00e9 et \u00e0 des co\u00fbts inf\u00e9rieurs que dans la distribution traditionnelle.<\/p>\n<p><img data-attachment-id=\"2998\" data-permalink=\"https:\/\/chalezeule.fr\/index.php\/les-amis-de-la-bibliotheque\/dav\/\" data-orig-file=\"https:\/\/i2.wp.com\/chalezeule.fr\/wp-content\/uploads\/2019\/05\/IMG_20190410_201039.jpg?fit=3968%2C2240&amp;ssl=1\" data-orig-size=\"3968,2240\" data-comments-opened=\"0\" data-image-meta=\"{&quot;aperture&quot;:&quot;2.2&quot;,&quot;credit&quot;:&quot;&quot;,&quot;camera&quot;:&quot;PRA-LX1&quot;,&quot;caption&quot;:&quot;dav&quot;,&quot;created_timestamp&quot;:&quot;1554927040&quot;,&quot;copyright&quot;:&quot;&quot;,&quot;focal_length&quot;:&quot;3.83&quot;,&quot;iso&quot;:&quot;320&quot;,&quot;shutter_speed&quot;:&quot;0.03&quot;,&quot;title&quot;:&quot;dav&quot;,&quot;orientation&quot;:&quot;0&quot;}\" data-image-title=\"dav\" data-image-description=\"\" data-medium-file=\"https:\/\/i2.wp.com\/chalezeule.fr\/wp-content\/uploads\/2019\/05\/IMG_20190410_201039.jpg?fit=300%2C169&amp;ssl=1\" data-large-file=\"https:\/\/i2.wp.com\/chalezeule.fr\/wp-content\/uploads\/2019\/05\/IMG_20190410_201039.jpg?fit=1024%2C578&amp;ssl=1\" loading=\"lazy\" class=\"size-medium wp-image-2998\" src=\"https:\/\/i2.wp.com\/chalezeule.fr\/wp-content\/uploads\/2019\/05\/IMG_20190410_201039.jpg?resize=300%2C169\" alt=\"\" srcset=\"https:\/\/i2.wp.com\/chalezeule.fr\/wp-content\/uploads\/2019\/05\/IMG_20190410_201039.jpg?resize=300%2C169&amp;ssl=1 300w, https:\/\/i2.wp.com\/chalezeule.fr\/wp-content\/uploads\/2019\/05\/IMG_20190410_201039.jpg?resize=768%2C434&amp;ssl=1 768w, https:\/\/i2.wp.com\/chalezeule.fr\/wp-content\/uploads\/2019\/05\/IMG_20190410_201039.jpg?resize=1024%2C578&amp;ssl=1 1024w, https:\/\/i2.wp.com\/chalezeule.fr\/wp-content\/uploads\/2019\/05\/IMG_20190410_201039.jpg?resize=830%2C469&amp;ssl=1 830w, https:\/\/i2.wp.com\/chalezeule.fr\/wp-content\/uploads\/2019\/05\/IMG_20190410_201039.jpg?resize=230%2C130&amp;ssl=1 230w, https:\/\/i2.wp.com\/chalezeule.fr\/wp-content\/uploads\/2019\/05\/IMG_20190410_201039.jpg?resize=350%2C198&amp;ssl=1 350w, https:\/\/i2.wp.com\/chalezeule.fr\/wp-content\/uploads\/2019\/05\/IMG_20190410_201039.jpg?resize=480%2C271&amp;ssl=1 480w, https:\/\/i2.wp.com\/chalezeule.fr\/wp-content\/uploads\/2019\/05\/IMG_20190410_201039.jpg?w=2340 2340w, https:\/\/i2.wp.com\/chalezeule.fr\/wp-content\/uploads\/2019\/05\/IMG_20190410_201039.jpg?w=3510 3510w\" sizes=\"(max-width: 300px) 100vw, 300px\" data-recalc-dims=\"1\" \/><\/p>\n<p><img data-attachment-id=\"2999\" data-permalink=\"https:\/\/chalezeule.fr\/index.php\/les-amis-de-la-bibliotheque\/dig\/\" data-orig-file=\"https:\/\/i0.wp.com\/chalezeule.fr\/wp-content\/uploads\/2019\/05\/IMG_20190410_214452.jpg?fit=3968%2C2240&amp;ssl=1\" data-orig-size=\"3968,2240\" data-comments-opened=\"0\" data-image-meta=\"{&quot;aperture&quot;:&quot;2.2&quot;,&quot;credit&quot;:&quot;&quot;,&quot;camera&quot;:&quot;PRA-LX1&quot;,&quot;caption&quot;:&quot;dig&quot;,&quot;created_timestamp&quot;:&quot;1554932696&quot;,&quot;copyright&quot;:&quot;&quot;,&quot;focal_length&quot;:&quot;3.83&quot;,&quot;iso&quot;:&quot;250&quot;,&quot;shutter_speed&quot;:&quot;0.03&quot;,&quot;title&quot;:&quot;dig&quot;,&quot;orientation&quot;:&quot;0&quot;}\" data-image-title=\"dig\" data-image-description=\"\" data-medium-file=\"https:\/\/i0.wp.com\/chalezeule.fr\/wp-content\/uploads\/2019\/05\/IMG_20190410_214452.jpg?fit=300%2C169&amp;ssl=1\" data-large-file=\"https:\/\/i0.wp.com\/chalezeule.fr\/wp-content\/uploads\/2019\/05\/IMG_20190410_214452.jpg?fit=1024%2C578&amp;ssl=1\" loading=\"lazy\" class=\"size-medium wp-image-2999\" src=\"https:\/\/i0.wp.com\/chalezeule.fr\/wp-content\/uploads\/2019\/05\/IMG_20190410_214452.jpg?resize=300%2C169\" alt=\"\" srcset=\"https:\/\/i0.wp.com\/chalezeule.fr\/wp-content\/uploads\/2019\/05\/IMG_20190410_214452.jpg?resize=300%2C169&amp;ssl=1 300w, https:\/\/i0.wp.com\/chalezeule.fr\/wp-content\/uploads\/2019\/05\/IMG_20190410_214452.jpg?resize=768%2C434&amp;ssl=1 768w, https:\/\/i0.wp.com\/chalezeule.fr\/wp-content\/uploads\/2019\/05\/IMG_20190410_214452.jpg?resize=1024%2C578&amp;ssl=1 1024w, https:\/\/i0.wp.com\/chalezeule.fr\/wp-content\/uploads\/2019\/05\/IMG_20190410_214452.jpg?resize=830%2C469&amp;ssl=1 830w, https:\/\/i0.wp.com\/chalezeule.fr\/wp-content\/uploads\/2019\/05\/IMG_20190410_214452.jpg?resize=230%2C130&amp;ssl=1 230w, https:\/\/i0.wp.com\/chalezeule.fr\/wp-content\/uploads\/2019\/05\/IMG_20190410_214452.jpg?resize=350%2C198&amp;ssl=1 350w, https:\/\/i0.wp.com\/chalezeule.fr\/wp-content\/uploads\/2019\/05\/IMG_20190410_214452.jpg?resize=480%2C271&amp;ssl=1 480w, https:\/\/i0.wp.com\/chalezeule.fr\/wp-content\/uploads\/2019\/05\/IMG_20190410_214452.jpg?w=2340 2340w, https:\/\/i0.wp.com\/chalezeule.fr\/wp-content\/uploads\/2019\/05\/IMG_20190410_214452.jpg?w=3510 3510w\" sizes=\"(max-width: 300px) 100vw, 300px\" data-recalc-dims=\"1\" \/><\/p>\n<p class=\"western\">A l\u2019issue de la projection, les membres de l\u2019association \u00ab\u00a0Cr\u00e9acoop 25\u00a0\u00bb sont venus pr\u00e9senter leur projet pour Besan\u00e7on d\u2019une structure similaire, et r\u00e9pondre aux questions des participants.<\/p>\n<div class=\"entry-content\">\n<h5 class=\"western\" style=\"text-align: justify;\" align=\"left\"><span style=\"font-family: Helvetica; color: #7fc400;\">Voyage culturel, spectacle\u2026<\/span><\/h5>\n<p><span style=\"font-family: Helvetica;\">L&#8217;Association a un r\u00f4le f\u00e9d\u00e9rateur autour de la culture en proposant diverses activit\u00e9s ouvertes \u00e0 tous\u00a0comme des spectacles divers (th\u00e9\u00e2tre, concerts) et des sorties culturelles (visites de mus\u00e9es, voyage autour d&#8217;un th\u00e8me ).<\/span><\/p>\n<p class=\"western\" style=\"text-align: justify;\" align=\"left\"><span style=\"font-family: Helvetica;\">Si nous travaillons souvent en collaboration avec la biblioth\u00e8que, notre association reste ind\u00e9pendante.<\/span><\/p>\n<\/div>\n<p><span style=\"font-family: Helvetica; text-decoration-line: underline; text-align: justify;\">L\u2019assembl\u00e9e g\u00e9n\u00e9rale qui s\u2019est d\u00e9roul\u00e9e le 21 septembre 2015 a reconduit le bureau :<\/span><\/p>\n<div class=\"entry-content\">\n<p class=\"western\" style=\"text-align: justify;\" align=\"left\"><span style=\"font-family: Helvetica;\">Pr\u00e9sidente: Mich\u00e8le PALUMBO <\/span><\/p>\n<p class=\"western\" style=\"text-align: justify;\" align=\"left\"><span style=\"font-family: Helvetica;\">Tr\u00e9sori\u00e8re : Claudine FAIVRE <\/span><\/p>\n<p class=\"western\" style=\"text-align: justify;\" align=\"left\"><span style=\"font-family: Helvetica;\">Secr\u00e9taire : Brigitte LAITHIER<\/span><\/p>\n<\/div>\n","protected":false},"excerpt":{"rendered":"<p>Contact : Mich\u00e8le\u00a0PALUMBO 06 43 21 94 38 \/\u00a006 76 74 12 18 amis.bib.chalezeule@gmail.com 1, Chemin de Port Arthur\u00a025220 CHALEZEULE Saison 2019-2020 Manifestations de la saison\u00a0: Le 28 septembre 2019 : voyage \u00e0 MARTIGNY pour l&#8217;exposition organis\u00e9e par la Fondation Gianadda : Alberto Giacometti et Rodin Soir\u00e9e th\u00e9\u00e2trale le 23 novembre 2019 \u00e0 la maison [&hellip;]<\/p>\n","protected":false},"author":1,"featured_media":0,"parent":0,"menu_order":0,"comment_status":"closed","ping_status":"closed","template":"","meta":[],"_links":{"self":[{"href":"https:\/\/chalezeule.fr\/index.php\/wp-json\/wp\/v2\/pages\/256"}],"collection":[{"href":"https:\/\/chalezeule.fr\/index.php\/wp-json\/wp\/v2\/pages"}],"about":[{"href":"https:\/\/chalezeule.fr\/index.php\/wp-json\/wp\/v2\/types\/page"}],"author":[{"embeddable":true,"href":"https:\/\/chalezeule.fr\/index.php\/wp-json\/wp\/v2\/users\/1"}],"replies":[{"embeddable":true,"href":"https:\/\/chalezeule.fr\/index.php\/wp-json\/wp\/v2\/comments?post=256"}],"version-history":[{"count":22,"href":"https:\/\/chalezeule.fr\/index.php\/wp-json\/wp\/v2\/pages\/256\/revisions"}],"predecessor-version":[{"id":3510,"href":"https:\/\/chalezeule.fr\/index.php\/wp-json\/wp\/v2\/pages\/256\/revisions\/3510"}],"wp:attachment":[{"href":"https:\/\/chalezeule.fr\/index.php\/wp-json\/wp\/v2\/media?parent=256"}],"curies":[{"name":"wp","href":"https:\/\/api.w.org\/{rel}","templated":true}]}}