{"id":254,"date":"2016-03-08T09:10:50","date_gmt":"2016-03-08T08:10:50","guid":{"rendered":"http:\/\/chalezeule.fr\/?page_id=254"},"modified":"2019-08-15T15:45:18","modified_gmt":"2019-08-15T14:45:18","slug":"calisiola","status":"publish","type":"page","link":"https:\/\/chalezeule.fr\/index.php\/calisiola\/","title":{"rendered":"Calisiola"},"content":{"rendered":"<h5 class=\"entry-content\"><\/h5>\n<h4><img data-attachment-id=\"1368\" data-permalink=\"https:\/\/chalezeule.fr\/index.php\/vie-associative\/calisiola-2\/\" data-orig-file=\"https:\/\/i0.wp.com\/chalezeule.fr\/wp-content\/uploads\/2016\/03\/Calisiola.png?fit=523%2C394&amp;ssl=1\" data-orig-size=\"523,394\" data-comments-opened=\"0\" data-image-meta=\"{&quot;aperture&quot;:&quot;0&quot;,&quot;credit&quot;:&quot;&quot;,&quot;camera&quot;:&quot;&quot;,&quot;caption&quot;:&quot;&quot;,&quot;created_timestamp&quot;:&quot;0&quot;,&quot;copyright&quot;:&quot;&quot;,&quot;focal_length&quot;:&quot;0&quot;,&quot;iso&quot;:&quot;0&quot;,&quot;shutter_speed&quot;:&quot;0&quot;,&quot;title&quot;:&quot;&quot;,&quot;orientation&quot;:&quot;0&quot;}\" data-image-title=\"Calisiola\" data-image-description=\"\" data-medium-file=\"https:\/\/i0.wp.com\/chalezeule.fr\/wp-content\/uploads\/2016\/03\/Calisiola.png?fit=300%2C226&amp;ssl=1\" data-large-file=\"https:\/\/i0.wp.com\/chalezeule.fr\/wp-content\/uploads\/2016\/03\/Calisiola.png?fit=523%2C394&amp;ssl=1\" loading=\"lazy\" class=\"size-medium wp-image-1368 alignleft\" src=\"https:\/\/i0.wp.com\/chalezeule.fr\/wp-content\/uploads\/2016\/03\/Calisiola.png?resize=300%2C226\" alt=\"\" srcset=\"https:\/\/i0.wp.com\/chalezeule.fr\/wp-content\/uploads\/2016\/03\/Calisiola.png?resize=300%2C226&amp;ssl=1 300w, https:\/\/i0.wp.com\/chalezeule.fr\/wp-content\/uploads\/2016\/03\/Calisiola.png?resize=230%2C173&amp;ssl=1 230w, https:\/\/i0.wp.com\/chalezeule.fr\/wp-content\/uploads\/2016\/03\/Calisiola.png?resize=350%2C264&amp;ssl=1 350w, https:\/\/i0.wp.com\/chalezeule.fr\/wp-content\/uploads\/2016\/03\/Calisiola.png?resize=480%2C362&amp;ssl=1 480w, https:\/\/i0.wp.com\/chalezeule.fr\/wp-content\/uploads\/2016\/03\/Calisiola.png?w=523&amp;ssl=1 523w\" sizes=\"(max-width: 300px) 100vw, 300px\" data-recalc-dims=\"1\" \/><span style=\"text-decoration: underline; color: #3782c1; font-family: Helvetica;\">Contacts :<\/span><\/h4>\n<p><span style=\"font-family: Helvetica;\"><strong>Jean Claude MONNIOTTE\u00a0<\/strong><\/span><span style=\"font-family: Helvetica;\">03 81 61 72 53<br \/>\n<\/span><span style=\"font-family: Helvetica;\"><u>monniottejc@orange.fr<br \/>\n<\/u><\/span><span style=\"font-family: Helvetica;\">23A, rue des Fours \u00e0 Chaux\u00a025220 CHALEZEULE<\/span><\/p>\n<p><span style=\"font-family: Helvetica;\">\u00a0<\/span>Ou <strong>Vice-Pr\u00e9sident POURCHET Yves\u00a008 72 97 65.57<br \/>\n<a href=\"mailto:ympourchet@orange.fr\">ympourchet@orange.fr<\/a><br \/>\n<\/strong>25, chemin du Bois Sud<\/p>\n<p>&nbsp;<\/p>\n<p><span style=\"font-family: Helvetica;\">Association de la <strong>protection des sites patrimoniaux et de la nature et sa pr\u00e9servation<\/strong>, Calisiola <strong>organise de manifestations autour du patrimoine et de la randonn\u00e9e.<\/strong><\/span><\/p>\n<p>Cotisation annuelle est de 10\u20ac pour 2019 &#8211; 2020<\/p>\n<ul>\n<li>\n<h5><span style=\"text-decoration: underline; font-family: Helvetica;\"><span style=\"color: #7fc400; text-decoration: underline;\">Saison 2019 &#8211; 2020<\/span><\/span><\/h5>\n<ul>\n<li>Journ\u00e9es du patrimoine\u00a0:\n<ul>\n<li>21 septembre 2019 Chorale &#8220;Chant &#8216;espoir&#8221;, \u00e0 l&#8217;\u00e9glise Sainte B\u00e9nigne<\/li>\n<li>21 et 22 septembre visite des Fours \u00e0 Chaux<\/li>\n<\/ul>\n<\/li>\n<li>Animation des Fours \u00e0 Chaux :<br \/>\ncr\u00e8che du 16 d\u00e9cembre 2019 au 15 janvier 2020<\/li>\n<li>Randonn\u00e9e p\u00e9destre annuelle le 7 juin 2020<\/li>\n<\/ul>\n<\/li>\n<\/ul>\n<ul style=\"list-style-type: square;\">\n<li>\n<h5><span style=\"text-decoration: underline; font-family: Helvetica;\"><span style=\"color: #7fc400; text-decoration: underline;\">En 2019<\/span><\/span><\/h5>\n<ul style=\"list-style-type: square;\">\n<li><span style=\"font-family: Helvetica;\">Randonn\u00e9e p\u00e9destre annuelle le 2 juin 2019<br \/>\n4 circuits :\u00a0Circuit poussette 4 km &#8211; et circuits 9km &#8211; 15km &#8211; 23km<br \/>\nAccueil \u00e0\u00a0la maison commune\u00a0pour l&#8217;inscription \u00e0 partir de 8hR<\/span><\/li>\n<\/ul>\n<\/li>\n<li>\n<h5><span style=\"text-decoration: underline; font-family: Helvetica;\"><span style=\"color: #7fc400; text-decoration: underline;\">En 2018<\/span><\/span><\/h5>\n<\/li>\n<\/ul>\n<ul style=\"list-style-type: circle;\">\n<li><span style=\"font-family: Helvetica;\">Randonn\u00e9e p\u00e9destre annuelle le 3 juin 2018<br \/>\nUne organisation sans faille a permis aux\u00a0<strong>404 participants de marcher sur les 4 circuits propos\u00e9s :9 , 12, 19 et 28 km<\/strong><br \/>\nAccueil \u00e0\u00a0la maison commune\u00a0pour l&#8217;inscription puis sur diff\u00e9rents ravitaillements comme \u00e0 Montfaucon<br \/>\n<img data-attachment-id=\"2696\" data-permalink=\"https:\/\/chalezeule.fr\/index.php\/calisiola\/dsc_1026\/\" data-orig-file=\"https:\/\/i0.wp.com\/chalezeule.fr\/wp-content\/uploads\/2018\/06\/DSC_1026.jpg?fit=4928%2C3264&amp;ssl=1\" data-orig-size=\"4928,3264\" data-comments-opened=\"0\" data-image-meta=\"{&quot;aperture&quot;:&quot;5.3&quot;,&quot;credit&quot;:&quot;&quot;,&quot;camera&quot;:&quot;NIKON D5100&quot;,&quot;caption&quot;:&quot;&quot;,&quot;created_timestamp&quot;:&quot;1528025575&quot;,&quot;copyright&quot;:&quot;&quot;,&quot;focal_length&quot;:&quot;45&quot;,&quot;iso&quot;:&quot;560&quot;,&quot;shutter_speed&quot;:&quot;0.016666666666667&quot;,&quot;title&quot;:&quot;&quot;,&quot;orientation&quot;:&quot;1&quot;}\" data-image-title=\"DSC_1026\" data-image-description=\"\" data-medium-file=\"https:\/\/i0.wp.com\/chalezeule.fr\/wp-content\/uploads\/2018\/06\/DSC_1026.jpg?fit=300%2C199&amp;ssl=1\" data-large-file=\"https:\/\/i0.wp.com\/chalezeule.fr\/wp-content\/uploads\/2018\/06\/DSC_1026.jpg?fit=1024%2C678&amp;ssl=1\" loading=\"lazy\" class=\" wp-image-2696 alignnone\" style=\"font-family: -apple-system, BlinkMacSystemFont, 'Segoe UI', Roboto, Oxygen-Sans, Ubuntu, Cantarell, 'Helvetica Neue', sans-serif;\" src=\"https:\/\/i0.wp.com\/chalezeule.fr\/wp-content\/uploads\/2018\/06\/DSC_1026.jpg?resize=259%2C172\" alt=\"\" srcset=\"https:\/\/i0.wp.com\/chalezeule.fr\/wp-content\/uploads\/2018\/06\/DSC_1026.jpg?resize=300%2C199&amp;ssl=1 300w, https:\/\/i0.wp.com\/chalezeule.fr\/wp-content\/uploads\/2018\/06\/DSC_1026.jpg?resize=768%2C509&amp;ssl=1 768w, https:\/\/i0.wp.com\/chalezeule.fr\/wp-content\/uploads\/2018\/06\/DSC_1026.jpg?resize=1024%2C678&amp;ssl=1 1024w, https:\/\/i0.wp.com\/chalezeule.fr\/wp-content\/uploads\/2018\/06\/DSC_1026.jpg?resize=830%2C550&amp;ssl=1 830w, https:\/\/i0.wp.com\/chalezeule.fr\/wp-content\/uploads\/2018\/06\/DSC_1026.jpg?resize=230%2C152&amp;ssl=1 230w, https:\/\/i0.wp.com\/chalezeule.fr\/wp-content\/uploads\/2018\/06\/DSC_1026.jpg?resize=350%2C232&amp;ssl=1 350w, https:\/\/i0.wp.com\/chalezeule.fr\/wp-content\/uploads\/2018\/06\/DSC_1026.jpg?resize=480%2C318&amp;ssl=1 480w, https:\/\/i0.wp.com\/chalezeule.fr\/wp-content\/uploads\/2018\/06\/DSC_1026.jpg?w=2340 2340w, https:\/\/i0.wp.com\/chalezeule.fr\/wp-content\/uploads\/2018\/06\/DSC_1026.jpg?w=3510 3510w\" sizes=\"(max-width: 259px) 100vw, 259px\" data-recalc-dims=\"1\" \/>\u00a0\u00a0<img data-attachment-id=\"2698\" data-permalink=\"https:\/\/chalezeule.fr\/index.php\/calisiola\/20180603_100129\/\" data-orig-file=\"https:\/\/i2.wp.com\/chalezeule.fr\/wp-content\/uploads\/2018\/06\/20180603_100129.jpg?fit=1920%2C1080&amp;ssl=1\" data-orig-size=\"1920,1080\" data-comments-opened=\"0\" data-image-meta=\"{&quot;aperture&quot;:&quot;0&quot;,&quot;credit&quot;:&quot;&quot;,&quot;camera&quot;:&quot;&quot;,&quot;caption&quot;:&quot;&quot;,&quot;created_timestamp&quot;:&quot;0&quot;,&quot;copyright&quot;:&quot;&quot;,&quot;focal_length&quot;:&quot;0&quot;,&quot;iso&quot;:&quot;0&quot;,&quot;shutter_speed&quot;:&quot;0&quot;,&quot;title&quot;:&quot;&quot;,&quot;orientation&quot;:&quot;0&quot;}\" data-image-title=\"20180603_100129\" data-image-description=\"\" data-medium-file=\"https:\/\/i2.wp.com\/chalezeule.fr\/wp-content\/uploads\/2018\/06\/20180603_100129.jpg?fit=300%2C169&amp;ssl=1\" data-large-file=\"https:\/\/i2.wp.com\/chalezeule.fr\/wp-content\/uploads\/2018\/06\/20180603_100129.jpg?fit=1024%2C576&amp;ssl=1\" loading=\"lazy\" class=\"size-medium wp-image-2698 alignnone\" src=\"https:\/\/i2.wp.com\/chalezeule.fr\/wp-content\/uploads\/2018\/06\/20180603_100129.jpg?resize=300%2C169\" alt=\"\" srcset=\"https:\/\/i2.wp.com\/chalezeule.fr\/wp-content\/uploads\/2018\/06\/20180603_100129.jpg?resize=300%2C169&amp;ssl=1 300w, https:\/\/i2.wp.com\/chalezeule.fr\/wp-content\/uploads\/2018\/06\/20180603_100129.jpg?resize=768%2C432&amp;ssl=1 768w, https:\/\/i2.wp.com\/chalezeule.fr\/wp-content\/uploads\/2018\/06\/20180603_100129.jpg?resize=1024%2C576&amp;ssl=1 1024w, https:\/\/i2.wp.com\/chalezeule.fr\/wp-content\/uploads\/2018\/06\/20180603_100129.jpg?resize=830%2C467&amp;ssl=1 830w, https:\/\/i2.wp.com\/chalezeule.fr\/wp-content\/uploads\/2018\/06\/20180603_100129.jpg?resize=230%2C129&amp;ssl=1 230w, https:\/\/i2.wp.com\/chalezeule.fr\/wp-content\/uploads\/2018\/06\/20180603_100129.jpg?resize=350%2C197&amp;ssl=1 350w, https:\/\/i2.wp.com\/chalezeule.fr\/wp-content\/uploads\/2018\/06\/20180603_100129.jpg?resize=480%2C270&amp;ssl=1 480w, https:\/\/i2.wp.com\/chalezeule.fr\/wp-content\/uploads\/2018\/06\/20180603_100129.jpg?w=1920&amp;ssl=1 1920w\" sizes=\"(max-width: 300px) 100vw, 300px\" data-recalc-dims=\"1\" \/><\/span><\/li>\n<li><span style=\"font-family: Helvetica;\">Journ\u00e9es du patrimoine <\/span><\/li>\n<li><span style=\"font-family: Helvetica;\">Animation des Fours \u00e0 Chaux P\u00e9riode de No\u00ebl<\/span><\/li>\n<li><span style=\"font-family: Helvetica;\">Participation \u00e0 la f\u00eate du village et soutien au t\u00e9l\u00e9thon<\/span><\/li>\n<\/ul>\n<ul style=\"list-style-type: square;\">\n<li>\n<h5><span style=\"text-decoration: underline; font-family: Helvetica;\"><span style=\"color: #7fc400; text-decoration: underline;\">En 2017<\/span><\/span><\/h5>\n<\/li>\n<\/ul>\n<ul style=\"list-style-type: circle;\">\n<li><a href=\"http:\/\/chalezeule.fr\/index.php\/2017\/10\/31\/journees-du-patrimoine-calisiola-16-et-17-10-2017\/\"><span style=\"font-family: Helvetica;\">Journ\u00e9es du patrimoine\u00a0: 16 et 17 septembre 2017<\/span><\/a><\/li>\n<li><span style=\"font-family: Helvetica;\">Animation des Fours \u00e0 Chaux P\u00e9riode de No\u00ebl<\/span><\/li>\n<li><span style=\"font-family: Helvetica;\">Randonn\u00e9e p\u00e9destre annuelle le premier dimanche de juin<\/span><\/li>\n<li><span style=\"font-family: Helvetica;\">Participe \u00e0 la f\u00eate du village et soutient le t\u00e9l\u00e9thon<\/span><\/li>\n<\/ul>\n<ul>\n<li><span style=\"font-family: Helvetica;\">La randonn\u00e9e\u00a0\u00a0aura lieu le 1\u00b0 dimanche de juin, . Comme chaque ann\u00e9e, divers artisans ou associations seront pr\u00e9sents pour faire d\u00e9couvrir leurs produits et leurs activit\u00e9s aux randonneurs.<\/span><\/li>\n<\/ul>\n<ul style=\"list-style-type: square;\">\n<li style=\"text-align: left;\">\n<h5><span style=\"text-decoration: underline; font-family: Helvetica;\"><span style=\"color: #7fc400; text-decoration: underline;\">En 2016<\/span><\/span><\/h5>\n<\/li>\n<\/ul>\n<p><span style=\"font-family: Helvetica;\">\u00a0 \u00a0 \u00a0En 2016, les activit\u00e9s propos\u00e9es par l\u2019association Calisiola ont \u00e9t\u00e9 principalement<strong> d\u00e9di\u00e9es \u00e0 l\u2019association\u00a0 les enfants de l\u2019espoir<\/strong> \u00a0association qui aide et soutient les familles dont les enfants sont hospitalis\u00e9s.<\/span><\/p>\n<ul style=\"list-style-type: circle;\">\n<li><span style=\"font-family: Helvetica;\"><a href=\"http:\/\/chalezeule.fr\/index.php\/2017\/10\/23\/randonnee-calisiola-07062017\/\">Randonn\u00e9e &#8211; 07\/06\/2017<\/a><\/span><\/li>\n<li><span style=\"font-family: Helvetica;\"><a href=\"http:\/\/chalezeule.fr\/index.php\/2017\/10\/23\/les-journees-du-patrimoine\/\">Les journ\u00e9es du patrimoine<\/a><\/span><\/li>\n<li><span style=\"font-family: Helvetica;\"><a href=\"http:\/\/chalezeule.fr\/index.php\/2017\/10\/23\/le-telethon-calisiola-2016\/\">Le\u00a0T\u00e9l\u00e9thon<\/a><\/span><\/li>\n<li><span style=\"font-family: Helvetica;\"><a href=\"http:\/\/chalezeule.fr\/index.php\/2017\/10\/23\/la-creche-de-noel\/\">La cr\u00e8che de no\u00ebl<\/a><\/span><\/li>\n<\/ul>\n<p><span style=\"font-family: Helvetica;\">Ces diff\u00e9rentes animations sont possibles gr\u00e2ce \u00e0 l\u2019engagement de nos b\u00e9n\u00e9voles et de l\u2019aide financi\u00e8re de la municipalit\u00e9, sans oublier la contribution de nombreux commer\u00e7ants.<\/span><\/p>\n<p><span style=\"font-family: Helvetica;\">Merci \u00e0 tous.<\/span><\/p>\n","protected":false},"excerpt":{"rendered":"<p>Contacts : Jean Claude MONNIOTTE\u00a003 81 61 72 53 monniottejc@orange.fr 23A, rue des Fours \u00e0 Chaux\u00a025220 CHALEZEULE \u00a0Ou Vice-Pr\u00e9sident POURCHET Yves\u00a008 72 97 65.57 ympourchet@orange.fr 25, chemin du Bois Sud &nbsp; Association de la protection des sites patrimoniaux et de la nature et sa pr\u00e9servation, Calisiola organise de manifestations autour du patrimoine et de la [&hellip;]<\/p>\n","protected":false},"author":1,"featured_media":0,"parent":0,"menu_order":0,"comment_status":"closed","ping_status":"closed","template":"","meta":[],"_links":{"self":[{"href":"https:\/\/chalezeule.fr\/index.php\/wp-json\/wp\/v2\/pages\/254"}],"collection":[{"href":"https:\/\/chalezeule.fr\/index.php\/wp-json\/wp\/v2\/pages"}],"about":[{"href":"https:\/\/chalezeule.fr\/index.php\/wp-json\/wp\/v2\/types\/page"}],"author":[{"embeddable":true,"href":"https:\/\/chalezeule.fr\/index.php\/wp-json\/wp\/v2\/users\/1"}],"replies":[{"embeddable":true,"href":"https:\/\/chalezeule.fr\/index.php\/wp-json\/wp\/v2\/comments?post=254"}],"version-history":[{"count":11,"href":"https:\/\/chalezeule.fr\/index.php\/wp-json\/wp\/v2\/pages\/254\/revisions"}],"predecessor-version":[{"id":3039,"href":"https:\/\/chalezeule.fr\/index.php\/wp-json\/wp\/v2\/pages\/254\/revisions\/3039"}],"wp:attachment":[{"href":"https:\/\/chalezeule.fr\/index.php\/wp-json\/wp\/v2\/media?parent=254"}],"curies":[{"name":"wp","href":"https:\/\/api.w.org\/{rel}","templated":true}]}}