{"id":252,"date":"2016-03-08T09:10:21","date_gmt":"2016-03-08T08:10:21","guid":{"rendered":"http:\/\/chalezeule.fr\/?page_id=252"},"modified":"2019-08-15T16:44:06","modified_gmt":"2019-08-15T15:44:06","slug":"tennis-badminton","status":"publish","type":"page","link":"https:\/\/chalezeule.fr\/index.php\/tennis-badminton\/","title":{"rendered":"Tennis-Badminton"},"content":{"rendered":"<div class=\"entry-content\">\n<h4 class=\"western\" style=\"text-align: justify;\" align=\"justify\"><span style=\"text-decoration: underline; color: #3782c1;\"><span style=\"font-family: Helvetica;\"><b>Contacts : <\/b><\/span><\/span><\/h4>\n<ul style=\"list-style-type: circle;\">\n<li><span style=\"font-family: Helvetica;\">Pr\u00e9sident <strong>Jean ALTMEYER<\/strong><\/span><\/li>\n<\/ul>\n<ul style=\"list-style-type: circle;\">\n<li><span style=\"font-family: Helvetica;\">Secr\u00e9taire <strong>C\u00e9dric PETIT<\/strong><\/span><\/li>\n<\/ul>\n<p>06-31-47-28-63 \/ 14 rue R\u00e9sal 2500 BESAN\u00c7ON<\/p>\n<ul style=\"list-style-type: circle;\">\n<li><span style=\"font-family: Helvetica;\"><strong>Tr\u00e9sorier Gilles NAR\u00e7ON<\/strong><\/span><\/li>\n<\/ul>\n<p class=\"western\" style=\"text-align: justify;\" align=\"justify\"><span style=\"font-family: Helvetica;\">\u00a003 81 61 30 80 \/\u00a032 rue du Tartre 25220\u00a0CHALEZEULE )<\/span><\/p>\n<p class=\"western\" style=\"text-align: justify;\" align=\"justify\"><span style=\"font-family: Helvetica;\"><strong>\u00a0<\/strong><\/span><\/p>\n<p class=\"western\" style=\"text-align: justify;\" align=\"justify\"><span style=\"font-family: Helvetica; color: #7fc400;\"><b>Venez nous rejoindre<\/b><b> <\/b><b>!<\/b><\/span><\/p>\n<p class=\"western\" style=\"text-align: justify;\" align=\"justify\"><span style=\"font-family: Helvetica;\">Le club de Tennis-Badminton offre la possibilit\u00e9 aux habitants de Chalezeule et aux ext\u00e9rieurs (ces derniers sont soumis \u00e0 certaines conditions) de pratiquer le Tennis et le Badminton dans les infrastructures qui leur sont mises \u00e0 disposition.<\/span><\/p>\n<table style=\"width: 769px;\">\n<tbody>\n<tr style=\"height: 10.5313px;\">\n<td style=\"text-align: center; width: 129px; height: 10.5313px;\"><span style=\"font-family: Helvetica;\">\u00a0<\/span><\/td>\n<td style=\"text-align: center; width: 304.648px; height: 10.5313px;\">\n<h5><span style=\"font-family: Helvetica; font-size: 16px;\"><span style=\"color: #7fc400;\"><strong>Badminton<\/strong><\/span><\/span><\/h5>\n<\/td>\n<td style=\"text-align: center; width: 325.352px; height: 10.5313px;\">\n<h5><span style=\"font-family: Helvetica; font-size: 16px;\"><span style=\"color: #7fc400;\"><strong>Tennis<\/strong><\/span><\/span><\/h5>\n<\/td>\n<\/tr>\n<tr style=\"height: 23px;\">\n<td style=\"text-align: center; width: 129px; height: 23px;\"><span style=\"font-family: Helvetica;\"><strong>Publics:\u00a0<\/strong><\/span><\/td>\n<td style=\"text-align: center; width: 630px; height: 23px;\" colspan=\"2\"><span style=\"font-family: Helvetica;\">tous \u00e2ges<\/span><\/td>\n<\/tr>\n<tr style=\"height: 106px;\">\n<td style=\"text-align: center; width: 129px; height: 106px;\"><span style=\"font-family: Helvetica;\"><strong>Jour et horaires:<\/strong><\/span><\/td>\n<td style=\"text-align: center; width: 304.648px; height: 106px;\"><span style=\"font-family: Helvetica;\">mercredi et jeudi de 20h30 \u00e0 23 h00, <\/span><\/p>\n<p><span style=\"font-family: Helvetica;\">dimanche de 10h \u00e0 12h<br \/>\n<\/span><span style=\"font-family: Helvetica;\">(suivant disponibilit\u00e9 de la salle)<\/span><\/td>\n<td style=\"text-align: center; width: 325.352px; height: 106px;\"><span style=\"font-family: Helvetica;\">Possibilit\u00e9 de r\u00e9server 2 horaires maximum par semaine sur tableau d&#8217;inscription \u00e0 l&#8217;entr\u00e9e du cours<\/span><\/p>\n<p><span style=\"font-family: Helvetica;\">Chaque adh\u00e9rent peut s&#8217;inscrire avec un invit\u00e9<\/span><\/td>\n<\/tr>\n<tr style=\"height: 101px;\">\n<td style=\"text-align: center; width: 129px; height: 101px;\"><span style=\"font-family: Helvetica;\"><strong>Lieu:<\/strong><\/span><\/td>\n<td style=\"text-align: center; width: 304.648px; height: 101px;\"><span style=\"font-family: Helvetica;\">maison\u00a0 commune<\/span><\/td>\n<td style=\"text-align: center; width: 325.352px; height: 101px;\"><span style=\"font-family: Helvetica;\"><em>\u00a0<\/em>Cours de tennis au lotissement des Clos<\/span><\/p>\n<p><span style=\"font-family: Helvetica;\">L&#8217;acc\u00e8s est r\u00e9serv\u00e9 aux adh\u00e9rents en r\u00e8gle de leur cotisation et munis d&#8217;une clef.<\/span><\/td>\n<\/tr>\n<tr style=\"height: 46px;\">\n<td style=\"text-align: center; width: 129px; height: 46px;\"><span style=\"font-family: Helvetica;\"><strong>Cotisations :\u00a0<\/strong><\/span><\/td>\n<td style=\"text-align: center; width: 304.648px; height: 46px;\"><span style=\"font-family: Helvetica;\">Les deux premi\u00e8res s\u00e9ances sont gratuites pour d\u00e9couvrir l\u2019activit\u00e9<\/span><\/td>\n<td style=\"text-align: center; width: 325.352px; height: 46px;\"><span style=\"font-family: Helvetica;\">10\u20ac par an<\/span><\/td>\n<\/tr>\n<\/tbody>\n<\/table>\n<p class=\"western\" style=\"text-align: justify;\" align=\"left\"><span style=\"font-family: Helvetica;\">Vous pouvez venir renforcer notre association.<\/span><\/p>\n<p class=\"western\" style=\"text-align: justify;\" align=\"left\"><span style=\"font-family: Helvetica;\"><strong>Chaque ann\u00e9e un tournoi de tennis interne est organis\u00e9 en fin d&#8217;ann\u00e9e<\/strong>, ouvert \u00e0 tous les adh\u00e9rents , ce qui permet aux membres de se retrouver, et de passer un week-end convivial avec un repas pris en commun.<\/span><\/p>\n<p class=\"western\" style=\"text-align: justify;\" align=\"left\"><span style=\"font-family: Helvetica;\">Les adh\u00e9sions sont valables pour l\u2019ann\u00e9e civile sans prorata pour une inscription en cours d\u2019ann\u00e9e.<\/span><\/p>\n<\/div>\n","protected":false},"excerpt":{"rendered":"<p>Contacts : Pr\u00e9sident Jean ALTMEYER Secr\u00e9taire C\u00e9dric PETIT 06-31-47-28-63 \/ 14 rue R\u00e9sal 2500 BESAN\u00c7ON Tr\u00e9sorier Gilles NAR\u00e7ON \u00a003 81 61 30 80 \/\u00a032 rue du Tartre 25220\u00a0CHALEZEULE ) \u00a0 Venez nous rejoindre ! Le club de Tennis-Badminton offre la possibilit\u00e9 aux habitants de Chalezeule et aux ext\u00e9rieurs (ces derniers sont soumis \u00e0 certaines conditions) [&hellip;]<\/p>\n","protected":false},"author":1,"featured_media":0,"parent":0,"menu_order":0,"comment_status":"closed","ping_status":"closed","template":"","meta":[],"_links":{"self":[{"href":"https:\/\/chalezeule.fr\/index.php\/wp-json\/wp\/v2\/pages\/252"}],"collection":[{"href":"https:\/\/chalezeule.fr\/index.php\/wp-json\/wp\/v2\/pages"}],"about":[{"href":"https:\/\/chalezeule.fr\/index.php\/wp-json\/wp\/v2\/types\/page"}],"author":[{"embeddable":true,"href":"https:\/\/chalezeule.fr\/index.php\/wp-json\/wp\/v2\/users\/1"}],"replies":[{"embeddable":true,"href":"https:\/\/chalezeule.fr\/index.php\/wp-json\/wp\/v2\/comments?post=252"}],"version-history":[{"count":11,"href":"https:\/\/chalezeule.fr\/index.php\/wp-json\/wp\/v2\/pages\/252\/revisions"}],"predecessor-version":[{"id":3056,"href":"https:\/\/chalezeule.fr\/index.php\/wp-json\/wp\/v2\/pages\/252\/revisions\/3056"}],"wp:attachment":[{"href":"https:\/\/chalezeule.fr\/index.php\/wp-json\/wp\/v2\/media?parent=252"}],"curies":[{"name":"wp","href":"https:\/\/api.w.org\/{rel}","templated":true}]}}