{"id":250,"date":"2016-03-08T09:10:03","date_gmt":"2016-03-08T08:10:03","guid":{"rendered":"http:\/\/chalezeule.fr\/?page_id=250"},"modified":"2019-08-15T16:41:34","modified_gmt":"2019-08-15T15:41:34","slug":"societe-deducation-populaire","status":"publish","type":"page","link":"https:\/\/chalezeule.fr\/index.php\/societe-deducation-populaire\/","title":{"rendered":"Soci\u00e9t\u00e9 d\u2019\u00e9ducation populaire"},"content":{"rendered":"<h5 class=\"entry-content\">\u00a0<span style=\"text-decoration: underline; font-family: Helvetica;\"><span style=\"color: #3782c1;\"><b>Contact :<br \/>\n<\/b><\/span><\/span><span style=\"font-family: Helvetica;\">Pr\u00e9sident : Jean Luc Kaulek\u00a006 74 25 06 38 \/\u00a003 81 51 28 80<br \/>\n<a href=\"mailto:kaulekjeanluc@hotmail.fr\">kaulekjeanluc@hotmail.fr<\/a><br \/>\n<\/span><\/h5>\n<h5 align=\"left\">\u00a0<span style=\"text-decoration: underline; color: #7fc400; font-family: Helvetica;\"><b>Les Activit\u00e9s \u00e0 la SEP<\/b><b>\u00a0en 2019 &#8211; 2020:<br \/>\n<\/b><\/span><em>Inscription<\/em> \u00e0 partir du 2 septembre 2019 avec certificat m\u00e9dical pour toutes les activit\u00e9s physiques et sportives<\/h5>\n<p><strong><em>Karat\u00e9\u00a0: <\/em><\/strong><em>S\u00e9ance de Kata et de combats\u00a0 \u00e0 partir de 5 ans<br \/>\n<\/em>Renseignements : Didier HAAS \u00a006 86 83 17 37<br \/>\nlundi et Jeudi <i>, g<\/i>rande salle de la maison commune &#8211;\u00a0<em>Tarif cotisation <\/em>170 \u20ac par an<\/p>\n<ul>\n<li>17h30 \u00e0 18h30 pour les enfants \u00e0 partir de 5 ans<\/li>\n<li>18h30 \u00e0 20h00\u00a0pour ados et adultes<br \/>\nPendant les vacances, les entra\u00eenements sont maintenus et des stages sont organis\u00e9s.<\/li>\n<\/ul>\n<p><strong><em>\u00a0<\/em><\/strong><strong><em>Judo de 5 \u00e0 12 ans\u00a0Tarif cotisation\u00a0: 150 \u20ac par an<br \/>\n<\/em><\/strong> Mercredi de 13h \u00e0 15h30 en p\u00e9riode scolaire (am\u00e9nagement les sauf les mercredis de ludoth\u00e8que) \u00e0 la grande salle de la maison commune<\/p>\n<p><strong><em>Tennis de table 10 ans et plus\u00a0grande salle de la maison commune<br \/>\n<\/em><\/strong>Renseignements : <a href=\"mailto:patricknormand@free.fr\">patricknormand@free.fr<\/a> \u00a006 14 68 96 22<\/p>\n<ul>\n<li>Lundi et vendredi de 20h00 \u00e0 23h00<\/li>\n<li>Mercredi de 16h \u00e0 17h30 sauf les mercredis de ludoth\u00e8que<\/li>\n<\/ul>\n<p><em>Tarif cotisation\u00a0: <\/em>loisir 39\u20ac\u00a0 &#8211;\u00a0<em>Comp\u00e9tition <\/em>Poussin \u00e0 cadet : 72\u20ac\u00a0 V\u00e9t\u00e9ran senior junior 92\u20ac<br \/>\nPendant les vacances, les entra\u00eenements sont maintenus.<\/p>\n<p><strong><em>Remise en forme\u00a0\u00a0grande salle de la maison commune<br \/>\n<\/em><\/strong>Renseignements : <a href=\"mailto:gaelle_bemf@hotmail.fr\">gaelle_bemf@hotmail.fr<\/a><br \/>\nLundi de 10h15 \u00e0 11h45 : renforcement musculaire g\u00e9n\u00e9ralis\u00e9<br \/>\nMardi 19h \u2013 20h : cours cardio et 20h \u2013 21h : renforcement musculaire g\u00e9n\u00e9ralis\u00e9<\/p>\n<p>125 \u20ac pour un cours hebdomadaire et 60\u20ac par cours suppl\u00e9mentaire<\/p>\n<p><strong><em>Marche Nordique pour\u00a0<\/em><em>\u00a0<\/em>adultes\u00a0rendez-vous maison commune ou sur des sites fix\u00e9s \u00e0 l\u2019avance<br \/>\n<\/strong>\u00a0Jeudi 14h30 \u00e0 16h<br \/>\n<em>Tarif cotisation\u00a0: <\/em>150 \u20ac par an pour un cours hebdomadaire<\/p>\n<p><strong><em>\u00a0<\/em><\/strong><strong><em>Autres activit\u00e9s<\/em><\/strong><\/p>\n<p><strong><em>\u00a0<\/em><\/strong>L\u2019association organise diverses manifestations en cours de saison et participe \u00e0 la f\u00eate du village.\u00a0:<\/p>\n<ul>\n<li>Un vide grenier le 17 novembre 2019<\/li>\n<li>Le No\u00ebl des enfants le 15 d\u00e9cembre 2019 pour les chalezeulois de moins de 10 ans<\/li>\n<li>Un couscous le 11 f\u00e9vrier 2020,<\/li>\n<li>Un loto le lundi de Pentec\u00f4te 2020<\/li>\n<li>Le m\u00e9choui du 14 juillet 2020<\/li>\n<\/ul>\n<p><b>et\u00a0<strong>Nouveau!\u00a0<\/strong><\/b>F\u00eate de la musique le 21 juin 2020et<\/p>\n<p><img data-attachment-id=\"1645\" data-permalink=\"https:\/\/chalezeule.fr\/index.php\/societe-deducation-populaire\/tennis-de-table-sep\/\" data-orig-file=\"https:\/\/i0.wp.com\/chalezeule.fr\/wp-content\/uploads\/2016\/03\/tennis-de-table-SEP.jpg?fit=529%2C333&amp;ssl=1\" data-orig-size=\"529,333\" data-comments-opened=\"0\" data-image-meta=\"{&quot;aperture&quot;:&quot;0&quot;,&quot;credit&quot;:&quot;&quot;,&quot;camera&quot;:&quot;&quot;,&quot;caption&quot;:&quot;&quot;,&quot;created_timestamp&quot;:&quot;0&quot;,&quot;copyright&quot;:&quot;&quot;,&quot;focal_length&quot;:&quot;0&quot;,&quot;iso&quot;:&quot;0&quot;,&quot;shutter_speed&quot;:&quot;0&quot;,&quot;title&quot;:&quot;&quot;,&quot;orientation&quot;:&quot;0&quot;}\" data-image-title=\"tennis de table SEP\" data-image-description=\"\" data-medium-file=\"https:\/\/i0.wp.com\/chalezeule.fr\/wp-content\/uploads\/2016\/03\/tennis-de-table-SEP.jpg?fit=300%2C189&amp;ssl=1\" data-large-file=\"https:\/\/i0.wp.com\/chalezeule.fr\/wp-content\/uploads\/2016\/03\/tennis-de-table-SEP.jpg?fit=529%2C333&amp;ssl=1\" loading=\"lazy\" class=\"wp-image-1645 alignleft\" src=\"https:\/\/i0.wp.com\/chalezeule.fr\/wp-content\/uploads\/2016\/03\/tennis-de-table-SEP.jpg?resize=255%2C161\" alt=\"\" srcset=\"https:\/\/i0.wp.com\/chalezeule.fr\/wp-content\/uploads\/2016\/03\/tennis-de-table-SEP.jpg?resize=300%2C189&amp;ssl=1 300w, https:\/\/i0.wp.com\/chalezeule.fr\/wp-content\/uploads\/2016\/03\/tennis-de-table-SEP.jpg?resize=230%2C145&amp;ssl=1 230w, https:\/\/i0.wp.com\/chalezeule.fr\/wp-content\/uploads\/2016\/03\/tennis-de-table-SEP.jpg?resize=350%2C220&amp;ssl=1 350w, https:\/\/i0.wp.com\/chalezeule.fr\/wp-content\/uploads\/2016\/03\/tennis-de-table-SEP.jpg?resize=480%2C302&amp;ssl=1 480w, https:\/\/i0.wp.com\/chalezeule.fr\/wp-content\/uploads\/2016\/03\/tennis-de-table-SEP.jpg?w=529&amp;ssl=1 529w\" sizes=\"(max-width: 255px) 100vw, 255px\" data-recalc-dims=\"1\" \/> <img data-attachment-id=\"1646\" data-permalink=\"https:\/\/chalezeule.fr\/index.php\/societe-deducation-populaire\/karate-sep\/\" data-orig-file=\"https:\/\/i2.wp.com\/chalezeule.fr\/wp-content\/uploads\/2016\/03\/Karat\u00e9-SEP.png?fit=297%2C213&amp;ssl=1\" data-orig-size=\"297,213\" data-comments-opened=\"0\" data-image-meta=\"{&quot;aperture&quot;:&quot;0&quot;,&quot;credit&quot;:&quot;&quot;,&quot;camera&quot;:&quot;&quot;,&quot;caption&quot;:&quot;&quot;,&quot;created_timestamp&quot;:&quot;0&quot;,&quot;copyright&quot;:&quot;&quot;,&quot;focal_length&quot;:&quot;0&quot;,&quot;iso&quot;:&quot;0&quot;,&quot;shutter_speed&quot;:&quot;0&quot;,&quot;title&quot;:&quot;&quot;,&quot;orientation&quot;:&quot;0&quot;}\" data-image-title=\"Karat\u00e9 SEP\" data-image-description=\"\" data-medium-file=\"https:\/\/i2.wp.com\/chalezeule.fr\/wp-content\/uploads\/2016\/03\/Karat\u00e9-SEP.png?fit=297%2C213&amp;ssl=1\" data-large-file=\"https:\/\/i2.wp.com\/chalezeule.fr\/wp-content\/uploads\/2016\/03\/Karat\u00e9-SEP.png?fit=297%2C213&amp;ssl=1\" loading=\"lazy\" class=\"wp-image-1646 alignleft\" src=\"https:\/\/i2.wp.com\/chalezeule.fr\/wp-content\/uploads\/2016\/03\/Karat\u00e9-SEP.png?resize=231%2C165\" alt=\"\" srcset=\"https:\/\/i2.wp.com\/chalezeule.fr\/wp-content\/uploads\/2016\/03\/Karat\u00e9-SEP.png?w=297&amp;ssl=1 297w, https:\/\/i2.wp.com\/chalezeule.fr\/wp-content\/uploads\/2016\/03\/Karat\u00e9-SEP.png?resize=230%2C165&amp;ssl=1 230w\" sizes=\"(max-width: 231px) 100vw, 231px\" data-recalc-dims=\"1\" \/> <img data-attachment-id=\"1647\" data-permalink=\"https:\/\/chalezeule.fr\/index.php\/societe-deducation-populaire\/remise-en-forme-sep\/\" data-orig-file=\"https:\/\/i2.wp.com\/chalezeule.fr\/wp-content\/uploads\/2016\/03\/remise-en-forme-SEP.png?fit=454%2C339&amp;ssl=1\" data-orig-size=\"454,339\" data-comments-opened=\"0\" data-image-meta=\"{&quot;aperture&quot;:&quot;0&quot;,&quot;credit&quot;:&quot;&quot;,&quot;camera&quot;:&quot;&quot;,&quot;caption&quot;:&quot;&quot;,&quot;created_timestamp&quot;:&quot;0&quot;,&quot;copyright&quot;:&quot;&quot;,&quot;focal_length&quot;:&quot;0&quot;,&quot;iso&quot;:&quot;0&quot;,&quot;shutter_speed&quot;:&quot;0&quot;,&quot;title&quot;:&quot;&quot;,&quot;orientation&quot;:&quot;0&quot;}\" data-image-title=\"remise en forme SEP\" data-image-description=\"\" data-medium-file=\"https:\/\/i2.wp.com\/chalezeule.fr\/wp-content\/uploads\/2016\/03\/remise-en-forme-SEP.png?fit=300%2C224&amp;ssl=1\" data-large-file=\"https:\/\/i2.wp.com\/chalezeule.fr\/wp-content\/uploads\/2016\/03\/remise-en-forme-SEP.png?fit=454%2C339&amp;ssl=1\" loading=\"lazy\" class=\" wp-image-1647 alignleft\" src=\"https:\/\/i2.wp.com\/chalezeule.fr\/wp-content\/uploads\/2016\/03\/remise-en-forme-SEP.png?resize=221%2C165\" alt=\"\" srcset=\"https:\/\/i2.wp.com\/chalezeule.fr\/wp-content\/uploads\/2016\/03\/remise-en-forme-SEP.png?resize=300%2C224&amp;ssl=1 300w, https:\/\/i2.wp.com\/chalezeule.fr\/wp-content\/uploads\/2016\/03\/remise-en-forme-SEP.png?resize=230%2C172&amp;ssl=1 230w, https:\/\/i2.wp.com\/chalezeule.fr\/wp-content\/uploads\/2016\/03\/remise-en-forme-SEP.png?resize=350%2C261&amp;ssl=1 350w, https:\/\/i2.wp.com\/chalezeule.fr\/wp-content\/uploads\/2016\/03\/remise-en-forme-SEP.png?w=454&amp;ssl=1 454w\" sizes=\"(max-width: 221px) 100vw, 221px\" data-recalc-dims=\"1\" \/><\/p>\n<h5 align=\"left\"><\/h5>\n<h5 align=\"left\"><\/h5>\n<p>&nbsp;<\/p>\n<h5 align=\"left\"><\/h5>\n<p>&nbsp;<\/p>\n<h5 align=\"left\"><span style=\"text-decoration: underline; font-family: Helvetica;\"><span style=\"color: #7fc400; text-decoration: underline;\">Autres activit\u00e9s :\u00a0<\/span><\/span><\/h5>\n<ul>\n<li><span style=\"font-family: Helvetica;\">Noel des enfants, couscous au mois de f\u00e9vrier et m\u00e9choui le 14 juillet<\/span><\/li>\n<li><span style=\"font-family: Helvetica;\">Participe \u00e0 la f\u00eate du village et anime le T\u00e9l\u00e9thon<\/span><\/li>\n<\/ul>\n<p>&nbsp;<\/p>\n<h5><span style=\"text-decoration: underline;\"><span style=\"font-family: Helvetica; color: #7fc400; text-decoration: underline;\">En 2017 :\u00a0<\/span><\/span><\/h5>\n<ul style=\"list-style-type: disc;\">\n<li><a href=\"http:\/\/chalezeule.fr\/index.php\/2017\/12\/13\/la-parade-de-noel-10122017-sep\/\"><span style=\"font-family: Helvetica;\">La parade de No\u00ebl &#8211; 10\/12\/2017<\/span><\/a><\/li>\n<\/ul>\n","protected":false},"excerpt":{"rendered":"<p>\u00a0Contact : Pr\u00e9sident : Jean Luc Kaulek\u00a006 74 25 06 38 \/\u00a003 81 51 28 80 kaulekjeanluc@hotmail.fr \u00a0Les Activit\u00e9s \u00e0 la SEP\u00a0en 2019 &#8211; 2020: Inscription \u00e0 partir du 2 septembre 2019 avec certificat m\u00e9dical pour toutes les activit\u00e9s physiques et sportives Karat\u00e9\u00a0: S\u00e9ance de Kata et de combats\u00a0 \u00e0 partir de 5 ans Renseignements [&hellip;]<\/p>\n","protected":false},"author":1,"featured_media":0,"parent":0,"menu_order":0,"comment_status":"closed","ping_status":"closed","template":"","meta":[],"_links":{"self":[{"href":"https:\/\/chalezeule.fr\/index.php\/wp-json\/wp\/v2\/pages\/250"}],"collection":[{"href":"https:\/\/chalezeule.fr\/index.php\/wp-json\/wp\/v2\/pages"}],"about":[{"href":"https:\/\/chalezeule.fr\/index.php\/wp-json\/wp\/v2\/types\/page"}],"author":[{"embeddable":true,"href":"https:\/\/chalezeule.fr\/index.php\/wp-json\/wp\/v2\/users\/1"}],"replies":[{"embeddable":true,"href":"https:\/\/chalezeule.fr\/index.php\/wp-json\/wp\/v2\/comments?post=250"}],"version-history":[{"count":16,"href":"https:\/\/chalezeule.fr\/index.php\/wp-json\/wp\/v2\/pages\/250\/revisions"}],"predecessor-version":[{"id":3055,"href":"https:\/\/chalezeule.fr\/index.php\/wp-json\/wp\/v2\/pages\/250\/revisions\/3055"}],"wp:attachment":[{"href":"https:\/\/chalezeule.fr\/index.php\/wp-json\/wp\/v2\/media?parent=250"}],"curies":[{"name":"wp","href":"https:\/\/api.w.org\/{rel}","templated":true}]}}