{"id":248,"date":"2016-03-08T09:09:42","date_gmt":"2016-03-08T08:09:42","guid":{"rendered":"http:\/\/chalezeule.fr\/?page_id=248"},"modified":"2019-08-15T15:52:56","modified_gmt":"2019-08-15T14:52:56","slug":"thise-chalezeule-football-club","status":"publish","type":"page","link":"https:\/\/chalezeule.fr\/index.php\/thise-chalezeule-football-club\/","title":{"rendered":"Thise-Chalezeule Football Club"},"content":{"rendered":"<div class=\"entry-content\">\n<p><img data-attachment-id=\"1495\" data-permalink=\"https:\/\/chalezeule.fr\/index.php\/vie-associative\/logo-2\/\" data-orig-file=\"https:\/\/i1.wp.com\/chalezeule.fr\/wp-content\/uploads\/2016\/03\/LOGO-2.jpg?fit=676%2C532&amp;ssl=1\" data-orig-size=\"676,532\" data-comments-opened=\"0\" data-image-meta=\"{&quot;aperture&quot;:&quot;0&quot;,&quot;credit&quot;:&quot;&quot;,&quot;camera&quot;:&quot;&quot;,&quot;caption&quot;:&quot;&quot;,&quot;created_timestamp&quot;:&quot;0&quot;,&quot;copyright&quot;:&quot;&quot;,&quot;focal_length&quot;:&quot;0&quot;,&quot;iso&quot;:&quot;0&quot;,&quot;shutter_speed&quot;:&quot;0&quot;,&quot;title&quot;:&quot;&quot;,&quot;orientation&quot;:&quot;0&quot;}\" data-image-title=\"LOGO 2\" data-image-description=\"\" data-medium-file=\"https:\/\/i1.wp.com\/chalezeule.fr\/wp-content\/uploads\/2016\/03\/LOGO-2.jpg?fit=300%2C236&amp;ssl=1\" data-large-file=\"https:\/\/i1.wp.com\/chalezeule.fr\/wp-content\/uploads\/2016\/03\/LOGO-2.jpg?fit=676%2C532&amp;ssl=1\" loading=\"lazy\" class=\" wp-image-1495 alignleft\" src=\"https:\/\/i1.wp.com\/chalezeule.fr\/wp-content\/uploads\/2016\/03\/LOGO-2.jpg?resize=314%2C247\" alt=\"\" srcset=\"https:\/\/i1.wp.com\/chalezeule.fr\/wp-content\/uploads\/2016\/03\/LOGO-2.jpg?resize=300%2C236&amp;ssl=1 300w, https:\/\/i1.wp.com\/chalezeule.fr\/wp-content\/uploads\/2016\/03\/LOGO-2.jpg?resize=230%2C181&amp;ssl=1 230w, https:\/\/i1.wp.com\/chalezeule.fr\/wp-content\/uploads\/2016\/03\/LOGO-2.jpg?resize=350%2C275&amp;ssl=1 350w, https:\/\/i1.wp.com\/chalezeule.fr\/wp-content\/uploads\/2016\/03\/LOGO-2.jpg?resize=480%2C378&amp;ssl=1 480w, https:\/\/i1.wp.com\/chalezeule.fr\/wp-content\/uploads\/2016\/03\/LOGO-2.jpg?w=676&amp;ssl=1 676w\" sizes=\"(max-width: 314px) 100vw, 314px\" data-recalc-dims=\"1\" \/><\/p>\n<p>&nbsp;<\/p>\n<h4><span style=\"text-decoration: underline;\"><span style=\"color: #3782c1; font-family: Helvetica; text-decoration: underline;\">Contacts :<br \/>\n<\/span><\/span>Pr\u00e9sident : Simon GOMEZ\u00a0 \u00a006 25 46 10 76<br \/>\n<u>Sim25.gomez@gmail.com<\/u><\/h4>\n<p>ou<\/p>\n<h4>Claude MASSON\u00a0 03.81.80.73.98<br \/>\n<a href=\"mailto:thisechalezeule.foot@gmail.com\">thisechalezeule.foot@gmail.com<\/a><\/h4>\n<\/div>\n<p>&nbsp;<\/p>\n<div class=\"entry-content\">\n<h5><span style=\"text-decoration: underline; font-family: Helvetica; color: #7fc400;\">Saison 2019-2020<\/span><\/h5>\n<\/div>\n<p>La saison d\u00e9bute avec un nouveau pr\u00e9sident \u00e9lu au printemps 2019 : Simon GOMEZ<\/p>\n<p>Les entra\u00eenements se d\u00e9roulent :<\/p>\n<p><strong>Seniors : plus de 19 ans<br \/>\n<\/strong>Lundi et jeudi de 19h30 \u00e0 21h de septembre \u00e0 mi-novembre \u00e0 Chalezeule et \u00e0 Thise de mars \u00e0 juin<br \/>\nEn juillet et ao\u00fbt entra\u00eenement les lundi, mercredi et jeudi \u00e0 Chalezeule<br \/>\n<em>Tarif cotisation\u00a0<\/em>: 130 \u20ac<\/p>\n<p><strong>Jeunes <\/strong>:<\/p>\n<p><strong>De U 6 \u00e0 U 9<br \/>\n<\/strong>Mercredi de 14h \u00e0 15h30<br \/>\n<strong>U 11<\/strong>\u00a0(10 et 11 ans) et <strong>U13<\/strong> (12 et 13 ans) : mercredi et vendredi (horaires fix\u00e9s \u00e0 la rentr\u00e9e)<br \/>\n<em>Lieu :<\/em> stade de Thise.<br \/>\n<em>Tarif cotisation <\/em>: 100\u20ac<br \/>\nLes matchs de jeunes se d\u00e9rouleront le samedi\u00a0apr\u00e8s-midi \u00e0 Chalezeule<\/p>\n<p><em>Inscription<\/em> sur fiche type \u00e0 partir de septembre avec un certificat m\u00e9dical, photo et copie de la carte nationale d&#8217;identit\u00e9.<\/p>\n<p><strong><em>\u00a0<\/em><\/strong><strong><em>Autres activit\u00e9s<br \/>\n<\/em><\/strong>Le TCFC organise le vide grenier \u00e0 CHALEZEULE le 17 mai 2020 et celui de Thise d\u00e9but juillet<br \/>\nPrix 4\u20ac le m\u00e8tre<\/p>\n<h5><span style=\"text-decoration: underline; font-family: Helvetica; color: #7fc400;\">Saison 2018-2019<\/span><\/h5>\n<div class=\"entry-content\">\n<p><em><span style=\"font-family: Helvetica;\">Nous avons besoin de jeunes de 10 ans \u00e0 18 ans pour former des \u00e9quipes .N&#8217;h\u00e9sitez pas \u00e0 prendre contact avec le club.<\/span><\/em><\/p>\n<p><strong>Les jeunes d\u00e9butants 2018\/2019 :<\/strong><\/p>\n<p><img data-attachment-id=\"2892\" data-permalink=\"https:\/\/chalezeule.fr\/index.php\/thise-chalezeule-football-club\/debutants-thise\/\" data-orig-file=\"https:\/\/i2.wp.com\/chalezeule.fr\/wp-content\/uploads\/2019\/02\/Debutants-Thise.jpg?fit=478%2C319&amp;ssl=1\" data-orig-size=\"478,319\" data-comments-opened=\"0\" data-image-meta=\"{&quot;aperture&quot;:&quot;0&quot;,&quot;credit&quot;:&quot;&quot;,&quot;camera&quot;:&quot;&quot;,&quot;caption&quot;:&quot;&quot;,&quot;created_timestamp&quot;:&quot;0&quot;,&quot;copyright&quot;:&quot;&quot;,&quot;focal_length&quot;:&quot;0&quot;,&quot;iso&quot;:&quot;0&quot;,&quot;shutter_speed&quot;:&quot;0&quot;,&quot;title&quot;:&quot;&quot;,&quot;orientation&quot;:&quot;0&quot;}\" data-image-title=\"Debutants Thise\" data-image-description=\"\" data-medium-file=\"https:\/\/i2.wp.com\/chalezeule.fr\/wp-content\/uploads\/2019\/02\/Debutants-Thise.jpg?fit=300%2C200&amp;ssl=1\" data-large-file=\"https:\/\/i2.wp.com\/chalezeule.fr\/wp-content\/uploads\/2019\/02\/Debutants-Thise.jpg?fit=478%2C319&amp;ssl=1\" loading=\"lazy\" class=\"size-medium wp-image-2892 alignleft\" src=\"https:\/\/i2.wp.com\/chalezeule.fr\/wp-content\/uploads\/2019\/02\/Debutants-Thise.jpg?resize=300%2C200\" alt=\"\" srcset=\"https:\/\/i2.wp.com\/chalezeule.fr\/wp-content\/uploads\/2019\/02\/Debutants-Thise.jpg?resize=300%2C200&amp;ssl=1 300w, https:\/\/i2.wp.com\/chalezeule.fr\/wp-content\/uploads\/2019\/02\/Debutants-Thise.jpg?resize=230%2C153&amp;ssl=1 230w, https:\/\/i2.wp.com\/chalezeule.fr\/wp-content\/uploads\/2019\/02\/Debutants-Thise.jpg?resize=350%2C234&amp;ssl=1 350w, https:\/\/i2.wp.com\/chalezeule.fr\/wp-content\/uploads\/2019\/02\/Debutants-Thise.jpg?w=478&amp;ssl=1 478w\" sizes=\"(max-width: 300px) 100vw, 300px\" data-recalc-dims=\"1\" \/><img data-attachment-id=\"2891\" data-permalink=\"https:\/\/chalezeule.fr\/index.php\/thise-chalezeule-football-club\/debutants-3-thise-copie\/\" data-orig-file=\"https:\/\/i1.wp.com\/chalezeule.fr\/wp-content\/uploads\/2019\/02\/Debutants-3-Thise-Copie.jpg?fit=477%2C318&amp;ssl=1\" data-orig-size=\"477,318\" data-comments-opened=\"0\" data-image-meta=\"{&quot;aperture&quot;:&quot;0&quot;,&quot;credit&quot;:&quot;&quot;,&quot;camera&quot;:&quot;&quot;,&quot;caption&quot;:&quot;&quot;,&quot;created_timestamp&quot;:&quot;0&quot;,&quot;copyright&quot;:&quot;&quot;,&quot;focal_length&quot;:&quot;0&quot;,&quot;iso&quot;:&quot;0&quot;,&quot;shutter_speed&quot;:&quot;0&quot;,&quot;title&quot;:&quot;&quot;,&quot;orientation&quot;:&quot;0&quot;}\" data-image-title=\"Debutants 3 Thise &#8211; Copie\" data-image-description=\"\" data-medium-file=\"https:\/\/i1.wp.com\/chalezeule.fr\/wp-content\/uploads\/2019\/02\/Debutants-3-Thise-Copie.jpg?fit=300%2C200&amp;ssl=1\" data-large-file=\"https:\/\/i1.wp.com\/chalezeule.fr\/wp-content\/uploads\/2019\/02\/Debutants-3-Thise-Copie.jpg?fit=477%2C318&amp;ssl=1\" loading=\"lazy\" class=\"size-medium wp-image-2891 alignleft\" src=\"https:\/\/i1.wp.com\/chalezeule.fr\/wp-content\/uploads\/2019\/02\/Debutants-3-Thise-Copie.jpg?resize=300%2C200\" alt=\"\" srcset=\"https:\/\/i1.wp.com\/chalezeule.fr\/wp-content\/uploads\/2019\/02\/Debutants-3-Thise-Copie.jpg?resize=300%2C200&amp;ssl=1 300w, https:\/\/i1.wp.com\/chalezeule.fr\/wp-content\/uploads\/2019\/02\/Debutants-3-Thise-Copie.jpg?resize=230%2C153&amp;ssl=1 230w, https:\/\/i1.wp.com\/chalezeule.fr\/wp-content\/uploads\/2019\/02\/Debutants-3-Thise-Copie.jpg?resize=350%2C233&amp;ssl=1 350w, https:\/\/i1.wp.com\/chalezeule.fr\/wp-content\/uploads\/2019\/02\/Debutants-3-Thise-Copie.jpg?w=477&amp;ssl=1 477w\" sizes=\"(max-width: 300px) 100vw, 300px\" data-recalc-dims=\"1\" \/><img data-attachment-id=\"2890\" data-permalink=\"https:\/\/chalezeule.fr\/index.php\/thise-chalezeule-football-club\/debutants-2thise\/\" data-orig-file=\"https:\/\/i2.wp.com\/chalezeule.fr\/wp-content\/uploads\/2019\/02\/Debutants-2Thise.jpg?fit=477%2C318&amp;ssl=1\" data-orig-size=\"477,318\" data-comments-opened=\"0\" data-image-meta=\"{&quot;aperture&quot;:&quot;0&quot;,&quot;credit&quot;:&quot;&quot;,&quot;camera&quot;:&quot;&quot;,&quot;caption&quot;:&quot;&quot;,&quot;created_timestamp&quot;:&quot;0&quot;,&quot;copyright&quot;:&quot;&quot;,&quot;focal_length&quot;:&quot;0&quot;,&quot;iso&quot;:&quot;0&quot;,&quot;shutter_speed&quot;:&quot;0&quot;,&quot;title&quot;:&quot;&quot;,&quot;orientation&quot;:&quot;0&quot;}\" data-image-title=\"Debutants 2Thise\" data-image-description=\"\" data-medium-file=\"https:\/\/i2.wp.com\/chalezeule.fr\/wp-content\/uploads\/2019\/02\/Debutants-2Thise.jpg?fit=300%2C200&amp;ssl=1\" data-large-file=\"https:\/\/i2.wp.com\/chalezeule.fr\/wp-content\/uploads\/2019\/02\/Debutants-2Thise.jpg?fit=477%2C318&amp;ssl=1\" loading=\"lazy\" class=\"size-medium wp-image-2890\" src=\"https:\/\/i2.wp.com\/chalezeule.fr\/wp-content\/uploads\/2019\/02\/Debutants-2Thise.jpg?resize=300%2C200\" alt=\"\" srcset=\"https:\/\/i2.wp.com\/chalezeule.fr\/wp-content\/uploads\/2019\/02\/Debutants-2Thise.jpg?resize=300%2C200&amp;ssl=1 300w, https:\/\/i2.wp.com\/chalezeule.fr\/wp-content\/uploads\/2019\/02\/Debutants-2Thise.jpg?resize=230%2C153&amp;ssl=1 230w, https:\/\/i2.wp.com\/chalezeule.fr\/wp-content\/uploads\/2019\/02\/Debutants-2Thise.jpg?resize=350%2C233&amp;ssl=1 350w, https:\/\/i2.wp.com\/chalezeule.fr\/wp-content\/uploads\/2019\/02\/Debutants-2Thise.jpg?w=477&amp;ssl=1 477w\" sizes=\"(max-width: 300px) 100vw, 300px\" data-recalc-dims=\"1\" \/><\/p>\n<p>&nbsp;<\/p>\n<h5><span style=\"text-decoration: underline; font-family: Helvetica; color: #7fc400;\">La saison 2017-2018<\/span><\/h5>\n<ul>\n<li><span style=\"font-family: Helvetica;\">\u00a0une vingtaine de joueurs de\u00a0U 6 \u00e0 U 9 qui s&#8217;entra\u00eenent le mercredi de 14 h \u00e0 15 h30\u00a0\u00e0 Thise, sous les conseils de BERTOCCHI Jean-Pierre, PETETIN Jojo , MASSON Claude et ponctuellement de joueurs seniors.<\/span><\/li>\n<\/ul>\n<p><span style=\"font-family: Helvetica;\">Ils participent toutes les 3 semaines environ \u00e0 des plateaux qui regroupent 8 \u00e9quipes.<\/span><\/p>\n<p><span style=\"font-family: Helvetica;\">Depuis cette saison, le club a quitt\u00e9 le groupement de jeunes Grand Besan\u00e7on Est et essaie de cr\u00e9er des \u00e9quipes dans les cat\u00e9gories U 11 \u00e0 U 18 .<\/span><\/p>\n<ul style=\"list-style-type: square;\">\n<li><span style=\"font-family: Helvetica;\">une \u00e9quipe U 11 qui s&#8217;entra\u00eenent le mercredi de 14 h \u00e0 15 h 30 \u00e0 Thise sous les ordres de BEUDAERT Dimitri et BAHMED Rabah\u00a0\u00a0 et entamera son championnat au mois de Novembre.<br \/>\n<\/span><\/li>\n<li><span style=\"font-family: Helvetica;\">45 joueurs forment le groupe Seniors qui s&#8217;entra\u00eene le mercredi et vendredi de 19 h 30 \u00e0 21 h 30 \u00e0 Thise ou \u00e0 Chalezeule sous les ordres de RICHET Johann et BERTO G\u00e9rard. <\/span><\/li>\n<\/ul>\n<p><span style=\"font-family: Helvetica;\">2 \u00e9quipes participent au championnat de District (la 1\u00e8re en D\u00e9partementale 2 et la 2\u00e8 en D\u00e9partementale 3 ) .<\/span><\/p>\n<p>&nbsp;<\/p>\n<h5><span style=\"text-decoration: underline; font-family: Helvetica; color: #7fc400;\">Actions organis\u00e9es par le club :<\/span><\/h5>\n<p><span style=\"font-family: Helvetica;\">Le club organise pour financer diff\u00e9rentes actions de l&#8217;ann\u00e9e;<\/span><\/p>\n<ul>\n<li><span style=\"font-family: Helvetica;\">2 lotos (\u00e0 Thise )\u00a0<\/span><\/li>\n<li><span style=\"font-family: Helvetica;\"> 2 vide greniers ( 1 \u00e0 Chalezeule , 1 \u00e0 Thise )\u00a0<\/span><\/li>\n<\/ul>\n<\/div>\n","protected":false},"excerpt":{"rendered":"<p>&nbsp; Contacts : Pr\u00e9sident : Simon GOMEZ\u00a0 \u00a006 25 46 10 76 Sim25.gomez@gmail.com ou Claude MASSON\u00a0 03.81.80.73.98 thisechalezeule.foot@gmail.com &nbsp; Saison 2019-2020 La saison d\u00e9bute avec un nouveau pr\u00e9sident \u00e9lu au printemps 2019 : Simon GOMEZ Les entra\u00eenements se d\u00e9roulent : Seniors : plus de 19 ans Lundi et jeudi de 19h30 \u00e0 21h de septembre [&hellip;]<\/p>\n","protected":false},"author":1,"featured_media":0,"parent":0,"menu_order":0,"comment_status":"closed","ping_status":"closed","template":"","meta":[],"_links":{"self":[{"href":"https:\/\/chalezeule.fr\/index.php\/wp-json\/wp\/v2\/pages\/248"}],"collection":[{"href":"https:\/\/chalezeule.fr\/index.php\/wp-json\/wp\/v2\/pages"}],"about":[{"href":"https:\/\/chalezeule.fr\/index.php\/wp-json\/wp\/v2\/types\/page"}],"author":[{"embeddable":true,"href":"https:\/\/chalezeule.fr\/index.php\/wp-json\/wp\/v2\/users\/1"}],"replies":[{"embeddable":true,"href":"https:\/\/chalezeule.fr\/index.php\/wp-json\/wp\/v2\/comments?post=248"}],"version-history":[{"count":8,"href":"https:\/\/chalezeule.fr\/index.php\/wp-json\/wp\/v2\/pages\/248\/revisions"}],"predecessor-version":[{"id":3040,"href":"https:\/\/chalezeule.fr\/index.php\/wp-json\/wp\/v2\/pages\/248\/revisions\/3040"}],"wp:attachment":[{"href":"https:\/\/chalezeule.fr\/index.php\/wp-json\/wp\/v2\/media?parent=248"}],"curies":[{"name":"wp","href":"https:\/\/api.w.org\/{rel}","templated":true}]}}