{"id":242,"date":"2016-03-08T09:08:43","date_gmt":"2016-03-08T08:08:43","guid":{"rendered":"http:\/\/chalezeule.fr\/?page_id=242"},"modified":"2019-08-15T17:08:57","modified_gmt":"2019-08-15T16:08:57","slug":"julienne-javel","status":"publish","type":"page","link":"https:\/\/chalezeule.fr\/index.php\/julienne-javel\/","title":{"rendered":"Julienne Javel"},"content":{"rendered":"<div class=\"entry-content\">\n<p align=\"justify\">Le Centre d\u2019H\u00e9bergement et de R\u00e9insertion Sociale propose pour r\u00e9sidents du foyer Julienne Javel c des activit\u00e9s physiques diversifi\u00e9es, anim\u00e9es par des \u00e9tudiants STAPS dans le cadre de leur formation \u00e0 la licence professionnelle sp\u00e9cialit\u00e9 d\u00e9veloppement social et m\u00e9diation par le sport (DSMS)<\/p>\n<p><em>\u00a0Ces activit\u00e9s sont ouvertes \u00e0 tous\u00a0<\/em>\u00a0les habitants de Chalezeule qui le souhaitent \u00e0 la\u00a0grande salle de la maison commune<\/p>\n<p>Mercredi de 17h30 \u00e0 19h30<\/p>\n<p>Contact pour les activit\u00e9s<br \/>\n<strong>Alain CONTEJEAN\u00a003 81 21 21 24\u00a0@ :\u00a0<a href=\"mailto:cs-foyer@julienne-javel.org\">cs-foyer@julienne-javel.org<\/a><\/strong><br \/>\nChef de service CHRS Julienne JAVEL<\/p>\n<p>&nbsp;<\/p>\n<p class=\"western\" align=\"justify\"><span style=\"color: #000000;\"><b>L\u2019association Julienne JAVEL c&#8217;est quoi?\u00a0<\/b><\/span><\/p>\n<p class=\"western\" align=\"justify\">L\u2019association Julienne JAVEL\u00a0a pour objet \u00ab l\u2019insertion et la promotion des personnes en difficult\u00e9s afin de leur permettre d\u2019acc\u00e9der \u00e0 l\u2019ensemble de leurs droits tels que d\u00e9finis dans la charte sociale du conseil de l\u2019Europe et dans la charte des droits fondamentaux de l\u2019union europ\u00e9enne. \u00bb<\/p>\n<p class=\"western\" align=\"justify\">L\u2019association est ce qu\u2019on appelle un \u00ab ensemblier d\u2019insertion \u00bb. Fond\u00e9e en 1952 par Madame Julienne JAVEL, elle a, d\u00e8s l\u2019origine, propos\u00e9 un h\u00e9bergement et une mise en activit\u00e9 \u00e0 des hommes en situation d\u2019exclusion.<\/p>\n<p class=\"western\" align=\"justify\">Elle a connu un d\u00e9veloppement \u00e0 partir des r\u00e9ponses qu\u2019elle a su construire au b\u00e9n\u00e9fice des publics en difficult\u00e9, dans le cadre des politiques publiques.<\/p>\n<p class=\"western\" align=\"justify\"><span style=\"color: #000000;\"><b>Aujourd\u2019hui, l\u2019association JAVEL c\u2019est<\/b><b> <\/b><b>:<\/b><\/span><\/p>\n<ul>\n<li>\n<p align=\"justify\">Un Centre d\u2019H\u00e9bergement et de R\u00e9insertion Sociale qui accueille 64 personnes, dont 50 au c\u0153ur du village de Chalezeule.<\/p>\n<\/li>\n<li>\n<p align=\"justify\">Une Action d\u2019Adaptation \u00e0 la Vie Active qui intervient sur de l\u2019entretien de locaux et d\u2019espaces verts, et certains travaux de second \u0153uvre.<\/p>\n<\/li>\n<li>\n<p align=\"justify\">Une Mission Habitat qui accompagne sur tout le territoire du Doubs des m\u00e9nages en difficult\u00e9 de logement.<\/p>\n<\/li>\n<li>\n<p align=\"left\">Les Jardins de Cocagne, qui proposent du travail en insertion, et distribuent \u00e0 un r\u00e9seau d\u2019abonn\u00e9s un panier de l\u00e9gumes bio par semaine, mais aussi des fruits de saison et des jus de fruits produits \u00e0 Chalezeule. Il est toujours possible de s\u2019abonner aux Jardins de Cocagne.<\/p>\n<\/li>\n<\/ul>\n<\/div>\n","protected":false},"excerpt":{"rendered":"<p>Le Centre d\u2019H\u00e9bergement et de R\u00e9insertion Sociale propose pour r\u00e9sidents du foyer Julienne Javel c des activit\u00e9s physiques diversifi\u00e9es, anim\u00e9es par des \u00e9tudiants STAPS dans le cadre de leur formation \u00e0 la licence professionnelle sp\u00e9cialit\u00e9 d\u00e9veloppement social et m\u00e9diation par le sport (DSMS) \u00a0Ces activit\u00e9s sont ouvertes \u00e0 tous\u00a0\u00a0les habitants de Chalezeule qui le souhaitent [&hellip;]<\/p>\n","protected":false},"author":1,"featured_media":0,"parent":0,"menu_order":0,"comment_status":"closed","ping_status":"closed","template":"","meta":[],"_links":{"self":[{"href":"https:\/\/chalezeule.fr\/index.php\/wp-json\/wp\/v2\/pages\/242"}],"collection":[{"href":"https:\/\/chalezeule.fr\/index.php\/wp-json\/wp\/v2\/pages"}],"about":[{"href":"https:\/\/chalezeule.fr\/index.php\/wp-json\/wp\/v2\/types\/page"}],"author":[{"embeddable":true,"href":"https:\/\/chalezeule.fr\/index.php\/wp-json\/wp\/v2\/users\/1"}],"replies":[{"embeddable":true,"href":"https:\/\/chalezeule.fr\/index.php\/wp-json\/wp\/v2\/comments?post=242"}],"version-history":[{"count":4,"href":"https:\/\/chalezeule.fr\/index.php\/wp-json\/wp\/v2\/pages\/242\/revisions"}],"predecessor-version":[{"id":3065,"href":"https:\/\/chalezeule.fr\/index.php\/wp-json\/wp\/v2\/pages\/242\/revisions\/3065"}],"wp:attachment":[{"href":"https:\/\/chalezeule.fr\/index.php\/wp-json\/wp\/v2\/media?parent=242"}],"curies":[{"name":"wp","href":"https:\/\/api.w.org\/{rel}","templated":true}]}}