{"id":240,"date":"2016-03-08T09:08:20","date_gmt":"2016-03-08T08:08:20","guid":{"rendered":"http:\/\/chalezeule.fr\/?page_id=240"},"modified":"2019-08-15T16:52:47","modified_gmt":"2019-08-15T15:52:47","slug":"guggenmusik-herisons-klick","status":"publish","type":"page","link":"https:\/\/chalezeule.fr\/index.php\/guggenmusik-herisons-klick\/","title":{"rendered":"Guggenmusik Herison\u2019s Klick"},"content":{"rendered":"<p><img data-attachment-id=\"1629\" data-permalink=\"https:\/\/chalezeule.fr\/index.php\/guggenmusik-herisons-klick\/guggenmusik\/\" data-orig-file=\"https:\/\/i2.wp.com\/chalezeule.fr\/wp-content\/uploads\/2016\/03\/guggenmusik.jpg?fit=480%2C360&amp;ssl=1\" data-orig-size=\"480,360\" data-comments-opened=\"0\" data-image-meta=\"{&quot;aperture&quot;:&quot;0&quot;,&quot;credit&quot;:&quot;&quot;,&quot;camera&quot;:&quot;&quot;,&quot;caption&quot;:&quot;&quot;,&quot;created_timestamp&quot;:&quot;0&quot;,&quot;copyright&quot;:&quot;&quot;,&quot;focal_length&quot;:&quot;0&quot;,&quot;iso&quot;:&quot;0&quot;,&quot;shutter_speed&quot;:&quot;0&quot;,&quot;title&quot;:&quot;&quot;,&quot;orientation&quot;:&quot;0&quot;}\" data-image-title=\"guggenmusik\" data-image-description=\"\" data-medium-file=\"https:\/\/i2.wp.com\/chalezeule.fr\/wp-content\/uploads\/2016\/03\/guggenmusik.jpg?fit=300%2C225&amp;ssl=1\" data-large-file=\"https:\/\/i2.wp.com\/chalezeule.fr\/wp-content\/uploads\/2016\/03\/guggenmusik.jpg?fit=480%2C360&amp;ssl=1\" loading=\"lazy\" class=\"size-medium wp-image-1629 alignleft\" src=\"https:\/\/i2.wp.com\/chalezeule.fr\/wp-content\/uploads\/2016\/03\/guggenmusik.jpg?resize=300%2C225\" alt=\"\" srcset=\"https:\/\/i2.wp.com\/chalezeule.fr\/wp-content\/uploads\/2016\/03\/guggenmusik.jpg?resize=300%2C225&amp;ssl=1 300w, https:\/\/i2.wp.com\/chalezeule.fr\/wp-content\/uploads\/2016\/03\/guggenmusik.jpg?resize=230%2C173&amp;ssl=1 230w, https:\/\/i2.wp.com\/chalezeule.fr\/wp-content\/uploads\/2016\/03\/guggenmusik.jpg?resize=350%2C263&amp;ssl=1 350w, https:\/\/i2.wp.com\/chalezeule.fr\/wp-content\/uploads\/2016\/03\/guggenmusik.jpg?w=480&amp;ssl=1 480w\" sizes=\"(max-width: 300px) 100vw, 300px\" data-recalc-dims=\"1\" \/><\/p>\n<h4><span style=\"color: #3782c1; font-family: Helvetica;\"><span style=\"text-decoration: underline;\">Contact :<\/span>\u00a0<\/span><\/h4>\n<p><strong>Pr\u00e9sidente\u00a0: Sandra DROZ BARTHOLET\u00a006 59 68 82 43<br \/>\n<\/strong><\/p>\n<p><u>herissonsklick@hotmail.fr<\/u><\/p>\n<p>&nbsp;<\/p>\n<p>&nbsp;<\/p>\n<p>&nbsp;<\/p>\n<p>&nbsp;<\/p>\n<p><span style=\"color: #7fc400; font-family: Helvetica;\"><b>Saison 2019-2020<\/b><\/span><\/p>\n<p><strong><em>R\u00e9p\u00e9titions de la Guggenmusik <\/em>pour tous publics qui aiment la musique et faire la f\u00eate<\/strong><\/p>\n<ul>\n<li>Vendredi de 20h30 \u00e0 22h<br \/>\n<em>\u00a0<\/em>Salle derri\u00e8re la mairie<\/li>\n<\/ul>\n<p>L&#8217;association anime les manifestations du village<\/p>\n<p>&nbsp;<\/p>\n<p><span style=\"text-decoration: underline; font-family: Helvetica;\">Historique\u00a0 :<\/span><\/p>\n<p class=\"western\" align=\"justify\"><span style=\"font-family: Helvetica;\">Tout d\u00e9bute en 1991 par la <strong>cr\u00e9ation de la Batterie Fanfare des Sapeurs \u2013 Pompiers de Chalezeule<\/strong>.<\/span><\/p>\n<p class=\"western\" align=\"justify\"><span style=\"font-family: Helvetica;\">Les ann\u00e9es passent et en 1999, le style de musique change radicalement. Les marches militaires laissent la place \u00e0 <strong>des sons plus festifs et carnavalesques!!<\/strong><\/span><\/p>\n<p>&nbsp;<\/p>\n<p class=\"western\" align=\"justify\"><span style=\"font-family: Helvetica;\">En 2014, nouveau remaniement majeur : <strong>la musique de Chalezeule devient alors la GUGGENMUSIK HERISSON\u2019S KLICK<\/strong>, avec un nouveau Conseil d\u2019Administration, et sous la direction musicale de Melle HUART C\u00e9line.<\/span><\/p>\n<p class=\"western\" align=\"justify\"><span style=\"font-family: Helvetica;\">Nous comptons aujourd\u2019hui <strong>une trentaine de musiciens de tout \u00e2ge.<\/strong> Mais nos rangs ne sont pas au complet. Nous sommes toujours \u00e0 la recherche de nouvelles personnes d\u00e9sirant d\u00e9couvrir ce style de musique et venir s\u2019amuser \u00e0 nos c\u00f4t\u00e9s!<\/span><\/p>\n<p align=\"justify\"><strong>Notre philosophie,<\/strong> privil\u00e9gie la <strong>joie et la bonne\u00a0humeur<\/strong>. Ainsi que l&#8217;amusement que nous transmettons,\u00a0lors de nos nombreuses prestations, <strong>en France et \u00e0\u00a0l&#8217;\u00e9tranger<\/strong>.<\/p>\n<p class=\"western\" align=\"justify\">\n<p class=\"western\" align=\"left\"><span style=\"font-family: Helvetica;\">Nous vous accueillerons avec plaisir.<\/span><\/p>\n<p class=\"western\" align=\"left\"><span style=\"font-family: Helvetica;\"><img data-attachment-id=\"1878\" data-permalink=\"https:\/\/chalezeule.fr\/index.php\/guggenmusik-herisons-klick\/guggenmusik3\/\" data-orig-file=\"https:\/\/i1.wp.com\/chalezeule.fr\/wp-content\/uploads\/2016\/03\/guggenmusik3.png?fit=482%2C315&amp;ssl=1\" data-orig-size=\"482,315\" data-comments-opened=\"0\" data-image-meta=\"{&quot;aperture&quot;:&quot;0&quot;,&quot;credit&quot;:&quot;&quot;,&quot;camera&quot;:&quot;&quot;,&quot;caption&quot;:&quot;&quot;,&quot;created_timestamp&quot;:&quot;0&quot;,&quot;copyright&quot;:&quot;&quot;,&quot;focal_length&quot;:&quot;0&quot;,&quot;iso&quot;:&quot;0&quot;,&quot;shutter_speed&quot;:&quot;0&quot;,&quot;title&quot;:&quot;&quot;,&quot;orientation&quot;:&quot;0&quot;}\" data-image-title=\"guggenmusik3\" data-image-description=\"\" data-medium-file=\"https:\/\/i1.wp.com\/chalezeule.fr\/wp-content\/uploads\/2016\/03\/guggenmusik3.png?fit=300%2C196&amp;ssl=1\" data-large-file=\"https:\/\/i1.wp.com\/chalezeule.fr\/wp-content\/uploads\/2016\/03\/guggenmusik3.png?fit=482%2C315&amp;ssl=1\" loading=\"lazy\" class=\" wp-image-1878 alignleft\" src=\"https:\/\/i1.wp.com\/chalezeule.fr\/wp-content\/uploads\/2016\/03\/guggenmusik3.png?resize=266%2C174\" alt=\"\" srcset=\"https:\/\/i1.wp.com\/chalezeule.fr\/wp-content\/uploads\/2016\/03\/guggenmusik3.png?resize=300%2C196&amp;ssl=1 300w, https:\/\/i1.wp.com\/chalezeule.fr\/wp-content\/uploads\/2016\/03\/guggenmusik3.png?resize=230%2C150&amp;ssl=1 230w, https:\/\/i1.wp.com\/chalezeule.fr\/wp-content\/uploads\/2016\/03\/guggenmusik3.png?resize=350%2C229&amp;ssl=1 350w, https:\/\/i1.wp.com\/chalezeule.fr\/wp-content\/uploads\/2016\/03\/guggenmusik3.png?resize=480%2C314&amp;ssl=1 480w, https:\/\/i1.wp.com\/chalezeule.fr\/wp-content\/uploads\/2016\/03\/guggenmusik3.png?w=482&amp;ssl=1 482w\" sizes=\"(max-width: 266px) 100vw, 266px\" data-recalc-dims=\"1\" \/> <img data-attachment-id=\"1879\" data-permalink=\"https:\/\/chalezeule.fr\/index.php\/guggenmusik-herisons-klick\/guggenmusik4\/\" data-orig-file=\"https:\/\/i0.wp.com\/chalezeule.fr\/wp-content\/uploads\/2016\/03\/guggenmusik4.png?fit=479%2C339&amp;ssl=1\" data-orig-size=\"479,339\" data-comments-opened=\"0\" data-image-meta=\"{&quot;aperture&quot;:&quot;0&quot;,&quot;credit&quot;:&quot;&quot;,&quot;camera&quot;:&quot;&quot;,&quot;caption&quot;:&quot;&quot;,&quot;created_timestamp&quot;:&quot;0&quot;,&quot;copyright&quot;:&quot;&quot;,&quot;focal_length&quot;:&quot;0&quot;,&quot;iso&quot;:&quot;0&quot;,&quot;shutter_speed&quot;:&quot;0&quot;,&quot;title&quot;:&quot;&quot;,&quot;orientation&quot;:&quot;0&quot;}\" data-image-title=\"guggenmusik4\" data-image-description=\"\" data-medium-file=\"https:\/\/i0.wp.com\/chalezeule.fr\/wp-content\/uploads\/2016\/03\/guggenmusik4.png?fit=300%2C212&amp;ssl=1\" data-large-file=\"https:\/\/i0.wp.com\/chalezeule.fr\/wp-content\/uploads\/2016\/03\/guggenmusik4.png?fit=479%2C339&amp;ssl=1\" loading=\"lazy\" class=\" wp-image-1879 alignleft\" src=\"https:\/\/i0.wp.com\/chalezeule.fr\/wp-content\/uploads\/2016\/03\/guggenmusik4.png?resize=266%2C189\" alt=\"\" srcset=\"https:\/\/i0.wp.com\/chalezeule.fr\/wp-content\/uploads\/2016\/03\/guggenmusik4.png?resize=300%2C212&amp;ssl=1 300w, https:\/\/i0.wp.com\/chalezeule.fr\/wp-content\/uploads\/2016\/03\/guggenmusik4.png?resize=230%2C163&amp;ssl=1 230w, https:\/\/i0.wp.com\/chalezeule.fr\/wp-content\/uploads\/2016\/03\/guggenmusik4.png?resize=350%2C248&amp;ssl=1 350w, https:\/\/i0.wp.com\/chalezeule.fr\/wp-content\/uploads\/2016\/03\/guggenmusik4.png?w=479&amp;ssl=1 479w\" sizes=\"(max-width: 266px) 100vw, 266px\" data-recalc-dims=\"1\" \/><\/span><\/p>\n","protected":false},"excerpt":{"rendered":"<p>Contact :\u00a0 Pr\u00e9sidente\u00a0: Sandra DROZ BARTHOLET\u00a006 59 68 82 43 herissonsklick@hotmail.fr &nbsp; &nbsp; &nbsp; &nbsp; Saison 2019-2020 R\u00e9p\u00e9titions de la Guggenmusik pour tous publics qui aiment la musique et faire la f\u00eate Vendredi de 20h30 \u00e0 22h \u00a0Salle derri\u00e8re la mairie L&#8217;association anime les manifestations du village &nbsp; Historique\u00a0 : Tout d\u00e9bute en 1991 par [&hellip;]<\/p>\n","protected":false},"author":1,"featured_media":0,"parent":0,"menu_order":0,"comment_status":"closed","ping_status":"closed","template":"","meta":[],"_links":{"self":[{"href":"https:\/\/chalezeule.fr\/index.php\/wp-json\/wp\/v2\/pages\/240"}],"collection":[{"href":"https:\/\/chalezeule.fr\/index.php\/wp-json\/wp\/v2\/pages"}],"about":[{"href":"https:\/\/chalezeule.fr\/index.php\/wp-json\/wp\/v2\/types\/page"}],"author":[{"embeddable":true,"href":"https:\/\/chalezeule.fr\/index.php\/wp-json\/wp\/v2\/users\/1"}],"replies":[{"embeddable":true,"href":"https:\/\/chalezeule.fr\/index.php\/wp-json\/wp\/v2\/comments?post=240"}],"version-history":[{"count":10,"href":"https:\/\/chalezeule.fr\/index.php\/wp-json\/wp\/v2\/pages\/240\/revisions"}],"predecessor-version":[{"id":3058,"href":"https:\/\/chalezeule.fr\/index.php\/wp-json\/wp\/v2\/pages\/240\/revisions\/3058"}],"wp:attachment":[{"href":"https:\/\/chalezeule.fr\/index.php\/wp-json\/wp\/v2\/media?parent=240"}],"curies":[{"name":"wp","href":"https:\/\/api.w.org\/{rel}","templated":true}]}}