{"id":238,"date":"2016-03-08T09:07:57","date_gmt":"2016-03-08T08:07:57","guid":{"rendered":"http:\/\/chalezeule.fr\/?page_id=238"},"modified":"2019-08-15T16:48:32","modified_gmt":"2019-08-15T15:48:32","slug":"le-club-des-aines","status":"publish","type":"page","link":"https:\/\/chalezeule.fr\/index.php\/le-club-des-aines\/","title":{"rendered":"Le club des A\u00een\u00e9s"},"content":{"rendered":"<h4><span style=\"color: #3782c1;\"><span style=\"text-decoration: underline;\"><img data-attachment-id=\"1671\" data-permalink=\"https:\/\/chalezeule.fr\/index.php\/le-club-des-aines\/club-des-aines\/\" data-orig-file=\"https:\/\/i1.wp.com\/chalezeule.fr\/wp-content\/uploads\/2016\/03\/club-des-a\u00een\u00e9s.png?fit=1152%2C729&amp;ssl=1\" data-orig-size=\"1152,729\" data-comments-opened=\"0\" data-image-meta=\"{&quot;aperture&quot;:&quot;0&quot;,&quot;credit&quot;:&quot;&quot;,&quot;camera&quot;:&quot;&quot;,&quot;caption&quot;:&quot;&quot;,&quot;created_timestamp&quot;:&quot;0&quot;,&quot;copyright&quot;:&quot;&quot;,&quot;focal_length&quot;:&quot;0&quot;,&quot;iso&quot;:&quot;0&quot;,&quot;shutter_speed&quot;:&quot;0&quot;,&quot;title&quot;:&quot;&quot;,&quot;orientation&quot;:&quot;0&quot;}\" data-image-title=\"club des a\u00een\u00e9s\" data-image-description=\"\" data-medium-file=\"https:\/\/i1.wp.com\/chalezeule.fr\/wp-content\/uploads\/2016\/03\/club-des-a\u00een\u00e9s.png?fit=300%2C190&amp;ssl=1\" data-large-file=\"https:\/\/i1.wp.com\/chalezeule.fr\/wp-content\/uploads\/2016\/03\/club-des-a\u00een\u00e9s.png?fit=1024%2C648&amp;ssl=1\" loading=\"lazy\" class=\" wp-image-1671 alignleft\" src=\"https:\/\/i1.wp.com\/chalezeule.fr\/wp-content\/uploads\/2016\/03\/club-des-a\u00een\u00e9s.png?resize=343%2C217\" alt=\"\" srcset=\"https:\/\/i1.wp.com\/chalezeule.fr\/wp-content\/uploads\/2016\/03\/club-des-a\u00een\u00e9s.png?resize=300%2C190&amp;ssl=1 300w, https:\/\/i1.wp.com\/chalezeule.fr\/wp-content\/uploads\/2016\/03\/club-des-a\u00een\u00e9s.png?resize=768%2C486&amp;ssl=1 768w, https:\/\/i1.wp.com\/chalezeule.fr\/wp-content\/uploads\/2016\/03\/club-des-a\u00een\u00e9s.png?resize=1024%2C648&amp;ssl=1 1024w, https:\/\/i1.wp.com\/chalezeule.fr\/wp-content\/uploads\/2016\/03\/club-des-a\u00een\u00e9s.png?resize=830%2C525&amp;ssl=1 830w, https:\/\/i1.wp.com\/chalezeule.fr\/wp-content\/uploads\/2016\/03\/club-des-a\u00een\u00e9s.png?resize=230%2C146&amp;ssl=1 230w, https:\/\/i1.wp.com\/chalezeule.fr\/wp-content\/uploads\/2016\/03\/club-des-a\u00een\u00e9s.png?resize=350%2C221&amp;ssl=1 350w, https:\/\/i1.wp.com\/chalezeule.fr\/wp-content\/uploads\/2016\/03\/club-des-a\u00een\u00e9s.png?resize=480%2C304&amp;ssl=1 480w, https:\/\/i1.wp.com\/chalezeule.fr\/wp-content\/uploads\/2016\/03\/club-des-a\u00een\u00e9s.png?w=1152&amp;ssl=1 1152w\" sizes=\"(max-width: 343px) 100vw, 343px\" data-recalc-dims=\"1\" \/><span style=\"font-family: Helvetica;\">Contact<\/span><\/span><span style=\"font-family: Helvetica;\"> :\u00a0<\/span><\/span><\/h4>\n<p><span style=\"font-family: Helvetica;\"><strong>Raymonde TODESCHINI\u00a0<\/strong><\/span>06 36 95 63 57 : 03 81 61 14 30<\/p>\n<p><span style=\"font-family: Helvetica;\"><u>raymonde.tod@gmail.com<\/u><\/span><\/p>\n<p>&nbsp;<\/p>\n<p>&nbsp;<\/p>\n<p>&nbsp;<\/p>\n<h5><span style=\"color: #7fc400; font-family: Helvetica;\"><u>Saison 2019 &#8211; 2020<\/u><\/span><\/h5>\n<p><strong><em>Animation\u00a0hebdomadaire : <\/em><\/strong>Tarot \u2013 Belotte &#8211; Rummikub \u2013 Scrabble etc. pour les plus de 60 ans \u00e0 la grande salle de la maison commune<br \/>\nMardi de 13h30 \u00e0 18h45 \u00e0 partir du 3 septembre 2019 y compris pendant les vacances scolaires (sauf vacances d&#8217;\u00e9t\u00e9)<br \/>\n<em>Tarif cotisation\u00a0: <\/em>18 \u20ac<\/p>\n<p>Le club propose aussi \u00e0 ses adh\u00e9rents des temps forts dans la saison\u00a0:<\/p>\n<ul>\n<li>Th\u00e9 dansant le 8 octobre 2019,<\/li>\n<li>Repas de No\u00ebl le 17 d\u00e9cembre 2019,<\/li>\n<li>Galette des rois le 14 janvier 2020.<\/li>\n<\/ul>\n<p>L&#8217;assembl\u00e9e g\u00e9n\u00e9rale le 20 f\u00e9vrier 2020 est associ\u00e9e \u00e0 un repas.<\/p>\n<h5><span style=\"font-family: Helvetica;\"><span style=\"text-decoration: underline; color: #7fc400;\">Les bons moments 2017 <\/span><span style=\"color: #7fc400;\">:\u00a0<\/span><\/span><\/h5>\n<ul>\n<li><span style=\"font-family: Helvetica;\"><strong>La galette des rois\u00a0<\/strong>&#8211; 10\/01\/2017\u00a0<\/span><\/li>\n<li><span style=\"font-family: Helvetica;\"><strong>Assembl\u00e9e g\u00e9n\u00e9rale avec The dansant\u00a0<\/strong>&#8211; 14\/02\/2017\u00a0<\/span><\/li>\n<li><span style=\"font-family: Helvetica;\"><strong>Repas dansant \u2018\u2019couscous\u2019\u2019\u00a0<\/strong>&#8211; 09\/04\/2017\u00a0<\/span><\/li>\n<li><span style=\"font-family: Helvetica;\"><strong>Le s\u00e9jour d\u2019une semaine \u00e0 Seignosse \u2013 Hossegor (Landes)<\/strong> &#8211; du 9\/09 au 16\/09\u00a0<\/span><\/li>\n<\/ul>\n<p>&nbsp;<\/p>\n<p>&nbsp;<\/p>\n","protected":false},"excerpt":{"rendered":"<p>Contact :\u00a0 Raymonde TODESCHINI\u00a006 36 95 63 57 : 03 81 61 14 30 raymonde.tod@gmail.com &nbsp; &nbsp; &nbsp; Saison 2019 &#8211; 2020 Animation\u00a0hebdomadaire : Tarot \u2013 Belotte &#8211; Rummikub \u2013 Scrabble etc. pour les plus de 60 ans \u00e0 la grande salle de la maison commune Mardi de 13h30 \u00e0 18h45 \u00e0 partir du 3 [&hellip;]<\/p>\n","protected":false},"author":1,"featured_media":0,"parent":0,"menu_order":0,"comment_status":"closed","ping_status":"closed","template":"","meta":[],"_links":{"self":[{"href":"https:\/\/chalezeule.fr\/index.php\/wp-json\/wp\/v2\/pages\/238"}],"collection":[{"href":"https:\/\/chalezeule.fr\/index.php\/wp-json\/wp\/v2\/pages"}],"about":[{"href":"https:\/\/chalezeule.fr\/index.php\/wp-json\/wp\/v2\/types\/page"}],"author":[{"embeddable":true,"href":"https:\/\/chalezeule.fr\/index.php\/wp-json\/wp\/v2\/users\/1"}],"replies":[{"embeddable":true,"href":"https:\/\/chalezeule.fr\/index.php\/wp-json\/wp\/v2\/comments?post=238"}],"version-history":[{"count":11,"href":"https:\/\/chalezeule.fr\/index.php\/wp-json\/wp\/v2\/pages\/238\/revisions"}],"predecessor-version":[{"id":3057,"href":"https:\/\/chalezeule.fr\/index.php\/wp-json\/wp\/v2\/pages\/238\/revisions\/3057"}],"wp:attachment":[{"href":"https:\/\/chalezeule.fr\/index.php\/wp-json\/wp\/v2\/media?parent=238"}],"curies":[{"name":"wp","href":"https:\/\/api.w.org\/{rel}","templated":true}]}}