{"id":236,"date":"2016-03-08T09:07:27","date_gmt":"2016-03-08T08:07:27","guid":{"rendered":"http:\/\/chalezeule.fr\/?page_id=236"},"modified":"2019-08-15T16:33:05","modified_gmt":"2019-08-15T15:33:05","slug":"le-trait-dunion-chalezeulois","status":"publish","type":"page","link":"https:\/\/chalezeule.fr\/index.php\/le-trait-dunion-chalezeulois\/","title":{"rendered":"Le trait d\u2019union chalezeulois"},"content":{"rendered":"<div class=\"entry-content\">\n<h4 class=\"western\" align=\"left\"><span style=\"text-decoration: underline; color: #3782c1; font-family: Helvetica;\"><b>Contact :<\/b><\/span><\/h4>\n<p><span style=\"font-family: Helvetica;\"><strong>Yves DEUSCHER<\/strong><\/span><\/p>\n<p><span style=\"font-family: Helvetica;\">0672882029<\/span><\/p>\n<p><span style=\"font-family: Helvetica;\">contact@ltuc.fr<\/span><\/p>\n<h5 class=\"western\" align=\"left\"><span style=\"color: #7fc400; font-family: Helvetica;\">Saison 2019-2020<\/span><\/h5>\n<p><em>Tarif cotisation\u00a0: <\/em>15 \u20ac par famille<br \/>\nLes activit\u00e9s r\u00e9guli\u00e8res propos\u00e9es aux adh\u00e9rents sont gratuites. Les manifestations ponctuelles sont accessibles gratuitement ou pour un co\u00fbt plus que modique.<\/p>\n<p><strong><em>Th\u00e9\u00e2tre: nouveau en 2019 pur\u00a0Adultes et adolescents. Un atelier enfants est envisag\u00e9 ult\u00e9rieurement.<br \/>\n<\/em><\/strong>R\u00e9p\u00e9titions de deux pi\u00e8ces (Feydeau, contemporaine) et plusieurs sketches en vue d\u2019une repr\u00e9sentation \u00e0 Chalezeule et les villages des environs. Fabrication de d\u00e9cors. Confection de costumes.<br \/>\n<em>Responsable : <\/em>Joelle COMTE 0631226336<\/p>\n<p><strong><em>Cr\u00e9atuc : <\/em><\/strong>Travaux manuels \u2013 Broderie \u2013 Tricot pour adultes<br \/>\nL\u2019activit\u00e9 a pour but de rassembler des personnes aimant les activit\u00e9s manuelles et d\u00e9sirant partager leur technique et leur savoir-faire. L\u2019activit\u00e9 principale est le point de croix. Apr\u00e8s avoir travaill\u00e9 chacune sur des projets personnels, les membres ont d\u00e9cid\u00e9 de mettre en commun leur passion pour pr\u00e9parer des \u0153uvres au b\u00e9n\u00e9fice du T\u00e9l\u00e9thon.<br \/>\n<em>Responsable <\/em>Andr\u00e9a DEUSCHER 06 81 08 65 18<br \/>\n<em>Jour et horaires : <\/em>Mercredi de 20h15 \u00e0 23h00<br \/>\n<em>Lieu : <\/em>Chez Isabelle ENGEL<\/p>\n<p><strong><em>Danses en ligne et danse de salon : pour\u00a0Adultes et adolescents<br \/>\n<\/em><\/strong>Les danses en lignes les plus connues : madison (plusieurs variantes), reggae breton, paloma blanca, tarentelle, mariana, tango solo, cha-cha, Kuduro, Cumbia, ka-dans\u00e9, chicana, fiesta mosquito, fiestrad, bachatta.<br \/>\nDanse de salon (1 vendredi sur 2 suivant l&#8217;\u00e9volution) : marche, valse.<br \/>\n<em>Responsable : <\/em>Jean Fran\u00e7ois THORIDENET 0630626562<br \/>\n<em>Jour et horaires : <\/em>Vendredi 18h00 \u00e0 20h00 (en p\u00e9riode scolaire)<br \/>\n<em>Lieu :<\/em> grande salle de la maison commune<\/p>\n<p><strong><em>Informatuc pour adultes<br \/>\n<\/em><\/strong>Cette activit\u00e9 \u00a0permet de faire d\u00e9couvrir aux Chalezeulois le fonctionnement des ordinateurs, la bureautique, la retouche photo, internet, la messagerie, la g\u00e9n\u00e9alogie, skype et les tablettes.<br \/>\n<em>Responsable<\/em><em> : <\/em>Yves DEUSCHER 06 72 88 20 29<br \/>\n<em>Jour et horaires : <\/em>2<sup>\u00e8me<\/sup> et 4<sup>\u00e8me<\/sup> mardi de chaque mois de 20h15 \u00e0 23h00 (en p\u00e9riode scolaire)<br \/>\n<em>Lieu : <\/em>petite salle de la maison commune<\/p>\n<p><strong><em>\u00a0Autres activit\u00e9s :\u00a0<\/em><\/strong>L\u2019association organise diverses manifestations en cours de saison et participe \u00e0 la f\u00eate du village.<\/p>\n<ul>\n<li>F\u00eate des sorci\u00e8res le 12 octobre 2019 aux Fours \u00e0 chaux de 15h00 \u00e0 22h00<\/li>\n<li>F\u00eate du Beaujolais le 23 novembre 2019 \u00e0 la Maison Commune de Chalezeule<\/li>\n<li>L&#8217;assembl\u00e9e g\u00e9n\u00e9rale aura lieu le 2 f\u00e9vrier 2020 \u00e0 la Maison Commune<\/li>\n<li>Pique-nique \u00e0 Charmarin au printemps<\/li>\n<\/ul>\n<p>&nbsp;<\/p>\n<h5 class=\"western\" align=\"left\"><span style=\"color: #7fc400; font-family: Helvetica;\"><b>2018-2019 Le <\/b><b>TUC\u2026 <\/b><b>son <\/b><b>truc <\/b><b>? <\/b><b>Construire<\/b><b>des<\/b><b>viaducs<\/b><b>!<\/b><\/span><\/h5>\n<p class=\"western\" align=\"justify\"><span style=\"font-family: Helvetica;\">Fid\u00e8le \u00e0 son objet, l\u2019association <i><b>Le Trait d\u2019Union Chalezeulois<\/b><\/i>, que tout le monde appelle maintenant le <b>TUC<\/b>, a multipli\u00e9 ses activit\u00e9s, r\u00e9guli\u00e8res comme ponctuelles pour <b>lancer des ponts <\/b>entre les diff\u00e9rents quartiers, entre les gens du village, tout en s\u2019ouvrant volontiers aux voisins bisontins ou d\u2019ailleurs.<\/span><\/p>\n<p align=\"justify\"><span style=\"font-family: Helvetica;\"><strong>Deux mains reli\u00e9es par un ruban vert symbolisent notre association<\/strong>, le TUC. <strong>Symbole d\u2019entraide, de lien, de faire ensemble, de retrouvailles entre villageois de tous les quartiers, de liaison entre g\u00e9n\u00e9rations.<\/strong><\/span><\/p>\n<p class=\"western\" align=\"justify\"><span style=\"font-family: Helvetica;\">Apr\u00e8s un <b>repas d\u2019association, <\/b>tr\u00e8s convivial \u00e0 l\u2019Auberge en janvier, a \u00e9t\u00e9 organis\u00e9e une <b>f\u00eate \u00e0 Port-Arthur <\/b>sur le site de l\u2019ancien minigolf, apr\u00e8s que les tucistes y aient coup\u00e9 des broussailles, mais surtout, ramass\u00e9 une impressionnante montagne de cannettes et d\u2019ordures. Les campeurs qui se rendent au Tram ont ainsi profit\u00e9 d\u2019un cheminement qui donne de notre commune une image beaucoup plus engageante. Si la f\u00eate n\u2019a pas connu l\u2019affluence attendue, elle a cependant permis aux adultes de passer un bon moment ensemble en plein air, et aux enfants de se lancer dans des chasses aux \u0153ufs g\u00e9n\u00e9reuses, et de trouver des petits tr\u00e9sors \u00e0 la p\u00eache \u00e0 la ligne.<\/span><\/p>\n<p class=\"western\" align=\"justify\"><span style=\"font-family: Helvetica;\">Juin et sa m\u00e9t\u00e9o favorable a vu la r\u00e9ussite de la 2<sup>\u00e8me\u00a0<\/sup><\/span><span style=\"font-family: Helvetica;\">\u00e9dition du <b>grand pique-nique de Charmarin<\/b>, tr\u00e8s bien organis\u00e9 avec les habitants du quartier. Un tr\u00e8s bon moment pour tous !<\/span><\/p>\n<p class=\"western\" align=\"justify\"><span style=\"font-family: Helvetica;\">Avec la Soci\u00e9t\u00e9 d\u2019Education Populaire, association avec laquelle le travail en partenariat se passe tr\u00e8s bien, le TUC a tenu la buvette, organis\u00e9 et assur\u00e9 le repas dansant du soir, particip\u00e9 \u00e0 la mise en place d\u2019un tobbogan gonflable, et pr\u00e9vu un grand jeu KOHLANTUC qui a vu s\u2019affronter dans des \u00e9preuves dignes du jeu t\u00e9l\u00e9vis\u00e9, 22 candidats de 7 \u00e0 50 ans.<\/span><\/p>\n<p class=\"western\" align=\"justify\"><span style=\"font-family: Helvetica;\">C\u2019est l\u2019\u00e9quipe des bleus qui a gagn\u00e9, et son grand gagnant, Elouan, a \u00e9t\u00e9 \u00e9lu par les membres de son \u00e9quipe : il est reparti avec le tr\u00e8s convoit\u00e9 totem de Koh Lantuc.<\/span><\/p>\n<\/div>\n<p><img data-attachment-id=\"1661\" data-permalink=\"https:\/\/chalezeule.fr\/index.php\/le-trait-dunion-chalezeulois\/tuc\/\" data-orig-file=\"https:\/\/i2.wp.com\/chalezeule.fr\/wp-content\/uploads\/2016\/03\/tuc.jpg?fit=523%2C393&amp;ssl=1\" data-orig-size=\"523,393\" data-comments-opened=\"0\" data-image-meta=\"{&quot;aperture&quot;:&quot;0&quot;,&quot;credit&quot;:&quot;&quot;,&quot;camera&quot;:&quot;&quot;,&quot;caption&quot;:&quot;&quot;,&quot;created_timestamp&quot;:&quot;0&quot;,&quot;copyright&quot;:&quot;&quot;,&quot;focal_length&quot;:&quot;0&quot;,&quot;iso&quot;:&quot;0&quot;,&quot;shutter_speed&quot;:&quot;0&quot;,&quot;title&quot;:&quot;&quot;,&quot;orientation&quot;:&quot;0&quot;}\" data-image-title=\"tuc\" data-image-description=\"\" data-medium-file=\"https:\/\/i2.wp.com\/chalezeule.fr\/wp-content\/uploads\/2016\/03\/tuc.jpg?fit=300%2C225&amp;ssl=1\" data-large-file=\"https:\/\/i2.wp.com\/chalezeule.fr\/wp-content\/uploads\/2016\/03\/tuc.jpg?fit=523%2C393&amp;ssl=1\" loading=\"lazy\" class=\"size-medium wp-image-1661 alignright\" src=\"https:\/\/i2.wp.com\/chalezeule.fr\/wp-content\/uploads\/2016\/03\/tuc.jpg?resize=300%2C225\" alt=\"\" srcset=\"https:\/\/i2.wp.com\/chalezeule.fr\/wp-content\/uploads\/2016\/03\/tuc.jpg?resize=300%2C225&amp;ssl=1 300w, https:\/\/i2.wp.com\/chalezeule.fr\/wp-content\/uploads\/2016\/03\/tuc.jpg?resize=230%2C173&amp;ssl=1 230w, https:\/\/i2.wp.com\/chalezeule.fr\/wp-content\/uploads\/2016\/03\/tuc.jpg?resize=350%2C263&amp;ssl=1 350w, https:\/\/i2.wp.com\/chalezeule.fr\/wp-content\/uploads\/2016\/03\/tuc.jpg?resize=480%2C361&amp;ssl=1 480w, https:\/\/i2.wp.com\/chalezeule.fr\/wp-content\/uploads\/2016\/03\/tuc.jpg?w=523&amp;ssl=1 523w\" sizes=\"(max-width: 300px) 100vw, 300px\" data-recalc-dims=\"1\" \/> <img data-attachment-id=\"1662\" data-permalink=\"https:\/\/chalezeule.fr\/index.php\/le-trait-dunion-chalezeulois\/creatuc\/\" data-orig-file=\"https:\/\/i0.wp.com\/chalezeule.fr\/wp-content\/uploads\/2016\/03\/cr\u00e9atuc.jpg?fit=660%2C400&amp;ssl=1\" data-orig-size=\"660,400\" data-comments-opened=\"0\" data-image-meta=\"{&quot;aperture&quot;:&quot;0&quot;,&quot;credit&quot;:&quot;&quot;,&quot;camera&quot;:&quot;&quot;,&quot;caption&quot;:&quot;&quot;,&quot;created_timestamp&quot;:&quot;0&quot;,&quot;copyright&quot;:&quot;&quot;,&quot;focal_length&quot;:&quot;0&quot;,&quot;iso&quot;:&quot;0&quot;,&quot;shutter_speed&quot;:&quot;0&quot;,&quot;title&quot;:&quot;&quot;,&quot;orientation&quot;:&quot;0&quot;}\" data-image-title=\"cr\u00e9atuc\" data-image-description=\"\" data-medium-file=\"https:\/\/i0.wp.com\/chalezeule.fr\/wp-content\/uploads\/2016\/03\/cr\u00e9atuc.jpg?fit=300%2C182&amp;ssl=1\" data-large-file=\"https:\/\/i0.wp.com\/chalezeule.fr\/wp-content\/uploads\/2016\/03\/cr\u00e9atuc.jpg?fit=660%2C400&amp;ssl=1\" loading=\"lazy\" class=\" wp-image-1662 alignleft\" src=\"https:\/\/i0.wp.com\/chalezeule.fr\/wp-content\/uploads\/2016\/03\/cr\u00e9atuc.jpg?resize=373%2C226\" alt=\"\" srcset=\"https:\/\/i0.wp.com\/chalezeule.fr\/wp-content\/uploads\/2016\/03\/cr\u00e9atuc.jpg?resize=300%2C182&amp;ssl=1 300w, https:\/\/i0.wp.com\/chalezeule.fr\/wp-content\/uploads\/2016\/03\/cr\u00e9atuc.jpg?resize=230%2C139&amp;ssl=1 230w, https:\/\/i0.wp.com\/chalezeule.fr\/wp-content\/uploads\/2016\/03\/cr\u00e9atuc.jpg?resize=350%2C212&amp;ssl=1 350w, https:\/\/i0.wp.com\/chalezeule.fr\/wp-content\/uploads\/2016\/03\/cr\u00e9atuc.jpg?resize=480%2C291&amp;ssl=1 480w, https:\/\/i0.wp.com\/chalezeule.fr\/wp-content\/uploads\/2016\/03\/cr\u00e9atuc.jpg?w=660&amp;ssl=1 660w\" sizes=\"(max-width: 373px) 100vw, 373px\" data-recalc-dims=\"1\" \/><\/p>\n<h5><\/h5>\n<p>&nbsp;<\/p>\n<p>&nbsp;<\/p>\n<h5><\/h5>\n<h5><\/h5>\n<h5><\/h5>\n<p><img data-attachment-id=\"1660\" data-permalink=\"https:\/\/chalezeule.fr\/index.php\/le-trait-dunion-chalezeulois\/fete-sorcieres\/\" data-orig-file=\"https:\/\/i2.wp.com\/chalezeule.fr\/wp-content\/uploads\/2016\/03\/f\u00eate-sorci\u00e8res.jpg?fit=474%2C355&amp;ssl=1\" data-orig-size=\"474,355\" data-comments-opened=\"0\" data-image-meta=\"{&quot;aperture&quot;:&quot;0&quot;,&quot;credit&quot;:&quot;&quot;,&quot;camera&quot;:&quot;&quot;,&quot;caption&quot;:&quot;&quot;,&quot;created_timestamp&quot;:&quot;0&quot;,&quot;copyright&quot;:&quot;&quot;,&quot;focal_length&quot;:&quot;0&quot;,&quot;iso&quot;:&quot;0&quot;,&quot;shutter_speed&quot;:&quot;0&quot;,&quot;title&quot;:&quot;&quot;,&quot;orientation&quot;:&quot;0&quot;}\" data-image-title=\"f\u00eate sorci\u00e8res\" data-image-description=\"\" data-medium-file=\"https:\/\/i2.wp.com\/chalezeule.fr\/wp-content\/uploads\/2016\/03\/f\u00eate-sorci\u00e8res.jpg?fit=300%2C225&amp;ssl=1\" data-large-file=\"https:\/\/i2.wp.com\/chalezeule.fr\/wp-content\/uploads\/2016\/03\/f\u00eate-sorci\u00e8res.jpg?fit=474%2C355&amp;ssl=1\" loading=\"lazy\" class=\"wp-image-1660 alignleft\" src=\"https:\/\/i2.wp.com\/chalezeule.fr\/wp-content\/uploads\/2016\/03\/f\u00eate-sorci\u00e8res.jpg?resize=332%2C249\" alt=\"\" srcset=\"https:\/\/i2.wp.com\/chalezeule.fr\/wp-content\/uploads\/2016\/03\/f\u00eate-sorci\u00e8res.jpg?resize=300%2C225&amp;ssl=1 300w, https:\/\/i2.wp.com\/chalezeule.fr\/wp-content\/uploads\/2016\/03\/f\u00eate-sorci\u00e8res.jpg?resize=230%2C172&amp;ssl=1 230w, https:\/\/i2.wp.com\/chalezeule.fr\/wp-content\/uploads\/2016\/03\/f\u00eate-sorci\u00e8res.jpg?resize=350%2C262&amp;ssl=1 350w, https:\/\/i2.wp.com\/chalezeule.fr\/wp-content\/uploads\/2016\/03\/f\u00eate-sorci\u00e8res.jpg?w=474&amp;ssl=1 474w\" sizes=\"(max-width: 332px) 100vw, 332px\" data-recalc-dims=\"1\" \/><\/p>\n","protected":false},"excerpt":{"rendered":"<p>Contact : Yves DEUSCHER 0672882029 contact@ltuc.fr Saison 2019-2020 Tarif cotisation\u00a0: 15 \u20ac par famille Les activit\u00e9s r\u00e9guli\u00e8res propos\u00e9es aux adh\u00e9rents sont gratuites. Les manifestations ponctuelles sont accessibles gratuitement ou pour un co\u00fbt plus que modique. Th\u00e9\u00e2tre: nouveau en 2019 pur\u00a0Adultes et adolescents. Un atelier enfants est envisag\u00e9 ult\u00e9rieurement. R\u00e9p\u00e9titions de deux pi\u00e8ces (Feydeau, contemporaine) et [&hellip;]<\/p>\n","protected":false},"author":1,"featured_media":0,"parent":0,"menu_order":0,"comment_status":"closed","ping_status":"closed","template":"","meta":[],"_links":{"self":[{"href":"https:\/\/chalezeule.fr\/index.php\/wp-json\/wp\/v2\/pages\/236"}],"collection":[{"href":"https:\/\/chalezeule.fr\/index.php\/wp-json\/wp\/v2\/pages"}],"about":[{"href":"https:\/\/chalezeule.fr\/index.php\/wp-json\/wp\/v2\/types\/page"}],"author":[{"embeddable":true,"href":"https:\/\/chalezeule.fr\/index.php\/wp-json\/wp\/v2\/users\/1"}],"replies":[{"embeddable":true,"href":"https:\/\/chalezeule.fr\/index.php\/wp-json\/wp\/v2\/comments?post=236"}],"version-history":[{"count":13,"href":"https:\/\/chalezeule.fr\/index.php\/wp-json\/wp\/v2\/pages\/236\/revisions"}],"predecessor-version":[{"id":3054,"href":"https:\/\/chalezeule.fr\/index.php\/wp-json\/wp\/v2\/pages\/236\/revisions\/3054"}],"wp:attachment":[{"href":"https:\/\/chalezeule.fr\/index.php\/wp-json\/wp\/v2\/media?parent=236"}],"curies":[{"name":"wp","href":"https:\/\/api.w.org\/{rel}","templated":true}]}}