{"id":182,"date":"2016-03-04T11:02:29","date_gmt":"2016-03-04T10:02:29","guid":{"rendered":"http:\/\/chalezeule.fr\/?page_id=182"},"modified":"2020-02-15T10:39:09","modified_gmt":"2020-02-15T09:39:09","slug":"urbanisme","status":"publish","type":"page","link":"https:\/\/chalezeule.fr\/index.php\/urbanisme\/","title":{"rendered":"Urbanisme"},"content":{"rendered":"<h2><strong>Plan Local d&#8217;Urbanisme :\u00a0<\/strong><\/h2>\n<ul>\n<li><span style=\"color: #99cc00;\"><a style=\"color: #99cc00;\" href=\"http:\/\/chalezeule.fr\/index.php\/urbanisme\/1-rapport-de-presentation\/\" rel=\"attachment wp-att-677\">Rapport de pr\u00e9sentation<\/a><\/span><\/li>\n<li><span style=\"color: #99cc00;\"><a style=\"color: #99cc00;\" href=\"http:\/\/chalezeule.fr\/index.php\/urbanisme\/1-1-additif-n1-au-rapport-de-presentation\/\" rel=\"attachment wp-att-675\">Additif n\u00b01 au rapport de pr\u00e9sentation<\/a><\/span><\/li>\n<li><span style=\"color: #99cc00;\"><a style=\"color: #99cc00;\" href=\"http:\/\/chalezeule.fr\/index.php\/urbanisme\/1-2-additif-n2-au-rapport-de-presentation\/\" rel=\"attachment wp-att-678\">Additif n\u00b02 au rapport de pr\u00e9sentation<\/a><\/span><\/li>\n<li><span style=\"color: #99cc00;\"><a style=\"color: #99cc00;\" href=\"http:\/\/chalezeule.fr\/index.php\/urbanisme\/1-3-additif-n3-au-rapport-de-presentation\/\" rel=\"attachment wp-att-679\">Additif n\u00b03 au rapport de pr\u00e9sentation<\/a><\/span><\/li>\n<li><span style=\"color: #99cc00;\"><a style=\"color: #99cc00;\" href=\"http:\/\/chalezeule.fr\/index.php\/urbanisme\/2-padd\/\" rel=\"attachment wp-att-680\">Projet d\u2019am\u00e9nagement et de d\u00e9veloppement<\/a><\/span><\/li>\n<li><span style=\"color: #99cc00;\"><a style=\"color: #99cc00;\" href=\"http:\/\/chalezeule.fr\/index.php\/urbanisme\/3-oap\/\" rel=\"attachment wp-att-681\">Orientation d&#8217;am\u00e9nagement<\/a><\/span><\/li>\n<li><span style=\"color: #99cc00;\"><a style=\"color: #99cc00;\" href=\"http:\/\/chalezeule.fr\/index.php\/urbanisme\/4-1-reglement\/\" rel=\"attachment wp-att-682\">REGLEMENT<\/a><\/span><\/li>\n<li><span style=\"color: #99cc00;\"><a style=\"color: #99cc00;\" href=\"http:\/\/chalezeule.fr\/index.php\/urbanisme\/4-3-plan-zonage-2000-sud\/\" rel=\"attachment wp-att-684\">PLAN<\/a><a style=\"color: #99cc00;\" href=\"http:\/\/chalezeule.fr\/index.php\/urbanisme\/4-2-plan-zonage-2000-nord-zi\/\" rel=\"attachment wp-att-683\"> zonage 2000 nord ZI<\/a><\/span><\/li>\n<li><span style=\"color: #99cc00;\"><a style=\"color: #99cc00;\" href=\"http:\/\/chalezeule.fr\/index.php\/urbanisme\/4-3-plan-zonage-2000-sud\/\" rel=\"attachment wp-att-684\">PLAN zonage 2000 sud FOURS A CHAUX<\/a><\/span><\/li>\n<li><span style=\"color: #99cc00;\"><a style=\"color: #99cc00;\" href=\"http:\/\/chalezeule.fr\/index.php\/urbanisme\/4-3-plan-zonage-2000-sud\/\" rel=\"attachment wp-att-684\">PLAN<\/a><a style=\"color: #99cc00;\" href=\"http:\/\/chalezeule.fr\/index.php\/urbanisme\/4-4-plan-zonage-2000-village\/\" rel=\"attachment wp-att-685\"> zonage 2000 VILLAGE<\/a><\/span><\/li>\n<li><span style=\"color: #99cc00;\"><a style=\"color: #99cc00;\" href=\"http:\/\/chalezeule.fr\/index.php\/urbanisme\/5-1-1-liste-sup\/\" rel=\"attachment wp-att-686\">Liste-sup<\/a><\/span><\/li>\n<li><span style=\"color: #99cc00;\"><a style=\"color: #99cc00;\" href=\"http:\/\/chalezeule.fr\/index.php\/urbanisme\/5-1-2-plan-sup\/\" rel=\"attachment wp-att-687\">Plan-sup<\/a><\/span><\/li>\n<li><span style=\"color: #99cc00;\"><a style=\"color: #99cc00;\" href=\"http:\/\/chalezeule.fr\/index.php\/urbanisme\/5-1-3-servitudes-aeronautiques\/\" rel=\"attachment wp-att-688\">Servitudes a\u00e9ronautiques<\/a><\/span><\/li>\n<li><span style=\"color: #99cc00;\"><a style=\"color: #99cc00;\" href=\"http:\/\/chalezeule.fr\/index.php\/urbanisme\/5-2-1-plan-eau-potable\/\" rel=\"attachment wp-att-689\">Plan eau potable<\/a><\/span><\/li>\n<li><span style=\"color: #99cc00;\"><a style=\"color: #99cc00;\" href=\"http:\/\/chalezeule.fr\/index.php\/urbanisme\/5-2-2-plan-assainissement\/\" rel=\"attachment wp-att-690\">Plan assainissement<\/a><\/span><\/li>\n<li><span style=\"color: #99cc00;\"><a style=\"color: #99cc00;\" href=\"http:\/\/chalezeule.fr\/index.php\/urbanisme\/5-2-3-zonage-assainissement\/\" rel=\"attachment wp-att-691\">Zonage assainissement<\/a><\/span><\/li>\n<li><span style=\"color: #99cc00;\"><a style=\"color: #99cc00;\" href=\"http:\/\/chalezeule.fr\/index.php\/urbanisme\/5-2-4-reglement-assainissement-btc\/\" rel=\"attachment wp-att-692\">R\u00e9glement assainissement\u00a0Besan\u00e7on\/Thise\/Chalezeule<\/a><\/span><\/li>\n<li><span style=\"color: #99cc00;\"><a style=\"color: #99cc00;\" href=\"http:\/\/chalezeule.fr\/index.php\/urbanisme\/5-3-1-arretes-prefectoraux-bruit\/\" rel=\"attachment wp-att-693\">Arret\u00e9s pr\u00e9fectoraux bruit<\/a><\/span><\/li>\n<li><span style=\"color: #99cc00;\"><a style=\"color: #99cc00;\" href=\"http:\/\/chalezeule.fr\/index.php\/urbanisme\/5-3-2-perimetres-bruit\/\" rel=\"attachment wp-att-694\">P\u00e9rimetres bruit<\/a><\/span><\/li>\n<li><span style=\"color: #99cc00;\"><a style=\"color: #99cc00;\" href=\"http:\/\/chalezeule.fr\/index.php\/urbanisme\/5-4-zac\/\" rel=\"attachment wp-att-695\">Zones d&#8217;am\u00e9nagement concert\u00e9es<\/a><\/span><\/li>\n<li><span style=\"color: #99cc00;\"><a style=\"color: #99cc00;\" href=\"http:\/\/chalezeule.fr\/index.php\/urbanisme\/5-5-dpu\/\" rel=\"attachment wp-att-696\">P\u00e9rim\u00e8tre \u00e0 l&#8217;interieur duquel s&#8217;applique<\/a><\/span><\/li>\n<li><span style=\"color: #99cc00;\"><a style=\"color: #99cc00;\" href=\"http:\/\/chalezeule.fr\/index.php\/urbanisme\/5-5-dpu\/\" rel=\"attachment wp-att-696\">Le droit de pre\u00e9emption urbain<\/a><\/span><\/li>\n<li><span style=\"color: #99cc00;\"><a style=\"color: #99cc00;\" href=\"http:\/\/chalezeule.fr\/index.php\/urbanisme\/5-6-rlp\/\" rel=\"attachment wp-att-697\">R\u00e8glement local de publicit\u00e9<\/a><\/span><\/li>\n<li><span style=\"color: #99cc00;\"><span style=\"color: #99cc00;\"><a style=\"color: #99cc00;\" href=\"http:\/\/chalezeule.fr\/index.php\/urbanisme\/arrete-plu\/\" rel=\"attachment wp-att-698\">Arr\u00eat\u00e9 &#8211;\u00a0plan local d&#8217;urbanisme<\/a><\/span><\/span><\/li>\n<li><span style=\"color: #99cc00;\"><a style=\"color: #99cc00;\" href=\"http:\/\/chalezeule.fr\/index.php\/urbanisme\/delib-modif-plu\/\" rel=\"attachment wp-att-699\">D\u00e9lib-modif-\u00a0plan local d&#8217;urbanisme<\/a><\/span><\/li>\n<li><span style=\"color: #99cc00;\"><a style=\"color: #99cc00;\" href=\"http:\/\/chalezeule.fr\/index.php\/urbanisme\/perimetre-chateau-de-la-juive\/\" rel=\"attachment wp-att-700\">P\u00e9rimetre chateau de la juive<\/a><\/span><\/li>\n<li><span style=\"background-color: #ffffff; color: #99cc00;\"><a style=\"color: #99cc00;\" href=\"https:\/\/www.geoportail-urbanisme.gouv.fr\/map\/#tile=1&amp;lon=6.075794000000001&amp;lat=47.25978700000002&amp;zoom=13&amp;mlon=6.075794&amp;mlat=47.259787\">G\u00e9oportail de l&#8217;Urbanisme<\/a> <\/span><\/li>\n<\/ul>\n","protected":false},"excerpt":{"rendered":"<p>Plan Local d&#8217;Urbanisme :\u00a0 Rapport de pr\u00e9sentation Additif n\u00b01 au rapport de pr\u00e9sentation Additif n\u00b02 au rapport de pr\u00e9sentation Additif n\u00b03 au rapport de pr\u00e9sentation Projet d\u2019am\u00e9nagement et de d\u00e9veloppement Orientation d&#8217;am\u00e9nagement REGLEMENT PLAN zonage 2000 nord ZI PLAN zonage 2000 sud FOURS A CHAUX PLAN zonage 2000 VILLAGE Liste-sup Plan-sup Servitudes a\u00e9ronautiques Plan eau [&hellip;]<\/p>\n","protected":false},"author":1,"featured_media":0,"parent":0,"menu_order":0,"comment_status":"closed","ping_status":"closed","template":"","meta":[],"_links":{"self":[{"href":"https:\/\/chalezeule.fr\/index.php\/wp-json\/wp\/v2\/pages\/182"}],"collection":[{"href":"https:\/\/chalezeule.fr\/index.php\/wp-json\/wp\/v2\/pages"}],"about":[{"href":"https:\/\/chalezeule.fr\/index.php\/wp-json\/wp\/v2\/types\/page"}],"author":[{"embeddable":true,"href":"https:\/\/chalezeule.fr\/index.php\/wp-json\/wp\/v2\/users\/1"}],"replies":[{"embeddable":true,"href":"https:\/\/chalezeule.fr\/index.php\/wp-json\/wp\/v2\/comments?post=182"}],"version-history":[{"count":25,"href":"https:\/\/chalezeule.fr\/index.php\/wp-json\/wp\/v2\/pages\/182\/revisions"}],"predecessor-version":[{"id":3635,"href":"https:\/\/chalezeule.fr\/index.php\/wp-json\/wp\/v2\/pages\/182\/revisions\/3635"}],"wp:attachment":[{"href":"https:\/\/chalezeule.fr\/index.php\/wp-json\/wp\/v2\/media?parent=182"}],"curies":[{"name":"wp","href":"https:\/\/api.w.org\/{rel}","templated":true}]}}