{"id":1688,"date":"2017-10-26T08:21:08","date_gmt":"2017-10-26T07:21:08","guid":{"rendered":"http:\/\/chalezeule.fr\/?page_id=1688"},"modified":"2019-08-15T17:04:01","modified_gmt":"2019-08-15T16:04:01","slug":"1688-2","status":"publish","type":"page","link":"https:\/\/chalezeule.fr\/index.php\/1688-2\/","title":{"rendered":"Homme de Terre  (association bisontine)"},"content":{"rendered":"<h4><span style=\"color: #3782c1;\"><img data-attachment-id=\"2747\" data-permalink=\"https:\/\/chalezeule.fr\/index.php\/vie-associative\/yoga\/\" data-orig-file=\"https:\/\/i0.wp.com\/chalezeule.fr\/wp-content\/uploads\/2018\/07\/Yoga.jpg?fit=185%2C186&amp;ssl=1\" data-orig-size=\"185,186\" data-comments-opened=\"0\" data-image-meta=\"{&quot;aperture&quot;:&quot;0&quot;,&quot;credit&quot;:&quot;Andr\\u00e9e ANTOINE&quot;,&quot;camera&quot;:&quot;&quot;,&quot;caption&quot;:&quot;&quot;,&quot;created_timestamp&quot;:&quot;1530900790&quot;,&quot;copyright&quot;:&quot;&quot;,&quot;focal_length&quot;:&quot;0&quot;,&quot;iso&quot;:&quot;0&quot;,&quot;shutter_speed&quot;:&quot;0&quot;,&quot;title&quot;:&quot;&quot;,&quot;orientation&quot;:&quot;0&quot;}\" data-image-title=\"Yoga\" data-image-description=\"\" data-medium-file=\"https:\/\/i0.wp.com\/chalezeule.fr\/wp-content\/uploads\/2018\/07\/Yoga.jpg?fit=185%2C186&amp;ssl=1\" data-large-file=\"https:\/\/i0.wp.com\/chalezeule.fr\/wp-content\/uploads\/2018\/07\/Yoga.jpg?fit=185%2C186&amp;ssl=1\" loading=\"lazy\" class=\"size-full wp-image-2747 alignleft\" src=\"https:\/\/i0.wp.com\/chalezeule.fr\/wp-content\/uploads\/2018\/07\/Yoga.jpg?resize=185%2C186\" alt=\"\" srcset=\"https:\/\/i0.wp.com\/chalezeule.fr\/wp-content\/uploads\/2018\/07\/Yoga.jpg?w=185&amp;ssl=1 185w, https:\/\/i0.wp.com\/chalezeule.fr\/wp-content\/uploads\/2018\/07\/Yoga.jpg?resize=150%2C150&amp;ssl=1 150w\" sizes=\"(max-width: 185px) 100vw, 185px\" data-recalc-dims=\"1\" \/>Contact :<\/span><\/h4>\n<p><strong>Vincent Filliozat<\/strong><\/p>\n<p>03 81 80 56 60<\/p>\n<p>contact@lhommedeterre.org<\/p>\n<p>17 rue Saint-Just\u00a0\u00a0 25000 Besan\u00e7on<\/p>\n<p>&nbsp;<\/p>\n<p><strong>Pratiquer le yoga, c\u2019est apprendre \u00e0 se faire du bien.<\/strong><\/p>\n<p>Gr\u00e2ce \u00e0 des mouvements simples, des exercices respiratoires et de m\u00e9ditation accessibles, le yoga d\u00e9veloppe en nous conscience et vitalit\u00e9.<br \/>\nLes cours propos\u00e9s <strong>jeudi<\/strong> de <strong>10h \u00e0 11h 30<\/strong> <strong>\u00a0du 12 septembre 2019 au 1<sup>er<\/sup> juin 2020.<\/strong>sont de niveau d\u00e9butants \u00e0 partir de 15 ans. Il se d\u00e9roulent\u00a0dans grande salle de la maison commune.<\/p>\n<p><em>Tarif cotisation\u00a0:<\/em> 260\u20ac par an 2 cours d\u2019essai gratuits<\/p>\n<p>Plus d\u2019informations sur <a href=\"http:\/\/www.lhommedeterre.org\">http:\/\/www.lhommedeterre.org<\/a><\/p>\n","protected":false},"excerpt":{"rendered":"<p>Contact : Vincent Filliozat 03 81 80 56 60 contact@lhommedeterre.org 17 rue Saint-Just\u00a0\u00a0 25000 Besan\u00e7on &nbsp; Pratiquer le yoga, c\u2019est apprendre \u00e0 se faire du bien. Gr\u00e2ce \u00e0 des mouvements simples, des exercices respiratoires et de m\u00e9ditation accessibles, le yoga d\u00e9veloppe en nous conscience et vitalit\u00e9. Les cours propos\u00e9s jeudi de 10h \u00e0 11h 30 [&hellip;]<\/p>\n","protected":false},"author":1,"featured_media":0,"parent":0,"menu_order":0,"comment_status":"closed","ping_status":"closed","template":"","meta":[],"_links":{"self":[{"href":"https:\/\/chalezeule.fr\/index.php\/wp-json\/wp\/v2\/pages\/1688"}],"collection":[{"href":"https:\/\/chalezeule.fr\/index.php\/wp-json\/wp\/v2\/pages"}],"about":[{"href":"https:\/\/chalezeule.fr\/index.php\/wp-json\/wp\/v2\/types\/page"}],"author":[{"embeddable":true,"href":"https:\/\/chalezeule.fr\/index.php\/wp-json\/wp\/v2\/users\/1"}],"replies":[{"embeddable":true,"href":"https:\/\/chalezeule.fr\/index.php\/wp-json\/wp\/v2\/comments?post=1688"}],"version-history":[{"count":4,"href":"https:\/\/chalezeule.fr\/index.php\/wp-json\/wp\/v2\/pages\/1688\/revisions"}],"predecessor-version":[{"id":3063,"href":"https:\/\/chalezeule.fr\/index.php\/wp-json\/wp\/v2\/pages\/1688\/revisions\/3063"}],"wp:attachment":[{"href":"https:\/\/chalezeule.fr\/index.php\/wp-json\/wp\/v2\/media?parent=1688"}],"curies":[{"name":"wp","href":"https:\/\/api.w.org\/{rel}","templated":true}]}}