{"id":1685,"date":"2017-10-26T08:20:00","date_gmt":"2017-10-26T07:20:00","guid":{"rendered":"http:\/\/chalezeule.fr\/?page_id=1685"},"modified":"2019-08-15T17:00:44","modified_gmt":"2019-08-15T16:00:44","slug":"football-et-compagnie","status":"publish","type":"page","link":"https:\/\/chalezeule.fr\/index.php\/football-et-compagnie\/","title":{"rendered":"Football et Compagnie"},"content":{"rendered":"<h5><span style=\"text-decoration: underline;\"><span style=\"color: #3782c1; text-decoration: underline;\"><img data-attachment-id=\"3052\" data-permalink=\"https:\/\/chalezeule.fr\/index.php\/vie-associative\/foot\/\" data-orig-file=\"https:\/\/i1.wp.com\/chalezeule.fr\/wp-content\/uploads\/2019\/08\/foot.jpg?fit=163%2C155&amp;ssl=1\" data-orig-size=\"163,155\" data-comments-opened=\"0\" data-image-meta=\"{&quot;aperture&quot;:&quot;0&quot;,&quot;credit&quot;:&quot;Andr\\u00e9e ANTOINE&quot;,&quot;camera&quot;:&quot;&quot;,&quot;caption&quot;:&quot;&quot;,&quot;created_timestamp&quot;:&quot;1565889602&quot;,&quot;copyright&quot;:&quot;&quot;,&quot;focal_length&quot;:&quot;0&quot;,&quot;iso&quot;:&quot;0&quot;,&quot;shutter_speed&quot;:&quot;0&quot;,&quot;title&quot;:&quot;&quot;,&quot;orientation&quot;:&quot;0&quot;}\" data-image-title=\"foot\" data-image-description=\"\" data-medium-file=\"https:\/\/i1.wp.com\/chalezeule.fr\/wp-content\/uploads\/2019\/08\/foot.jpg?fit=163%2C155&amp;ssl=1\" data-large-file=\"https:\/\/i1.wp.com\/chalezeule.fr\/wp-content\/uploads\/2019\/08\/foot.jpg?fit=163%2C155&amp;ssl=1\" loading=\"lazy\" class=\"size-full wp-image-3052 alignleft\" src=\"https:\/\/i1.wp.com\/chalezeule.fr\/wp-content\/uploads\/2019\/08\/foot.jpg?resize=163%2C155\" alt=\"\" data-recalc-dims=\"1\" \/>Contact :<\/span><\/span><\/h5>\n<p><strong>Pr\u00e9sident : Michel CHANEY\u00a006 33 30 72 04\u00a0<\/strong>@ : <a href=\"mailto:ascfootetcie@sfr.fr\">ascfootetcie@sfr.fr<\/a>\u00a0 ou<\/p>\n<p><strong>Secr\u00e9taire : BAU S\u00e9bastien 07 82 97 18 25\u00a0<\/strong>@ : <strong>\u00a0<\/strong><a href=\"mailto:Sebastien.bau@sbfinances-bfc.fr\">Sebastien.bau@sbfinances-bfc.fr<\/a><\/p>\n<p>&nbsp;<\/p>\n<p>&nbsp;<\/p>\n<p>L&#8217;association propose des<strong> matches de football<\/strong> pour les\u00a0<strong>v\u00e9t\u00e9rans<\/strong>, <strong>\u00e0 partir de 35ans<\/strong>, les\u00a0<strong>Vendredis de 19h00 \u00e0 22h00<\/strong>, au stade\u00a0de Chalezeule (rendez-vous \u00e0 la maison commune).<\/p>\n<p><em>Tarif cotisation <\/em>: 0\u20ac<\/p>\n<p><em>Dates des rencontres pour 2019- 2020<br \/>\n<\/em>27\/09\/2019\u00a0\u00a0\u00a0\u00a0\u00a0\u00a0 Conseil g\u00e9n\u00e9ral\u00a0\u00a0 Foot et Cie Chalezeule<br \/>\n04\/10\/2019\u00a0\u00a0\u00a0\u00a0\u00a0\u00a0 Pirey\u00a0\u00a0\u00a0\u00a0\u00a0\u00a0\u00a0\u00a0\u00a0\u00a0\u00a0\u00a0\u00a0\u00a0\u00a0\u00a0\u00a0\u00a0 Foot et Cie Chalezeule<br \/>\n25\/10\/2019\u00a0\u00a0\u00a0\u00a0\u00a0\u00a0 Vieilley\u00a0\u00a0\u00a0\u00a0\u00a0\u00a0\u00a0\u00a0\u00a0\u00a0\u00a0\u00a0\u00a0\u00a0 Foot et Cie Chalezeule<br \/>\n08\/11\/2019\u00a0\u00a0\u00a0\u00a0\u00a0\u00a0 Auxon BF\u00a0\u00a0\u00a0\u00a0\u00a0\u00a0\u00a0\u00a0\u00a0\u00a0 Foot et Cie Chalezeule<br \/>\n03\/04\/2020\u00a0\u00a0\u00a0\u00a0\u00a0\u00a0 Jura Nord\u00a0\u00a0\u00a0\u00a0\u00a0\u00a0\u00a0\u00a0\u00a0\u00a0\u00a0 Foot et Cie Chalezeule<br \/>\n24\/04\/2020\u00a0\u00a0\u00a0\u00a0\u00a0\u00a0 Boussi\u00e8res\u00a0\u00a0\u00a0\u00a0\u00a0\u00a0\u00a0\u00a0\u00a0 Foot et Cie Chalezeule<br \/>\n15\/05\/2020\u00a0\u00a0\u00a0\u00a0\u00a0\u00a0 Bouclans\u00a0\u00a0\u00a0\u00a0\u00a0\u00a0\u00a0\u00a0\u00a0\u00a0\u00a0 Foot et Cie Chalezeule<\/p>\n","protected":false},"excerpt":{"rendered":"<p>Contact : Pr\u00e9sident : Michel CHANEY\u00a006 33 30 72 04\u00a0@ : ascfootetcie@sfr.fr\u00a0 ou Secr\u00e9taire : BAU S\u00e9bastien 07 82 97 18 25\u00a0@ : \u00a0Sebastien.bau@sbfinances-bfc.fr &nbsp; &nbsp; L&#8217;association propose des matches de football pour les\u00a0v\u00e9t\u00e9rans, \u00e0 partir de 35ans, les\u00a0Vendredis de 19h00 \u00e0 22h00, au stade\u00a0de Chalezeule (rendez-vous \u00e0 la maison commune). Tarif cotisation : 0\u20ac [&hellip;]<\/p>\n","protected":false},"author":1,"featured_media":0,"parent":0,"menu_order":0,"comment_status":"closed","ping_status":"closed","template":"","meta":[],"_links":{"self":[{"href":"https:\/\/chalezeule.fr\/index.php\/wp-json\/wp\/v2\/pages\/1685"}],"collection":[{"href":"https:\/\/chalezeule.fr\/index.php\/wp-json\/wp\/v2\/pages"}],"about":[{"href":"https:\/\/chalezeule.fr\/index.php\/wp-json\/wp\/v2\/types\/page"}],"author":[{"embeddable":true,"href":"https:\/\/chalezeule.fr\/index.php\/wp-json\/wp\/v2\/users\/1"}],"replies":[{"embeddable":true,"href":"https:\/\/chalezeule.fr\/index.php\/wp-json\/wp\/v2\/comments?post=1685"}],"version-history":[{"count":2,"href":"https:\/\/chalezeule.fr\/index.php\/wp-json\/wp\/v2\/pages\/1685\/revisions"}],"predecessor-version":[{"id":3061,"href":"https:\/\/chalezeule.fr\/index.php\/wp-json\/wp\/v2\/pages\/1685\/revisions\/3061"}],"wp:attachment":[{"href":"https:\/\/chalezeule.fr\/index.php\/wp-json\/wp\/v2\/media?parent=1685"}],"curies":[{"name":"wp","href":"https:\/\/api.w.org\/{rel}","templated":true}]}}