{"id":1267,"date":"2017-10-09T16:58:26","date_gmt":"2017-10-09T15:58:26","guid":{"rendered":"http:\/\/chalezeule.fr\/?page_id=1267"},"modified":"2021-12-03T09:25:53","modified_gmt":"2021-12-03T08:25:53","slug":"actualites-2","status":"publish","type":"page","link":"https:\/\/chalezeule.fr\/index.php\/actualites-2\/","title":{"rendered":"ACTUALITES"},"content":{"rendered":"\n<h2><em>N&#8217;h\u00e9sitez pas \u00e0 consulter le centre d&#8217;information sur le Covid 19<\/em><\/h2>\n\n\n\n<figure class=\"wp-block-image\"><img data-attachment-id=\"4328\" data-permalink=\"https:\/\/chalezeule.fr\/index.php\/actualites-2\/262694977_2351118918378985_3779802588881242664_n\/\" data-orig-file=\"https:\/\/i2.wp.com\/chalezeule.fr\/wp-content\/uploads\/2021\/12\/262694977_2351118918378985_3779802588881242664_n.png?fit=600%2C503&amp;ssl=1\" data-orig-size=\"600,503\" data-comments-opened=\"0\" data-image-meta=\"{&quot;aperture&quot;:&quot;0&quot;,&quot;credit&quot;:&quot;&quot;,&quot;camera&quot;:&quot;&quot;,&quot;caption&quot;:&quot;&quot;,&quot;created_timestamp&quot;:&quot;0&quot;,&quot;copyright&quot;:&quot;&quot;,&quot;focal_length&quot;:&quot;0&quot;,&quot;iso&quot;:&quot;0&quot;,&quot;shutter_speed&quot;:&quot;0&quot;,&quot;title&quot;:&quot;&quot;,&quot;orientation&quot;:&quot;0&quot;}\" data-image-title=\"262694977_2351118918378985_3779802588881242664_n\" data-image-description=\"\" data-medium-file=\"https:\/\/i2.wp.com\/chalezeule.fr\/wp-content\/uploads\/2021\/12\/262694977_2351118918378985_3779802588881242664_n.png?fit=300%2C252&amp;ssl=1\" data-large-file=\"https:\/\/i2.wp.com\/chalezeule.fr\/wp-content\/uploads\/2021\/12\/262694977_2351118918378985_3779802588881242664_n.png?fit=600%2C503&amp;ssl=1\" loading=\"lazy\" src=\"https:\/\/i2.wp.com\/chalezeule.fr\/wp-content\/uploads\/2021\/12\/262694977_2351118918378985_3779802588881242664_n.png?resize=600%2C503\" alt=\"\" class=\"wp-image-4328\" srcset=\"https:\/\/i2.wp.com\/chalezeule.fr\/wp-content\/uploads\/2021\/12\/262694977_2351118918378985_3779802588881242664_n.png?w=600&amp;ssl=1 600w, https:\/\/i2.wp.com\/chalezeule.fr\/wp-content\/uploads\/2021\/12\/262694977_2351118918378985_3779802588881242664_n.png?resize=300%2C252&amp;ssl=1 300w, https:\/\/i2.wp.com\/chalezeule.fr\/wp-content\/uploads\/2021\/12\/262694977_2351118918378985_3779802588881242664_n.png?resize=230%2C193&amp;ssl=1 230w, https:\/\/i2.wp.com\/chalezeule.fr\/wp-content\/uploads\/2021\/12\/262694977_2351118918378985_3779802588881242664_n.png?resize=350%2C293&amp;ssl=1 350w, https:\/\/i2.wp.com\/chalezeule.fr\/wp-content\/uploads\/2021\/12\/262694977_2351118918378985_3779802588881242664_n.png?resize=480%2C402&amp;ssl=1 480w\" sizes=\"(max-width: 600px) 100vw, 600px\" data-recalc-dims=\"1\" \/><figcaption><a href=\"https:\/\/www.bourgogne-franche-comte.ars.sante.fr\/covid19-rappel-vaccinal-gestes-barrieres-et-pass-sanitaire?fbclid=IwAR38xsypDlvcXv-CRyfIF3PmVrt9pBVc33il5iUwysb8j4x8tZK5vKRzAwk\">https:\/\/www.bourgogne-franche-comte.ars.sante.fr\/covid19-rappel-vaccinal-gestes-barrieres-et-pass-sanitaire?fbclid=IwAR38xsypDlvcXv-CRyfIF3PmVrt9pBVc33il5iUwysb8j4x8tZK5vKRzAwk<\/a><\/figcaption><\/figure>\n\n\n\n<p style=\"font-size:32px\" class=\"has-text-color has-vivid-cyan-blue-color\"><strong>A vos d\u00e9corations !<\/strong> Publiez en commentaires vos plus beaux sapins !<\/p>\n\n\n\n<figure class=\"wp-block-image\"><img data-attachment-id=\"4325\" data-permalink=\"https:\/\/chalezeule.fr\/index.php\/actualites-2\/263437662_1857895641049214_2411771197066503760_n\/\" data-orig-file=\"https:\/\/i0.wp.com\/chalezeule.fr\/wp-content\/uploads\/2021\/12\/263437662_1857895641049214_2411771197066503760_n.png?fit=511%2C720&amp;ssl=1\" data-orig-size=\"511,720\" data-comments-opened=\"0\" data-image-meta=\"{&quot;aperture&quot;:&quot;0&quot;,&quot;credit&quot;:&quot;&quot;,&quot;camera&quot;:&quot;&quot;,&quot;caption&quot;:&quot;&quot;,&quot;created_timestamp&quot;:&quot;0&quot;,&quot;copyright&quot;:&quot;&quot;,&quot;focal_length&quot;:&quot;0&quot;,&quot;iso&quot;:&quot;0&quot;,&quot;shutter_speed&quot;:&quot;0&quot;,&quot;title&quot;:&quot;&quot;,&quot;orientation&quot;:&quot;0&quot;}\" data-image-title=\"263437662_1857895641049214_2411771197066503760_n\" data-image-description=\"\" data-medium-file=\"https:\/\/i0.wp.com\/chalezeule.fr\/wp-content\/uploads\/2021\/12\/263437662_1857895641049214_2411771197066503760_n.png?fit=213%2C300&amp;ssl=1\" data-large-file=\"https:\/\/i0.wp.com\/chalezeule.fr\/wp-content\/uploads\/2021\/12\/263437662_1857895641049214_2411771197066503760_n.png?fit=511%2C720&amp;ssl=1\" loading=\"lazy\" src=\"https:\/\/i0.wp.com\/chalezeule.fr\/wp-content\/uploads\/2021\/12\/263437662_1857895641049214_2411771197066503760_n.png?resize=511%2C720\" alt=\"\" class=\"wp-image-4325\" srcset=\"https:\/\/i0.wp.com\/chalezeule.fr\/wp-content\/uploads\/2021\/12\/263437662_1857895641049214_2411771197066503760_n.png?w=511&amp;ssl=1 511w, https:\/\/i0.wp.com\/chalezeule.fr\/wp-content\/uploads\/2021\/12\/263437662_1857895641049214_2411771197066503760_n.png?resize=213%2C300&amp;ssl=1 213w, https:\/\/i0.wp.com\/chalezeule.fr\/wp-content\/uploads\/2021\/12\/263437662_1857895641049214_2411771197066503760_n.png?resize=230%2C324&amp;ssl=1 230w, https:\/\/i0.wp.com\/chalezeule.fr\/wp-content\/uploads\/2021\/12\/263437662_1857895641049214_2411771197066503760_n.png?resize=350%2C493&amp;ssl=1 350w, https:\/\/i0.wp.com\/chalezeule.fr\/wp-content\/uploads\/2021\/12\/263437662_1857895641049214_2411771197066503760_n.png?resize=480%2C676&amp;ssl=1 480w\" sizes=\"(max-width: 511px) 100vw, 511px\" data-recalc-dims=\"1\" \/><\/figure>\n\n\n\n<p><\/p>\n\n\n\n<h3><em>Derni\u00e8re minute <\/em>Vaccination COVID-19                 Samedi 27 novembre 2021, de 10 h \u00e0 14 h                                                                                       Samedi 18 d\u00e9cembre 2021, de 10 h \u00e0 14 h                      au centre commercial Carrefour<\/h3>\n\n\n\n<p><\/p>\n\n\n\n<h4>PASS SANITAIRE Foire aux Questions<\/h4>\n\n\n\n<div class=\"wp-block-file\"><a href=\"http:\/\/chalezeule.fr\/wp-content\/uploads\/2021\/08\/2985_001.pdf\">2985_001<\/a><a href=\"http:\/\/chalezeule.fr\/wp-content\/uploads\/2021\/08\/2985_001.pdf\" class=\"wp-block-file__button\" download>T\u00e9l\u00e9charger<\/a><\/div>\n\n\n\n<figure class=\"wp-block-image\"><img data-attachment-id=\"4236\" data-permalink=\"https:\/\/chalezeule.fr\/index.php\/actualites-2\/microsoft-word-atelier-en-voiture-25-v2\/\" data-orig-file=\"https:\/\/i0.wp.com\/chalezeule.fr\/wp-content\/uploads\/2021\/07\/Affiche-v2.jpg?fit=3508%2C4960&amp;ssl=1\" data-orig-size=\"3508,4960\" data-comments-opened=\"0\" data-image-meta=\"{&quot;aperture&quot;:&quot;0&quot;,&quot;credit&quot;:&quot;preventionbesancon&quot;,&quot;camera&quot;:&quot;&quot;,&quot;caption&quot;:&quot;&quot;,&quot;created_timestamp&quot;:&quot;0&quot;,&quot;copyright&quot;:&quot;&quot;,&quot;focal_length&quot;:&quot;0&quot;,&quot;iso&quot;:&quot;0&quot;,&quot;shutter_speed&quot;:&quot;0&quot;,&quot;title&quot;:&quot;Microsoft Word - Atelier-En voiture-25 v2&quot;,&quot;orientation&quot;:&quot;1&quot;}\" data-image-title=\"Microsoft Word &#8211; Atelier-En voiture-25 v2\" data-image-description=\"\" data-medium-file=\"https:\/\/i0.wp.com\/chalezeule.fr\/wp-content\/uploads\/2021\/07\/Affiche-v2.jpg?fit=212%2C300&amp;ssl=1\" data-large-file=\"https:\/\/i0.wp.com\/chalezeule.fr\/wp-content\/uploads\/2021\/07\/Affiche-v2.jpg?fit=724%2C1024&amp;ssl=1\" loading=\"lazy\" src=\"https:\/\/i0.wp.com\/chalezeule.fr\/wp-content\/uploads\/2021\/07\/Affiche-v2.jpg?resize=724%2C1024\" alt=\"\" class=\"wp-image-4236\" srcset=\"https:\/\/i0.wp.com\/chalezeule.fr\/wp-content\/uploads\/2021\/07\/Affiche-v2.jpg?resize=724%2C1024&amp;ssl=1 724w, https:\/\/i0.wp.com\/chalezeule.fr\/wp-content\/uploads\/2021\/07\/Affiche-v2.jpg?resize=212%2C300&amp;ssl=1 212w, https:\/\/i0.wp.com\/chalezeule.fr\/wp-content\/uploads\/2021\/07\/Affiche-v2.jpg?resize=768%2C1086&amp;ssl=1 768w, https:\/\/i0.wp.com\/chalezeule.fr\/wp-content\/uploads\/2021\/07\/Affiche-v2.jpg?resize=830%2C1174&amp;ssl=1 830w, https:\/\/i0.wp.com\/chalezeule.fr\/wp-content\/uploads\/2021\/07\/Affiche-v2.jpg?resize=230%2C325&amp;ssl=1 230w, https:\/\/i0.wp.com\/chalezeule.fr\/wp-content\/uploads\/2021\/07\/Affiche-v2.jpg?resize=350%2C495&amp;ssl=1 350w, https:\/\/i0.wp.com\/chalezeule.fr\/wp-content\/uploads\/2021\/07\/Affiche-v2.jpg?resize=480%2C679&amp;ssl=1 480w, https:\/\/i0.wp.com\/chalezeule.fr\/wp-content\/uploads\/2021\/07\/Affiche-v2.jpg?w=2340 2340w\" sizes=\"(max-width: 724px) 100vw, 724px\" data-recalc-dims=\"1\" \/><\/figure>\n\n\n\n<figure class=\"wp-block-image\"><img data-attachment-id=\"4228\" data-permalink=\"https:\/\/chalezeule.fr\/index.php\/actualites-2\/unnamed-2\/\" data-orig-file=\"https:\/\/i1.wp.com\/chalezeule.fr\/wp-content\/uploads\/2021\/07\/unnamed.png?fit=98%2C105&amp;ssl=1\" data-orig-size=\"98,105\" data-comments-opened=\"0\" data-image-meta=\"{&quot;aperture&quot;:&quot;0&quot;,&quot;credit&quot;:&quot;&quot;,&quot;camera&quot;:&quot;&quot;,&quot;caption&quot;:&quot;&quot;,&quot;created_timestamp&quot;:&quot;0&quot;,&quot;copyright&quot;:&quot;&quot;,&quot;focal_length&quot;:&quot;0&quot;,&quot;iso&quot;:&quot;0&quot;,&quot;shutter_speed&quot;:&quot;0&quot;,&quot;title&quot;:&quot;&quot;,&quot;orientation&quot;:&quot;0&quot;}\" data-image-title=\"unnamed\" data-image-description=\"\" data-medium-file=\"https:\/\/i1.wp.com\/chalezeule.fr\/wp-content\/uploads\/2021\/07\/unnamed.png?fit=98%2C105&amp;ssl=1\" data-large-file=\"https:\/\/i1.wp.com\/chalezeule.fr\/wp-content\/uploads\/2021\/07\/unnamed.png?fit=98%2C105&amp;ssl=1\" loading=\"lazy\" src=\"https:\/\/i1.wp.com\/chalezeule.fr\/wp-content\/uploads\/2021\/07\/unnamed.png?resize=98%2C105\" alt=\"\" class=\"wp-image-4228\" data-recalc-dims=\"1\"\/><\/figure>\n\n\n<p><span style=\"font-size: 20px;\"><em><strong><span style=\"color: #3366ff;\">Pendant la p\u00e9riode de crise sanitaire, le Relais vous re\u00e7oit uniquement sur rendez-vous ou par t\u00e9l\u00e9phone. Merci pour votre compr\u00e9hension.<\/span> <\/strong><\/em><\/span><\/p>\n<p><strong>Les permanences&nbsp;:<\/strong><\/p>\n<p>Mardi de 16h \u00e0 19h <u>uniquement sur rendez-vous,<\/u> &nbsp;&nbsp;&nbsp;&nbsp;&nbsp;<\/p>\n<p>Mercredi de 9h \u00e0 12h <u>par t\u00e9l\u00e9phone ou sur rendez-vous,<\/u><\/p>\n<p>Jeudi de 14h \u00e0 17h <u>uniquement par t\u00e9l\u00e9phone,<\/u><\/p>\n<p>Vendredi de 13h \u00e0 16h <u>uniquement par t\u00e9l\u00e9phone. <\/u><\/p>\n<p><\/p>\n<p><span style=\"font-family: Arial Black,Avant Garde;\"><em><strong>Marie GUICHARD<\/strong><\/em><\/span><br><span style=\"font-family: Arial Black,Avant Garde;\"><em><strong>Relais Petite Enfance du Seeb &#8211; T\u00e9l. : 03 81 57 81 44<\/strong><\/em><\/span><\/p>\n<p><span style=\"font-family: Arial Black,Avant Garde;\"><em><strong>3 rue Valli\u00e8res Sud 25220 Chalezeule<\/strong><\/em><\/span><br><span style=\"font-family: Arial Black,Avant Garde;\"><em><strong><a href=\"mailto:relais.seeb@famillesrurales.org\" target=\"_blank\" rel=\"noopener noreferrer\">relais.seeb@famillesrurales.<wbr>org<\/a><\/strong><\/em><\/span><\/p>\n<p><\/p>\n\n\n<h2>R\u00e9sultats des Elections R\u00e9gionales et D\u00e9partementales<\/h2>\n\n\n\n<figure class=\"wp-block-image\"><img data-attachment-id=\"4218\" data-permalink=\"https:\/\/chalezeule.fr\/index.php\/actualites-2\/img_8970\/\" data-orig-file=\"https:\/\/i2.wp.com\/chalezeule.fr\/wp-content\/uploads\/2021\/06\/IMG_8970.jpg?fit=582%2C768&amp;ssl=1\" data-orig-size=\"582,768\" data-comments-opened=\"0\" data-image-meta=\"{&quot;aperture&quot;:&quot;0&quot;,&quot;credit&quot;:&quot;&quot;,&quot;camera&quot;:&quot;&quot;,&quot;caption&quot;:&quot;&quot;,&quot;created_timestamp&quot;:&quot;0&quot;,&quot;copyright&quot;:&quot;&quot;,&quot;focal_length&quot;:&quot;0&quot;,&quot;iso&quot;:&quot;0&quot;,&quot;shutter_speed&quot;:&quot;0&quot;,&quot;title&quot;:&quot;&quot;,&quot;orientation&quot;:&quot;1&quot;}\" data-image-title=\"IMG_8970\" data-image-description=\"\" data-medium-file=\"https:\/\/i2.wp.com\/chalezeule.fr\/wp-content\/uploads\/2021\/06\/IMG_8970.jpg?fit=227%2C300&amp;ssl=1\" data-large-file=\"https:\/\/i2.wp.com\/chalezeule.fr\/wp-content\/uploads\/2021\/06\/IMG_8970.jpg?fit=582%2C768&amp;ssl=1\" loading=\"lazy\" src=\"https:\/\/i2.wp.com\/chalezeule.fr\/wp-content\/uploads\/2021\/06\/IMG_8970.jpg?resize=582%2C768\" alt=\"\" class=\"wp-image-4218\" srcset=\"https:\/\/i2.wp.com\/chalezeule.fr\/wp-content\/uploads\/2021\/06\/IMG_8970.jpg?w=582&amp;ssl=1 582w, https:\/\/i2.wp.com\/chalezeule.fr\/wp-content\/uploads\/2021\/06\/IMG_8970.jpg?resize=227%2C300&amp;ssl=1 227w, https:\/\/i2.wp.com\/chalezeule.fr\/wp-content\/uploads\/2021\/06\/IMG_8970.jpg?resize=230%2C304&amp;ssl=1 230w, https:\/\/i2.wp.com\/chalezeule.fr\/wp-content\/uploads\/2021\/06\/IMG_8970.jpg?resize=350%2C462&amp;ssl=1 350w, https:\/\/i2.wp.com\/chalezeule.fr\/wp-content\/uploads\/2021\/06\/IMG_8970.jpg?resize=480%2C633&amp;ssl=1 480w\" sizes=\"(max-width: 582px) 100vw, 582px\" data-recalc-dims=\"1\" \/><figcaption>IMG_8970<\/figcaption><\/figure>\n\n\n\n<figure class=\"wp-block-image\"><img data-attachment-id=\"4219\" data-permalink=\"https:\/\/chalezeule.fr\/index.php\/actualites-2\/img_8969\/\" data-orig-file=\"https:\/\/i2.wp.com\/chalezeule.fr\/wp-content\/uploads\/2021\/06\/IMG_8969.jpg?fit=587%2C766&amp;ssl=1\" data-orig-size=\"587,766\" data-comments-opened=\"0\" data-image-meta=\"{&quot;aperture&quot;:&quot;0&quot;,&quot;credit&quot;:&quot;&quot;,&quot;camera&quot;:&quot;&quot;,&quot;caption&quot;:&quot;&quot;,&quot;created_timestamp&quot;:&quot;0&quot;,&quot;copyright&quot;:&quot;&quot;,&quot;focal_length&quot;:&quot;0&quot;,&quot;iso&quot;:&quot;0&quot;,&quot;shutter_speed&quot;:&quot;0&quot;,&quot;title&quot;:&quot;&quot;,&quot;orientation&quot;:&quot;1&quot;}\" data-image-title=\"IMG_8969\" data-image-description=\"\" data-medium-file=\"https:\/\/i2.wp.com\/chalezeule.fr\/wp-content\/uploads\/2021\/06\/IMG_8969.jpg?fit=230%2C300&amp;ssl=1\" data-large-file=\"https:\/\/i2.wp.com\/chalezeule.fr\/wp-content\/uploads\/2021\/06\/IMG_8969.jpg?fit=587%2C766&amp;ssl=1\" loading=\"lazy\" src=\"https:\/\/i2.wp.com\/chalezeule.fr\/wp-content\/uploads\/2021\/06\/IMG_8969.jpg?resize=587%2C766\" alt=\"\" class=\"wp-image-4219\" srcset=\"https:\/\/i2.wp.com\/chalezeule.fr\/wp-content\/uploads\/2021\/06\/IMG_8969.jpg?w=587&amp;ssl=1 587w, https:\/\/i2.wp.com\/chalezeule.fr\/wp-content\/uploads\/2021\/06\/IMG_8969.jpg?resize=230%2C300&amp;ssl=1 230w, https:\/\/i2.wp.com\/chalezeule.fr\/wp-content\/uploads\/2021\/06\/IMG_8969.jpg?resize=350%2C457&amp;ssl=1 350w, https:\/\/i2.wp.com\/chalezeule.fr\/wp-content\/uploads\/2021\/06\/IMG_8969.jpg?resize=480%2C626&amp;ssl=1 480w\" sizes=\"(max-width: 587px) 100vw, 587px\" data-recalc-dims=\"1\" \/><figcaption>IMG_8969<\/figcaption><\/figure>\n\n\n\n<div class=\"wp-block-file\"><a href=\"http:\/\/chalezeule.fr\/wp-content\/uploads\/2021\/06\/20210609_CP-acc\u00e9l\u00e9ration-vaccination-COVID-19.pdf\">20210609_CP-acc\u00e9l\u00e9ration-vaccination-COVID-19<\/a><a href=\"http:\/\/chalezeule.fr\/wp-content\/uploads\/2021\/06\/20210609_CP-acc\u00e9l\u00e9ration-vaccination-COVID-19.pdf\" class=\"wp-block-file__button\" download>T\u00e9l\u00e9charger<\/a><\/div>\n\n\n\n<div class=\"wp-block-file\"><a href=\"http:\/\/chalezeule.fr\/wp-content\/uploads\/2021\/06\/FAQ-Collectivit\u00e9s-territoriales.pdf\">FAQ-Collectivit\u00e9s-territoriales<\/a><a href=\"http:\/\/chalezeule.fr\/wp-content\/uploads\/2021\/06\/FAQ-Collectivit\u00e9s-territoriales.pdf\" class=\"wp-block-file__button\" download>T\u00e9l\u00e9charger<\/a><\/div>\n\n\n\n<div class=\"wp-block-file\"><a href=\"http:\/\/chalezeule.fr\/wp-content\/uploads\/2021\/06\/FAQ-R\u00e9ouverture-ERP.pdf\">FAQ-R\u00e9ouverture-ERP<\/a><a href=\"http:\/\/chalezeule.fr\/wp-content\/uploads\/2021\/06\/FAQ-R\u00e9ouverture-ERP.pdf\" class=\"wp-block-file__button\" download>T\u00e9l\u00e9charger<\/a><\/div>\n\n\n\n<p>Plan de r\u00e9ouverture des \u00e9tablissements recevant du public<\/p>\n\n\n\n<div class=\"wp-block-file\"><a href=\"http:\/\/chalezeule.fr\/wp-content\/uploads\/2021\/05\/courrier-aux-maires-strat\u00e9gie-de-r\u00e9ouverture.pdf\">courrier aux maires &#8211; strat\u00e9gie de r\u00e9ouverture<\/a><a href=\"http:\/\/chalezeule.fr\/wp-content\/uploads\/2021\/05\/courrier-aux-maires-strat\u00e9gie-de-r\u00e9ouverture.pdf\" class=\"wp-block-file__button\" download>T\u00e9l\u00e9charger<\/a><\/div>\n\n\n\n<div class=\"wp-block-file\"><a href=\"http:\/\/chalezeule.fr\/wp-content\/uploads\/2021\/04\/Chalezeule-Bilan-eau-2020-2.pdf\">Chalezeule-Bilan-eau-2020-2<\/a><a href=\"http:\/\/chalezeule.fr\/wp-content\/uploads\/2021\/04\/Chalezeule-Bilan-eau-2020-2.pdf\" class=\"wp-block-file__button\" download>T\u00e9l\u00e9charger<\/a><\/div>\n\n\n\n<div class=\"wp-block-media-text alignwide\"><figure class=\"wp-block-media-text__media\"><img data-attachment-id=\"4128\" data-permalink=\"https:\/\/chalezeule.fr\/index.php\/actualites-2\/img_8230\/\" data-orig-file=\"https:\/\/i0.wp.com\/chalezeule.fr\/wp-content\/uploads\/2021\/04\/IMG_8230.jpg?fit=637%2C897&amp;ssl=1\" data-orig-size=\"637,897\" data-comments-opened=\"0\" data-image-meta=\"{&quot;aperture&quot;:&quot;0&quot;,&quot;credit&quot;:&quot;&quot;,&quot;camera&quot;:&quot;&quot;,&quot;caption&quot;:&quot;&quot;,&quot;created_timestamp&quot;:&quot;0&quot;,&quot;copyright&quot;:&quot;&quot;,&quot;focal_length&quot;:&quot;0&quot;,&quot;iso&quot;:&quot;0&quot;,&quot;shutter_speed&quot;:&quot;0&quot;,&quot;title&quot;:&quot;&quot;,&quot;orientation&quot;:&quot;1&quot;}\" data-image-title=\"IMG_8230\" data-image-description=\"\" data-medium-file=\"https:\/\/i0.wp.com\/chalezeule.fr\/wp-content\/uploads\/2021\/04\/IMG_8230.jpg?fit=213%2C300&amp;ssl=1\" data-large-file=\"https:\/\/i0.wp.com\/chalezeule.fr\/wp-content\/uploads\/2021\/04\/IMG_8230.jpg?fit=637%2C897&amp;ssl=1\" loading=\"lazy\" src=\"https:\/\/i0.wp.com\/chalezeule.fr\/wp-content\/uploads\/2021\/04\/IMG_8230.jpg?resize=637%2C897\" alt=\"\" class=\"wp-image-4128\" srcset=\"https:\/\/i0.wp.com\/chalezeule.fr\/wp-content\/uploads\/2021\/04\/IMG_8230.jpg?w=637&amp;ssl=1 637w, https:\/\/i0.wp.com\/chalezeule.fr\/wp-content\/uploads\/2021\/04\/IMG_8230.jpg?resize=213%2C300&amp;ssl=1 213w, https:\/\/i0.wp.com\/chalezeule.fr\/wp-content\/uploads\/2021\/04\/IMG_8230.jpg?resize=230%2C324&amp;ssl=1 230w, https:\/\/i0.wp.com\/chalezeule.fr\/wp-content\/uploads\/2021\/04\/IMG_8230.jpg?resize=350%2C493&amp;ssl=1 350w, https:\/\/i0.wp.com\/chalezeule.fr\/wp-content\/uploads\/2021\/04\/IMG_8230.jpg?resize=480%2C676&amp;ssl=1 480w\" sizes=\"(max-width: 637px) 100vw, 637px\" data-recalc-dims=\"1\" \/><\/figure><div class=\"wp-block-media-text__content\">\n<p class=\"has-large-font-size\"><\/p>\n<\/div><\/div>\n\n\n\n<figure class=\"wp-block-image\"><img data-attachment-id=\"4122\" data-permalink=\"https:\/\/chalezeule.fr\/index.php\/actualites-2\/covid-1\/\" data-orig-file=\"https:\/\/i1.wp.com\/chalezeule.fr\/wp-content\/uploads\/2021\/04\/Covid-1.jpg?fit=1481%2C904&amp;ssl=1\" data-orig-size=\"1481,904\" data-comments-opened=\"0\" data-image-meta=\"{&quot;aperture&quot;:&quot;0&quot;,&quot;credit&quot;:&quot;&quot;,&quot;camera&quot;:&quot;&quot;,&quot;caption&quot;:&quot;&quot;,&quot;created_timestamp&quot;:&quot;0&quot;,&quot;copyright&quot;:&quot;&quot;,&quot;focal_length&quot;:&quot;0&quot;,&quot;iso&quot;:&quot;0&quot;,&quot;shutter_speed&quot;:&quot;0&quot;,&quot;title&quot;:&quot;&quot;,&quot;orientation&quot;:&quot;0&quot;}\" data-image-title=\"Covid-1\" data-image-description=\"\" data-medium-file=\"https:\/\/i1.wp.com\/chalezeule.fr\/wp-content\/uploads\/2021\/04\/Covid-1.jpg?fit=300%2C183&amp;ssl=1\" data-large-file=\"https:\/\/i1.wp.com\/chalezeule.fr\/wp-content\/uploads\/2021\/04\/Covid-1.jpg?fit=1024%2C625&amp;ssl=1\" loading=\"lazy\" width=\"1481\" height=\"904\" src=\"https:\/\/i1.wp.com\/chalezeule.fr\/wp-content\/uploads\/2021\/04\/Covid-1.jpg?fit=1024%2C625\" alt=\"\" class=\"wp-image-4122\" srcset=\"https:\/\/i1.wp.com\/chalezeule.fr\/wp-content\/uploads\/2021\/04\/Covid-1.jpg?w=1481&amp;ssl=1 1481w, https:\/\/i1.wp.com\/chalezeule.fr\/wp-content\/uploads\/2021\/04\/Covid-1.jpg?resize=300%2C183&amp;ssl=1 300w, https:\/\/i1.wp.com\/chalezeule.fr\/wp-content\/uploads\/2021\/04\/Covid-1.jpg?resize=768%2C469&amp;ssl=1 768w, https:\/\/i1.wp.com\/chalezeule.fr\/wp-content\/uploads\/2021\/04\/Covid-1.jpg?resize=1024%2C625&amp;ssl=1 1024w, https:\/\/i1.wp.com\/chalezeule.fr\/wp-content\/uploads\/2021\/04\/Covid-1.jpg?resize=830%2C507&amp;ssl=1 830w, https:\/\/i1.wp.com\/chalezeule.fr\/wp-content\/uploads\/2021\/04\/Covid-1.jpg?resize=230%2C140&amp;ssl=1 230w, https:\/\/i1.wp.com\/chalezeule.fr\/wp-content\/uploads\/2021\/04\/Covid-1.jpg?resize=350%2C214&amp;ssl=1 350w, https:\/\/i1.wp.com\/chalezeule.fr\/wp-content\/uploads\/2021\/04\/Covid-1.jpg?resize=480%2C293&amp;ssl=1 480w\" sizes=\"(max-width: 1170px) 100vw, 1170px\" \/><\/figure>\n\n\n\n<figure class=\"wp-block-image\"><img data-attachment-id=\"4123\" data-permalink=\"https:\/\/chalezeule.fr\/index.php\/actualites-2\/covid-2\/\" data-orig-file=\"https:\/\/i0.wp.com\/chalezeule.fr\/wp-content\/uploads\/2021\/04\/Covid-2.jpg?fit=1481%2C913&amp;ssl=1\" data-orig-size=\"1481,913\" data-comments-opened=\"0\" data-image-meta=\"{&quot;aperture&quot;:&quot;0&quot;,&quot;credit&quot;:&quot;&quot;,&quot;camera&quot;:&quot;&quot;,&quot;caption&quot;:&quot;&quot;,&quot;created_timestamp&quot;:&quot;0&quot;,&quot;copyright&quot;:&quot;&quot;,&quot;focal_length&quot;:&quot;0&quot;,&quot;iso&quot;:&quot;0&quot;,&quot;shutter_speed&quot;:&quot;0&quot;,&quot;title&quot;:&quot;&quot;,&quot;orientation&quot;:&quot;0&quot;}\" data-image-title=\"Covid-2\" data-image-description=\"\" data-medium-file=\"https:\/\/i0.wp.com\/chalezeule.fr\/wp-content\/uploads\/2021\/04\/Covid-2.jpg?fit=300%2C185&amp;ssl=1\" data-large-file=\"https:\/\/i0.wp.com\/chalezeule.fr\/wp-content\/uploads\/2021\/04\/Covid-2.jpg?fit=1024%2C631&amp;ssl=1\" loading=\"lazy\" width=\"1481\" height=\"913\" src=\"https:\/\/i0.wp.com\/chalezeule.fr\/wp-content\/uploads\/2021\/04\/Covid-2.jpg?fit=1024%2C631\" alt=\"\" class=\"wp-image-4123\" srcset=\"https:\/\/i0.wp.com\/chalezeule.fr\/wp-content\/uploads\/2021\/04\/Covid-2.jpg?w=1481&amp;ssl=1 1481w, https:\/\/i0.wp.com\/chalezeule.fr\/wp-content\/uploads\/2021\/04\/Covid-2.jpg?resize=300%2C185&amp;ssl=1 300w, https:\/\/i0.wp.com\/chalezeule.fr\/wp-content\/uploads\/2021\/04\/Covid-2.jpg?resize=768%2C473&amp;ssl=1 768w, https:\/\/i0.wp.com\/chalezeule.fr\/wp-content\/uploads\/2021\/04\/Covid-2.jpg?resize=1024%2C631&amp;ssl=1 1024w, https:\/\/i0.wp.com\/chalezeule.fr\/wp-content\/uploads\/2021\/04\/Covid-2.jpg?resize=830%2C512&amp;ssl=1 830w, https:\/\/i0.wp.com\/chalezeule.fr\/wp-content\/uploads\/2021\/04\/Covid-2.jpg?resize=230%2C142&amp;ssl=1 230w, https:\/\/i0.wp.com\/chalezeule.fr\/wp-content\/uploads\/2021\/04\/Covid-2.jpg?resize=350%2C216&amp;ssl=1 350w, https:\/\/i0.wp.com\/chalezeule.fr\/wp-content\/uploads\/2021\/04\/Covid-2.jpg?resize=480%2C296&amp;ssl=1 480w\" sizes=\"(max-width: 1170px) 100vw, 1170px\" \/><\/figure>\n\n\n<iframe src=\"\/\/docs.google.com\/viewer?url=http%3A%2F%2Fchalezeule.fr%2Fwp-content%2Fuploads%2F2021%2F04%2FOFFRE-paques-VP-2.pdf&hl=fr&embedded=true\" class=\"gde-frame\" style=\"width:100%; height:500px; border: none;\" scrolling=\"no\"><\/iframe>\n<p class=\"gde-text\"><a href=\"http:\/\/chalezeule.fr\/wp-content\/uploads\/2021\/04\/OFFRE-paques-VP-2.pdf\" class=\"gde-link\">T\u00e9l\u00e9charger (PDF, 327KB)<\/a><\/p>\n\n\n<h2>Ouverture compteur EDF<\/h2>\n\n\n<p><strong><a href=\"https:\/\/www.fournisseur-energie.com\/edf-demenagement\/ouverture-compteur-edf\/\">https:\/\/www.fournisseur-energie.com\/edf-demenagement\/ouverture-compteur-edf\/<\/a><\/strong><\/p>\n\n\n<p>CURATELLE \/ TUTELLE&#8230; COMMENT C\u0327A MARCHE ?<\/p>\n\n\n<iframe src=\"\/\/docs.google.com\/viewer?url=http%3A%2F%2Fchalezeule.fr%2Fwp-content%2Fuploads%2F2021%2F03%2Fdepliant-ISTF-UDAF-Besanc%CC%A7on-2020-1.pdf&hl=fr&embedded=true\" class=\"gde-frame\" style=\"width:100%; height:500px; border: none;\" scrolling=\"no\"><\/iframe>\n<p class=\"gde-text\"><a href=\"http:\/\/chalezeule.fr\/wp-content\/uploads\/2021\/03\/depliant-ISTF-UDAF-Besanc\u0327on-2020-1.pdf\" class=\"gde-link\">T\u00e9l\u00e9charger (PDF, 1.73Mo)<\/a><\/p>\n\n\n<div class=\"wp-block-file\"><a href=\"http:\/\/chalezeule.fr\/wp-content\/uploads\/2021\/03\/depliant-ISTF-UDAF-Besanc\u0327on-2020.pdf\">depliant-ISTF-UDAF-Besanc\u0327on-2020<\/a><a href=\"http:\/\/chalezeule.fr\/wp-content\/uploads\/2021\/03\/depliant-ISTF-UDAF-Besanc\u0327on-2020.pdf\" class=\"wp-block-file__button\" download>T\u00e9l\u00e9charger<\/a><\/div>\n\n\n\n<p><\/p>\n","protected":false},"excerpt":{"rendered":"<p>N&#8217;h\u00e9sitez pas \u00e0 consulter le centre d&#8217;information sur le Covid 19 A vos d\u00e9corations ! Publiez en commentaires vos plus beaux sapins ! Derni\u00e8re minute Vaccination COVID-19 Samedi 27 novembre 2021, de 10 h \u00e0 14 h Samedi 18 d\u00e9cembre 2021, de 10 h \u00e0 14 h au centre commercial Carrefour PASS SANITAIRE Foire aux [&hellip;]<\/p>\n","protected":false},"author":1,"featured_media":0,"parent":0,"menu_order":0,"comment_status":"closed","ping_status":"closed","template":"","meta":[],"_links":{"self":[{"href":"https:\/\/chalezeule.fr\/index.php\/wp-json\/wp\/v2\/pages\/1267"}],"collection":[{"href":"https:\/\/chalezeule.fr\/index.php\/wp-json\/wp\/v2\/pages"}],"about":[{"href":"https:\/\/chalezeule.fr\/index.php\/wp-json\/wp\/v2\/types\/page"}],"author":[{"embeddable":true,"href":"https:\/\/chalezeule.fr\/index.php\/wp-json\/wp\/v2\/users\/1"}],"replies":[{"embeddable":true,"href":"https:\/\/chalezeule.fr\/index.php\/wp-json\/wp\/v2\/comments?post=1267"}],"version-history":[{"count":271,"href":"https:\/\/chalezeule.fr\/index.php\/wp-json\/wp\/v2\/pages\/1267\/revisions"}],"predecessor-version":[{"id":4331,"href":"https:\/\/chalezeule.fr\/index.php\/wp-json\/wp\/v2\/pages\/1267\/revisions\/4331"}],"wp:attachment":[{"href":"https:\/\/chalezeule.fr\/index.php\/wp-json\/wp\/v2\/media?parent=1267"}],"curies":[{"name":"wp","href":"https:\/\/api.w.org\/{rel}","templated":true}]}}