{"id":1164,"date":"2017-10-03T10:37:33","date_gmt":"2017-10-03T09:37:33","guid":{"rendered":"http:\/\/chalezeule.fr\/?page_id=1164"},"modified":"2021-03-26T06:12:08","modified_gmt":"2021-03-26T05:12:08","slug":"securite-2","status":"publish","type":"page","link":"https:\/\/chalezeule.fr\/index.php\/securite-2\/","title":{"rendered":"S\u00e9curit\u00e9"},"content":{"rendered":"\n<p><strong>PARTICIPATION CITOYENNE<\/strong><\/p>\n\n\n\n<p>La d\u00e9marche de participation  citoyenne consiste \u00e0 sensibiliser les habitants d\u2019une commune ou d\u2019un  quartier et \u00e0 les associer \u00e0 la protection de leur environnement. Ce  dispositif encourage la population \u00e0 adopter une attitude \u00ab\u00a0solidaire et  vigilante\u00a0\u00bb ainsi qu\u2019\u00e0 informer les forces de l\u2019ordre de tout fait  particulier. Pour Chalezeule, la coop\u00e9ration s\u2019effectue avec la brigade  de gendarmerie de Besancon-Tarragnoz.<\/p>\n\n\n\n<p>Principaux objectifs \nde la d\u00e9marche&nbsp;: \u00e9tablir un lien r\u00e9gulier entre les habitants d\u2019un \nquartier, les \u00e9lus et les repr\u00e9sentants de la force publique&nbsp;; accro\u00eetre\n la r\u00e9activit\u00e9 des forces de s\u00e9curit\u00e9 contre la d\u00e9linquance \nd\u2019appropriation&nbsp;; renforcer la tranquillit\u00e9 au c\u0153ur des foyers et \ng\u00e9n\u00e9rer des solidarit\u00e9s de voisinage.<\/p>\n\n\n\n<p>Le conseil  municipal a d\u00e9cid\u00e9 de l\u2019adh\u00e9sion de  la commune \u00e0 ce dispositif et a autoris\u00e9 le maire, Christian  Magnin-Feysot, \u00e0 signer le protocole. Des r\u00e9f\u00e9rents sont charg\u00e9s d\u2019observer, et non de  surveiller ou de patrouiller, de renseigner sur des faits et non sur des  personnes nomm\u00e9ment d\u00e9sign\u00e9es. Cette d\u00e9marche est collective et vise \u00e0  accro\u00eetre le niveau de s\u00e9curit\u00e9 du secteur par une action concert\u00e9e et  partenariale.<\/p>\n\n\n<p><a href=\"http:\/\/chalezeule.fr\/index.php\/dicrim\/\"><img data-attachment-id=\"1583\" data-permalink=\"https:\/\/chalezeule.fr\/index.php\/securite-2\/couverture-dicrim-pour-site-internet\/\" data-orig-file=\"https:\/\/i2.wp.com\/chalezeule.fr\/wp-content\/uploads\/2017\/10\/couverture-DICRIM-pour-site-Internet.png?fit=477%2C715&amp;ssl=1\" data-orig-size=\"477,715\" data-comments-opened=\"0\" data-image-meta=\"{&quot;aperture&quot;:&quot;0&quot;,&quot;credit&quot;:&quot;&quot;,&quot;camera&quot;:&quot;&quot;,&quot;caption&quot;:&quot;&quot;,&quot;created_timestamp&quot;:&quot;0&quot;,&quot;copyright&quot;:&quot;&quot;,&quot;focal_length&quot;:&quot;0&quot;,&quot;iso&quot;:&quot;0&quot;,&quot;shutter_speed&quot;:&quot;0&quot;,&quot;title&quot;:&quot;&quot;,&quot;orientation&quot;:&quot;0&quot;}\" data-image-title=\"couverture DICRIM pour site Internet\" data-image-description=\"\" data-medium-file=\"https:\/\/i2.wp.com\/chalezeule.fr\/wp-content\/uploads\/2017\/10\/couverture-DICRIM-pour-site-Internet.png?fit=200%2C300&amp;ssl=1\" data-large-file=\"https:\/\/i2.wp.com\/chalezeule.fr\/wp-content\/uploads\/2017\/10\/couverture-DICRIM-pour-site-Internet.png?fit=477%2C715&amp;ssl=1\" loading=\"lazy\" class=\" wp-image-1583 alignnone\" src=\"https:\/\/i2.wp.com\/chalezeule.fr\/wp-content\/uploads\/2017\/10\/couverture-DICRIM-pour-site-Internet.png?resize=362%2C544\" alt=\"\" srcset=\"https:\/\/i2.wp.com\/chalezeule.fr\/wp-content\/uploads\/2017\/10\/couverture-DICRIM-pour-site-Internet.png?resize=200%2C300&amp;ssl=1 200w, https:\/\/i2.wp.com\/chalezeule.fr\/wp-content\/uploads\/2017\/10\/couverture-DICRIM-pour-site-Internet.png?resize=230%2C345&amp;ssl=1 230w, https:\/\/i2.wp.com\/chalezeule.fr\/wp-content\/uploads\/2017\/10\/couverture-DICRIM-pour-site-Internet.png?resize=350%2C525&amp;ssl=1 350w, https:\/\/i2.wp.com\/chalezeule.fr\/wp-content\/uploads\/2017\/10\/couverture-DICRIM-pour-site-Internet.png?w=477&amp;ssl=1 477w\" sizes=\"(max-width: 362px) 100vw, 362px\" data-recalc-dims=\"1\" \/><\/a>&nbsp; &nbsp; &nbsp; &nbsp; &nbsp;&nbsp;<a href=\"http:\/\/chalezeule.fr\/index.php\/securite\/\"><img data-attachment-id=\"1584\" data-permalink=\"https:\/\/chalezeule.fr\/index.php\/securite-2\/couverture-pcs-pour-site-internet\/\" data-orig-file=\"https:\/\/i2.wp.com\/chalezeule.fr\/wp-content\/uploads\/2017\/10\/couverture-PCS-pour-site-Internet.png?fit=471%2C676&amp;ssl=1\" data-orig-size=\"471,676\" data-comments-opened=\"0\" data-image-meta=\"{&quot;aperture&quot;:&quot;0&quot;,&quot;credit&quot;:&quot;&quot;,&quot;camera&quot;:&quot;&quot;,&quot;caption&quot;:&quot;&quot;,&quot;created_timestamp&quot;:&quot;0&quot;,&quot;copyright&quot;:&quot;&quot;,&quot;focal_length&quot;:&quot;0&quot;,&quot;iso&quot;:&quot;0&quot;,&quot;shutter_speed&quot;:&quot;0&quot;,&quot;title&quot;:&quot;&quot;,&quot;orientation&quot;:&quot;0&quot;}\" data-image-title=\"couverture PCS pour site Internet\" data-image-description=\"\" data-medium-file=\"https:\/\/i2.wp.com\/chalezeule.fr\/wp-content\/uploads\/2017\/10\/couverture-PCS-pour-site-Internet.png?fit=209%2C300&amp;ssl=1\" data-large-file=\"https:\/\/i2.wp.com\/chalezeule.fr\/wp-content\/uploads\/2017\/10\/couverture-PCS-pour-site-Internet.png?fit=471%2C676&amp;ssl=1\" loading=\"lazy\" class=\" wp-image-1584 alignnone\" src=\"https:\/\/i2.wp.com\/chalezeule.fr\/wp-content\/uploads\/2017\/10\/couverture-PCS-pour-site-Internet.png?resize=378%2C543\" alt=\"\" srcset=\"https:\/\/i2.wp.com\/chalezeule.fr\/wp-content\/uploads\/2017\/10\/couverture-PCS-pour-site-Internet.png?resize=209%2C300&amp;ssl=1 209w, https:\/\/i2.wp.com\/chalezeule.fr\/wp-content\/uploads\/2017\/10\/couverture-PCS-pour-site-Internet.png?resize=230%2C330&amp;ssl=1 230w, https:\/\/i2.wp.com\/chalezeule.fr\/wp-content\/uploads\/2017\/10\/couverture-PCS-pour-site-Internet.png?resize=350%2C502&amp;ssl=1 350w, https:\/\/i2.wp.com\/chalezeule.fr\/wp-content\/uploads\/2017\/10\/couverture-PCS-pour-site-Internet.png?w=471&amp;ssl=1 471w\" sizes=\"(max-width: 378px) 100vw, 378px\" data-recalc-dims=\"1\" \/><\/a><\/p>\n<p><span style=\"font-family: Arial,Helvetica,sans-serif; color: #3366ff;\">Pour information : le PCS est toujours en cours<\/span><\/p>","protected":false},"excerpt":{"rendered":"<p>PARTICIPATION CITOYENNE La d\u00e9marche de participation citoyenne consiste \u00e0 sensibiliser les habitants d\u2019une commune ou d\u2019un quartier et \u00e0 les associer \u00e0 la protection de leur environnement. Ce dispositif encourage la population \u00e0 adopter une attitude \u00ab\u00a0solidaire et vigilante\u00a0\u00bb ainsi qu\u2019\u00e0 informer les forces de l\u2019ordre de tout fait particulier. Pour Chalezeule, la coop\u00e9ration s\u2019effectue [&hellip;]<\/p>\n","protected":false},"author":1,"featured_media":0,"parent":0,"menu_order":0,"comment_status":"closed","ping_status":"closed","template":"","meta":[],"_links":{"self":[{"href":"https:\/\/chalezeule.fr\/index.php\/wp-json\/wp\/v2\/pages\/1164"}],"collection":[{"href":"https:\/\/chalezeule.fr\/index.php\/wp-json\/wp\/v2\/pages"}],"about":[{"href":"https:\/\/chalezeule.fr\/index.php\/wp-json\/wp\/v2\/types\/page"}],"author":[{"embeddable":true,"href":"https:\/\/chalezeule.fr\/index.php\/wp-json\/wp\/v2\/users\/1"}],"replies":[{"embeddable":true,"href":"https:\/\/chalezeule.fr\/index.php\/wp-json\/wp\/v2\/comments?post=1164"}],"version-history":[{"count":5,"href":"https:\/\/chalezeule.fr\/index.php\/wp-json\/wp\/v2\/pages\/1164\/revisions"}],"predecessor-version":[{"id":4098,"href":"https:\/\/chalezeule.fr\/index.php\/wp-json\/wp\/v2\/pages\/1164\/revisions\/4098"}],"wp:attachment":[{"href":"https:\/\/chalezeule.fr\/index.php\/wp-json\/wp\/v2\/media?parent=1164"}],"curies":[{"name":"wp","href":"https:\/\/api.w.org\/{rel}","templated":true}]}}