{"id":111,"date":"2016-03-03T14:04:26","date_gmt":"2016-03-03T13:04:26","guid":{"rendered":"http:\/\/chalezeule.fr\/?page_id=111"},"modified":"2017-10-12T09:49:06","modified_gmt":"2017-10-12T08:49:06","slug":"respect","status":"publish","type":"page","link":"https:\/\/chalezeule.fr\/index.php\/respect\/","title":{"rendered":"Respect et R\u00e8gles de vie"},"content":{"rendered":"<p class=\"western\" style=\"text-align: justify;\" align=\"justify\"><span style=\"font-family: Calibri,serif;\"><span style=\"font-size: small;\"><span style=\"color: #76923c;\"><span style=\"font-family: Impact,serif;\"><span style=\"font-size: xx-large;\">Bruits <\/span><\/span><\/span><span style=\"color: #76923c;\"><span style=\"font-family: Impact,serif;\"><span style=\"font-size: xx-large;\"><i>! <\/i><\/span><\/span><\/span><span style=\"font-family: Helvetica;\"><span style=\"color: #000000;\">Les <\/span><span style=\"color: #000000;\"><b>horaires autoris\u00e9s pour engins bruyants <\/b><\/span><span style=\"color: #000000;\">(tondeuse, tron\u00e7onneuse,&#8230;) <\/span><\/span><\/span><\/span><\/p>\n<p class=\"western\" style=\"text-align: justify;\" align=\"justify\"><span style=\"font-family: Helvetica;\"><span style=\"color: #000000;\">lundi au vendredi 8h30-12h et 14h-19h30, le samedi 9h-12h et 15h-19h30, et le dimanche et jours f\u00e9ri\u00e9s de 10h \u00e0<\/span> <span style=\"color: #000000;\">12h<\/span><\/span><\/p>\n<p class=\"western\" style=\"text-align: justify;\" align=\"justify\"><span style=\"color: #000000; font-family: Helvetica;\"><b>+ <\/b><b>Se retrouver entre\u00a0<\/b><\/span><span style=\"color: #000000; font-family: Helvetica;\"><b>amis le soir, <\/b>\u00a0c\u2019est permis ! Mais ne g\u00e2chez pas la f\u00eate en g\u00eanant le voisinage et pr\u00e9venez-le de la soir\u00e9e annonc\u00e9e !<\/span><\/p>\n<p align=\"justify\"><span style=\"font-family: Helvetica;\"><a href=\"https:\/\/i1.wp.com\/chalezeule.fr\/wp-content\/uploads\/2016\/03\/travaux.jpg\"><img data-attachment-id=\"1320\" data-permalink=\"https:\/\/chalezeule.fr\/index.php\/respect\/travaux-2\/\" data-orig-file=\"https:\/\/i1.wp.com\/chalezeule.fr\/wp-content\/uploads\/2016\/03\/travaux.jpg?fit=179%2C129&amp;ssl=1\" data-orig-size=\"179,129\" data-comments-opened=\"0\" data-image-meta=\"{&quot;aperture&quot;:&quot;0&quot;,&quot;credit&quot;:&quot;&quot;,&quot;camera&quot;:&quot;&quot;,&quot;caption&quot;:&quot;&quot;,&quot;created_timestamp&quot;:&quot;0&quot;,&quot;copyright&quot;:&quot;&quot;,&quot;focal_length&quot;:&quot;0&quot;,&quot;iso&quot;:&quot;0&quot;,&quot;shutter_speed&quot;:&quot;0&quot;,&quot;title&quot;:&quot;&quot;,&quot;orientation&quot;:&quot;0&quot;}\" data-image-title=\"travaux\" data-image-description=\"\" data-medium-file=\"https:\/\/i1.wp.com\/chalezeule.fr\/wp-content\/uploads\/2016\/03\/travaux.jpg?fit=179%2C129&amp;ssl=1\" data-large-file=\"https:\/\/i1.wp.com\/chalezeule.fr\/wp-content\/uploads\/2016\/03\/travaux.jpg?fit=179%2C129&amp;ssl=1\" loading=\"lazy\" class=\" wp-image-1320 alignleft\" src=\"https:\/\/i1.wp.com\/chalezeule.fr\/wp-content\/uploads\/2016\/03\/travaux.jpg?resize=52%2C37\" alt=\"\" data-recalc-dims=\"1\" \/><\/a><\/span><\/p>\n<p align=\"justify\"><span style=\"font-family: Helvetica;\"><strong>Dans un cadre professionnel<\/strong>, les bruits de chantiers doivent \u00eatre interrompus entre\u00a0<strong>20h et 7h<\/strong>. Le volume sonore maximal autoris\u00e9 soit 80 d\u00e9cibels.<\/span><\/p>\n<p class=\"western\" style=\"text-align: justify;\" align=\"justify\"><span style=\"font-family: Calibri,serif;\"><span style=\"font-size: small;\"><span style=\"color: #76923c; font-size: 32px;\"><span style=\"font-family: Impact,serif;\">\u00a0<\/span><\/span><\/span><\/span><\/p>\n<p><img data-attachment-id=\"1326\" data-permalink=\"https:\/\/chalezeule.fr\/index.php\/respect\/feu-interdit\/\" data-orig-file=\"https:\/\/i1.wp.com\/chalezeule.fr\/wp-content\/uploads\/2016\/03\/feu-interdit.png?fit=225%2C225&amp;ssl=1\" data-orig-size=\"225,225\" data-comments-opened=\"0\" data-image-meta=\"{&quot;aperture&quot;:&quot;0&quot;,&quot;credit&quot;:&quot;&quot;,&quot;camera&quot;:&quot;&quot;,&quot;caption&quot;:&quot;&quot;,&quot;created_timestamp&quot;:&quot;0&quot;,&quot;copyright&quot;:&quot;&quot;,&quot;focal_length&quot;:&quot;0&quot;,&quot;iso&quot;:&quot;0&quot;,&quot;shutter_speed&quot;:&quot;0&quot;,&quot;title&quot;:&quot;&quot;,&quot;orientation&quot;:&quot;0&quot;}\" data-image-title=\"feu interdit\" data-image-description=\"\" data-medium-file=\"https:\/\/i1.wp.com\/chalezeule.fr\/wp-content\/uploads\/2016\/03\/feu-interdit.png?fit=225%2C225&amp;ssl=1\" data-large-file=\"https:\/\/i1.wp.com\/chalezeule.fr\/wp-content\/uploads\/2016\/03\/feu-interdit.png?fit=225%2C225&amp;ssl=1\" loading=\"lazy\" class=\"wp-image-1326 alignright\" style=\"text-align: justify;\" src=\"https:\/\/i1.wp.com\/chalezeule.fr\/wp-content\/uploads\/2016\/03\/feu-interdit.png?resize=140%2C140\" alt=\"\" srcset=\"https:\/\/i1.wp.com\/chalezeule.fr\/wp-content\/uploads\/2016\/03\/feu-interdit.png?w=225&amp;ssl=1 225w, https:\/\/i1.wp.com\/chalezeule.fr\/wp-content\/uploads\/2016\/03\/feu-interdit.png?resize=150%2C150&amp;ssl=1 150w\" sizes=\"(max-width: 140px) 100vw, 140px\" data-recalc-dims=\"1\" \/><\/p>\n<p class=\"western\" style=\"text-align: justify;\" align=\"justify\"><span style=\"font-family: Calibri,serif;\"><span style=\"font-size: small;\"><span style=\"color: #76923c; font-size: 32px;\"><span style=\"font-family: Impact,serif;\">Feux <\/span><\/span><span style=\"color: #76923c;\"><span style=\"font-family: Impact,serif;\"><span style=\"font-size: xx-large;\"><i><span style=\"font-size: 32px;\">!<\/span> <\/i><\/span><\/span><\/span><span style=\"font-family: Helvetica;\"><span style=\"color: #000000;\"><span style=\"font-size: large;\">I<span style=\"font-size: 16px;\">l\u00a0<\/span><\/span><\/span><\/span><\/span><\/span><span style=\"font-family: Calibri,serif;\"><span style=\"font-size: small;\"><span style=\"font-family: Helvetica;\"><span style=\"color: #000000;\"><span style=\"font-size: large;\"><span style=\"font-size: 16px;\">est <strong>interdit de <\/strong><\/span><\/span><\/span><span style=\"font-size: 16px;\"><span style=\"color: #000000;\"><b>br\u00fbler en plein air, ou dans son <\/b><\/span><\/span><\/span><span style=\"font-size: 16px; font-family: Helvetica;\"><span style=\"color: #000000;\"><b>jardin des d\u00e9chets vert<\/b><strong>s,\u00a0<\/strong><\/span><\/span><\/span><\/span><span style=\"font-family: Helvetica; font-size: 16px;\"><strong>branchages et d\u00e9tritus de toute nature<\/strong>\u00a0<span style=\"color: #000000;\">: i<\/span><span style=\"color: #000000;\">ls doivent \u00eatre d\u00e9pos\u00e9s en<\/span> <\/span><span style=\"color: #000000;\"><span style=\"font-size: large;\"><span style=\"font-size: 16px;\">d\u00e9chetterie<\/span>.<\/span><\/span><\/p>\n<p>&nbsp;<\/p>\n<p>&nbsp;<\/p>\n<p class=\"western\" style=\"text-align: justify;\" align=\"justify\"><span style=\"font-family: Calibri,serif;\"><span style=\"font-size: small;\"><span style=\"font-size: 32px;\"><span style=\"color: #76923c;\"><span style=\"font-family: Impact,serif;\">D\u00e9chets <\/span><\/span><span style=\"color: #76923c;\"><span style=\"font-family: Impact,serif;\"><i>! <\/i><\/span><\/span><\/span><span style=\"font-family: Helvetica; font-size: 16px;\"><span style=\"color: #000000;\">Le <\/span><span style=\"color: #000000;\"><b>d\u00e9p\u00f4t sauvage de quelque nature que ce soit <\/b><\/span><span style=\"color: #000000;\">est interdit sur le territoire de la commune aussi bien sur le domaine public que sur les terrains<\/span> <span style=\"color: #000000;\">priv\u00e9s.<\/span><\/span><\/span><\/span><\/p>\n<p>&nbsp;<\/p>\n<p><span style=\"font-size: 32px;\"><span style=\"color: #76923c;\"><span style=\"font-family: Impact,serif;\">Animaux\u00a0<\/span><\/span><span style=\"color: #76923c;\"><span style=\"font-family: Impact,serif;\"><i>! <\/i><\/span><\/span><\/span><span style=\"font-family: Helvetica; font-size: 16px;\"><span style=\"color: #000000;\">Un animal de compagnie <\/span><span style=\"color: #000000;\"><b>hors de la surveillance de son ma\u00eetre est un animal errant<\/b><\/span><span style=\"color: #000000;\">. La commune peut faire appel \u00e0 une entreprise de\u00a0<\/span><\/span><br \/>\n<img data-attachment-id=\"1328\" data-permalink=\"https:\/\/chalezeule.fr\/index.php\/respect\/annimaux\/\" data-orig-file=\"https:\/\/i0.wp.com\/chalezeule.fr\/wp-content\/uploads\/2016\/03\/annimaux.png?fit=189%2C267&amp;ssl=1\" data-orig-size=\"189,267\" data-comments-opened=\"0\" data-image-meta=\"{&quot;aperture&quot;:&quot;0&quot;,&quot;credit&quot;:&quot;&quot;,&quot;camera&quot;:&quot;&quot;,&quot;caption&quot;:&quot;&quot;,&quot;created_timestamp&quot;:&quot;0&quot;,&quot;copyright&quot;:&quot;&quot;,&quot;focal_length&quot;:&quot;0&quot;,&quot;iso&quot;:&quot;0&quot;,&quot;shutter_speed&quot;:&quot;0&quot;,&quot;title&quot;:&quot;&quot;,&quot;orientation&quot;:&quot;0&quot;}\" data-image-title=\"annimaux\" data-image-description=\"\" data-medium-file=\"https:\/\/i0.wp.com\/chalezeule.fr\/wp-content\/uploads\/2016\/03\/annimaux.png?fit=189%2C267&amp;ssl=1\" data-large-file=\"https:\/\/i0.wp.com\/chalezeule.fr\/wp-content\/uploads\/2016\/03\/annimaux.png?fit=189%2C267&amp;ssl=1\" loading=\"lazy\" class=\"wp-image-1328 alignleft\" src=\"https:\/\/i0.wp.com\/chalezeule.fr\/wp-content\/uploads\/2016\/03\/annimaux.png?resize=35%2C50\" alt=\"\" data-recalc-dims=\"1\" \/><\/p>\n<p class=\"western\" style=\"text-align: justify;\" align=\"justify\"><span style=\"font-family: Calibri,serif;\"><span style=\"font-size: small;\"><span style=\"font-family: Helvetica; font-size: 16px;\"><span style=\"color: #000000;\">fourri\u00e8re (pendant 8 jours aux frais du propri\u00e9taire) puis il sera remit au <a href=\"http:\/\/chalezeule.fr\/index.php\/2017\/10\/11\/refuge-spa\/\"><span style=\"text-decoration: underline; color: #0000ff;\"><strong>refuge<\/strong><\/span><\/a><\/span> <span style=\"color: #000000;\"><span style=\"text-decoration: underline; color: #0000ff;\"><strong>SPA<\/strong><\/span>.\u00a0<\/span><\/span><\/span><\/span><\/p>\n<p align=\"justify\">Promener son animal dans les espaces public est autoris\u00e9,\u00a0 \u00e0 condition, de se munir de sacs en vue de <strong>ramasser ses d\u00e9jections sur les espaces publics<\/strong>.<\/p>\n<p><strong>Les nuisances sonores, des aboiements d&#8217;un chien<\/strong>, pour le voisinage, peut tendre \u00e0 une constatation des faits par la Gendarmerie et mener \u00e0 une poursuite du propri\u00e9taire.<\/p>\n<p><strong>Les chiens de races dite &#8220;a risque&#8221; <\/strong>de cat\u00e9gorie 1 et 2<strong> doivent \u00eatre musel\u00e9s et attach\u00e9s par une laisse non extensible. <\/strong><span style=\"color: #0000ff;\"><a href=\"http:\/\/chalezeule.fr\/index.php\/2017\/10\/11\/reglementation-race-de-chien-dites-a-risque\/\">(information sur la r\u00e9glementation et les proc\u00e9dures \u00e0 suivre)<\/a><\/span><br \/>\n&nbsp;<\/p>\n<p class=\"western\" style=\"text-align: justify;\" align=\"justify\"><span style=\"font-family: Calibri,serif;\"><span style=\"font-size: small;\"><span style=\"color: #76923c; font-size: 32px;\"><span style=\"font-family: Impact,serif;\">Propret\u00e9 <\/span><\/span><span style=\"color: #76923c;\"><span style=\"font-family: Impact,serif;\"><span style=\"font-size: xx-large;\"><i><span style=\"font-size: 32px;\">!<\/span> <\/i><\/span><\/span><\/span><span style=\"font-family: Helvetica; font-size: 16px;\"><span style=\"color: #000000;\">Dans le village, dans la for\u00eat,&#8230; <\/span><span style=\"color: #000000;\"><b>chacun est invit\u00e9 \u00e0 garder propre les rues, les espaces verts, les aires de jeux,&#8230; <\/b><\/span><span style=\"color: #000000;\">Des poubelles sont install\u00e9es \u00e0 cet effet. Gardons notre village propre et fleuri<\/span> <span style=\"color: #000000;\">!<\/span><\/span><\/span><\/span><\/p>\n<p><img data-attachment-id=\"1327\" data-permalink=\"https:\/\/chalezeule.fr\/index.php\/respect\/stationnement-interdit\/\" data-orig-file=\"https:\/\/i0.wp.com\/chalezeule.fr\/wp-content\/uploads\/2016\/03\/stationnement-interdit.png?fit=200%2C200&amp;ssl=1\" data-orig-size=\"200,200\" data-comments-opened=\"0\" data-image-meta=\"{&quot;aperture&quot;:&quot;0&quot;,&quot;credit&quot;:&quot;&quot;,&quot;camera&quot;:&quot;&quot;,&quot;caption&quot;:&quot;&quot;,&quot;created_timestamp&quot;:&quot;0&quot;,&quot;copyright&quot;:&quot;&quot;,&quot;focal_length&quot;:&quot;0&quot;,&quot;iso&quot;:&quot;0&quot;,&quot;shutter_speed&quot;:&quot;0&quot;,&quot;title&quot;:&quot;&quot;,&quot;orientation&quot;:&quot;0&quot;}\" data-image-title=\"stationnement interdit\" data-image-description=\"\" data-medium-file=\"https:\/\/i0.wp.com\/chalezeule.fr\/wp-content\/uploads\/2016\/03\/stationnement-interdit.png?fit=200%2C200&amp;ssl=1\" data-large-file=\"https:\/\/i0.wp.com\/chalezeule.fr\/wp-content\/uploads\/2016\/03\/stationnement-interdit.png?fit=200%2C200&amp;ssl=1\" loading=\"lazy\" class=\"wp-image-1327 alignright\" style=\"text-align: justify;\" src=\"https:\/\/i0.wp.com\/chalezeule.fr\/wp-content\/uploads\/2016\/03\/stationnement-interdit.png?resize=86%2C86\" alt=\"\" srcset=\"https:\/\/i0.wp.com\/chalezeule.fr\/wp-content\/uploads\/2016\/03\/stationnement-interdit.png?w=200&amp;ssl=1 200w, https:\/\/i0.wp.com\/chalezeule.fr\/wp-content\/uploads\/2016\/03\/stationnement-interdit.png?resize=150%2C150&amp;ssl=1 150w\" sizes=\"(max-width: 86px) 100vw, 86px\" data-recalc-dims=\"1\" \/><\/p>\n<p>&nbsp;<\/p>\n<p>&nbsp;<\/p>\n<p class=\"western\" align=\"justify\"><span style=\"font-family: Calibri,serif;\"><span style=\"font-size: small;\"><span style=\"color: #76923c; font-size: 32px;\"><span style=\"font-family: Impact,serif;\">Statio<span style=\"color: #76923c;\">nne<\/span>ment <\/span><\/span><span style=\"color: #76923c;\"><span style=\"font-family: Impact,serif;\"><span style=\"font-size: xx-large;\"><i><span style=\"font-size: 32px;\">!<\/span> <\/i><\/span><\/span><\/span><span style=\"font-family: Helvetica; font-size: 16px;\"><span style=\"color: #000000;\">Le <\/span><span style=\"color: #000000;\"><b>stationnement non autoris\u00e9 <\/b><\/span><span style=\"color: #000000;\">peut \u00eatre dangereux vis-\u00e0-vis des autres automobilistes, cyclistes et pi\u00e9tons,\u00a0 \u00a0 \u00a0\u00a0<\/span><span style=\"color: #000000;\"><b>en particulier aux\u00a0<\/b><\/span><\/span><\/span><\/span><span style=\"font-family: Calibri,serif;\"><span style=\"font-size: small;\"><span style=\"font-family: Helvetica; font-size: 16px;\"><span style=\"color: #000000;\"><b><\/b><b>abords de l\u2019\u00e9cole<\/b><\/span><b> <\/b><span style=\"color: #000000;\"><b>!<\/b><\/span><\/span><\/span><\/span><\/p>\n<p>&nbsp;<\/p>\n<p align=\"justify\"><span style=\"font-family: Impact, Chicago; font-size: 32px; color: #76923c;\">Jardin<em> !\u00a0<\/em><span style=\"font-size: 16px; font-family: Helvetica;\"><strong>\u00a0<\/strong><span style=\"color: #000000;\"><strong>I<\/strong><\/span><\/span><span style=\"color: #333333; font-size: 16px; font-family: Helvetica;\"><strong>l est interdit de couper les branches d\u2019un arbre voisin<\/strong> qui empi\u00e8te sur son terrain (sauf exception : racines, ronces ou brindilles).<\/span><\/span><\/p>\n<p align=\"justify\"><span style=\"color: #333333; font-size: 16px; font-family: Helvetica;\"><strong><img data-attachment-id=\"1325\" data-permalink=\"https:\/\/chalezeule.fr\/index.php\/respect\/arbre-fruitier\/\" data-orig-file=\"https:\/\/i0.wp.com\/chalezeule.fr\/wp-content\/uploads\/2016\/03\/arbre-fruitier.jpg?fit=138%2C148&amp;ssl=1\" data-orig-size=\"138,148\" data-comments-opened=\"0\" data-image-meta=\"{&quot;aperture&quot;:&quot;0&quot;,&quot;credit&quot;:&quot;&quot;,&quot;camera&quot;:&quot;&quot;,&quot;caption&quot;:&quot;&quot;,&quot;created_timestamp&quot;:&quot;0&quot;,&quot;copyright&quot;:&quot;&quot;,&quot;focal_length&quot;:&quot;0&quot;,&quot;iso&quot;:&quot;0&quot;,&quot;shutter_speed&quot;:&quot;0&quot;,&quot;title&quot;:&quot;&quot;,&quot;orientation&quot;:&quot;0&quot;}\" data-image-title=\"arbre fruitier\" data-image-description=\"\" data-medium-file=\"https:\/\/i0.wp.com\/chalezeule.fr\/wp-content\/uploads\/2016\/03\/arbre-fruitier.jpg?fit=138%2C148&amp;ssl=1\" data-large-file=\"https:\/\/i0.wp.com\/chalezeule.fr\/wp-content\/uploads\/2016\/03\/arbre-fruitier.jpg?fit=138%2C148&amp;ssl=1\" loading=\"lazy\" class=\" wp-image-1325 alignleft\" src=\"https:\/\/i0.wp.com\/chalezeule.fr\/wp-content\/uploads\/2016\/03\/arbre-fruitier.jpg?resize=44%2C47\" alt=\"\" data-recalc-dims=\"1\" \/>Arbres fruitiers<\/strong>, il est interdit d\u2019en cueillir les fruits m\u00eame si des branches d\u00e9bordent sur sa propri\u00e9t\u00e9, mais les fruits tomb\u00e9s naturellement reviennent \u00e0 celui chez qui ils ont atterri).\u00a0\u00a0<\/span><\/p>\n<p align=\"justify\"><span style=\"color: #333333; font-size: 16px; font-family: Helvetica;\"><strong>Haies mitoyenne<\/strong><\/span><span style=\"color: #333333; font-size: 16px; font-family: Helvetica;\"><strong>s\u00a0<\/strong>: les pieds des plants doivent se trouver \u00e0 50 cm de la limite s\u00e9parative si la haie est inf\u00e9rieure \u00e0 2 m\u00e8tres, sinon ils doivent se trouver \u00e0 2 m\u00e8tres de distance.<\/span><\/p>\n<p align=\"justify\"><span style=\"font-family: Helvetica; font-size: 16px;\"><strong>Terrain\u00a0en friches\u00a0?<\/strong>\u00a0<\/span><span style=\"font-family: Helvetica;\">Si le propri\u00e9taire refuse d\u2019agir, et \u00e0 condition que le terrain soit insalubre ou comporte un risque d\u2019ins\u00e9curit\u00e9, il est possible de demander \u00e0 la Mairie d\u2019intervenir \u00e0 sa place (avec facturation au propri\u00e9taire).\u00a0<\/span><\/p>\n<p><img data-attachment-id=\"1324\" data-permalink=\"https:\/\/chalezeule.fr\/index.php\/respect\/ambroisie\/\" data-orig-file=\"https:\/\/i0.wp.com\/chalezeule.fr\/wp-content\/uploads\/2016\/03\/Ambroisie-e1507628172230.jpg?fit=940%2C654&amp;ssl=1\" data-orig-size=\"940,654\" data-comments-opened=\"0\" data-image-meta=\"{&quot;aperture&quot;:&quot;0&quot;,&quot;credit&quot;:&quot;&quot;,&quot;camera&quot;:&quot;&quot;,&quot;caption&quot;:&quot;&quot;,&quot;created_timestamp&quot;:&quot;0&quot;,&quot;copyright&quot;:&quot;&quot;,&quot;focal_length&quot;:&quot;0&quot;,&quot;iso&quot;:&quot;0&quot;,&quot;shutter_speed&quot;:&quot;0&quot;,&quot;title&quot;:&quot;&quot;,&quot;orientation&quot;:&quot;0&quot;}\" data-image-title=\"Ambroisie\" data-image-description=\"\" data-medium-file=\"https:\/\/i0.wp.com\/chalezeule.fr\/wp-content\/uploads\/2016\/03\/Ambroisie-e1507628172230.jpg?fit=300%2C209&amp;ssl=1\" data-large-file=\"https:\/\/i0.wp.com\/chalezeule.fr\/wp-content\/uploads\/2016\/03\/Ambroisie-e1507628172230.jpg?fit=940%2C654&amp;ssl=1\" loading=\"lazy\" class=\"wp-image-1324 alignright\" style=\"color: #000000; font-family: Helvetica; text-align: justify;\" src=\"https:\/\/i2.wp.com\/chalezeule.fr\/wp-content\/uploads\/2016\/03\/Ambroisie.jpg?resize=111%2C76\" alt=\"\" data-recalc-dims=\"1\" \/><\/p>\n<p><span style=\"font-family: Helvetica; font-size: 16px;\"><span style=\"text-decoration: underline;\">L\u2019<\/span><\/span><span style=\"font-family: Helvetica; font-size: 16px;\"><span style=\"text-decoration: underline;\">ambroisie<\/span>\u00a0: Chaque \u00e9t\u00e9, cette plante qui se d\u00e9veloppe dans les terrains d\u00e9frich\u00e9s ou \u00e0 l\u2019abandon, provoque de nombreux troubles allerg\u00e8nes <\/span><\/p>\n<p><span style=\"font-family: Helvetica; font-size: 16px;\">(<\/span><span style=\"font-family: Helvetica; font-size: 16px;\">Un arr\u00eat\u00e9 pr\u00e9fectoral oblige \u00e0 pr\u00e9venir la pousse d\u2019ambroisie par le nettoyage et l\u2019entretien des terres remu\u00e9es ou d\u00e9nud\u00e9es).<\/span><\/p>\n<p>&nbsp;<\/p>\n<p>&nbsp;<\/p>\n<p><span style=\"font-family: Impact, Chicago; font-size: 24px; color: #76923c;\"><strong><span style=\"font-size: 32px;\">Entretien des trottoirs<\/span><em>\u00a0!\u00a0\u00a0<\/em><\/strong><\/span><span style=\"font-family: Helvetica;\">Pollens, feuilles mortes ou d\u00e9chets saisonniers, <strong>il appartient \u00e0 chacun de balayer devant sa porte ou dans ses caniveaux<\/strong>. Un propri\u00e9taire a obligation de\u00a0d\u00e9broussailler\u00a0autour et le long des voies bordant son habitation.<\/span><\/p>\n<p><span style=\"font-family: Helvetica;\"><strong><a href=\"https:\/\/i2.wp.com\/chalezeule.fr\/wp-content\/uploads\/2016\/03\/neige.png\"><img data-attachment-id=\"1322\" data-permalink=\"https:\/\/chalezeule.fr\/index.php\/respect\/neige\/\" data-orig-file=\"https:\/\/i2.wp.com\/chalezeule.fr\/wp-content\/uploads\/2016\/03\/neige.png?fit=124%2C124&amp;ssl=1\" data-orig-size=\"124,124\" data-comments-opened=\"0\" data-image-meta=\"{&quot;aperture&quot;:&quot;0&quot;,&quot;credit&quot;:&quot;&quot;,&quot;camera&quot;:&quot;&quot;,&quot;caption&quot;:&quot;&quot;,&quot;created_timestamp&quot;:&quot;0&quot;,&quot;copyright&quot;:&quot;&quot;,&quot;focal_length&quot;:&quot;0&quot;,&quot;iso&quot;:&quot;0&quot;,&quot;shutter_speed&quot;:&quot;0&quot;,&quot;title&quot;:&quot;&quot;,&quot;orientation&quot;:&quot;0&quot;}\" data-image-title=\"neige\" data-image-description=\"\" data-medium-file=\"https:\/\/i2.wp.com\/chalezeule.fr\/wp-content\/uploads\/2016\/03\/neige.png?fit=124%2C124&amp;ssl=1\" data-large-file=\"https:\/\/i2.wp.com\/chalezeule.fr\/wp-content\/uploads\/2016\/03\/neige.png?fit=124%2C124&amp;ssl=1\" loading=\"lazy\" class=\" wp-image-1322 alignleft\" src=\"https:\/\/i2.wp.com\/chalezeule.fr\/wp-content\/uploads\/2016\/03\/neige.png?resize=46%2C46\" alt=\"\" data-recalc-dims=\"1\" \/><\/a>Chute de neige<\/strong>, le salage et le d\u00e9neigement sur tout le pourtour et les acc\u00e8s des propri\u00e9t\u00e9s priv\u00e9es rel\u00e8vent enti\u00e8rement de la responsabilit\u00e9 des particuliers (la commune n\u2019est pas contrainte de fournir du sel).\u00a0 <\/span><\/p>\n<p><span style=\"font-family: Helvetica;\">Les services municipaux se chargent de l\u2019entretien de toutes les voies communales, des voies r\u00e9troc\u00e9d\u00e9es (dans les lotissements), sous r\u00e9serve qu\u2019aucun obstacle n\u2019emp\u00eache l\u2019acc\u00e8s du v\u00e9hicule de d\u00e9neigement : pente trop forte, stationnement sur le bas-c\u00f4t\u00e9.\u00a0 <\/span><\/p>\n<p><span style=\"font-family: Helvetica;\">La Direction D\u00e9partementale des Territoires (ex DDE) intervient quant \u00e0 elle sur toutes les voiries d\u00e9partementales (RD106, traversant le village).<\/span><\/p>\n<p>&nbsp;<\/p>\n<p>&nbsp;<\/p>\n","protected":false},"excerpt":{"rendered":"<p>Bruits ! Les horaires autoris\u00e9s pour engins bruyants (tondeuse, tron\u00e7onneuse,&#8230;) lundi au vendredi 8h30-12h et 14h-19h30, le samedi 9h-12h et 15h-19h30, et le dimanche et jours f\u00e9ri\u00e9s de 10h \u00e0 12h + Se retrouver entre\u00a0amis le soir, \u00a0c\u2019est permis ! Mais ne g\u00e2chez pas la f\u00eate en g\u00eanant le voisinage et pr\u00e9venez-le de la soir\u00e9e [&hellip;]<\/p>\n","protected":false},"author":1,"featured_media":0,"parent":0,"menu_order":0,"comment_status":"closed","ping_status":"closed","template":"","meta":[],"_links":{"self":[{"href":"https:\/\/chalezeule.fr\/index.php\/wp-json\/wp\/v2\/pages\/111"}],"collection":[{"href":"https:\/\/chalezeule.fr\/index.php\/wp-json\/wp\/v2\/pages"}],"about":[{"href":"https:\/\/chalezeule.fr\/index.php\/wp-json\/wp\/v2\/types\/page"}],"author":[{"embeddable":true,"href":"https:\/\/chalezeule.fr\/index.php\/wp-json\/wp\/v2\/users\/1"}],"replies":[{"embeddable":true,"href":"https:\/\/chalezeule.fr\/index.php\/wp-json\/wp\/v2\/comments?post=111"}],"version-history":[{"count":25,"href":"https:\/\/chalezeule.fr\/index.php\/wp-json\/wp\/v2\/pages\/111\/revisions"}],"predecessor-version":[{"id":1398,"href":"https:\/\/chalezeule.fr\/index.php\/wp-json\/wp\/v2\/pages\/111\/revisions\/1398"}],"wp:attachment":[{"href":"https:\/\/chalezeule.fr\/index.php\/wp-json\/wp\/v2\/media?parent=111"}],"curies":[{"name":"wp","href":"https:\/\/api.w.org\/{rel}","templated":true}]}}